{"id":5222,"date":"2023-04-04T17:16:09","date_gmt":"2023-04-04T15:16:09","guid":{"rendered":"https:\/\/www.la-roque-bandol.com\/?post_type=product&#038;p=5222"},"modified":"2025-10-29T16:36:28","modified_gmt":"2025-10-29T15:36:28","slug":"roque-nred-igp-mediterranee","status":"publish","type":"product","link":"https:\/\/www.la-roque-bandol.com\/en\/shop\/roque-nred-igp-mediterranee\/","title":{"rendered":"Roque N&#8217;Red"},"content":{"rendered":"<p>Un rouge IGP M\u00e9diterran\u00e9e fruit\u00e9, \u00e0 partager !<\/p>\n","protected":false},"excerpt":{"rendered":"<p>Un rouge IGP M\u00e9diterran\u00e9e fruit\u00e9, \u00e0 partager !<\/p>\n","protected":false},"featured_media":10370,"comment_status":"open","ping_status":"closed","template":"","meta":{"_acf_changed":false},"product_brand":[619,620],"product_cat":[23,607],"product_tag":[],"class_list":{"0":"post-5222","1":"product","2":"type-product","3":"status-publish","4":"has-post-thumbnail","6":"product_brand-customer","7":"product_brand-customer_club","8":"product_cat-sous-la-tonnelle","9":"product_cat-vins","11":"first","12":"instock","13":"taxable","14":"shipping-taxable","15":"purchasable","16":"product-type-variable","17":"has-default-attributes","18":"add-to-wishlist-before_image"},"group_of_quantity":0,"min_quantity":0,"max_quantity":"","exclude_order_quantity_value_rules":"no","exclude_category_quantity_rules":"no","combine_variations":"no","acf":[],"yoast_head":"<!-- This site is optimized with the Yoast SEO plugin v27.3 - https:\/\/yoast.com\/product\/yoast-seo-wordpress\/ -->\n<title>Roque N&#039;Red vin rouge - 2024 | IGP M\u00e9diterran\u00e9e<\/title>\n<meta name=\"description\" content=\"Roque N&#039;Red a une robe rouge grenat et on y retrouve le fruit dans une attaque fra\u00eeche soulign\u00e9s par de fines touches d&#039;\u00e9pices.\" \/>\n<meta name=\"robots\" content=\"index, follow, max-snippet:-1, max-image-preview:large, max-video-preview:-1\" \/>\n<link rel=\"canonical\" href=\"https:\/\/www.la-roque-bandol.com\/en\/shop\/roque-nred-igp-mediterranee\/\" \/>\n<meta property=\"og:locale\" content=\"en_US\" \/>\n<meta property=\"og:type\" content=\"article\" \/>\n<meta property=\"og:title\" content=\"Roque N&#039;Red vin rouge - 2024 | IGP M\u00e9diterran\u00e9e\" \/>\n<meta property=\"og:description\" content=\"Roque N&#039;Red a une robe rouge grenat et on y retrouve le fruit dans une attaque fra\u00eeche soulign\u00e9s par de fines touches d&#039;\u00e9pices.\" \/>\n<meta property=\"og:url\" content=\"https:\/\/www.la-roque-bandol.com\/en\/shop\/roque-nred-igp-mediterranee\/\" \/>\n<meta property=\"og:site_name\" content=\"Moulin de la Roque\" \/>\n<meta property=\"article:modified_time\" content=\"2025-10-29T15:36:28+00:00\" \/>\n<meta property=\"og:image\" content=\"https:\/\/www.la-roque-bandol.com\/wp-content\/uploads\/2023\/04\/Roquen-Red-Packshot-01-scaled-e1739205860179.jpg\" \/>\n\t<meta property=\"og:image:width\" content=\"1715\" \/>\n\t<meta property=\"og:image:height\" content=\"1810\" \/>\n\t<meta property=\"og:image:type\" content=\"image\/jpeg\" \/>\n<meta name=\"twitter:card\" content=\"summary_large_image\" \/>\n<meta name=\"twitter:label1\" content=\"Est. reading time\" \/>\n\t<meta name=\"twitter:data1\" content=\"1 minute\" \/>\n<script type=\"application\/ld+json\" class=\"yoast-schema-graph\">{\"@context\":\"https:\\\/\\\/schema.org\",\"@graph\":[{\"@type\":\"WebPage\",\"@id\":\"https:\\\/\\\/www.la-roque-bandol.com\\\/en\\\/shop\\\/roque-nred-igp-mediterranee\\\/\",\"url\":\"https:\\\/\\\/www.la-roque-bandol.com\\\/en\\\/shop\\\/roque-nred-igp-mediterranee\\\/\",\"name\":\"Roque N'Red vin rouge - 2024 | IGP M\u00e9diterran\u00e9e\",\"isPartOf\":{\"@id\":\"https:\\\/\\\/www.la-roque-bandol.com\\\/en\\\/#website\"},\"primaryImageOfPage\":{\"@id\":\"https:\\\/\\\/www.la-roque-bandol.com\\\/en\\\/shop\\\/roque-nred-igp-mediterranee\\\/#primaryimage\"},\"image\":{\"@id\":\"https:\\\/\\\/www.la-roque-bandol.com\\\/en\\\/shop\\\/roque-nred-igp-mediterranee\\\/#primaryimage\"},\"thumbnailUrl\":\"https:\\\/\\\/www.la-roque-bandol.com\\\/wp-content\\\/uploads\\\/2023\\\/04\\\/Roquen-Red-Packshot-01-scaled-e1739205860179.jpg\",\"datePublished\":\"2023-04-04T15:16:09+00:00\",\"dateModified\":\"2025-10-29T15:36:28+00:00\",\"description\":\"Roque N'Red a une robe rouge grenat et on y retrouve le fruit dans une attaque fra\u00eeche soulign\u00e9s par de fines touches d'\u00e9pices.\",\"breadcrumb\":{\"@id\":\"https:\\\/\\\/www.la-roque-bandol.com\\\/en\\\/shop\\\/roque-nred-igp-mediterranee\\\/#breadcrumb\"},\"inLanguage\":\"en-US\",\"potentialAction\":[{\"@type\":\"ReadAction\",\"target\":[\"https:\\\/\\\/www.la-roque-bandol.com\\\/en\\\/shop\\\/roque-nred-igp-mediterranee\\\/\"]}]},{\"@type\":\"ImageObject\",\"inLanguage\":\"en-US\",\"@id\":\"https:\\\/\\\/www.la-roque-bandol.com\\\/en\\\/shop\\\/roque-nred-igp-mediterranee\\\/#primaryimage\",\"url\":\"https:\\\/\\\/www.la-roque-bandol.com\\\/wp-content\\\/uploads\\\/2023\\\/04\\\/Roquen-Red-Packshot-01-scaled-e1739205860179.jpg\",\"contentUrl\":\"https:\\\/\\\/www.la-roque-bandol.com\\\/wp-content\\\/uploads\\\/2023\\\/04\\\/Roquen-Red-Packshot-01-scaled-e1739205860179.jpg\",\"width\":1715,\"height\":1810},{\"@type\":\"BreadcrumbList\",\"@id\":\"https:\\\/\\\/www.la-roque-bandol.com\\\/en\\\/shop\\\/roque-nred-igp-mediterranee\\\/#breadcrumb\",\"itemListElement\":[{\"@type\":\"ListItem\",\"position\":1,\"name\":\"Accueil\",\"item\":\"https:\\\/\\\/www.la-roque-bandol.com\\\/en\\\/\"},{\"@type\":\"ListItem\",\"position\":2,\"name\":\"Shop\",\"item\":\"https:\\\/\\\/www.la-roque-bandol.com\\\/en\\\/shop\\\/\"},{\"@type\":\"ListItem\",\"position\":3,\"name\":\"Roque N&rsquo;Red\"}]},{\"@type\":\"WebSite\",\"@id\":\"https:\\\/\\\/www.la-roque-bandol.com\\\/en\\\/#website\",\"url\":\"https:\\\/\\\/www.la-roque-bandol.com\\\/en\\\/\",\"name\":\"Moulin de la Roque\",\"description\":\"\",\"potentialAction\":[{\"@type\":\"SearchAction\",\"target\":{\"@type\":\"EntryPoint\",\"urlTemplate\":\"https:\\\/\\\/www.la-roque-bandol.com\\\/en\\\/?s={search_term_string}\"},\"query-input\":{\"@type\":\"PropertyValueSpecification\",\"valueRequired\":true,\"valueName\":\"search_term_string\"}}],\"inLanguage\":\"en-US\"}]}<\/script>\n<!-- \/ Yoast SEO plugin. -->","yoast_head_json":{"title":"Roque N'Red vin rouge - 2024 | IGP M\u00e9diterran\u00e9e","description":"Roque N'Red a une robe rouge grenat et on y retrouve le fruit dans une attaque fra\u00eeche soulign\u00e9s par de fines touches d'\u00e9pices.","robots":{"index":"index","follow":"follow","max-snippet":"max-snippet:-1","max-image-preview":"max-image-preview:large","max-video-preview":"max-video-preview:-1"},"canonical":"https:\/\/www.la-roque-bandol.com\/en\/shop\/roque-nred-igp-mediterranee\/","og_locale":"en_US","og_type":"article","og_title":"Roque N'Red vin rouge - 2024 | IGP M\u00e9diterran\u00e9e","og_description":"Roque N'Red a une robe rouge grenat et on y retrouve le fruit dans une attaque fra\u00eeche soulign\u00e9s par de fines touches d'\u00e9pices.","og_url":"https:\/\/www.la-roque-bandol.com\/en\/shop\/roque-nred-igp-mediterranee\/","og_site_name":"Moulin de la Roque","article_modified_time":"2025-10-29T15:36:28+00:00","og_image":[{"width":1715,"height":1810,"url":"https:\/\/www.la-roque-bandol.com\/wp-content\/uploads\/2023\/04\/Roquen-Red-Packshot-01-scaled-e1739205860179.jpg","type":"image\/jpeg"}],"twitter_card":"summary_large_image","twitter_misc":{"Est. reading time":"1 minute"},"schema":{"@context":"https:\/\/schema.org","@graph":[{"@type":"WebPage","@id":"https:\/\/www.la-roque-bandol.com\/en\/shop\/roque-nred-igp-mediterranee\/","url":"https:\/\/www.la-roque-bandol.com\/en\/shop\/roque-nred-igp-mediterranee\/","name":"Roque N'Red vin rouge - 2024 | IGP M\u00e9diterran\u00e9e","isPartOf":{"@id":"https:\/\/www.la-roque-bandol.com\/en\/#website"},"primaryImageOfPage":{"@id":"https:\/\/www.la-roque-bandol.com\/en\/shop\/roque-nred-igp-mediterranee\/#primaryimage"},"image":{"@id":"https:\/\/www.la-roque-bandol.com\/en\/shop\/roque-nred-igp-mediterranee\/#primaryimage"},"thumbnailUrl":"https:\/\/www.la-roque-bandol.com\/wp-content\/uploads\/2023\/04\/Roquen-Red-Packshot-01-scaled-e1739205860179.jpg","datePublished":"2023-04-04T15:16:09+00:00","dateModified":"2025-10-29T15:36:28+00:00","description":"Roque N'Red a une robe rouge grenat et on y retrouve le fruit dans une attaque fra\u00eeche soulign\u00e9s par de fines touches d'\u00e9pices.","breadcrumb":{"@id":"https:\/\/www.la-roque-bandol.com\/en\/shop\/roque-nred-igp-mediterranee\/#breadcrumb"},"inLanguage":"en-US","potentialAction":[{"@type":"ReadAction","target":["https:\/\/www.la-roque-bandol.com\/en\/shop\/roque-nred-igp-mediterranee\/"]}]},{"@type":"ImageObject","inLanguage":"en-US","@id":"https:\/\/www.la-roque-bandol.com\/en\/shop\/roque-nred-igp-mediterranee\/#primaryimage","url":"https:\/\/www.la-roque-bandol.com\/wp-content\/uploads\/2023\/04\/Roquen-Red-Packshot-01-scaled-e1739205860179.jpg","contentUrl":"https:\/\/www.la-roque-bandol.com\/wp-content\/uploads\/2023\/04\/Roquen-Red-Packshot-01-scaled-e1739205860179.jpg","width":1715,"height":1810},{"@type":"BreadcrumbList","@id":"https:\/\/www.la-roque-bandol.com\/en\/shop\/roque-nred-igp-mediterranee\/#breadcrumb","itemListElement":[{"@type":"ListItem","position":1,"name":"Accueil","item":"https:\/\/www.la-roque-bandol.com\/en\/"},{"@type":"ListItem","position":2,"name":"Shop","item":"https:\/\/www.la-roque-bandol.com\/en\/shop\/"},{"@type":"ListItem","position":3,"name":"Roque N&rsquo;Red"}]},{"@type":"WebSite","@id":"https:\/\/www.la-roque-bandol.com\/en\/#website","url":"https:\/\/www.la-roque-bandol.com\/en\/","name":"Moulin de la Roque","description":"","potentialAction":[{"@type":"SearchAction","target":{"@type":"EntryPoint","urlTemplate":"https:\/\/www.la-roque-bandol.com\/en\/?s={search_term_string}"},"query-input":{"@type":"PropertyValueSpecification","valueRequired":true,"valueName":"search_term_string"}}],"inLanguage":"en-US"}]}},"_links":{"self":[{"href":"https:\/\/www.la-roque-bandol.com\/en\/wp-json\/wp\/v2\/product\/5222","targetHints":{"allow":["GET"]}}],"collection":[{"href":"https:\/\/www.la-roque-bandol.com\/en\/wp-json\/wp\/v2\/product"}],"about":[{"href":"https:\/\/www.la-roque-bandol.com\/en\/wp-json\/wp\/v2\/types\/product"}],"replies":[{"embeddable":true,"href":"https:\/\/www.la-roque-bandol.com\/en\/wp-json\/wp\/v2\/comments?post=5222"}],"wp:featuredmedia":[{"embeddable":true,"href":"https:\/\/www.la-roque-bandol.com\/en\/wp-json\/wp\/v2\/media\/10370"}],"wp:attachment":[{"href":"https:\/\/www.la-roque-bandol.com\/en\/wp-json\/wp\/v2\/media?parent=5222"}],"wp:term":[{"taxonomy":"product_brand","embeddable":true,"href":"https:\/\/www.la-roque-bandol.com\/en\/wp-json\/wp\/v2\/product_brand?post=5222"},{"taxonomy":"product_cat","embeddable":true,"href":"https:\/\/www.la-roque-bandol.com\/en\/wp-json\/wp\/v2\/product_cat?post=5222"},{"taxonomy":"product_tag","embeddable":true,"href":"https:\/\/www.la-roque-bandol.com\/en\/wp-json\/wp\/v2\/product_tag?post=5222"}],"curies":[{"name":"wp","href":"https:\/\/api.w.org\/{rel}","templated":true}]}}