{"id":26335,"date":"2026-04-22T15:20:59","date_gmt":"2026-04-22T13:20:59","guid":{"rendered":"https:\/\/www.la-roque-bandol.com\/?post_type=product&#038;p=26335"},"modified":"2026-04-22T16:01:18","modified_gmt":"2026-04-22T14:01:18","slug":"vinaigre-de-vin-coffret-decouverte-rouge-rose-blanc","status":"publish","type":"product","link":"https:\/\/www.la-roque-bandol.com\/en\/shop\/vinaigre-de-vin-coffret-decouverte-rouge-rose-blanc\/","title":{"rendered":"Vinaigre de vin coffret D\u00e9couverte Rouge, Ros\u00e9, Blanc"},"content":{"rendered":"<h2 data-start=\"460\" data-end=\"641\">Vinaigre de vin Rouge, Ros\u00e9, Blanc<\/h2>\n<p>COFFRET DECOUVERTE 3 VINAIGRES (3 x 100 ml)<\/p>\n<p>&#8211; AUGUSTIN ROUGE est un <strong>vinaigre de vin rouge gastronomique<\/strong> issu d&#8217;un vin rouge du vignoble Gasqui, situ\u00e9 \u00e0 Gonfaron au c\u0153ur du Var. Augustin rouge est cr\u00e9\u00e9 et affin\u00e9<br \/>\npendant plus d&#8217;un an en f\u00fbt de ch\u00eane fran\u00e7ais. Ce proc\u00e9d\u00e9 unique lui conf\u00e8re une tr\u00e8s grande richesse aromatique et une \u00e9l\u00e9gance rare. Certifi\u00e9 AB et DEMETER &#8211; 100 ml<\/p>\n<p>&#8211; L&#8217;INSULAIRE, <strong>vinaigre de vin ros\u00e9<\/strong>, est \u00e9labor\u00e9 \u00e0 partir d&#8217;un vin ros\u00e9 provenant d&#8217;un domaine prestigieux situ\u00e9 sur l&#8217;\u00eele de Porquerolles, dans le Var. Il incarne l&#8217;authenticit\u00e9 et la singularit\u00e9 de ce terroir insulaire. Il est cr\u00e9\u00e9 et affin\u00e9 pendant plus d&#8217;un an en f\u00fbt de ch\u00eane fran\u00e7ais. Certifi\u00e9 AB &#8211; 100 ml<\/p>\n<p>&#8211; GRAINS DE GIVRE, <strong>vinaigre de vin blanc<\/strong>, est issu d&#8217;une r\u00e9colte exceptionnelle. C&#8217;est une cuv\u00e9e unique \u00e9labor\u00e9e \u00e0 partir d\udbc0\udcb7\udbc0\udc58n vin du vignoble Gasqui, situ\u00e9 \u00e0 Gonfaron au<br \/>\nc\u0153ur du Var. Elle provient des grains ayant r\u00e9sist\u00e9 \u00e0 une forte gel\u00e9e printani\u00e8re, offrant un caract\u00e8re rare et authentique. Il est cr\u00e9\u00e9 et affin\u00e9 pendant plus d&#8217;un an en f\u00fbt de ch\u00eane fran\u00e7ais. Certifi\u00e9 AB et DEMETER &#8211; 100 ml<\/p>\n<p><em>Pr\u00e9sent\u00e9s dans un coffret \u00e9l\u00e9gant et naturel<\/em><\/p>\n","protected":false},"excerpt":{"rendered":"<p>COFFRET DECOUVERTE 3 VINAIGRES (3 x 100 ml)<\/p>\n","protected":false},"featured_media":26326,"comment_status":"open","ping_status":"closed","template":"","meta":{"_acf_changed":false},"product_brand":[619,620,622],"product_cat":[596],"product_tag":[],"class_list":{"0":"post-26335","1":"product","2":"type-product","3":"status-publish","4":"has-post-thumbnail","6":"product_brand-customer","7":"product_brand-customer_club","8":"product_brand-customer_pro","9":"product_cat-epicerie","11":"first","12":"instock","13":"taxable","14":"shipping-taxable","15":"purchasable","16":"product-type-simple","17":"add-to-wishlist-before_image"},"group_of_quantity":0,"min_quantity":0,"max_quantity":"","exclude_order_quantity_value_rules":"no","exclude_category_quantity_rules":"no","combine_variations":"no","acf":[],"yoast_head":"<!-- This site is optimized with the Yoast SEO plugin v27.5 - https:\/\/yoast.com\/product\/yoast-seo-wordpress\/ -->\n<title>Vinaigre de vin coffret D\u00e9couverte Rouge, Ros\u00e9, Blanc Moulin de la Roque<\/title>\n<meta name=\"description\" content=\"Vinaigre de vin blanc aux herbes de Provence, id\u00e9al pour assaisonner salades et marinades. Un go\u00fbt authentique du Sud. Contient des sulfites.\" \/>\n<meta name=\"robots\" content=\"index, follow, max-snippet:-1, max-image-preview:large, max-video-preview:-1\" \/>\n<link rel=\"canonical\" href=\"https:\/\/www.la-roque-bandol.com\/en\/shop\/vinaigre-de-vin-coffret-decouverte-rouge-rose-blanc\/\" \/>\n<meta property=\"og:locale\" content=\"en_US\" \/>\n<meta property=\"og:type\" content=\"article\" \/>\n<meta property=\"og:title\" content=\"Vinaigre de vin coffret D\u00e9couverte Rouge, Ros\u00e9, Blanc Moulin de la Roque\" \/>\n<meta property=\"og:description\" content=\"Vinaigre de vin blanc aux herbes de Provence, id\u00e9al pour assaisonner salades et marinades. Un go\u00fbt authentique du Sud. Contient des sulfites.\" \/>\n<meta property=\"og:url\" content=\"https:\/\/www.la-roque-bandol.com\/en\/shop\/vinaigre-de-vin-coffret-decouverte-rouge-rose-blanc\/\" \/>\n<meta property=\"og:site_name\" content=\"Moulin de la Roque\" \/>\n<meta property=\"article:modified_time\" content=\"2026-04-22T14:01:18+00:00\" \/>\n<meta property=\"og:image\" content=\"https:\/\/www.la-roque-bandol.com\/wp-content\/uploads\/2026\/04\/Coffret-decouverte.png\" \/>\n\t<meta property=\"og:image:width\" content=\"307\" \/>\n\t<meta property=\"og:image:height\" content=\"328\" \/>\n\t<meta property=\"og:image:type\" content=\"image\/png\" \/>\n<meta name=\"twitter:card\" content=\"summary_large_image\" \/>\n<meta name=\"twitter:label1\" content=\"Est. reading time\" \/>\n\t<meta name=\"twitter:data1\" content=\"2 minutes\" \/>\n<script type=\"application\/ld+json\" class=\"yoast-schema-graph\">{\"@context\":\"https:\\\/\\\/schema.org\",\"@graph\":[{\"@type\":\"WebPage\",\"@id\":\"https:\\\/\\\/www.la-roque-bandol.com\\\/en\\\/shop\\\/vinaigre-de-vin-coffret-decouverte-rouge-rose-blanc\\\/\",\"url\":\"https:\\\/\\\/www.la-roque-bandol.com\\\/en\\\/shop\\\/vinaigre-de-vin-coffret-decouverte-rouge-rose-blanc\\\/\",\"name\":\"Vinaigre de vin coffret D\u00e9couverte Rouge, Ros\u00e9, Blanc Moulin de la Roque\",\"isPartOf\":{\"@id\":\"https:\\\/\\\/www.la-roque-bandol.com\\\/en\\\/#website\"},\"primaryImageOfPage\":{\"@id\":\"https:\\\/\\\/www.la-roque-bandol.com\\\/en\\\/shop\\\/vinaigre-de-vin-coffret-decouverte-rouge-rose-blanc\\\/#primaryimage\"},\"image\":{\"@id\":\"https:\\\/\\\/www.la-roque-bandol.com\\\/en\\\/shop\\\/vinaigre-de-vin-coffret-decouverte-rouge-rose-blanc\\\/#primaryimage\"},\"thumbnailUrl\":\"https:\\\/\\\/www.la-roque-bandol.com\\\/wp-content\\\/uploads\\\/2026\\\/04\\\/Coffret-decouverte.png\",\"datePublished\":\"2026-04-22T13:20:59+00:00\",\"dateModified\":\"2026-04-22T14:01:18+00:00\",\"description\":\"Vinaigre de vin blanc aux herbes de Provence, id\u00e9al pour assaisonner salades et marinades. Un go\u00fbt authentique du Sud. Contient des sulfites.\",\"breadcrumb\":{\"@id\":\"https:\\\/\\\/www.la-roque-bandol.com\\\/en\\\/shop\\\/vinaigre-de-vin-coffret-decouverte-rouge-rose-blanc\\\/#breadcrumb\"},\"inLanguage\":\"en-US\",\"potentialAction\":[{\"@type\":\"ReadAction\",\"target\":[\"https:\\\/\\\/www.la-roque-bandol.com\\\/en\\\/shop\\\/vinaigre-de-vin-coffret-decouverte-rouge-rose-blanc\\\/\"]}]},{\"@type\":\"ImageObject\",\"inLanguage\":\"en-US\",\"@id\":\"https:\\\/\\\/www.la-roque-bandol.com\\\/en\\\/shop\\\/vinaigre-de-vin-coffret-decouverte-rouge-rose-blanc\\\/#primaryimage\",\"url\":\"https:\\\/\\\/www.la-roque-bandol.com\\\/wp-content\\\/uploads\\\/2026\\\/04\\\/Coffret-decouverte.png\",\"contentUrl\":\"https:\\\/\\\/www.la-roque-bandol.com\\\/wp-content\\\/uploads\\\/2026\\\/04\\\/Coffret-decouverte.png\",\"width\":307,\"height\":328,\"caption\":\"Coffret d\u00e9couverte\"},{\"@type\":\"BreadcrumbList\",\"@id\":\"https:\\\/\\\/www.la-roque-bandol.com\\\/en\\\/shop\\\/vinaigre-de-vin-coffret-decouverte-rouge-rose-blanc\\\/#breadcrumb\",\"itemListElement\":[{\"@type\":\"ListItem\",\"position\":1,\"name\":\"Accueil\",\"item\":\"https:\\\/\\\/www.la-roque-bandol.com\\\/en\\\/\"},{\"@type\":\"ListItem\",\"position\":2,\"name\":\"Shop\",\"item\":\"https:\\\/\\\/www.la-roque-bandol.com\\\/en\\\/shop\\\/\"},{\"@type\":\"ListItem\",\"position\":3,\"name\":\"Vinaigre de vin coffret D\u00e9couverte Rouge, Ros\u00e9, Blanc\"}]},{\"@type\":\"WebSite\",\"@id\":\"https:\\\/\\\/www.la-roque-bandol.com\\\/en\\\/#website\",\"url\":\"https:\\\/\\\/www.la-roque-bandol.com\\\/en\\\/\",\"name\":\"Moulin de la Roque\",\"description\":\"\",\"potentialAction\":[{\"@type\":\"SearchAction\",\"target\":{\"@type\":\"EntryPoint\",\"urlTemplate\":\"https:\\\/\\\/www.la-roque-bandol.com\\\/en\\\/?s={search_term_string}\"},\"query-input\":{\"@type\":\"PropertyValueSpecification\",\"valueRequired\":true,\"valueName\":\"search_term_string\"}}],\"inLanguage\":\"en-US\"}]}<\/script>\n<!-- \/ Yoast SEO plugin. -->","yoast_head_json":{"title":"Vinaigre de vin coffret D\u00e9couverte Rouge, Ros\u00e9, Blanc Moulin de la Roque","description":"Vinaigre de vin blanc aux herbes de Provence, id\u00e9al pour assaisonner salades et marinades. Un go\u00fbt authentique du Sud. Contient des sulfites.","robots":{"index":"index","follow":"follow","max-snippet":"max-snippet:-1","max-image-preview":"max-image-preview:large","max-video-preview":"max-video-preview:-1"},"canonical":"https:\/\/www.la-roque-bandol.com\/en\/shop\/vinaigre-de-vin-coffret-decouverte-rouge-rose-blanc\/","og_locale":"en_US","og_type":"article","og_title":"Vinaigre de vin coffret D\u00e9couverte Rouge, Ros\u00e9, Blanc Moulin de la Roque","og_description":"Vinaigre de vin blanc aux herbes de Provence, id\u00e9al pour assaisonner salades et marinades. Un go\u00fbt authentique du Sud. Contient des sulfites.","og_url":"https:\/\/www.la-roque-bandol.com\/en\/shop\/vinaigre-de-vin-coffret-decouverte-rouge-rose-blanc\/","og_site_name":"Moulin de la Roque","article_modified_time":"2026-04-22T14:01:18+00:00","og_image":[{"width":307,"height":328,"url":"https:\/\/www.la-roque-bandol.com\/wp-content\/uploads\/2026\/04\/Coffret-decouverte.png","type":"image\/png"}],"twitter_card":"summary_large_image","twitter_misc":{"Est. reading time":"2 minutes"},"schema":{"@context":"https:\/\/schema.org","@graph":[{"@type":"WebPage","@id":"https:\/\/www.la-roque-bandol.com\/en\/shop\/vinaigre-de-vin-coffret-decouverte-rouge-rose-blanc\/","url":"https:\/\/www.la-roque-bandol.com\/en\/shop\/vinaigre-de-vin-coffret-decouverte-rouge-rose-blanc\/","name":"Vinaigre de vin coffret D\u00e9couverte Rouge, Ros\u00e9, Blanc Moulin de la Roque","isPartOf":{"@id":"https:\/\/www.la-roque-bandol.com\/en\/#website"},"primaryImageOfPage":{"@id":"https:\/\/www.la-roque-bandol.com\/en\/shop\/vinaigre-de-vin-coffret-decouverte-rouge-rose-blanc\/#primaryimage"},"image":{"@id":"https:\/\/www.la-roque-bandol.com\/en\/shop\/vinaigre-de-vin-coffret-decouverte-rouge-rose-blanc\/#primaryimage"},"thumbnailUrl":"https:\/\/www.la-roque-bandol.com\/wp-content\/uploads\/2026\/04\/Coffret-decouverte.png","datePublished":"2026-04-22T13:20:59+00:00","dateModified":"2026-04-22T14:01:18+00:00","description":"Vinaigre de vin blanc aux herbes de Provence, id\u00e9al pour assaisonner salades et marinades. Un go\u00fbt authentique du Sud. Contient des sulfites.","breadcrumb":{"@id":"https:\/\/www.la-roque-bandol.com\/en\/shop\/vinaigre-de-vin-coffret-decouverte-rouge-rose-blanc\/#breadcrumb"},"inLanguage":"en-US","potentialAction":[{"@type":"ReadAction","target":["https:\/\/www.la-roque-bandol.com\/en\/shop\/vinaigre-de-vin-coffret-decouverte-rouge-rose-blanc\/"]}]},{"@type":"ImageObject","inLanguage":"en-US","@id":"https:\/\/www.la-roque-bandol.com\/en\/shop\/vinaigre-de-vin-coffret-decouverte-rouge-rose-blanc\/#primaryimage","url":"https:\/\/www.la-roque-bandol.com\/wp-content\/uploads\/2026\/04\/Coffret-decouverte.png","contentUrl":"https:\/\/www.la-roque-bandol.com\/wp-content\/uploads\/2026\/04\/Coffret-decouverte.png","width":307,"height":328,"caption":"Coffret d\u00e9couverte"},{"@type":"BreadcrumbList","@id":"https:\/\/www.la-roque-bandol.com\/en\/shop\/vinaigre-de-vin-coffret-decouverte-rouge-rose-blanc\/#breadcrumb","itemListElement":[{"@type":"ListItem","position":1,"name":"Accueil","item":"https:\/\/www.la-roque-bandol.com\/en\/"},{"@type":"ListItem","position":2,"name":"Shop","item":"https:\/\/www.la-roque-bandol.com\/en\/shop\/"},{"@type":"ListItem","position":3,"name":"Vinaigre de vin coffret D\u00e9couverte Rouge, Ros\u00e9, Blanc"}]},{"@type":"WebSite","@id":"https:\/\/www.la-roque-bandol.com\/en\/#website","url":"https:\/\/www.la-roque-bandol.com\/en\/","name":"Moulin de la Roque","description":"","potentialAction":[{"@type":"SearchAction","target":{"@type":"EntryPoint","urlTemplate":"https:\/\/www.la-roque-bandol.com\/en\/?s={search_term_string}"},"query-input":{"@type":"PropertyValueSpecification","valueRequired":true,"valueName":"search_term_string"}}],"inLanguage":"en-US"}]}},"_links":{"self":[{"href":"https:\/\/www.la-roque-bandol.com\/en\/wp-json\/wp\/v2\/product\/26335","targetHints":{"allow":["GET"]}}],"collection":[{"href":"https:\/\/www.la-roque-bandol.com\/en\/wp-json\/wp\/v2\/product"}],"about":[{"href":"https:\/\/www.la-roque-bandol.com\/en\/wp-json\/wp\/v2\/types\/product"}],"replies":[{"embeddable":true,"href":"https:\/\/www.la-roque-bandol.com\/en\/wp-json\/wp\/v2\/comments?post=26335"}],"wp:featuredmedia":[{"embeddable":true,"href":"https:\/\/www.la-roque-bandol.com\/en\/wp-json\/wp\/v2\/media\/26326"}],"wp:attachment":[{"href":"https:\/\/www.la-roque-bandol.com\/en\/wp-json\/wp\/v2\/media?parent=26335"}],"wp:term":[{"taxonomy":"product_brand","embeddable":true,"href":"https:\/\/www.la-roque-bandol.com\/en\/wp-json\/wp\/v2\/product_brand?post=26335"},{"taxonomy":"product_cat","embeddable":true,"href":"https:\/\/www.la-roque-bandol.com\/en\/wp-json\/wp\/v2\/product_cat?post=26335"},{"taxonomy":"product_tag","embeddable":true,"href":"https:\/\/www.la-roque-bandol.com\/en\/wp-json\/wp\/v2\/product_tag?post=26335"}],"curies":[{"name":"wp","href":"https:\/\/api.w.org\/{rel}","templated":true}]}}