{"id":26323,"date":"2026-04-22T14:36:57","date_gmt":"2026-04-22T12:36:57","guid":{"rendered":"https:\/\/www.la-roque-bandol.com\/?post_type=product&#038;p=26323"},"modified":"2026-04-22T16:01:42","modified_gmt":"2026-04-22T14:01:42","slug":"vinaigre-de-vin-coffret-provence-citron-framboise","status":"publish","type":"product","link":"https:\/\/www.la-roque-bandol.com\/en\/shop\/vinaigre-de-vin-coffret-provence-citron-framboise\/","title":{"rendered":"Vinaigre de vin coffret Provence citron framboise"},"content":{"rendered":"<h2 data-start=\"460\" data-end=\"641\">Vinaigre de vin<\/h2>\n<p>COFFRET PROVENCE 2 VINAIGRES (2 x 100 ml)<\/p>\n<p>&#8211; Le vinaigre de vin blanc au <strong>CITRON DE MENTON<\/strong> IGP est \u00e9labor\u00e9 \u00e0 partir du vinaigre<br \/>\nGrains de Givre et de citrons de Menton IGP bio, cultiv\u00e9s par Patrice Mazzaf\u00e9ra, agrumiculteur \u00e0 Menton.<br \/>\nCe vinaigre incarne l&#8217;alliance parfaite entre terroir et excellence. Certifi\u00e9 AB &#8211; 100 ml<\/p>\n<p>&#8211; Le vinaigre de vin ros\u00e9 aux <strong>FRAMBOISES DE PROVENCE<\/strong> est \u00e9labor\u00e9 \u00e0 partir du<br \/>\nvinaigre ros\u00e9 L&#8217;Insulaire et de framboises bio cultiv\u00e9es en Provence par Marjorie Blanc<br \/>\n\u00e0 la Ferme de Cabri\u00e8res (Lambesc), ce vinaigre incarne la gourmandise et l&#8217;authenticit\u00e9 du terroir proven\u00e7al. . Certifi\u00e9 AB &#8211; 100 ml<\/p>\n<p><em>Pr\u00e9sent\u00e9s dans un coffret \u00e9l\u00e9gant et naturel<\/em><\/p>\n","protected":false},"excerpt":{"rendered":"<p>Coffret Provence 2 X 100ml bio<br \/>\nCertifi\u00e9 bio<br \/>\n7 Degr\u00e9 Ac\u00e9tique<br \/>\nvinaigre de vin Ros\u00e9 aux Framboises de Provence* bio<br \/>\nVinaigre de vin Blanc aux Citrons de Mention IGP* bio<\/p>\n","protected":false},"featured_media":26328,"comment_status":"open","ping_status":"closed","template":"","meta":{"_acf_changed":false},"product_brand":[619,620,622],"product_cat":[596],"product_tag":[],"class_list":{"0":"post-26323","1":"product","2":"type-product","3":"status-publish","4":"has-post-thumbnail","6":"product_brand-customer","7":"product_brand-customer_club","8":"product_brand-customer_pro","9":"product_cat-epicerie","11":"first","12":"instock","13":"taxable","14":"shipping-taxable","15":"purchasable","16":"product-type-simple","17":"add-to-wishlist-before_image"},"group_of_quantity":0,"min_quantity":0,"max_quantity":"","exclude_order_quantity_value_rules":"no","exclude_category_quantity_rules":"no","combine_variations":"no","acf":[],"yoast_head":"<!-- This site is optimized with the Yoast SEO plugin v27.5 - https:\/\/yoast.com\/product\/yoast-seo-wordpress\/ -->\n<title>Vinaigre de vin coffret Provence citron framboise Moulin de la Roque<\/title>\n<meta name=\"description\" content=\"Vinaigre de vin blanc aux herbes de Provence, id\u00e9al pour assaisonner salades et marinades. Un go\u00fbt authentique du Sud. Contient des sulfites.\" \/>\n<meta name=\"robots\" content=\"index, follow, max-snippet:-1, max-image-preview:large, max-video-preview:-1\" \/>\n<link rel=\"canonical\" href=\"https:\/\/www.la-roque-bandol.com\/en\/shop\/vinaigre-de-vin-coffret-provence-citron-framboise\/\" \/>\n<meta property=\"og:locale\" content=\"en_US\" \/>\n<meta property=\"og:type\" content=\"article\" \/>\n<meta property=\"og:title\" content=\"Vinaigre de vin coffret Provence citron framboise Moulin de la Roque\" \/>\n<meta property=\"og:description\" content=\"Vinaigre de vin blanc aux herbes de Provence, id\u00e9al pour assaisonner salades et marinades. Un go\u00fbt authentique du Sud. Contient des sulfites.\" \/>\n<meta property=\"og:url\" content=\"https:\/\/www.la-roque-bandol.com\/en\/shop\/vinaigre-de-vin-coffret-provence-citron-framboise\/\" \/>\n<meta property=\"og:site_name\" content=\"Moulin de la Roque\" \/>\n<meta property=\"article:modified_time\" content=\"2026-04-22T14:01:42+00:00\" \/>\n<meta property=\"og:image\" content=\"https:\/\/www.la-roque-bandol.com\/wp-content\/uploads\/2026\/04\/Coffret-provence-.png\" \/>\n\t<meta property=\"og:image:width\" content=\"184\" \/>\n\t<meta property=\"og:image:height\" content=\"373\" \/>\n\t<meta property=\"og:image:type\" content=\"image\/png\" \/>\n<meta name=\"twitter:card\" content=\"summary_large_image\" \/>\n<meta name=\"twitter:label1\" content=\"Est. reading time\" \/>\n\t<meta name=\"twitter:data1\" content=\"1 minute\" \/>\n<script type=\"application\/ld+json\" class=\"yoast-schema-graph\">{\"@context\":\"https:\\\/\\\/schema.org\",\"@graph\":[{\"@type\":\"WebPage\",\"@id\":\"https:\\\/\\\/www.la-roque-bandol.com\\\/en\\\/shop\\\/vinaigre-de-vin-coffret-provence-citron-framboise\\\/\",\"url\":\"https:\\\/\\\/www.la-roque-bandol.com\\\/en\\\/shop\\\/vinaigre-de-vin-coffret-provence-citron-framboise\\\/\",\"name\":\"Vinaigre de vin coffret Provence citron framboise Moulin de la Roque\",\"isPartOf\":{\"@id\":\"https:\\\/\\\/www.la-roque-bandol.com\\\/en\\\/#website\"},\"primaryImageOfPage\":{\"@id\":\"https:\\\/\\\/www.la-roque-bandol.com\\\/en\\\/shop\\\/vinaigre-de-vin-coffret-provence-citron-framboise\\\/#primaryimage\"},\"image\":{\"@id\":\"https:\\\/\\\/www.la-roque-bandol.com\\\/en\\\/shop\\\/vinaigre-de-vin-coffret-provence-citron-framboise\\\/#primaryimage\"},\"thumbnailUrl\":\"https:\\\/\\\/www.la-roque-bandol.com\\\/wp-content\\\/uploads\\\/2026\\\/04\\\/Coffret-provence-.png\",\"datePublished\":\"2026-04-22T12:36:57+00:00\",\"dateModified\":\"2026-04-22T14:01:42+00:00\",\"description\":\"Vinaigre de vin blanc aux herbes de Provence, id\u00e9al pour assaisonner salades et marinades. Un go\u00fbt authentique du Sud. Contient des sulfites.\",\"breadcrumb\":{\"@id\":\"https:\\\/\\\/www.la-roque-bandol.com\\\/en\\\/shop\\\/vinaigre-de-vin-coffret-provence-citron-framboise\\\/#breadcrumb\"},\"inLanguage\":\"en-US\",\"potentialAction\":[{\"@type\":\"ReadAction\",\"target\":[\"https:\\\/\\\/www.la-roque-bandol.com\\\/en\\\/shop\\\/vinaigre-de-vin-coffret-provence-citron-framboise\\\/\"]}]},{\"@type\":\"ImageObject\",\"inLanguage\":\"en-US\",\"@id\":\"https:\\\/\\\/www.la-roque-bandol.com\\\/en\\\/shop\\\/vinaigre-de-vin-coffret-provence-citron-framboise\\\/#primaryimage\",\"url\":\"https:\\\/\\\/www.la-roque-bandol.com\\\/wp-content\\\/uploads\\\/2026\\\/04\\\/Coffret-provence-.png\",\"contentUrl\":\"https:\\\/\\\/www.la-roque-bandol.com\\\/wp-content\\\/uploads\\\/2026\\\/04\\\/Coffret-provence-.png\",\"width\":184,\"height\":373,\"caption\":\"Coffret provence\"},{\"@type\":\"BreadcrumbList\",\"@id\":\"https:\\\/\\\/www.la-roque-bandol.com\\\/en\\\/shop\\\/vinaigre-de-vin-coffret-provence-citron-framboise\\\/#breadcrumb\",\"itemListElement\":[{\"@type\":\"ListItem\",\"position\":1,\"name\":\"Accueil\",\"item\":\"https:\\\/\\\/www.la-roque-bandol.com\\\/en\\\/\"},{\"@type\":\"ListItem\",\"position\":2,\"name\":\"Shop\",\"item\":\"https:\\\/\\\/www.la-roque-bandol.com\\\/en\\\/shop\\\/\"},{\"@type\":\"ListItem\",\"position\":3,\"name\":\"Vinaigre de vin coffret Provence citron framboise\"}]},{\"@type\":\"WebSite\",\"@id\":\"https:\\\/\\\/www.la-roque-bandol.com\\\/en\\\/#website\",\"url\":\"https:\\\/\\\/www.la-roque-bandol.com\\\/en\\\/\",\"name\":\"Moulin de la Roque\",\"description\":\"\",\"potentialAction\":[{\"@type\":\"SearchAction\",\"target\":{\"@type\":\"EntryPoint\",\"urlTemplate\":\"https:\\\/\\\/www.la-roque-bandol.com\\\/en\\\/?s={search_term_string}\"},\"query-input\":{\"@type\":\"PropertyValueSpecification\",\"valueRequired\":true,\"valueName\":\"search_term_string\"}}],\"inLanguage\":\"en-US\"}]}<\/script>\n<!-- \/ Yoast SEO plugin. -->","yoast_head_json":{"title":"Vinaigre de vin coffret Provence citron framboise Moulin de la Roque","description":"Vinaigre de vin blanc aux herbes de Provence, id\u00e9al pour assaisonner salades et marinades. Un go\u00fbt authentique du Sud. Contient des sulfites.","robots":{"index":"index","follow":"follow","max-snippet":"max-snippet:-1","max-image-preview":"max-image-preview:large","max-video-preview":"max-video-preview:-1"},"canonical":"https:\/\/www.la-roque-bandol.com\/en\/shop\/vinaigre-de-vin-coffret-provence-citron-framboise\/","og_locale":"en_US","og_type":"article","og_title":"Vinaigre de vin coffret Provence citron framboise Moulin de la Roque","og_description":"Vinaigre de vin blanc aux herbes de Provence, id\u00e9al pour assaisonner salades et marinades. Un go\u00fbt authentique du Sud. Contient des sulfites.","og_url":"https:\/\/www.la-roque-bandol.com\/en\/shop\/vinaigre-de-vin-coffret-provence-citron-framboise\/","og_site_name":"Moulin de la Roque","article_modified_time":"2026-04-22T14:01:42+00:00","og_image":[{"width":184,"height":373,"url":"https:\/\/www.la-roque-bandol.com\/wp-content\/uploads\/2026\/04\/Coffret-provence-.png","type":"image\/png"}],"twitter_card":"summary_large_image","twitter_misc":{"Est. reading time":"1 minute"},"schema":{"@context":"https:\/\/schema.org","@graph":[{"@type":"WebPage","@id":"https:\/\/www.la-roque-bandol.com\/en\/shop\/vinaigre-de-vin-coffret-provence-citron-framboise\/","url":"https:\/\/www.la-roque-bandol.com\/en\/shop\/vinaigre-de-vin-coffret-provence-citron-framboise\/","name":"Vinaigre de vin coffret Provence citron framboise Moulin de la Roque","isPartOf":{"@id":"https:\/\/www.la-roque-bandol.com\/en\/#website"},"primaryImageOfPage":{"@id":"https:\/\/www.la-roque-bandol.com\/en\/shop\/vinaigre-de-vin-coffret-provence-citron-framboise\/#primaryimage"},"image":{"@id":"https:\/\/www.la-roque-bandol.com\/en\/shop\/vinaigre-de-vin-coffret-provence-citron-framboise\/#primaryimage"},"thumbnailUrl":"https:\/\/www.la-roque-bandol.com\/wp-content\/uploads\/2026\/04\/Coffret-provence-.png","datePublished":"2026-04-22T12:36:57+00:00","dateModified":"2026-04-22T14:01:42+00:00","description":"Vinaigre de vin blanc aux herbes de Provence, id\u00e9al pour assaisonner salades et marinades. Un go\u00fbt authentique du Sud. Contient des sulfites.","breadcrumb":{"@id":"https:\/\/www.la-roque-bandol.com\/en\/shop\/vinaigre-de-vin-coffret-provence-citron-framboise\/#breadcrumb"},"inLanguage":"en-US","potentialAction":[{"@type":"ReadAction","target":["https:\/\/www.la-roque-bandol.com\/en\/shop\/vinaigre-de-vin-coffret-provence-citron-framboise\/"]}]},{"@type":"ImageObject","inLanguage":"en-US","@id":"https:\/\/www.la-roque-bandol.com\/en\/shop\/vinaigre-de-vin-coffret-provence-citron-framboise\/#primaryimage","url":"https:\/\/www.la-roque-bandol.com\/wp-content\/uploads\/2026\/04\/Coffret-provence-.png","contentUrl":"https:\/\/www.la-roque-bandol.com\/wp-content\/uploads\/2026\/04\/Coffret-provence-.png","width":184,"height":373,"caption":"Coffret provence"},{"@type":"BreadcrumbList","@id":"https:\/\/www.la-roque-bandol.com\/en\/shop\/vinaigre-de-vin-coffret-provence-citron-framboise\/#breadcrumb","itemListElement":[{"@type":"ListItem","position":1,"name":"Accueil","item":"https:\/\/www.la-roque-bandol.com\/en\/"},{"@type":"ListItem","position":2,"name":"Shop","item":"https:\/\/www.la-roque-bandol.com\/en\/shop\/"},{"@type":"ListItem","position":3,"name":"Vinaigre de vin coffret Provence citron framboise"}]},{"@type":"WebSite","@id":"https:\/\/www.la-roque-bandol.com\/en\/#website","url":"https:\/\/www.la-roque-bandol.com\/en\/","name":"Moulin de la Roque","description":"","potentialAction":[{"@type":"SearchAction","target":{"@type":"EntryPoint","urlTemplate":"https:\/\/www.la-roque-bandol.com\/en\/?s={search_term_string}"},"query-input":{"@type":"PropertyValueSpecification","valueRequired":true,"valueName":"search_term_string"}}],"inLanguage":"en-US"}]}},"_links":{"self":[{"href":"https:\/\/www.la-roque-bandol.com\/en\/wp-json\/wp\/v2\/product\/26323","targetHints":{"allow":["GET"]}}],"collection":[{"href":"https:\/\/www.la-roque-bandol.com\/en\/wp-json\/wp\/v2\/product"}],"about":[{"href":"https:\/\/www.la-roque-bandol.com\/en\/wp-json\/wp\/v2\/types\/product"}],"replies":[{"embeddable":true,"href":"https:\/\/www.la-roque-bandol.com\/en\/wp-json\/wp\/v2\/comments?post=26323"}],"wp:featuredmedia":[{"embeddable":true,"href":"https:\/\/www.la-roque-bandol.com\/en\/wp-json\/wp\/v2\/media\/26328"}],"wp:attachment":[{"href":"https:\/\/www.la-roque-bandol.com\/en\/wp-json\/wp\/v2\/media?parent=26323"}],"wp:term":[{"taxonomy":"product_brand","embeddable":true,"href":"https:\/\/www.la-roque-bandol.com\/en\/wp-json\/wp\/v2\/product_brand?post=26323"},{"taxonomy":"product_cat","embeddable":true,"href":"https:\/\/www.la-roque-bandol.com\/en\/wp-json\/wp\/v2\/product_cat?post=26323"},{"taxonomy":"product_tag","embeddable":true,"href":"https:\/\/www.la-roque-bandol.com\/en\/wp-json\/wp\/v2\/product_tag?post=26323"}],"curies":[{"name":"wp","href":"https:\/\/api.w.org\/{rel}","templated":true}]}}