{"id":26114,"date":"2026-02-23T10:02:46","date_gmt":"2026-02-23T09:02:46","guid":{"rendered":"https:\/\/www.la-roque-bandol.com\/?post_type=product&#038;p=26114"},"modified":"2026-03-05T09:11:20","modified_gmt":"2026-03-05T08:11:20","slug":"gainerafraichissante","status":"publish","type":"product","link":"https:\/\/www.la-roque-bandol.com\/en\/shop\/gainerafraichissante\/","title":{"rendered":"Gaine rafra\u00eechissante pour bouteille 75cl"},"content":{"rendered":"<p class=\"\" data-start=\"460\" data-end=\"641\">Gaine rafra\u00eechissante dor\u00e9, hauteur 17,5 cm &#8211; Refroidit votre vin en quelques minutes et permet de garder le vin frais. Conservez l&#8217;\u00e9l\u00e9ment dans le cong\u00e9lateur.<\/p>\n<p class=\"\" data-start=\"460\" data-end=\"641\">\u00c9cologique et durable, r\u00e9utilisable \u00e0 l&#8217;infini.<\/p>\n<p class=\"\" data-start=\"833\" data-end=\"878\">\n","protected":false},"excerpt":{"rendered":"<p>Gaine rafra\u00eechissante dor\u00e9, hauteur 17,5 cm &#8211; Refroidit votre vin en quelques minutes et permet de garder le vin frais. Conservez l&#8217;\u00e9l\u00e9ment dans le cong\u00e9lateur. \u00c9cologique et durable, r\u00e9utilisable \u00e0 l&#8217;infini.<\/p>\n","protected":false},"featured_media":26116,"comment_status":"open","ping_status":"closed","template":"","meta":{"_acf_changed":false},"product_brand":[619,620,621,622],"product_cat":[434],"product_tag":[],"class_list":{"0":"post-26114","1":"product","2":"type-product","3":"status-publish","4":"has-post-thumbnail","6":"product_brand-customer","7":"product_brand-customer_club","8":"product_brand-customer_grossiste","9":"product_brand-customer_pro","10":"product_cat-accessoires","12":"first","13":"instock","14":"taxable","15":"shipping-taxable","16":"purchasable","17":"product-type-simple","18":"add-to-wishlist-before_image"},"group_of_quantity":0,"min_quantity":0,"max_quantity":"","exclude_order_quantity_value_rules":"no","exclude_category_quantity_rules":"no","combine_variations":"no","acf":[],"yoast_head":"<!-- This site is optimized with the Yoast SEO plugin v27.3 - https:\/\/yoast.com\/product\/yoast-seo-wordpress\/ -->\n<title>Gaine rafra\u00eechissante pour bouteille 75cl<\/title>\n<meta name=\"description\" content=\"Gaine rafra\u00eechissante pour bouteille 75cl A\u00e9rateur de vin. Livraison offerte d\u00e8s 200\u20ac d\u2019achats.\" \/>\n<meta name=\"robots\" content=\"index, follow, max-snippet:-1, max-image-preview:large, max-video-preview:-1\" \/>\n<link rel=\"canonical\" href=\"https:\/\/www.la-roque-bandol.com\/en\/shop\/gainerafraichissante\/\" \/>\n<meta property=\"og:locale\" content=\"en_US\" \/>\n<meta property=\"og:type\" content=\"article\" \/>\n<meta property=\"og:title\" content=\"Gaine rafra\u00eechissante pour bouteille 75cl\" \/>\n<meta property=\"og:description\" content=\"Gaine rafra\u00eechissante pour bouteille 75cl A\u00e9rateur de vin. Livraison offerte d\u00e8s 200\u20ac d\u2019achats.\" \/>\n<meta property=\"og:url\" content=\"https:\/\/www.la-roque-bandol.com\/en\/shop\/gainerafraichissante\/\" \/>\n<meta property=\"og:site_name\" content=\"Moulin de la Roque\" \/>\n<meta property=\"article:modified_time\" content=\"2026-03-05T08:11:20+00:00\" \/>\n<meta property=\"og:image\" content=\"https:\/\/www.la-roque-bandol.com\/wp-content\/uploads\/2026\/02\/rafraichisseur-removebg-preview.png\" \/>\n\t<meta property=\"og:image:width\" content=\"500\" \/>\n\t<meta property=\"og:image:height\" content=\"500\" \/>\n\t<meta property=\"og:image:type\" content=\"image\/png\" \/>\n<meta name=\"twitter:card\" content=\"summary_large_image\" \/>\n<meta name=\"twitter:label1\" content=\"Est. reading time\" \/>\n\t<meta name=\"twitter:data1\" content=\"1 minute\" \/>\n<script type=\"application\/ld+json\" class=\"yoast-schema-graph\">{\"@context\":\"https:\\\/\\\/schema.org\",\"@graph\":[{\"@type\":\"WebPage\",\"@id\":\"https:\\\/\\\/www.la-roque-bandol.com\\\/en\\\/shop\\\/gainerafraichissante\\\/\",\"url\":\"https:\\\/\\\/www.la-roque-bandol.com\\\/en\\\/shop\\\/gainerafraichissante\\\/\",\"name\":\"Gaine rafra\u00eechissante pour bouteille 75cl\",\"isPartOf\":{\"@id\":\"https:\\\/\\\/www.la-roque-bandol.com\\\/en\\\/#website\"},\"primaryImageOfPage\":{\"@id\":\"https:\\\/\\\/www.la-roque-bandol.com\\\/en\\\/shop\\\/gainerafraichissante\\\/#primaryimage\"},\"image\":{\"@id\":\"https:\\\/\\\/www.la-roque-bandol.com\\\/en\\\/shop\\\/gainerafraichissante\\\/#primaryimage\"},\"thumbnailUrl\":\"https:\\\/\\\/www.la-roque-bandol.com\\\/wp-content\\\/uploads\\\/2026\\\/02\\\/rafraichisseur-removebg-preview.png\",\"datePublished\":\"2026-02-23T09:02:46+00:00\",\"dateModified\":\"2026-03-05T08:11:20+00:00\",\"description\":\"Gaine rafra\u00eechissante pour bouteille 75cl A\u00e9rateur de vin. Livraison offerte d\u00e8s 200\u20ac d\u2019achats.\",\"breadcrumb\":{\"@id\":\"https:\\\/\\\/www.la-roque-bandol.com\\\/en\\\/shop\\\/gainerafraichissante\\\/#breadcrumb\"},\"inLanguage\":\"en-US\",\"potentialAction\":[{\"@type\":\"ReadAction\",\"target\":[\"https:\\\/\\\/www.la-roque-bandol.com\\\/en\\\/shop\\\/gainerafraichissante\\\/\"]}]},{\"@type\":\"ImageObject\",\"inLanguage\":\"en-US\",\"@id\":\"https:\\\/\\\/www.la-roque-bandol.com\\\/en\\\/shop\\\/gainerafraichissante\\\/#primaryimage\",\"url\":\"https:\\\/\\\/www.la-roque-bandol.com\\\/wp-content\\\/uploads\\\/2026\\\/02\\\/rafraichisseur-removebg-preview.png\",\"contentUrl\":\"https:\\\/\\\/www.la-roque-bandol.com\\\/wp-content\\\/uploads\\\/2026\\\/02\\\/rafraichisseur-removebg-preview.png\",\"width\":500,\"height\":500,\"caption\":\"Rafraichisseur removebg preview\"},{\"@type\":\"BreadcrumbList\",\"@id\":\"https:\\\/\\\/www.la-roque-bandol.com\\\/en\\\/shop\\\/gainerafraichissante\\\/#breadcrumb\",\"itemListElement\":[{\"@type\":\"ListItem\",\"position\":1,\"name\":\"Accueil\",\"item\":\"https:\\\/\\\/www.la-roque-bandol.com\\\/en\\\/\"},{\"@type\":\"ListItem\",\"position\":2,\"name\":\"Shop\",\"item\":\"https:\\\/\\\/www.la-roque-bandol.com\\\/en\\\/shop\\\/\"},{\"@type\":\"ListItem\",\"position\":3,\"name\":\"Gaine rafra\u00eechissante pour bouteille 75cl\"}]},{\"@type\":\"WebSite\",\"@id\":\"https:\\\/\\\/www.la-roque-bandol.com\\\/en\\\/#website\",\"url\":\"https:\\\/\\\/www.la-roque-bandol.com\\\/en\\\/\",\"name\":\"Moulin de la Roque\",\"description\":\"\",\"potentialAction\":[{\"@type\":\"SearchAction\",\"target\":{\"@type\":\"EntryPoint\",\"urlTemplate\":\"https:\\\/\\\/www.la-roque-bandol.com\\\/en\\\/?s={search_term_string}\"},\"query-input\":{\"@type\":\"PropertyValueSpecification\",\"valueRequired\":true,\"valueName\":\"search_term_string\"}}],\"inLanguage\":\"en-US\"}]}<\/script>\n<!-- \/ Yoast SEO plugin. -->","yoast_head_json":{"title":"Gaine rafra\u00eechissante pour bouteille 75cl","description":"Gaine rafra\u00eechissante pour bouteille 75cl A\u00e9rateur de vin. Livraison offerte d\u00e8s 200\u20ac d\u2019achats.","robots":{"index":"index","follow":"follow","max-snippet":"max-snippet:-1","max-image-preview":"max-image-preview:large","max-video-preview":"max-video-preview:-1"},"canonical":"https:\/\/www.la-roque-bandol.com\/en\/shop\/gainerafraichissante\/","og_locale":"en_US","og_type":"article","og_title":"Gaine rafra\u00eechissante pour bouteille 75cl","og_description":"Gaine rafra\u00eechissante pour bouteille 75cl A\u00e9rateur de vin. Livraison offerte d\u00e8s 200\u20ac d\u2019achats.","og_url":"https:\/\/www.la-roque-bandol.com\/en\/shop\/gainerafraichissante\/","og_site_name":"Moulin de la Roque","article_modified_time":"2026-03-05T08:11:20+00:00","og_image":[{"width":500,"height":500,"url":"https:\/\/www.la-roque-bandol.com\/wp-content\/uploads\/2026\/02\/rafraichisseur-removebg-preview.png","type":"image\/png"}],"twitter_card":"summary_large_image","twitter_misc":{"Est. reading time":"1 minute"},"schema":{"@context":"https:\/\/schema.org","@graph":[{"@type":"WebPage","@id":"https:\/\/www.la-roque-bandol.com\/en\/shop\/gainerafraichissante\/","url":"https:\/\/www.la-roque-bandol.com\/en\/shop\/gainerafraichissante\/","name":"Gaine rafra\u00eechissante pour bouteille 75cl","isPartOf":{"@id":"https:\/\/www.la-roque-bandol.com\/en\/#website"},"primaryImageOfPage":{"@id":"https:\/\/www.la-roque-bandol.com\/en\/shop\/gainerafraichissante\/#primaryimage"},"image":{"@id":"https:\/\/www.la-roque-bandol.com\/en\/shop\/gainerafraichissante\/#primaryimage"},"thumbnailUrl":"https:\/\/www.la-roque-bandol.com\/wp-content\/uploads\/2026\/02\/rafraichisseur-removebg-preview.png","datePublished":"2026-02-23T09:02:46+00:00","dateModified":"2026-03-05T08:11:20+00:00","description":"Gaine rafra\u00eechissante pour bouteille 75cl A\u00e9rateur de vin. Livraison offerte d\u00e8s 200\u20ac d\u2019achats.","breadcrumb":{"@id":"https:\/\/www.la-roque-bandol.com\/en\/shop\/gainerafraichissante\/#breadcrumb"},"inLanguage":"en-US","potentialAction":[{"@type":"ReadAction","target":["https:\/\/www.la-roque-bandol.com\/en\/shop\/gainerafraichissante\/"]}]},{"@type":"ImageObject","inLanguage":"en-US","@id":"https:\/\/www.la-roque-bandol.com\/en\/shop\/gainerafraichissante\/#primaryimage","url":"https:\/\/www.la-roque-bandol.com\/wp-content\/uploads\/2026\/02\/rafraichisseur-removebg-preview.png","contentUrl":"https:\/\/www.la-roque-bandol.com\/wp-content\/uploads\/2026\/02\/rafraichisseur-removebg-preview.png","width":500,"height":500,"caption":"Rafraichisseur removebg preview"},{"@type":"BreadcrumbList","@id":"https:\/\/www.la-roque-bandol.com\/en\/shop\/gainerafraichissante\/#breadcrumb","itemListElement":[{"@type":"ListItem","position":1,"name":"Accueil","item":"https:\/\/www.la-roque-bandol.com\/en\/"},{"@type":"ListItem","position":2,"name":"Shop","item":"https:\/\/www.la-roque-bandol.com\/en\/shop\/"},{"@type":"ListItem","position":3,"name":"Gaine rafra\u00eechissante pour bouteille 75cl"}]},{"@type":"WebSite","@id":"https:\/\/www.la-roque-bandol.com\/en\/#website","url":"https:\/\/www.la-roque-bandol.com\/en\/","name":"Moulin de la Roque","description":"","potentialAction":[{"@type":"SearchAction","target":{"@type":"EntryPoint","urlTemplate":"https:\/\/www.la-roque-bandol.com\/en\/?s={search_term_string}"},"query-input":{"@type":"PropertyValueSpecification","valueRequired":true,"valueName":"search_term_string"}}],"inLanguage":"en-US"}]}},"_links":{"self":[{"href":"https:\/\/www.la-roque-bandol.com\/en\/wp-json\/wp\/v2\/product\/26114","targetHints":{"allow":["GET"]}}],"collection":[{"href":"https:\/\/www.la-roque-bandol.com\/en\/wp-json\/wp\/v2\/product"}],"about":[{"href":"https:\/\/www.la-roque-bandol.com\/en\/wp-json\/wp\/v2\/types\/product"}],"replies":[{"embeddable":true,"href":"https:\/\/www.la-roque-bandol.com\/en\/wp-json\/wp\/v2\/comments?post=26114"}],"wp:featuredmedia":[{"embeddable":true,"href":"https:\/\/www.la-roque-bandol.com\/en\/wp-json\/wp\/v2\/media\/26116"}],"wp:attachment":[{"href":"https:\/\/www.la-roque-bandol.com\/en\/wp-json\/wp\/v2\/media?parent=26114"}],"wp:term":[{"taxonomy":"product_brand","embeddable":true,"href":"https:\/\/www.la-roque-bandol.com\/en\/wp-json\/wp\/v2\/product_brand?post=26114"},{"taxonomy":"product_cat","embeddable":true,"href":"https:\/\/www.la-roque-bandol.com\/en\/wp-json\/wp\/v2\/product_cat?post=26114"},{"taxonomy":"product_tag","embeddable":true,"href":"https:\/\/www.la-roque-bandol.com\/en\/wp-json\/wp\/v2\/product_tag?post=26114"}],"curies":[{"name":"wp","href":"https:\/\/api.w.org\/{rel}","templated":true}]}}