{"id":23850,"date":"2025-12-31T14:49:47","date_gmt":"2025-12-31T13:49:47","guid":{"rendered":"https:\/\/www.la-roque-bandol.com\/?post_type=product&#038;p=23850"},"modified":"2026-01-15T15:26:07","modified_gmt":"2026-01-15T14:26:07","slug":"blanc-de-noirs","status":"publish","type":"product","link":"https:\/\/www.la-roque-bandol.com\/en\/shop\/blanc-de-noirs\/","title":{"rendered":"Blanc de Noirs"},"content":{"rendered":"<p data-renderer-start-pos=\"209\">Le jus des raisins noirs est naturellement transparent. Ce sont les peaux des raisins qui donnent la couleur au vin. En les pressant d\u00e9licatement et sans mac\u00e9ration, on obtient un vin blanc tout en finesse, fra\u00eecheur et \u00e9l\u00e9gance.<\/p>\n<p data-renderer-start-pos=\"520\">BDN d\u00e9voile une belle expression aromatique : frais, fruit\u00e9 et l\u00e9g\u00e8rement acidul\u00e9 !<\/p>\n","protected":false},"excerpt":{"rendered":"<p><em>Un Vin de France Blanc issu de Raisins noirs, une nouvelle cuv\u00e9e \u00e0 d\u00e9couvrir !<\/em><\/p>\n","protected":false},"featured_media":23880,"comment_status":"open","ping_status":"closed","template":"","meta":{"_acf_changed":false},"product_brand":[619,620],"product_cat":[23,607],"product_tag":[],"class_list":{"0":"post-23850","1":"product","2":"type-product","3":"status-publish","4":"has-post-thumbnail","6":"product_brand-customer","7":"product_brand-customer_club","8":"product_cat-sous-la-tonnelle","9":"product_cat-vins","11":"first","12":"instock","13":"taxable","14":"shipping-taxable","15":"purchasable","16":"product-type-variable","17":"has-default-attributes","18":"add-to-wishlist-before_image"},"group_of_quantity":1,"min_quantity":0,"max_quantity":"","exclude_order_quantity_value_rules":"no","exclude_category_quantity_rules":"no","combine_variations":"no","acf":[],"yoast_head":"<!-- This site is optimized with the Yoast SEO plugin v27.3 - https:\/\/yoast.com\/product\/yoast-seo-wordpress\/ -->\n<title>Blanc de Noirs vin blanc - 2024 |vin de france<\/title>\n<meta name=\"description\" content=\"Blanc de Noirs est un vin de france Blanc issu de raisins noirs. Frais, fruit\u00e9 et l\u00e9g\u00e8rement acidul\u00e9.\" \/>\n<meta name=\"robots\" content=\"index, follow, max-snippet:-1, max-image-preview:large, max-video-preview:-1\" \/>\n<link rel=\"canonical\" href=\"https:\/\/www.la-roque-bandol.com\/en\/shop\/blanc-de-noirs\/\" \/>\n<meta property=\"og:locale\" content=\"en_US\" \/>\n<meta property=\"og:type\" content=\"article\" \/>\n<meta property=\"og:title\" content=\"Blanc de Noirs vin blanc - 2024 |vin de france\" \/>\n<meta property=\"og:description\" content=\"Blanc de Noirs est un vin de france Blanc issu de raisins noirs. Frais, fruit\u00e9 et l\u00e9g\u00e8rement acidul\u00e9.\" \/>\n<meta property=\"og:url\" content=\"https:\/\/www.la-roque-bandol.com\/en\/shop\/blanc-de-noirs\/\" \/>\n<meta property=\"og:site_name\" content=\"Moulin de la Roque\" \/>\n<meta property=\"article:modified_time\" content=\"2026-01-15T14:26:07+00:00\" \/>\n<meta property=\"og:image\" content=\"https:\/\/www.la-roque-bandol.com\/wp-content\/uploads\/2025\/12\/visuel-BDN-1-1-scaled.jpg\" \/>\n\t<meta property=\"og:image:width\" content=\"642\" \/>\n\t<meta property=\"og:image:height\" content=\"2560\" \/>\n\t<meta property=\"og:image:type\" content=\"image\/jpeg\" \/>\n<meta name=\"twitter:card\" content=\"summary_large_image\" \/>\n<meta name=\"twitter:label1\" content=\"Est. reading time\" \/>\n\t<meta name=\"twitter:data1\" content=\"1 minute\" \/>\n<script type=\"application\/ld+json\" class=\"yoast-schema-graph\">{\"@context\":\"https:\\\/\\\/schema.org\",\"@graph\":[{\"@type\":\"WebPage\",\"@id\":\"https:\\\/\\\/www.la-roque-bandol.com\\\/en\\\/shop\\\/blanc-de-noirs\\\/\",\"url\":\"https:\\\/\\\/www.la-roque-bandol.com\\\/en\\\/shop\\\/blanc-de-noirs\\\/\",\"name\":\"Blanc de Noirs vin blanc - 2024 |vin de france\",\"isPartOf\":{\"@id\":\"https:\\\/\\\/www.la-roque-bandol.com\\\/en\\\/#website\"},\"primaryImageOfPage\":{\"@id\":\"https:\\\/\\\/www.la-roque-bandol.com\\\/en\\\/shop\\\/blanc-de-noirs\\\/#primaryimage\"},\"image\":{\"@id\":\"https:\\\/\\\/www.la-roque-bandol.com\\\/en\\\/shop\\\/blanc-de-noirs\\\/#primaryimage\"},\"thumbnailUrl\":\"https:\\\/\\\/www.la-roque-bandol.com\\\/wp-content\\\/uploads\\\/2025\\\/12\\\/visuel-BDN-1-1-scaled.jpg\",\"datePublished\":\"2025-12-31T13:49:47+00:00\",\"dateModified\":\"2026-01-15T14:26:07+00:00\",\"description\":\"Blanc de Noirs est un vin de france Blanc issu de raisins noirs. Frais, fruit\u00e9 et l\u00e9g\u00e8rement acidul\u00e9.\",\"breadcrumb\":{\"@id\":\"https:\\\/\\\/www.la-roque-bandol.com\\\/en\\\/shop\\\/blanc-de-noirs\\\/#breadcrumb\"},\"inLanguage\":\"en-US\",\"potentialAction\":[{\"@type\":\"ReadAction\",\"target\":[\"https:\\\/\\\/www.la-roque-bandol.com\\\/en\\\/shop\\\/blanc-de-noirs\\\/\"]}]},{\"@type\":\"ImageObject\",\"inLanguage\":\"en-US\",\"@id\":\"https:\\\/\\\/www.la-roque-bandol.com\\\/en\\\/shop\\\/blanc-de-noirs\\\/#primaryimage\",\"url\":\"https:\\\/\\\/www.la-roque-bandol.com\\\/wp-content\\\/uploads\\\/2025\\\/12\\\/visuel-BDN-1-1-scaled.jpg\",\"contentUrl\":\"https:\\\/\\\/www.la-roque-bandol.com\\\/wp-content\\\/uploads\\\/2025\\\/12\\\/visuel-BDN-1-1-scaled.jpg\",\"width\":642,\"height\":2560,\"caption\":\"Visuel BDN 1\"},{\"@type\":\"BreadcrumbList\",\"@id\":\"https:\\\/\\\/www.la-roque-bandol.com\\\/en\\\/shop\\\/blanc-de-noirs\\\/#breadcrumb\",\"itemListElement\":[{\"@type\":\"ListItem\",\"position\":1,\"name\":\"Accueil\",\"item\":\"https:\\\/\\\/www.la-roque-bandol.com\\\/en\\\/\"},{\"@type\":\"ListItem\",\"position\":2,\"name\":\"Shop\",\"item\":\"https:\\\/\\\/www.la-roque-bandol.com\\\/en\\\/shop\\\/\"},{\"@type\":\"ListItem\",\"position\":3,\"name\":\"Blanc de Noirs\"}]},{\"@type\":\"WebSite\",\"@id\":\"https:\\\/\\\/www.la-roque-bandol.com\\\/en\\\/#website\",\"url\":\"https:\\\/\\\/www.la-roque-bandol.com\\\/en\\\/\",\"name\":\"Moulin de la Roque\",\"description\":\"\",\"potentialAction\":[{\"@type\":\"SearchAction\",\"target\":{\"@type\":\"EntryPoint\",\"urlTemplate\":\"https:\\\/\\\/www.la-roque-bandol.com\\\/en\\\/?s={search_term_string}\"},\"query-input\":{\"@type\":\"PropertyValueSpecification\",\"valueRequired\":true,\"valueName\":\"search_term_string\"}}],\"inLanguage\":\"en-US\"}]}<\/script>\n<!-- \/ Yoast SEO plugin. -->","yoast_head_json":{"title":"Blanc de Noirs vin blanc - 2024 |vin de france","description":"Blanc de Noirs est un vin de france Blanc issu de raisins noirs. Frais, fruit\u00e9 et l\u00e9g\u00e8rement acidul\u00e9.","robots":{"index":"index","follow":"follow","max-snippet":"max-snippet:-1","max-image-preview":"max-image-preview:large","max-video-preview":"max-video-preview:-1"},"canonical":"https:\/\/www.la-roque-bandol.com\/en\/shop\/blanc-de-noirs\/","og_locale":"en_US","og_type":"article","og_title":"Blanc de Noirs vin blanc - 2024 |vin de france","og_description":"Blanc de Noirs est un vin de france Blanc issu de raisins noirs. Frais, fruit\u00e9 et l\u00e9g\u00e8rement acidul\u00e9.","og_url":"https:\/\/www.la-roque-bandol.com\/en\/shop\/blanc-de-noirs\/","og_site_name":"Moulin de la Roque","article_modified_time":"2026-01-15T14:26:07+00:00","og_image":[{"width":642,"height":2560,"url":"https:\/\/www.la-roque-bandol.com\/wp-content\/uploads\/2025\/12\/visuel-BDN-1-1-scaled.jpg","type":"image\/jpeg"}],"twitter_card":"summary_large_image","twitter_misc":{"Est. reading time":"1 minute"},"schema":{"@context":"https:\/\/schema.org","@graph":[{"@type":"WebPage","@id":"https:\/\/www.la-roque-bandol.com\/en\/shop\/blanc-de-noirs\/","url":"https:\/\/www.la-roque-bandol.com\/en\/shop\/blanc-de-noirs\/","name":"Blanc de Noirs vin blanc - 2024 |vin de france","isPartOf":{"@id":"https:\/\/www.la-roque-bandol.com\/en\/#website"},"primaryImageOfPage":{"@id":"https:\/\/www.la-roque-bandol.com\/en\/shop\/blanc-de-noirs\/#primaryimage"},"image":{"@id":"https:\/\/www.la-roque-bandol.com\/en\/shop\/blanc-de-noirs\/#primaryimage"},"thumbnailUrl":"https:\/\/www.la-roque-bandol.com\/wp-content\/uploads\/2025\/12\/visuel-BDN-1-1-scaled.jpg","datePublished":"2025-12-31T13:49:47+00:00","dateModified":"2026-01-15T14:26:07+00:00","description":"Blanc de Noirs est un vin de france Blanc issu de raisins noirs. Frais, fruit\u00e9 et l\u00e9g\u00e8rement acidul\u00e9.","breadcrumb":{"@id":"https:\/\/www.la-roque-bandol.com\/en\/shop\/blanc-de-noirs\/#breadcrumb"},"inLanguage":"en-US","potentialAction":[{"@type":"ReadAction","target":["https:\/\/www.la-roque-bandol.com\/en\/shop\/blanc-de-noirs\/"]}]},{"@type":"ImageObject","inLanguage":"en-US","@id":"https:\/\/www.la-roque-bandol.com\/en\/shop\/blanc-de-noirs\/#primaryimage","url":"https:\/\/www.la-roque-bandol.com\/wp-content\/uploads\/2025\/12\/visuel-BDN-1-1-scaled.jpg","contentUrl":"https:\/\/www.la-roque-bandol.com\/wp-content\/uploads\/2025\/12\/visuel-BDN-1-1-scaled.jpg","width":642,"height":2560,"caption":"Visuel BDN 1"},{"@type":"BreadcrumbList","@id":"https:\/\/www.la-roque-bandol.com\/en\/shop\/blanc-de-noirs\/#breadcrumb","itemListElement":[{"@type":"ListItem","position":1,"name":"Accueil","item":"https:\/\/www.la-roque-bandol.com\/en\/"},{"@type":"ListItem","position":2,"name":"Shop","item":"https:\/\/www.la-roque-bandol.com\/en\/shop\/"},{"@type":"ListItem","position":3,"name":"Blanc de Noirs"}]},{"@type":"WebSite","@id":"https:\/\/www.la-roque-bandol.com\/en\/#website","url":"https:\/\/www.la-roque-bandol.com\/en\/","name":"Moulin de la Roque","description":"","potentialAction":[{"@type":"SearchAction","target":{"@type":"EntryPoint","urlTemplate":"https:\/\/www.la-roque-bandol.com\/en\/?s={search_term_string}"},"query-input":{"@type":"PropertyValueSpecification","valueRequired":true,"valueName":"search_term_string"}}],"inLanguage":"en-US"}]}},"_links":{"self":[{"href":"https:\/\/www.la-roque-bandol.com\/en\/wp-json\/wp\/v2\/product\/23850","targetHints":{"allow":["GET"]}}],"collection":[{"href":"https:\/\/www.la-roque-bandol.com\/en\/wp-json\/wp\/v2\/product"}],"about":[{"href":"https:\/\/www.la-roque-bandol.com\/en\/wp-json\/wp\/v2\/types\/product"}],"replies":[{"embeddable":true,"href":"https:\/\/www.la-roque-bandol.com\/en\/wp-json\/wp\/v2\/comments?post=23850"}],"wp:featuredmedia":[{"embeddable":true,"href":"https:\/\/www.la-roque-bandol.com\/en\/wp-json\/wp\/v2\/media\/23880"}],"wp:attachment":[{"href":"https:\/\/www.la-roque-bandol.com\/en\/wp-json\/wp\/v2\/media?parent=23850"}],"wp:term":[{"taxonomy":"product_brand","embeddable":true,"href":"https:\/\/www.la-roque-bandol.com\/en\/wp-json\/wp\/v2\/product_brand?post=23850"},{"taxonomy":"product_cat","embeddable":true,"href":"https:\/\/www.la-roque-bandol.com\/en\/wp-json\/wp\/v2\/product_cat?post=23850"},{"taxonomy":"product_tag","embeddable":true,"href":"https:\/\/www.la-roque-bandol.com\/en\/wp-json\/wp\/v2\/product_tag?post=23850"}],"curies":[{"name":"wp","href":"https:\/\/api.w.org\/{rel}","templated":true}]}}