{"id":23749,"date":"2025-12-17T14:07:18","date_gmt":"2025-12-17T13:07:18","guid":{"rendered":"https:\/\/www.la-roque-bandol.com\/?post_type=product&#038;p=23749"},"modified":"2025-12-18T10:08:51","modified_gmt":"2025-12-18T09:08:51","slug":"le-nez-du-vin","status":"publish","type":"product","link":"https:\/\/www.la-roque-bandol.com\/en\/shop\/le-nez-du-vin\/","title":{"rendered":"Le Nez du Vin  &#8220;Rouge&#8221;"},"content":{"rendered":"<div class=\"col-md-12\">\n<div class=\"product-data row \">\n<h3>Le Nez du Vin &#8211; &#8220;Les Vins Rouges 12 ar\u00f4mes&#8221; &#8211; Edition Jean Lenoir<\/h3>\n<h3>Une premi\u00e8re approche avec\u00a0<em>Le Nez du Vin<\/em><\/h3>\n<hr \/>\n<div class=\"col-md-6\">\n<h3>Les ar\u00f4mes<\/h3>\n<h4>12 ar\u00f4mes fondamentaux des vins rouges extraits de la collection du grand mod\u00e8le 54 ar\u00f4mes :<\/h4>\n<ul>\n<li>Notes fruit\u00e9es : 12 fraise, 13 framboise, 15 cassis, 17 m\u00fbre, 18 cerise.<\/li>\n<li>Note florale : 29 violette.<\/li>\n<li>Notes v\u00e9g\u00e9tales : 30 poivron vert, 32 truffe, 36 r\u00e9glisse, 40 vanille, 43 poivre.<\/li>\n<li>Note grill\u00e9e : 54 note fum\u00e9e.<\/li>\n<\/ul>\n<\/div>\n<div class=\"col-md-6\">\n<h3>Le livre<\/h3>\n<p>Cet ouvrage contient deux livrets :<\/p>\n<ul>\n<li>Un livret g\u00e9n\u00e9ral qui explique l\u2019origine des ar\u00f4mes du vin, le fonctionnement de l\u2019odorat, et donne des conseils pour mieux d\u00e9guster et affiner sa m\u00e9moire olfactive :\u00a0<em>Qu\u2019appelle-t-on les ar\u00f4mes primaires, secondaires et tertiaires ? quelle est la diff\u00e9rence entre un ar\u00f4me et une odeur ? comment s\u2019entra\u00eener avec Le Nez du Vin ? \u2026<\/em><\/li>\n<li>Un livret sp\u00e9cifique aux vins rouges qui r\u00e9v\u00e8le de quelle mani\u00e8re, par c\u00e9page et par vignoble, de France et du monde, les 12 ar\u00f4mes-cl\u00e9s se manifestent :\u00a0<em>Quels sont les ar\u00f4mes caract\u00e9ristiques du pinot noir ? des rouges de Saint-\u00c9milion ? dans quelles appellations, de France et du monde, suis-je susceptible d\u2019identifier l\u2019ar\u00f4me de violette ? \u2026<\/em><\/li>\n<li>Caract\u00e9ristiques techniques<\/li>\n<\/ul>\n<p>Coffret toil\u00e9, rouge carmin, format ferm\u00e9 24,7 x 17,2 x 3,5 cm, poids 700 g. Conditions de conservation Un coffret peut se garder une dizaine d\u2019ann\u00e9es conserv\u00e9 dans de bonnes conditions : tenir l\u2019ouvrage flacons debout le laisser loin des sources de lumi\u00e8re et de chaleur (radiateurs, soleil).<\/p>\n<\/div>\n<\/div>\n<\/div>\n","protected":false},"excerpt":{"rendered":"<p>Le Nez du Vin &#8211; &#8220;Les Vins Rouges 12 ar\u00f4mes&#8221; &#8211; Edition Jean Lenoir Une premi\u00e8re approche avec\u00a0Le Nez du Vin Les ar\u00f4mes 12 ar\u00f4mes fondamentaux des vins rouges extraits de la collection du grand mod\u00e8le 54 ar\u00f4mes : Notes fruit\u00e9es : 12 fraise, 13 framboise, 15 cassis, 17 m\u00fbre, 18 cerise. Note florale :&hellip;<\/p>\n","protected":false},"featured_media":23752,"comment_status":"open","ping_status":"closed","template":"","meta":{"_acf_changed":false},"product_brand":[619,620,622],"product_cat":[597],"product_tag":[],"class_list":{"0":"post-23749","1":"product","2":"type-product","3":"status-publish","4":"has-post-thumbnail","6":"product_brand-customer","7":"product_brand-customer_club","8":"product_brand-customer_pro","9":"product_cat-idees-cadeaux","11":"first","12":"instock","13":"taxable","14":"shipping-taxable","15":"purchasable","16":"product-type-simple","17":"add-to-wishlist-before_image"},"group_of_quantity":0,"min_quantity":0,"max_quantity":"","exclude_order_quantity_value_rules":"no","exclude_category_quantity_rules":"no","combine_variations":"no","acf":[],"yoast_head":"<!-- This site is optimized with the Yoast SEO plugin v27.5 - https:\/\/yoast.com\/product\/yoast-seo-wordpress\/ -->\n<title>Le Nez du Vin &quot;Rouge&quot;<\/title>\n<meta name=\"description\" content=\"Le Nez du Vin &quot;Rouge&quot; initiation \u00e0 la d\u00e9gustation du vin rouge\" \/>\n<meta name=\"robots\" content=\"index, follow, max-snippet:-1, max-image-preview:large, max-video-preview:-1\" \/>\n<link rel=\"canonical\" href=\"https:\/\/www.la-roque-bandol.com\/en\/shop\/le-nez-du-vin\/\" \/>\n<meta property=\"og:locale\" content=\"en_US\" \/>\n<meta property=\"og:type\" content=\"article\" \/>\n<meta property=\"og:title\" content=\"Le Nez du Vin &quot;Rouge&quot;\" \/>\n<meta property=\"og:description\" content=\"Le Nez du Vin &quot;Rouge&quot; initiation \u00e0 la d\u00e9gustation du vin rouge\" \/>\n<meta property=\"og:url\" content=\"https:\/\/www.la-roque-bandol.com\/en\/shop\/le-nez-du-vin\/\" \/>\n<meta property=\"og:site_name\" content=\"Moulin de la Roque\" \/>\n<meta property=\"article:modified_time\" content=\"2025-12-18T09:08:51+00:00\" \/>\n<meta property=\"og:image\" content=\"https:\/\/www.la-roque-bandol.com\/wp-content\/uploads\/2025\/12\/le-vin-du-nez-e1765978828353.png\" \/>\n\t<meta property=\"og:image:width\" content=\"600\" \/>\n\t<meta property=\"og:image:height\" content=\"366\" \/>\n\t<meta property=\"og:image:type\" content=\"image\/png\" \/>\n<meta name=\"twitter:card\" content=\"summary_large_image\" \/>\n<meta name=\"twitter:label1\" content=\"Est. reading time\" \/>\n\t<meta name=\"twitter:data1\" content=\"2 minutes\" \/>\n<script type=\"application\/ld+json\" class=\"yoast-schema-graph\">{\"@context\":\"https:\\\/\\\/schema.org\",\"@graph\":[{\"@type\":\"WebPage\",\"@id\":\"https:\\\/\\\/www.la-roque-bandol.com\\\/en\\\/shop\\\/le-nez-du-vin\\\/\",\"url\":\"https:\\\/\\\/www.la-roque-bandol.com\\\/en\\\/shop\\\/le-nez-du-vin\\\/\",\"name\":\"Le Nez du Vin \\\"Rouge\\\"\",\"isPartOf\":{\"@id\":\"https:\\\/\\\/www.la-roque-bandol.com\\\/en\\\/#website\"},\"primaryImageOfPage\":{\"@id\":\"https:\\\/\\\/www.la-roque-bandol.com\\\/en\\\/shop\\\/le-nez-du-vin\\\/#primaryimage\"},\"image\":{\"@id\":\"https:\\\/\\\/www.la-roque-bandol.com\\\/en\\\/shop\\\/le-nez-du-vin\\\/#primaryimage\"},\"thumbnailUrl\":\"https:\\\/\\\/www.la-roque-bandol.com\\\/wp-content\\\/uploads\\\/2025\\\/12\\\/le-vin-du-nez-e1765978828353.png\",\"datePublished\":\"2025-12-17T13:07:18+00:00\",\"dateModified\":\"2025-12-18T09:08:51+00:00\",\"description\":\"Le Nez du Vin \\\"Rouge\\\" initiation \u00e0 la d\u00e9gustation du vin rouge\",\"breadcrumb\":{\"@id\":\"https:\\\/\\\/www.la-roque-bandol.com\\\/en\\\/shop\\\/le-nez-du-vin\\\/#breadcrumb\"},\"inLanguage\":\"en-US\",\"potentialAction\":[{\"@type\":\"ReadAction\",\"target\":[\"https:\\\/\\\/www.la-roque-bandol.com\\\/en\\\/shop\\\/le-nez-du-vin\\\/\"]}]},{\"@type\":\"ImageObject\",\"inLanguage\":\"en-US\",\"@id\":\"https:\\\/\\\/www.la-roque-bandol.com\\\/en\\\/shop\\\/le-nez-du-vin\\\/#primaryimage\",\"url\":\"https:\\\/\\\/www.la-roque-bandol.com\\\/wp-content\\\/uploads\\\/2025\\\/12\\\/le-vin-du-nez-e1765978828353.png\",\"contentUrl\":\"https:\\\/\\\/www.la-roque-bandol.com\\\/wp-content\\\/uploads\\\/2025\\\/12\\\/le-vin-du-nez-e1765978828353.png\",\"width\":600,\"height\":366,\"caption\":\"Le vin du nez\"},{\"@type\":\"BreadcrumbList\",\"@id\":\"https:\\\/\\\/www.la-roque-bandol.com\\\/en\\\/shop\\\/le-nez-du-vin\\\/#breadcrumb\",\"itemListElement\":[{\"@type\":\"ListItem\",\"position\":1,\"name\":\"Accueil\",\"item\":\"https:\\\/\\\/www.la-roque-bandol.com\\\/en\\\/\"},{\"@type\":\"ListItem\",\"position\":2,\"name\":\"Shop\",\"item\":\"https:\\\/\\\/www.la-roque-bandol.com\\\/en\\\/shop\\\/\"},{\"@type\":\"ListItem\",\"position\":3,\"name\":\"Le Nez du Vin \u00ab\u00a0Rouge\u00a0\u00bb\"}]},{\"@type\":\"WebSite\",\"@id\":\"https:\\\/\\\/www.la-roque-bandol.com\\\/en\\\/#website\",\"url\":\"https:\\\/\\\/www.la-roque-bandol.com\\\/en\\\/\",\"name\":\"Moulin de la Roque\",\"description\":\"\",\"potentialAction\":[{\"@type\":\"SearchAction\",\"target\":{\"@type\":\"EntryPoint\",\"urlTemplate\":\"https:\\\/\\\/www.la-roque-bandol.com\\\/en\\\/?s={search_term_string}\"},\"query-input\":{\"@type\":\"PropertyValueSpecification\",\"valueRequired\":true,\"valueName\":\"search_term_string\"}}],\"inLanguage\":\"en-US\"}]}<\/script>\n<!-- \/ Yoast SEO plugin. -->","yoast_head_json":{"title":"Le Nez du Vin \"Rouge\"","description":"Le Nez du Vin \"Rouge\" initiation \u00e0 la d\u00e9gustation du vin rouge","robots":{"index":"index","follow":"follow","max-snippet":"max-snippet:-1","max-image-preview":"max-image-preview:large","max-video-preview":"max-video-preview:-1"},"canonical":"https:\/\/www.la-roque-bandol.com\/en\/shop\/le-nez-du-vin\/","og_locale":"en_US","og_type":"article","og_title":"Le Nez du Vin \"Rouge\"","og_description":"Le Nez du Vin \"Rouge\" initiation \u00e0 la d\u00e9gustation du vin rouge","og_url":"https:\/\/www.la-roque-bandol.com\/en\/shop\/le-nez-du-vin\/","og_site_name":"Moulin de la Roque","article_modified_time":"2025-12-18T09:08:51+00:00","og_image":[{"width":600,"height":366,"url":"https:\/\/www.la-roque-bandol.com\/wp-content\/uploads\/2025\/12\/le-vin-du-nez-e1765978828353.png","type":"image\/png"}],"twitter_card":"summary_large_image","twitter_misc":{"Est. reading time":"2 minutes"},"schema":{"@context":"https:\/\/schema.org","@graph":[{"@type":"WebPage","@id":"https:\/\/www.la-roque-bandol.com\/en\/shop\/le-nez-du-vin\/","url":"https:\/\/www.la-roque-bandol.com\/en\/shop\/le-nez-du-vin\/","name":"Le Nez du Vin \"Rouge\"","isPartOf":{"@id":"https:\/\/www.la-roque-bandol.com\/en\/#website"},"primaryImageOfPage":{"@id":"https:\/\/www.la-roque-bandol.com\/en\/shop\/le-nez-du-vin\/#primaryimage"},"image":{"@id":"https:\/\/www.la-roque-bandol.com\/en\/shop\/le-nez-du-vin\/#primaryimage"},"thumbnailUrl":"https:\/\/www.la-roque-bandol.com\/wp-content\/uploads\/2025\/12\/le-vin-du-nez-e1765978828353.png","datePublished":"2025-12-17T13:07:18+00:00","dateModified":"2025-12-18T09:08:51+00:00","description":"Le Nez du Vin \"Rouge\" initiation \u00e0 la d\u00e9gustation du vin rouge","breadcrumb":{"@id":"https:\/\/www.la-roque-bandol.com\/en\/shop\/le-nez-du-vin\/#breadcrumb"},"inLanguage":"en-US","potentialAction":[{"@type":"ReadAction","target":["https:\/\/www.la-roque-bandol.com\/en\/shop\/le-nez-du-vin\/"]}]},{"@type":"ImageObject","inLanguage":"en-US","@id":"https:\/\/www.la-roque-bandol.com\/en\/shop\/le-nez-du-vin\/#primaryimage","url":"https:\/\/www.la-roque-bandol.com\/wp-content\/uploads\/2025\/12\/le-vin-du-nez-e1765978828353.png","contentUrl":"https:\/\/www.la-roque-bandol.com\/wp-content\/uploads\/2025\/12\/le-vin-du-nez-e1765978828353.png","width":600,"height":366,"caption":"Le vin du nez"},{"@type":"BreadcrumbList","@id":"https:\/\/www.la-roque-bandol.com\/en\/shop\/le-nez-du-vin\/#breadcrumb","itemListElement":[{"@type":"ListItem","position":1,"name":"Accueil","item":"https:\/\/www.la-roque-bandol.com\/en\/"},{"@type":"ListItem","position":2,"name":"Shop","item":"https:\/\/www.la-roque-bandol.com\/en\/shop\/"},{"@type":"ListItem","position":3,"name":"Le Nez du Vin \u00ab\u00a0Rouge\u00a0\u00bb"}]},{"@type":"WebSite","@id":"https:\/\/www.la-roque-bandol.com\/en\/#website","url":"https:\/\/www.la-roque-bandol.com\/en\/","name":"Moulin de la Roque","description":"","potentialAction":[{"@type":"SearchAction","target":{"@type":"EntryPoint","urlTemplate":"https:\/\/www.la-roque-bandol.com\/en\/?s={search_term_string}"},"query-input":{"@type":"PropertyValueSpecification","valueRequired":true,"valueName":"search_term_string"}}],"inLanguage":"en-US"}]}},"_links":{"self":[{"href":"https:\/\/www.la-roque-bandol.com\/en\/wp-json\/wp\/v2\/product\/23749","targetHints":{"allow":["GET"]}}],"collection":[{"href":"https:\/\/www.la-roque-bandol.com\/en\/wp-json\/wp\/v2\/product"}],"about":[{"href":"https:\/\/www.la-roque-bandol.com\/en\/wp-json\/wp\/v2\/types\/product"}],"replies":[{"embeddable":true,"href":"https:\/\/www.la-roque-bandol.com\/en\/wp-json\/wp\/v2\/comments?post=23749"}],"wp:featuredmedia":[{"embeddable":true,"href":"https:\/\/www.la-roque-bandol.com\/en\/wp-json\/wp\/v2\/media\/23752"}],"wp:attachment":[{"href":"https:\/\/www.la-roque-bandol.com\/en\/wp-json\/wp\/v2\/media?parent=23749"}],"wp:term":[{"taxonomy":"product_brand","embeddable":true,"href":"https:\/\/www.la-roque-bandol.com\/en\/wp-json\/wp\/v2\/product_brand?post=23749"},{"taxonomy":"product_cat","embeddable":true,"href":"https:\/\/www.la-roque-bandol.com\/en\/wp-json\/wp\/v2\/product_cat?post=23749"},{"taxonomy":"product_tag","embeddable":true,"href":"https:\/\/www.la-roque-bandol.com\/en\/wp-json\/wp\/v2\/product_tag?post=23749"}],"curies":[{"name":"wp","href":"https:\/\/api.w.org\/{rel}","templated":true}]}}