{"id":23275,"date":"2025-09-29T15:05:03","date_gmt":"2025-09-29T13:05:03","guid":{"rendered":"https:\/\/www.la-roque-bandol.com\/?post_type=product&#038;p=23275"},"modified":"2025-10-16T15:11:46","modified_gmt":"2025-10-16T13:11:46","slug":"coffret-bandol-bio-cuvee-1950","status":"publish","type":"product","link":"https:\/\/www.la-roque-bandol.com\/en\/shop\/coffret-bandol-bio-cuvee-1950\/","title":{"rendered":"Coffret Bandol Bio &#8220;Cuv\u00e9e 1950&#8221;"},"content":{"rendered":"<p>CONTENU<\/p>\n<p>1 Bouteille de vin 75cl <a href=\"https:\/\/www.la-roque-bandol.com\/boutique\/cuvee-1950-rouge\/\">Rouge Bandol &#8220;Cuv\u00e9e 1950&#8221; mill\u00e9sime 2020<\/a><\/p>\n<p>1 Bouteille de vin 75cl <a href=\"https:\/\/www.la-roque-bandol.com\/boutique\/cuvee-1950-rose\/\">Ros\u00e9 Bandol &#8220;Cuv\u00e9e 1950&#8221; mill\u00e9sime 2024<\/a><\/p>\n<p>1 Coffret de pr\u00e9sentation en carton personnalis\u00e9 Moulin de la Roque<\/p>\n","protected":false},"excerpt":{"rendered":"<p><em>Coffret D\u00e9gustation Bandol &#8220;Cuv\u00e9e 1950&#8221; &#8211; 2 bouteilles<\/em><\/p>\n<p>En r\u00e9f\u00e9rence \u00e0 l&#8217;ann\u00e9e de cr\u00e9ation de la Cave, la Cuv\u00e9e bio 1950 symbolise l&#8217;engagement du Moulin de la Roque pour la nature et l&#8217;excellence de son savoir-faire.<\/p>\n<p><img decoding=\"async\" class=\"size-full wp-image-3316 alignleft\" src=\"https:\/\/www.la-roque-bandol.com\/wp-content\/uploads\/2021\/11\/bio.png\" alt=\"\" width=\"101\" height=\"51\" \/><\/p>\n","protected":false},"featured_media":23400,"comment_status":"open","ping_status":"closed","template":"","meta":{"_acf_changed":false},"product_brand":[619,620,622],"product_cat":[597],"product_tag":[],"class_list":{"0":"post-23275","1":"product","2":"type-product","3":"status-publish","4":"has-post-thumbnail","6":"product_brand-customer","7":"product_brand-customer_club","8":"product_brand-customer_pro","9":"product_cat-idees-cadeaux","11":"first","12":"instock","13":"taxable","14":"shipping-taxable","15":"purchasable","16":"product-type-simple","17":"add-to-wishlist-before_image"},"group_of_quantity":0,"min_quantity":0,"max_quantity":"","exclude_order_quantity_value_rules":"no","exclude_category_quantity_rules":"no","combine_variations":"no","acf":[],"yoast_head":"<!-- This site is optimized with the Yoast SEO plugin v27.3 - https:\/\/yoast.com\/product\/yoast-seo-wordpress\/ -->\n<title>Coffret Bandol Bio &quot;Cuv\u00e9e 1950&quot; - Vin -<\/title>\n<meta name=\"description\" content=\"Coffret Bandol Bio &quot;Cuv\u00e9e 1950&quot; est un vin issu de l&#039;. Achetez ce vin directement sur notre boutique en ligne. Livraison offerte d\u00e8s 200\u20ac d&#039;achats.\" \/>\n<meta name=\"robots\" content=\"index, follow, max-snippet:-1, max-image-preview:large, max-video-preview:-1\" \/>\n<link rel=\"canonical\" href=\"https:\/\/www.la-roque-bandol.com\/en\/shop\/coffret-bandol-bio-cuvee-1950\/\" \/>\n<meta property=\"og:locale\" content=\"en_US\" \/>\n<meta property=\"og:type\" content=\"article\" \/>\n<meta property=\"og:title\" content=\"Coffret Bandol Bio &quot;Cuv\u00e9e 1950&quot; - Vin -\" \/>\n<meta property=\"og:description\" content=\"Coffret Bandol Bio &quot;Cuv\u00e9e 1950&quot; est un vin issu de l&#039;. Achetez ce vin directement sur notre boutique en ligne. Livraison offerte d\u00e8s 200\u20ac d&#039;achats.\" \/>\n<meta property=\"og:url\" content=\"https:\/\/www.la-roque-bandol.com\/en\/shop\/coffret-bandol-bio-cuvee-1950\/\" \/>\n<meta property=\"og:site_name\" content=\"Moulin de la Roque\" \/>\n<meta property=\"article:modified_time\" content=\"2025-10-16T13:11:46+00:00\" \/>\n<meta property=\"og:image\" content=\"https:\/\/www.la-roque-bandol.com\/wp-content\/uploads\/2025\/09\/Coffret-1950-1-scaled-e1759733187682.jpg\" \/>\n\t<meta property=\"og:image:width\" content=\"400\" \/>\n\t<meta property=\"og:image:height\" content=\"661\" \/>\n\t<meta property=\"og:image:type\" content=\"image\/jpeg\" \/>\n<meta name=\"twitter:card\" content=\"summary_large_image\" \/>\n<meta name=\"twitter:label1\" content=\"Est. reading time\" \/>\n\t<meta name=\"twitter:data1\" content=\"1 minute\" \/>\n<script type=\"application\/ld+json\" class=\"yoast-schema-graph\">{\"@context\":\"https:\\\/\\\/schema.org\",\"@graph\":[{\"@type\":\"WebPage\",\"@id\":\"https:\\\/\\\/www.la-roque-bandol.com\\\/en\\\/shop\\\/coffret-bandol-bio-cuvee-1950\\\/\",\"url\":\"https:\\\/\\\/www.la-roque-bandol.com\\\/en\\\/shop\\\/coffret-bandol-bio-cuvee-1950\\\/\",\"name\":\"Coffret Bandol Bio \\\"Cuv\u00e9e 1950\\\" - Vin -\",\"isPartOf\":{\"@id\":\"https:\\\/\\\/www.la-roque-bandol.com\\\/en\\\/#website\"},\"primaryImageOfPage\":{\"@id\":\"https:\\\/\\\/www.la-roque-bandol.com\\\/en\\\/shop\\\/coffret-bandol-bio-cuvee-1950\\\/#primaryimage\"},\"image\":{\"@id\":\"https:\\\/\\\/www.la-roque-bandol.com\\\/en\\\/shop\\\/coffret-bandol-bio-cuvee-1950\\\/#primaryimage\"},\"thumbnailUrl\":\"https:\\\/\\\/www.la-roque-bandol.com\\\/wp-content\\\/uploads\\\/2025\\\/09\\\/Coffret-1950-1-scaled-e1759733187682.jpg\",\"datePublished\":\"2025-09-29T13:05:03+00:00\",\"dateModified\":\"2025-10-16T13:11:46+00:00\",\"description\":\"Coffret Bandol Bio \\\"Cuv\u00e9e 1950\\\" est un vin issu de l'. Achetez ce vin directement sur notre boutique en ligne. Livraison offerte d\u00e8s 200\u20ac d'achats.\",\"breadcrumb\":{\"@id\":\"https:\\\/\\\/www.la-roque-bandol.com\\\/en\\\/shop\\\/coffret-bandol-bio-cuvee-1950\\\/#breadcrumb\"},\"inLanguage\":\"en-US\",\"potentialAction\":[{\"@type\":\"ReadAction\",\"target\":[\"https:\\\/\\\/www.la-roque-bandol.com\\\/en\\\/shop\\\/coffret-bandol-bio-cuvee-1950\\\/\"]}]},{\"@type\":\"ImageObject\",\"inLanguage\":\"en-US\",\"@id\":\"https:\\\/\\\/www.la-roque-bandol.com\\\/en\\\/shop\\\/coffret-bandol-bio-cuvee-1950\\\/#primaryimage\",\"url\":\"https:\\\/\\\/www.la-roque-bandol.com\\\/wp-content\\\/uploads\\\/2025\\\/09\\\/Coffret-1950-1-scaled-e1759733187682.jpg\",\"contentUrl\":\"https:\\\/\\\/www.la-roque-bandol.com\\\/wp-content\\\/uploads\\\/2025\\\/09\\\/Coffret-1950-1-scaled-e1759733187682.jpg\",\"width\":400,\"height\":661,\"caption\":\"Coffret 1950\"},{\"@type\":\"BreadcrumbList\",\"@id\":\"https:\\\/\\\/www.la-roque-bandol.com\\\/en\\\/shop\\\/coffret-bandol-bio-cuvee-1950\\\/#breadcrumb\",\"itemListElement\":[{\"@type\":\"ListItem\",\"position\":1,\"name\":\"Accueil\",\"item\":\"https:\\\/\\\/www.la-roque-bandol.com\\\/en\\\/\"},{\"@type\":\"ListItem\",\"position\":2,\"name\":\"Shop\",\"item\":\"https:\\\/\\\/www.la-roque-bandol.com\\\/en\\\/shop\\\/\"},{\"@type\":\"ListItem\",\"position\":3,\"name\":\"Coffret Bandol Bio \u00ab\u00a0Cuv\u00e9e 1950\u00a0\u00bb\"}]},{\"@type\":\"WebSite\",\"@id\":\"https:\\\/\\\/www.la-roque-bandol.com\\\/en\\\/#website\",\"url\":\"https:\\\/\\\/www.la-roque-bandol.com\\\/en\\\/\",\"name\":\"Moulin de la Roque\",\"description\":\"\",\"potentialAction\":[{\"@type\":\"SearchAction\",\"target\":{\"@type\":\"EntryPoint\",\"urlTemplate\":\"https:\\\/\\\/www.la-roque-bandol.com\\\/en\\\/?s={search_term_string}\"},\"query-input\":{\"@type\":\"PropertyValueSpecification\",\"valueRequired\":true,\"valueName\":\"search_term_string\"}}],\"inLanguage\":\"en-US\"}]}<\/script>\n<!-- \/ Yoast SEO plugin. -->","yoast_head_json":{"title":"Coffret Bandol Bio \"Cuv\u00e9e 1950\" - Vin -","description":"Coffret Bandol Bio \"Cuv\u00e9e 1950\" est un vin issu de l'. Achetez ce vin directement sur notre boutique en ligne. Livraison offerte d\u00e8s 200\u20ac d'achats.","robots":{"index":"index","follow":"follow","max-snippet":"max-snippet:-1","max-image-preview":"max-image-preview:large","max-video-preview":"max-video-preview:-1"},"canonical":"https:\/\/www.la-roque-bandol.com\/en\/shop\/coffret-bandol-bio-cuvee-1950\/","og_locale":"en_US","og_type":"article","og_title":"Coffret Bandol Bio \"Cuv\u00e9e 1950\" - Vin -","og_description":"Coffret Bandol Bio \"Cuv\u00e9e 1950\" est un vin issu de l'. Achetez ce vin directement sur notre boutique en ligne. Livraison offerte d\u00e8s 200\u20ac d'achats.","og_url":"https:\/\/www.la-roque-bandol.com\/en\/shop\/coffret-bandol-bio-cuvee-1950\/","og_site_name":"Moulin de la Roque","article_modified_time":"2025-10-16T13:11:46+00:00","og_image":[{"width":400,"height":661,"url":"https:\/\/www.la-roque-bandol.com\/wp-content\/uploads\/2025\/09\/Coffret-1950-1-scaled-e1759733187682.jpg","type":"image\/jpeg"}],"twitter_card":"summary_large_image","twitter_misc":{"Est. reading time":"1 minute"},"schema":{"@context":"https:\/\/schema.org","@graph":[{"@type":"WebPage","@id":"https:\/\/www.la-roque-bandol.com\/en\/shop\/coffret-bandol-bio-cuvee-1950\/","url":"https:\/\/www.la-roque-bandol.com\/en\/shop\/coffret-bandol-bio-cuvee-1950\/","name":"Coffret Bandol Bio \"Cuv\u00e9e 1950\" - Vin -","isPartOf":{"@id":"https:\/\/www.la-roque-bandol.com\/en\/#website"},"primaryImageOfPage":{"@id":"https:\/\/www.la-roque-bandol.com\/en\/shop\/coffret-bandol-bio-cuvee-1950\/#primaryimage"},"image":{"@id":"https:\/\/www.la-roque-bandol.com\/en\/shop\/coffret-bandol-bio-cuvee-1950\/#primaryimage"},"thumbnailUrl":"https:\/\/www.la-roque-bandol.com\/wp-content\/uploads\/2025\/09\/Coffret-1950-1-scaled-e1759733187682.jpg","datePublished":"2025-09-29T13:05:03+00:00","dateModified":"2025-10-16T13:11:46+00:00","description":"Coffret Bandol Bio \"Cuv\u00e9e 1950\" est un vin issu de l'. Achetez ce vin directement sur notre boutique en ligne. Livraison offerte d\u00e8s 200\u20ac d'achats.","breadcrumb":{"@id":"https:\/\/www.la-roque-bandol.com\/en\/shop\/coffret-bandol-bio-cuvee-1950\/#breadcrumb"},"inLanguage":"en-US","potentialAction":[{"@type":"ReadAction","target":["https:\/\/www.la-roque-bandol.com\/en\/shop\/coffret-bandol-bio-cuvee-1950\/"]}]},{"@type":"ImageObject","inLanguage":"en-US","@id":"https:\/\/www.la-roque-bandol.com\/en\/shop\/coffret-bandol-bio-cuvee-1950\/#primaryimage","url":"https:\/\/www.la-roque-bandol.com\/wp-content\/uploads\/2025\/09\/Coffret-1950-1-scaled-e1759733187682.jpg","contentUrl":"https:\/\/www.la-roque-bandol.com\/wp-content\/uploads\/2025\/09\/Coffret-1950-1-scaled-e1759733187682.jpg","width":400,"height":661,"caption":"Coffret 1950"},{"@type":"BreadcrumbList","@id":"https:\/\/www.la-roque-bandol.com\/en\/shop\/coffret-bandol-bio-cuvee-1950\/#breadcrumb","itemListElement":[{"@type":"ListItem","position":1,"name":"Accueil","item":"https:\/\/www.la-roque-bandol.com\/en\/"},{"@type":"ListItem","position":2,"name":"Shop","item":"https:\/\/www.la-roque-bandol.com\/en\/shop\/"},{"@type":"ListItem","position":3,"name":"Coffret Bandol Bio \u00ab\u00a0Cuv\u00e9e 1950\u00a0\u00bb"}]},{"@type":"WebSite","@id":"https:\/\/www.la-roque-bandol.com\/en\/#website","url":"https:\/\/www.la-roque-bandol.com\/en\/","name":"Moulin de la Roque","description":"","potentialAction":[{"@type":"SearchAction","target":{"@type":"EntryPoint","urlTemplate":"https:\/\/www.la-roque-bandol.com\/en\/?s={search_term_string}"},"query-input":{"@type":"PropertyValueSpecification","valueRequired":true,"valueName":"search_term_string"}}],"inLanguage":"en-US"}]}},"_links":{"self":[{"href":"https:\/\/www.la-roque-bandol.com\/en\/wp-json\/wp\/v2\/product\/23275","targetHints":{"allow":["GET"]}}],"collection":[{"href":"https:\/\/www.la-roque-bandol.com\/en\/wp-json\/wp\/v2\/product"}],"about":[{"href":"https:\/\/www.la-roque-bandol.com\/en\/wp-json\/wp\/v2\/types\/product"}],"replies":[{"embeddable":true,"href":"https:\/\/www.la-roque-bandol.com\/en\/wp-json\/wp\/v2\/comments?post=23275"}],"wp:featuredmedia":[{"embeddable":true,"href":"https:\/\/www.la-roque-bandol.com\/en\/wp-json\/wp\/v2\/media\/23400"}],"wp:attachment":[{"href":"https:\/\/www.la-roque-bandol.com\/en\/wp-json\/wp\/v2\/media?parent=23275"}],"wp:term":[{"taxonomy":"product_brand","embeddable":true,"href":"https:\/\/www.la-roque-bandol.com\/en\/wp-json\/wp\/v2\/product_brand?post=23275"},{"taxonomy":"product_cat","embeddable":true,"href":"https:\/\/www.la-roque-bandol.com\/en\/wp-json\/wp\/v2\/product_cat?post=23275"},{"taxonomy":"product_tag","embeddable":true,"href":"https:\/\/www.la-roque-bandol.com\/en\/wp-json\/wp\/v2\/product_tag?post=23275"}],"curies":[{"name":"wp","href":"https:\/\/api.w.org\/{rel}","templated":true}]}}