{"id":23161,"date":"2025-09-26T11:34:52","date_gmt":"2025-09-26T09:34:52","guid":{"rendered":"https:\/\/www.la-roque-bandol.com\/?post_type=product&#038;p=23161"},"modified":"2025-09-30T08:53:24","modified_gmt":"2025-09-30T06:53:24","slug":"coffret-gourmand-igp-mediterranee","status":"publish","type":"product","link":"https:\/\/www.la-roque-bandol.com\/en\/shop\/coffret-gourmand-igp-mediterranee\/","title":{"rendered":"Coffret Gourmand IGP M\u00e9diterran\u00e9e"},"content":{"rendered":"<p>CONTENU<\/p>\n<p>1 Bouteille de vin 75cl <a href=\"https:\/\/www.la-roque-bandol.com\/boutique\/roque-nrolle-igp-mediterranee\/\">IGP M\u00e9diterran\u00e9e Roque N&#8217;Rolle Blanc<\/a><\/p>\n<p>1 Bouteille de vin 75cl <a href=\"https:\/\/www.la-roque-bandol.com\/boutique\/roque-nred-igp-mediterranee\/\">IGP M\u00e9diterran\u00e9e Roque N&#8217;Red Rouge<\/a><\/p>\n<p>1 <a href=\"https:\/\/www.la-roque-bandol.com\/boutique\/aioli-provencal-90g\/\">A\u00efoli Proven\u00e7al<\/a> 90g<\/p>\n<p>1 <a href=\"https:\/\/www.la-roque-bandol.com\/boutique\/croustets-d-apero\/\">Sachet Croustet<\/a> 150g<\/p>\n<p>1 Coffret de pr\u00e9sentation en carton personnalis\u00e9 Moulin de la Roque<\/p>\n<p>&nbsp;<\/p>\n<p><em>La frisure de d\u00e9coration peut changer (couleur, mati\u00e8re) en fonction de la disponibilit\u00e9<\/em><\/p>\n","protected":false},"excerpt":{"rendered":"<p><em>Coffret Gourmand 2 Bouteilles IGP M\u00e9dit\u00e9rran\u00e9e<\/em><\/p>\n","protected":false},"featured_media":23220,"comment_status":"closed","ping_status":"closed","template":"","meta":{"_acf_changed":false},"product_brand":[619,620,622],"product_cat":[597],"product_tag":[],"class_list":{"0":"post-23161","1":"product","2":"type-product","3":"status-publish","4":"has-post-thumbnail","6":"product_brand-customer","7":"product_brand-customer_club","8":"product_brand-customer_pro","9":"product_cat-idees-cadeaux","11":"first","12":"instock","13":"taxable","14":"shipping-taxable","15":"purchasable","16":"product-type-simple","17":"add-to-wishlist-before_image"},"group_of_quantity":0,"min_quantity":0,"max_quantity":"","exclude_order_quantity_value_rules":"no","exclude_category_quantity_rules":"no","combine_variations":"no","acf":[],"yoast_head":"<!-- This site is optimized with the Yoast SEO plugin v27.3 - https:\/\/yoast.com\/product\/yoast-seo-wordpress\/ -->\n<title>Coffret Gourmand IGP M\u00e9diterran\u00e9e - Vin -<\/title>\n<meta name=\"description\" content=\"Coffret Gourmand IGP M\u00e9diterran\u00e9e est un vin issu de l&#039;. Achetez ce vin directement sur notre boutique en ligne. Livraison offerte d\u00e8s 200\u20ac d&#039;achats.\" \/>\n<meta name=\"robots\" content=\"index, follow, max-snippet:-1, max-image-preview:large, max-video-preview:-1\" \/>\n<link rel=\"canonical\" href=\"https:\/\/www.la-roque-bandol.com\/en\/shop\/coffret-gourmand-igp-mediterranee\/\" \/>\n<meta property=\"og:locale\" content=\"en_US\" \/>\n<meta property=\"og:type\" content=\"article\" \/>\n<meta property=\"og:title\" content=\"Coffret Gourmand IGP M\u00e9diterran\u00e9e - Vin -\" \/>\n<meta property=\"og:description\" content=\"Coffret Gourmand IGP M\u00e9diterran\u00e9e est un vin issu de l&#039;. Achetez ce vin directement sur notre boutique en ligne. Livraison offerte d\u00e8s 200\u20ac d&#039;achats.\" \/>\n<meta property=\"og:url\" content=\"https:\/\/www.la-roque-bandol.com\/en\/shop\/coffret-gourmand-igp-mediterranee\/\" \/>\n<meta property=\"og:site_name\" content=\"Moulin de la Roque\" \/>\n<meta property=\"article:modified_time\" content=\"2025-09-30T06:53:24+00:00\" \/>\n<meta property=\"og:image\" content=\"https:\/\/www.la-roque-bandol.com\/wp-content\/uploads\/2025\/09\/Coffret-IGP-2B-scaled-e1758878783524.jpg\" \/>\n\t<meta property=\"og:image:width\" content=\"400\" \/>\n\t<meta property=\"og:image:height\" content=\"533\" \/>\n\t<meta property=\"og:image:type\" content=\"image\/jpeg\" \/>\n<meta name=\"twitter:card\" content=\"summary_large_image\" \/>\n<meta name=\"twitter:label1\" content=\"Est. reading time\" \/>\n\t<meta name=\"twitter:data1\" content=\"1 minute\" \/>\n<script type=\"application\/ld+json\" class=\"yoast-schema-graph\">{\"@context\":\"https:\\\/\\\/schema.org\",\"@graph\":[{\"@type\":\"WebPage\",\"@id\":\"https:\\\/\\\/www.la-roque-bandol.com\\\/en\\\/shop\\\/coffret-gourmand-igp-mediterranee\\\/\",\"url\":\"https:\\\/\\\/www.la-roque-bandol.com\\\/en\\\/shop\\\/coffret-gourmand-igp-mediterranee\\\/\",\"name\":\"Coffret Gourmand IGP M\u00e9diterran\u00e9e - Vin -\",\"isPartOf\":{\"@id\":\"https:\\\/\\\/www.la-roque-bandol.com\\\/en\\\/#website\"},\"primaryImageOfPage\":{\"@id\":\"https:\\\/\\\/www.la-roque-bandol.com\\\/en\\\/shop\\\/coffret-gourmand-igp-mediterranee\\\/#primaryimage\"},\"image\":{\"@id\":\"https:\\\/\\\/www.la-roque-bandol.com\\\/en\\\/shop\\\/coffret-gourmand-igp-mediterranee\\\/#primaryimage\"},\"thumbnailUrl\":\"https:\\\/\\\/www.la-roque-bandol.com\\\/wp-content\\\/uploads\\\/2025\\\/09\\\/Coffret-IGP-2B-scaled-e1758878783524.jpg\",\"datePublished\":\"2025-09-26T09:34:52+00:00\",\"dateModified\":\"2025-09-30T06:53:24+00:00\",\"description\":\"Coffret Gourmand IGP M\u00e9diterran\u00e9e est un vin issu de l'. Achetez ce vin directement sur notre boutique en ligne. Livraison offerte d\u00e8s 200\u20ac d'achats.\",\"breadcrumb\":{\"@id\":\"https:\\\/\\\/www.la-roque-bandol.com\\\/en\\\/shop\\\/coffret-gourmand-igp-mediterranee\\\/#breadcrumb\"},\"inLanguage\":\"en-US\",\"potentialAction\":[{\"@type\":\"ReadAction\",\"target\":[\"https:\\\/\\\/www.la-roque-bandol.com\\\/en\\\/shop\\\/coffret-gourmand-igp-mediterranee\\\/\"]}]},{\"@type\":\"ImageObject\",\"inLanguage\":\"en-US\",\"@id\":\"https:\\\/\\\/www.la-roque-bandol.com\\\/en\\\/shop\\\/coffret-gourmand-igp-mediterranee\\\/#primaryimage\",\"url\":\"https:\\\/\\\/www.la-roque-bandol.com\\\/wp-content\\\/uploads\\\/2025\\\/09\\\/Coffret-IGP-2B-scaled-e1758878783524.jpg\",\"contentUrl\":\"https:\\\/\\\/www.la-roque-bandol.com\\\/wp-content\\\/uploads\\\/2025\\\/09\\\/Coffret-IGP-2B-scaled-e1758878783524.jpg\",\"width\":400,\"height\":533,\"caption\":\"Coffret IGP 2B\"},{\"@type\":\"BreadcrumbList\",\"@id\":\"https:\\\/\\\/www.la-roque-bandol.com\\\/en\\\/shop\\\/coffret-gourmand-igp-mediterranee\\\/#breadcrumb\",\"itemListElement\":[{\"@type\":\"ListItem\",\"position\":1,\"name\":\"Accueil\",\"item\":\"https:\\\/\\\/www.la-roque-bandol.com\\\/en\\\/\"},{\"@type\":\"ListItem\",\"position\":2,\"name\":\"Shop\",\"item\":\"https:\\\/\\\/www.la-roque-bandol.com\\\/en\\\/shop\\\/\"},{\"@type\":\"ListItem\",\"position\":3,\"name\":\"Coffret Gourmand IGP M\u00e9diterran\u00e9e\"}]},{\"@type\":\"WebSite\",\"@id\":\"https:\\\/\\\/www.la-roque-bandol.com\\\/en\\\/#website\",\"url\":\"https:\\\/\\\/www.la-roque-bandol.com\\\/en\\\/\",\"name\":\"Moulin de la Roque\",\"description\":\"\",\"potentialAction\":[{\"@type\":\"SearchAction\",\"target\":{\"@type\":\"EntryPoint\",\"urlTemplate\":\"https:\\\/\\\/www.la-roque-bandol.com\\\/en\\\/?s={search_term_string}\"},\"query-input\":{\"@type\":\"PropertyValueSpecification\",\"valueRequired\":true,\"valueName\":\"search_term_string\"}}],\"inLanguage\":\"en-US\"}]}<\/script>\n<!-- \/ Yoast SEO plugin. -->","yoast_head_json":{"title":"Coffret Gourmand IGP M\u00e9diterran\u00e9e - Vin -","description":"Coffret Gourmand IGP M\u00e9diterran\u00e9e est un vin issu de l'. Achetez ce vin directement sur notre boutique en ligne. Livraison offerte d\u00e8s 200\u20ac d'achats.","robots":{"index":"index","follow":"follow","max-snippet":"max-snippet:-1","max-image-preview":"max-image-preview:large","max-video-preview":"max-video-preview:-1"},"canonical":"https:\/\/www.la-roque-bandol.com\/en\/shop\/coffret-gourmand-igp-mediterranee\/","og_locale":"en_US","og_type":"article","og_title":"Coffret Gourmand IGP M\u00e9diterran\u00e9e - Vin -","og_description":"Coffret Gourmand IGP M\u00e9diterran\u00e9e est un vin issu de l'. Achetez ce vin directement sur notre boutique en ligne. Livraison offerte d\u00e8s 200\u20ac d'achats.","og_url":"https:\/\/www.la-roque-bandol.com\/en\/shop\/coffret-gourmand-igp-mediterranee\/","og_site_name":"Moulin de la Roque","article_modified_time":"2025-09-30T06:53:24+00:00","og_image":[{"width":400,"height":533,"url":"https:\/\/www.la-roque-bandol.com\/wp-content\/uploads\/2025\/09\/Coffret-IGP-2B-scaled-e1758878783524.jpg","type":"image\/jpeg"}],"twitter_card":"summary_large_image","twitter_misc":{"Est. reading time":"1 minute"},"schema":{"@context":"https:\/\/schema.org","@graph":[{"@type":"WebPage","@id":"https:\/\/www.la-roque-bandol.com\/en\/shop\/coffret-gourmand-igp-mediterranee\/","url":"https:\/\/www.la-roque-bandol.com\/en\/shop\/coffret-gourmand-igp-mediterranee\/","name":"Coffret Gourmand IGP M\u00e9diterran\u00e9e - Vin -","isPartOf":{"@id":"https:\/\/www.la-roque-bandol.com\/en\/#website"},"primaryImageOfPage":{"@id":"https:\/\/www.la-roque-bandol.com\/en\/shop\/coffret-gourmand-igp-mediterranee\/#primaryimage"},"image":{"@id":"https:\/\/www.la-roque-bandol.com\/en\/shop\/coffret-gourmand-igp-mediterranee\/#primaryimage"},"thumbnailUrl":"https:\/\/www.la-roque-bandol.com\/wp-content\/uploads\/2025\/09\/Coffret-IGP-2B-scaled-e1758878783524.jpg","datePublished":"2025-09-26T09:34:52+00:00","dateModified":"2025-09-30T06:53:24+00:00","description":"Coffret Gourmand IGP M\u00e9diterran\u00e9e est un vin issu de l'. Achetez ce vin directement sur notre boutique en ligne. Livraison offerte d\u00e8s 200\u20ac d'achats.","breadcrumb":{"@id":"https:\/\/www.la-roque-bandol.com\/en\/shop\/coffret-gourmand-igp-mediterranee\/#breadcrumb"},"inLanguage":"en-US","potentialAction":[{"@type":"ReadAction","target":["https:\/\/www.la-roque-bandol.com\/en\/shop\/coffret-gourmand-igp-mediterranee\/"]}]},{"@type":"ImageObject","inLanguage":"en-US","@id":"https:\/\/www.la-roque-bandol.com\/en\/shop\/coffret-gourmand-igp-mediterranee\/#primaryimage","url":"https:\/\/www.la-roque-bandol.com\/wp-content\/uploads\/2025\/09\/Coffret-IGP-2B-scaled-e1758878783524.jpg","contentUrl":"https:\/\/www.la-roque-bandol.com\/wp-content\/uploads\/2025\/09\/Coffret-IGP-2B-scaled-e1758878783524.jpg","width":400,"height":533,"caption":"Coffret IGP 2B"},{"@type":"BreadcrumbList","@id":"https:\/\/www.la-roque-bandol.com\/en\/shop\/coffret-gourmand-igp-mediterranee\/#breadcrumb","itemListElement":[{"@type":"ListItem","position":1,"name":"Accueil","item":"https:\/\/www.la-roque-bandol.com\/en\/"},{"@type":"ListItem","position":2,"name":"Shop","item":"https:\/\/www.la-roque-bandol.com\/en\/shop\/"},{"@type":"ListItem","position":3,"name":"Coffret Gourmand IGP M\u00e9diterran\u00e9e"}]},{"@type":"WebSite","@id":"https:\/\/www.la-roque-bandol.com\/en\/#website","url":"https:\/\/www.la-roque-bandol.com\/en\/","name":"Moulin de la Roque","description":"","potentialAction":[{"@type":"SearchAction","target":{"@type":"EntryPoint","urlTemplate":"https:\/\/www.la-roque-bandol.com\/en\/?s={search_term_string}"},"query-input":{"@type":"PropertyValueSpecification","valueRequired":true,"valueName":"search_term_string"}}],"inLanguage":"en-US"}]}},"_links":{"self":[{"href":"https:\/\/www.la-roque-bandol.com\/en\/wp-json\/wp\/v2\/product\/23161","targetHints":{"allow":["GET"]}}],"collection":[{"href":"https:\/\/www.la-roque-bandol.com\/en\/wp-json\/wp\/v2\/product"}],"about":[{"href":"https:\/\/www.la-roque-bandol.com\/en\/wp-json\/wp\/v2\/types\/product"}],"replies":[{"embeddable":true,"href":"https:\/\/www.la-roque-bandol.com\/en\/wp-json\/wp\/v2\/comments?post=23161"}],"wp:featuredmedia":[{"embeddable":true,"href":"https:\/\/www.la-roque-bandol.com\/en\/wp-json\/wp\/v2\/media\/23220"}],"wp:attachment":[{"href":"https:\/\/www.la-roque-bandol.com\/en\/wp-json\/wp\/v2\/media?parent=23161"}],"wp:term":[{"taxonomy":"product_brand","embeddable":true,"href":"https:\/\/www.la-roque-bandol.com\/en\/wp-json\/wp\/v2\/product_brand?post=23161"},{"taxonomy":"product_cat","embeddable":true,"href":"https:\/\/www.la-roque-bandol.com\/en\/wp-json\/wp\/v2\/product_cat?post=23161"},{"taxonomy":"product_tag","embeddable":true,"href":"https:\/\/www.la-roque-bandol.com\/en\/wp-json\/wp\/v2\/product_tag?post=23161"}],"curies":[{"name":"wp","href":"https:\/\/api.w.org\/{rel}","templated":true}]}}