{"id":20751,"date":"2025-07-17T10:31:27","date_gmt":"2025-07-17T08:31:27","guid":{"rendered":"https:\/\/www.la-roque-bandol.com\/?post_type=product&#038;p=20751"},"modified":"2025-09-25T10:59:27","modified_gmt":"2025-09-25T08:59:27","slug":"vinaigre-vin-blanc-herbes-de-provence","status":"publish","type":"product","link":"https:\/\/www.la-roque-bandol.com\/en\/shop\/vinaigre-vin-blanc-herbes-de-provence\/","title":{"rendered":"Vinaigre de vin blanc aux Herbes de Provence"},"content":{"rendered":"<h2 data-start=\"460\" data-end=\"641\">Vinaigre de vin blanc aux Herbes de Provence &#8211; 20cl<\/h2>\n<p>Vinaigre de vin blanc aux herbes de Provence, parfait pour relever salades et marinades avec une touche fra\u00eeche et aromatique.<\/p>\n<p data-start=\"243\" data-end=\"345\">D\u00e9couvrez aussi notre<a href=\"https:\/\/www.la-roque-bandol.com\/?post_type=product&amp;p=20732&amp;preview=true\"><strong> vinaigre de cidre au miel<\/strong><\/a>, id\u00e9al pour apporter douceur et caract\u00e8re \u00e0 vos plats.<\/p>\n<p data-start=\"243\" data-end=\"345\">Contient des sulfites.<\/p>\n","protected":false},"excerpt":{"rendered":"<p>Ar\u00f4mes naturels<\/p>\n","protected":false},"featured_media":21085,"comment_status":"open","ping_status":"closed","template":"","meta":{"_acf_changed":false},"product_brand":[619,620,622],"product_cat":[596],"product_tag":[],"class_list":{"0":"post-20751","1":"product","2":"type-product","3":"status-publish","4":"has-post-thumbnail","6":"product_brand-customer","7":"product_brand-customer_club","8":"product_brand-customer_pro","9":"product_cat-epicerie","11":"first","12":"instock","13":"taxable","14":"shipping-taxable","15":"purchasable","16":"product-type-simple","17":"add-to-wishlist-before_image"},"group_of_quantity":0,"min_quantity":0,"max_quantity":"","exclude_order_quantity_value_rules":"no","exclude_category_quantity_rules":"no","combine_variations":"no","acf":[],"yoast_head":"<!-- This site is optimized with the Yoast SEO plugin v27.3 - https:\/\/yoast.com\/product\/yoast-seo-wordpress\/ -->\n<title>Vinaigre de vin blanc aux Herbes de Provence Moulin de la Roque<\/title>\n<meta name=\"description\" content=\"Vinaigre de vin blanc aux herbes de Provence, id\u00e9al pour assaisonner salades et marinades. Un go\u00fbt authentique du Sud. Contient des sulfites.\" \/>\n<meta name=\"robots\" content=\"index, follow, max-snippet:-1, max-image-preview:large, max-video-preview:-1\" \/>\n<link rel=\"canonical\" href=\"https:\/\/www.la-roque-bandol.com\/en\/shop\/vinaigre-vin-blanc-herbes-de-provence\/\" \/>\n<meta property=\"og:locale\" content=\"en_US\" \/>\n<meta property=\"og:type\" content=\"article\" \/>\n<meta property=\"og:title\" content=\"Vinaigre de vin blanc aux Herbes de Provence Moulin de la Roque\" \/>\n<meta property=\"og:description\" content=\"Vinaigre de vin blanc aux herbes de Provence, id\u00e9al pour assaisonner salades et marinades. Un go\u00fbt authentique du Sud. Contient des sulfites.\" \/>\n<meta property=\"og:url\" content=\"https:\/\/www.la-roque-bandol.com\/en\/shop\/vinaigre-vin-blanc-herbes-de-provence\/\" \/>\n<meta property=\"og:site_name\" content=\"Moulin de la Roque\" \/>\n<meta property=\"article:modified_time\" content=\"2025-09-25T08:59:27+00:00\" \/>\n<meta property=\"og:image\" content=\"https:\/\/www.la-roque-bandol.com\/wp-content\/uploads\/2025\/05\/image000081-scaled.jpeg\" \/>\n\t<meta property=\"og:image:width\" content=\"1440\" \/>\n\t<meta property=\"og:image:height\" content=\"2560\" \/>\n\t<meta property=\"og:image:type\" content=\"image\/jpeg\" \/>\n<meta name=\"twitter:card\" content=\"summary_large_image\" \/>\n<meta name=\"twitter:label1\" content=\"Est. reading time\" \/>\n\t<meta name=\"twitter:data1\" content=\"1 minute\" \/>\n<script type=\"application\/ld+json\" class=\"yoast-schema-graph\">{\"@context\":\"https:\\\/\\\/schema.org\",\"@graph\":[{\"@type\":\"WebPage\",\"@id\":\"https:\\\/\\\/www.la-roque-bandol.com\\\/en\\\/shop\\\/vinaigre-vin-blanc-herbes-de-provence\\\/\",\"url\":\"https:\\\/\\\/www.la-roque-bandol.com\\\/en\\\/shop\\\/vinaigre-vin-blanc-herbes-de-provence\\\/\",\"name\":\"Vinaigre de vin blanc aux Herbes de Provence Moulin de la Roque\",\"isPartOf\":{\"@id\":\"https:\\\/\\\/www.la-roque-bandol.com\\\/en\\\/#website\"},\"primaryImageOfPage\":{\"@id\":\"https:\\\/\\\/www.la-roque-bandol.com\\\/en\\\/shop\\\/vinaigre-vin-blanc-herbes-de-provence\\\/#primaryimage\"},\"image\":{\"@id\":\"https:\\\/\\\/www.la-roque-bandol.com\\\/en\\\/shop\\\/vinaigre-vin-blanc-herbes-de-provence\\\/#primaryimage\"},\"thumbnailUrl\":\"https:\\\/\\\/www.la-roque-bandol.com\\\/wp-content\\\/uploads\\\/2025\\\/05\\\/image000081-scaled.jpeg\",\"datePublished\":\"2025-07-17T08:31:27+00:00\",\"dateModified\":\"2025-09-25T08:59:27+00:00\",\"description\":\"Vinaigre de vin blanc aux herbes de Provence, id\u00e9al pour assaisonner salades et marinades. Un go\u00fbt authentique du Sud. Contient des sulfites.\",\"breadcrumb\":{\"@id\":\"https:\\\/\\\/www.la-roque-bandol.com\\\/en\\\/shop\\\/vinaigre-vin-blanc-herbes-de-provence\\\/#breadcrumb\"},\"inLanguage\":\"en-US\",\"potentialAction\":[{\"@type\":\"ReadAction\",\"target\":[\"https:\\\/\\\/www.la-roque-bandol.com\\\/en\\\/shop\\\/vinaigre-vin-blanc-herbes-de-provence\\\/\"]}]},{\"@type\":\"ImageObject\",\"inLanguage\":\"en-US\",\"@id\":\"https:\\\/\\\/www.la-roque-bandol.com\\\/en\\\/shop\\\/vinaigre-vin-blanc-herbes-de-provence\\\/#primaryimage\",\"url\":\"https:\\\/\\\/www.la-roque-bandol.com\\\/wp-content\\\/uploads\\\/2025\\\/05\\\/image000081-scaled.jpeg\",\"contentUrl\":\"https:\\\/\\\/www.la-roque-bandol.com\\\/wp-content\\\/uploads\\\/2025\\\/05\\\/image000081-scaled.jpeg\",\"width\":1440,\"height\":2560},{\"@type\":\"BreadcrumbList\",\"@id\":\"https:\\\/\\\/www.la-roque-bandol.com\\\/en\\\/shop\\\/vinaigre-vin-blanc-herbes-de-provence\\\/#breadcrumb\",\"itemListElement\":[{\"@type\":\"ListItem\",\"position\":1,\"name\":\"Accueil\",\"item\":\"https:\\\/\\\/www.la-roque-bandol.com\\\/en\\\/\"},{\"@type\":\"ListItem\",\"position\":2,\"name\":\"Shop\",\"item\":\"https:\\\/\\\/www.la-roque-bandol.com\\\/en\\\/shop\\\/\"},{\"@type\":\"ListItem\",\"position\":3,\"name\":\"Vinaigre de vin blanc aux Herbes de Provence\"}]},{\"@type\":\"WebSite\",\"@id\":\"https:\\\/\\\/www.la-roque-bandol.com\\\/en\\\/#website\",\"url\":\"https:\\\/\\\/www.la-roque-bandol.com\\\/en\\\/\",\"name\":\"Moulin de la Roque\",\"description\":\"\",\"potentialAction\":[{\"@type\":\"SearchAction\",\"target\":{\"@type\":\"EntryPoint\",\"urlTemplate\":\"https:\\\/\\\/www.la-roque-bandol.com\\\/en\\\/?s={search_term_string}\"},\"query-input\":{\"@type\":\"PropertyValueSpecification\",\"valueRequired\":true,\"valueName\":\"search_term_string\"}}],\"inLanguage\":\"en-US\"}]}<\/script>\n<!-- \/ Yoast SEO plugin. -->","yoast_head_json":{"title":"Vinaigre de vin blanc aux Herbes de Provence Moulin de la Roque","description":"Vinaigre de vin blanc aux herbes de Provence, id\u00e9al pour assaisonner salades et marinades. Un go\u00fbt authentique du Sud. Contient des sulfites.","robots":{"index":"index","follow":"follow","max-snippet":"max-snippet:-1","max-image-preview":"max-image-preview:large","max-video-preview":"max-video-preview:-1"},"canonical":"https:\/\/www.la-roque-bandol.com\/en\/shop\/vinaigre-vin-blanc-herbes-de-provence\/","og_locale":"en_US","og_type":"article","og_title":"Vinaigre de vin blanc aux Herbes de Provence Moulin de la Roque","og_description":"Vinaigre de vin blanc aux herbes de Provence, id\u00e9al pour assaisonner salades et marinades. Un go\u00fbt authentique du Sud. Contient des sulfites.","og_url":"https:\/\/www.la-roque-bandol.com\/en\/shop\/vinaigre-vin-blanc-herbes-de-provence\/","og_site_name":"Moulin de la Roque","article_modified_time":"2025-09-25T08:59:27+00:00","og_image":[{"width":1440,"height":2560,"url":"https:\/\/www.la-roque-bandol.com\/wp-content\/uploads\/2025\/05\/image000081-scaled.jpeg","type":"image\/jpeg"}],"twitter_card":"summary_large_image","twitter_misc":{"Est. reading time":"1 minute"},"schema":{"@context":"https:\/\/schema.org","@graph":[{"@type":"WebPage","@id":"https:\/\/www.la-roque-bandol.com\/en\/shop\/vinaigre-vin-blanc-herbes-de-provence\/","url":"https:\/\/www.la-roque-bandol.com\/en\/shop\/vinaigre-vin-blanc-herbes-de-provence\/","name":"Vinaigre de vin blanc aux Herbes de Provence Moulin de la Roque","isPartOf":{"@id":"https:\/\/www.la-roque-bandol.com\/en\/#website"},"primaryImageOfPage":{"@id":"https:\/\/www.la-roque-bandol.com\/en\/shop\/vinaigre-vin-blanc-herbes-de-provence\/#primaryimage"},"image":{"@id":"https:\/\/www.la-roque-bandol.com\/en\/shop\/vinaigre-vin-blanc-herbes-de-provence\/#primaryimage"},"thumbnailUrl":"https:\/\/www.la-roque-bandol.com\/wp-content\/uploads\/2025\/05\/image000081-scaled.jpeg","datePublished":"2025-07-17T08:31:27+00:00","dateModified":"2025-09-25T08:59:27+00:00","description":"Vinaigre de vin blanc aux herbes de Provence, id\u00e9al pour assaisonner salades et marinades. Un go\u00fbt authentique du Sud. Contient des sulfites.","breadcrumb":{"@id":"https:\/\/www.la-roque-bandol.com\/en\/shop\/vinaigre-vin-blanc-herbes-de-provence\/#breadcrumb"},"inLanguage":"en-US","potentialAction":[{"@type":"ReadAction","target":["https:\/\/www.la-roque-bandol.com\/en\/shop\/vinaigre-vin-blanc-herbes-de-provence\/"]}]},{"@type":"ImageObject","inLanguage":"en-US","@id":"https:\/\/www.la-roque-bandol.com\/en\/shop\/vinaigre-vin-blanc-herbes-de-provence\/#primaryimage","url":"https:\/\/www.la-roque-bandol.com\/wp-content\/uploads\/2025\/05\/image000081-scaled.jpeg","contentUrl":"https:\/\/www.la-roque-bandol.com\/wp-content\/uploads\/2025\/05\/image000081-scaled.jpeg","width":1440,"height":2560},{"@type":"BreadcrumbList","@id":"https:\/\/www.la-roque-bandol.com\/en\/shop\/vinaigre-vin-blanc-herbes-de-provence\/#breadcrumb","itemListElement":[{"@type":"ListItem","position":1,"name":"Accueil","item":"https:\/\/www.la-roque-bandol.com\/en\/"},{"@type":"ListItem","position":2,"name":"Shop","item":"https:\/\/www.la-roque-bandol.com\/en\/shop\/"},{"@type":"ListItem","position":3,"name":"Vinaigre de vin blanc aux Herbes de Provence"}]},{"@type":"WebSite","@id":"https:\/\/www.la-roque-bandol.com\/en\/#website","url":"https:\/\/www.la-roque-bandol.com\/en\/","name":"Moulin de la Roque","description":"","potentialAction":[{"@type":"SearchAction","target":{"@type":"EntryPoint","urlTemplate":"https:\/\/www.la-roque-bandol.com\/en\/?s={search_term_string}"},"query-input":{"@type":"PropertyValueSpecification","valueRequired":true,"valueName":"search_term_string"}}],"inLanguage":"en-US"}]}},"_links":{"self":[{"href":"https:\/\/www.la-roque-bandol.com\/en\/wp-json\/wp\/v2\/product\/20751","targetHints":{"allow":["GET"]}}],"collection":[{"href":"https:\/\/www.la-roque-bandol.com\/en\/wp-json\/wp\/v2\/product"}],"about":[{"href":"https:\/\/www.la-roque-bandol.com\/en\/wp-json\/wp\/v2\/types\/product"}],"replies":[{"embeddable":true,"href":"https:\/\/www.la-roque-bandol.com\/en\/wp-json\/wp\/v2\/comments?post=20751"}],"wp:featuredmedia":[{"embeddable":true,"href":"https:\/\/www.la-roque-bandol.com\/en\/wp-json\/wp\/v2\/media\/21085"}],"wp:attachment":[{"href":"https:\/\/www.la-roque-bandol.com\/en\/wp-json\/wp\/v2\/media?parent=20751"}],"wp:term":[{"taxonomy":"product_brand","embeddable":true,"href":"https:\/\/www.la-roque-bandol.com\/en\/wp-json\/wp\/v2\/product_brand?post=20751"},{"taxonomy":"product_cat","embeddable":true,"href":"https:\/\/www.la-roque-bandol.com\/en\/wp-json\/wp\/v2\/product_cat?post=20751"},{"taxonomy":"product_tag","embeddable":true,"href":"https:\/\/www.la-roque-bandol.com\/en\/wp-json\/wp\/v2\/product_tag?post=20751"}],"curies":[{"name":"wp","href":"https:\/\/api.w.org\/{rel}","templated":true}]}}