{"id":19882,"date":"2025-06-24T10:52:41","date_gmt":"2025-06-24T08:52:41","guid":{"rendered":"https:\/\/www.la-roque-bandol.com\/?post_type=product&#038;p=19882"},"modified":"2026-02-24T17:21:24","modified_gmt":"2026-02-24T16:21:24","slug":"location-salle-de-reunion","status":"publish","type":"product","link":"https:\/\/www.la-roque-bandol.com\/en\/shop\/location-salle-de-reunion\/","title":{"rendered":"Location Salle de R\u00e9union"},"content":{"rendered":"<p><strong>Privatisation de salle pour vos r\u00e9unions, s\u00e9minaires, r\u00e9ceptions&#8230;<\/strong><\/p>\n<p>Surface de 43m\u00b2<\/p>\n<p>20 Places assises autour de la table centrale (avec prises de courant)<\/p>\n<p>20 Places assises suppl\u00e9mentaires possibles\u00a0 de chaque c\u00f4t\u00e9 de la table<\/p>\n<p>Grand Ecran, R\u00e9troprojecteur, Acc\u00e8s internet, Paper Board, Climatisation<\/p>\n<p>&nbsp;<\/p>\n<p>Options\u00a0 :<\/p>\n<ul>\n<li>petit-d\u00e9jeuner : caf\u00e9, th\u00e9, viennoiseries, jus de fruits<\/li>\n<li>plateau : charcuterie, fromage, crudit\u00e9s<\/li>\n<li>plateau d\u00e9jeuner : sandwich, plats<\/li>\n<li>buffet froid<\/li>\n<\/ul>\n<p>&nbsp;<\/p>\n<p>Pour toute demande veuillez nous contacter en pr\u00e9cisant :<\/p>\n<ul>\n<li>le nombre de personnes<\/li>\n<li>le jour et horaires souhait\u00e9s<\/li>\n<li>les options souhait\u00e9es<\/li>\n<\/ul>\n<p>Un devis vous sera \u00e9tabli en fonction des possibilit\u00e9s de r\u00e9alisation.<\/p>\n<p>&nbsp;<\/p>\n<p><strong>Contactez nous au 04 94 90 10 39 ou par le <a href=\"https:\/\/www.la-roque-bandol.com\/nous-rendre-visite\/\" target=\"_blank\" rel=\"noopener\">Formulaire de contact<\/a><\/strong><\/p>\n","protected":false},"excerpt":{"rendered":"<p>Privatisation de salle pour vos r\u00e9unions, s\u00e9minaires, r\u00e9ceptions&#8230; Surface de 43m\u00b2 20 Places assises autour de la table centrale (avec prises de courant) 20 Places assises suppl\u00e9mentaires possibles\u00a0 de chaque c\u00f4t\u00e9 de la table Grand Ecran, R\u00e9troprojecteur, Acc\u00e8s internet, Paper Board, Climatisation &nbsp; Options\u00a0 : petit-d\u00e9jeuner : caf\u00e9, th\u00e9, viennoiseries, jus de fruits plateau :&hellip;<\/p>\n","protected":false},"featured_media":19883,"comment_status":"open","ping_status":"closed","template":"","meta":{"_acf_changed":false},"product_brand":[],"product_cat":[595],"product_tag":[],"class_list":{"0":"post-19882","1":"product","2":"type-product","3":"status-publish","4":"has-post-thumbnail","6":"product_cat-atelier-degustation","8":"first","9":"instock","10":"taxable","11":"shipping-taxable","12":"purchasable","13":"product-type-variable","14":"add-to-wishlist-before_image"},"group_of_quantity":0,"min_quantity":0,"max_quantity":"","exclude_order_quantity_value_rules":"no","exclude_category_quantity_rules":"no","combine_variations":"no","acf":[],"yoast_head":"<!-- This site is optimized with the Yoast SEO plugin v27.3 - https:\/\/yoast.com\/product\/yoast-seo-wordpress\/ -->\n<title>Location Salle de R\u00e9union - Vin -<\/title>\n<meta name=\"description\" content=\"Location Salle de R\u00e9union est un vin issu de l&#039;. Achetez ce vin directement sur notre boutique en ligne. Livraison offerte d\u00e8s 200\u20ac d&#039;achats.\" \/>\n<meta name=\"robots\" content=\"index, follow, max-snippet:-1, max-image-preview:large, max-video-preview:-1\" \/>\n<link rel=\"canonical\" href=\"https:\/\/www.la-roque-bandol.com\/en\/shop\/location-salle-de-reunion\/\" \/>\n<meta property=\"og:locale\" content=\"en_US\" \/>\n<meta property=\"og:type\" content=\"article\" \/>\n<meta property=\"og:title\" content=\"Location Salle de R\u00e9union - Vin -\" \/>\n<meta property=\"og:description\" content=\"Location Salle de R\u00e9union est un vin issu de l&#039;. Achetez ce vin directement sur notre boutique en ligne. Livraison offerte d\u00e8s 200\u20ac d&#039;achats.\" \/>\n<meta property=\"og:url\" content=\"https:\/\/www.la-roque-bandol.com\/en\/shop\/location-salle-de-reunion\/\" \/>\n<meta property=\"og:site_name\" content=\"Moulin de la Roque\" \/>\n<meta property=\"article:modified_time\" content=\"2026-02-24T16:21:24+00:00\" \/>\n<meta property=\"og:image\" content=\"https:\/\/www.la-roque-bandol.com\/wp-content\/uploads\/2025\/06\/Salle-de-reunion-scaled.jpg\" \/>\n\t<meta property=\"og:image:width\" content=\"1920\" \/>\n\t<meta property=\"og:image:height\" content=\"2560\" \/>\n\t<meta property=\"og:image:type\" content=\"image\/jpeg\" \/>\n<meta name=\"twitter:card\" content=\"summary_large_image\" \/>\n<meta name=\"twitter:label1\" content=\"Est. reading time\" \/>\n\t<meta name=\"twitter:data1\" content=\"1 minute\" \/>\n<script type=\"application\/ld+json\" class=\"yoast-schema-graph\">{\"@context\":\"https:\\\/\\\/schema.org\",\"@graph\":[{\"@type\":\"WebPage\",\"@id\":\"https:\\\/\\\/www.la-roque-bandol.com\\\/en\\\/shop\\\/location-salle-de-reunion\\\/\",\"url\":\"https:\\\/\\\/www.la-roque-bandol.com\\\/en\\\/shop\\\/location-salle-de-reunion\\\/\",\"name\":\"Location Salle de R\u00e9union - Vin -\",\"isPartOf\":{\"@id\":\"https:\\\/\\\/www.la-roque-bandol.com\\\/en\\\/#website\"},\"primaryImageOfPage\":{\"@id\":\"https:\\\/\\\/www.la-roque-bandol.com\\\/en\\\/shop\\\/location-salle-de-reunion\\\/#primaryimage\"},\"image\":{\"@id\":\"https:\\\/\\\/www.la-roque-bandol.com\\\/en\\\/shop\\\/location-salle-de-reunion\\\/#primaryimage\"},\"thumbnailUrl\":\"https:\\\/\\\/www.la-roque-bandol.com\\\/wp-content\\\/uploads\\\/2025\\\/06\\\/Salle-de-reunion-scaled.jpg\",\"datePublished\":\"2025-06-24T08:52:41+00:00\",\"dateModified\":\"2026-02-24T16:21:24+00:00\",\"description\":\"Location Salle de R\u00e9union est un vin issu de l'. Achetez ce vin directement sur notre boutique en ligne. Livraison offerte d\u00e8s 200\u20ac d'achats.\",\"breadcrumb\":{\"@id\":\"https:\\\/\\\/www.la-roque-bandol.com\\\/en\\\/shop\\\/location-salle-de-reunion\\\/#breadcrumb\"},\"inLanguage\":\"en-US\",\"potentialAction\":[{\"@type\":\"ReadAction\",\"target\":[\"https:\\\/\\\/www.la-roque-bandol.com\\\/en\\\/shop\\\/location-salle-de-reunion\\\/\"]}]},{\"@type\":\"ImageObject\",\"inLanguage\":\"en-US\",\"@id\":\"https:\\\/\\\/www.la-roque-bandol.com\\\/en\\\/shop\\\/location-salle-de-reunion\\\/#primaryimage\",\"url\":\"https:\\\/\\\/www.la-roque-bandol.com\\\/wp-content\\\/uploads\\\/2025\\\/06\\\/Salle-de-reunion-scaled.jpg\",\"contentUrl\":\"https:\\\/\\\/www.la-roque-bandol.com\\\/wp-content\\\/uploads\\\/2025\\\/06\\\/Salle-de-reunion-scaled.jpg\",\"width\":1920,\"height\":2560},{\"@type\":\"BreadcrumbList\",\"@id\":\"https:\\\/\\\/www.la-roque-bandol.com\\\/en\\\/shop\\\/location-salle-de-reunion\\\/#breadcrumb\",\"itemListElement\":[{\"@type\":\"ListItem\",\"position\":1,\"name\":\"Accueil\",\"item\":\"https:\\\/\\\/www.la-roque-bandol.com\\\/en\\\/\"},{\"@type\":\"ListItem\",\"position\":2,\"name\":\"Shop\",\"item\":\"https:\\\/\\\/www.la-roque-bandol.com\\\/en\\\/shop\\\/\"},{\"@type\":\"ListItem\",\"position\":3,\"name\":\"Location Salle de R\u00e9union\"}]},{\"@type\":\"WebSite\",\"@id\":\"https:\\\/\\\/www.la-roque-bandol.com\\\/en\\\/#website\",\"url\":\"https:\\\/\\\/www.la-roque-bandol.com\\\/en\\\/\",\"name\":\"Moulin de la Roque\",\"description\":\"\",\"potentialAction\":[{\"@type\":\"SearchAction\",\"target\":{\"@type\":\"EntryPoint\",\"urlTemplate\":\"https:\\\/\\\/www.la-roque-bandol.com\\\/en\\\/?s={search_term_string}\"},\"query-input\":{\"@type\":\"PropertyValueSpecification\",\"valueRequired\":true,\"valueName\":\"search_term_string\"}}],\"inLanguage\":\"en-US\"}]}<\/script>\n<!-- \/ Yoast SEO plugin. -->","yoast_head_json":{"title":"Location Salle de R\u00e9union - Vin -","description":"Location Salle de R\u00e9union est un vin issu de l'. Achetez ce vin directement sur notre boutique en ligne. Livraison offerte d\u00e8s 200\u20ac d'achats.","robots":{"index":"index","follow":"follow","max-snippet":"max-snippet:-1","max-image-preview":"max-image-preview:large","max-video-preview":"max-video-preview:-1"},"canonical":"https:\/\/www.la-roque-bandol.com\/en\/shop\/location-salle-de-reunion\/","og_locale":"en_US","og_type":"article","og_title":"Location Salle de R\u00e9union - Vin -","og_description":"Location Salle de R\u00e9union est un vin issu de l'. Achetez ce vin directement sur notre boutique en ligne. Livraison offerte d\u00e8s 200\u20ac d'achats.","og_url":"https:\/\/www.la-roque-bandol.com\/en\/shop\/location-salle-de-reunion\/","og_site_name":"Moulin de la Roque","article_modified_time":"2026-02-24T16:21:24+00:00","og_image":[{"width":1920,"height":2560,"url":"https:\/\/www.la-roque-bandol.com\/wp-content\/uploads\/2025\/06\/Salle-de-reunion-scaled.jpg","type":"image\/jpeg"}],"twitter_card":"summary_large_image","twitter_misc":{"Est. reading time":"1 minute"},"schema":{"@context":"https:\/\/schema.org","@graph":[{"@type":"WebPage","@id":"https:\/\/www.la-roque-bandol.com\/en\/shop\/location-salle-de-reunion\/","url":"https:\/\/www.la-roque-bandol.com\/en\/shop\/location-salle-de-reunion\/","name":"Location Salle de R\u00e9union - Vin -","isPartOf":{"@id":"https:\/\/www.la-roque-bandol.com\/en\/#website"},"primaryImageOfPage":{"@id":"https:\/\/www.la-roque-bandol.com\/en\/shop\/location-salle-de-reunion\/#primaryimage"},"image":{"@id":"https:\/\/www.la-roque-bandol.com\/en\/shop\/location-salle-de-reunion\/#primaryimage"},"thumbnailUrl":"https:\/\/www.la-roque-bandol.com\/wp-content\/uploads\/2025\/06\/Salle-de-reunion-scaled.jpg","datePublished":"2025-06-24T08:52:41+00:00","dateModified":"2026-02-24T16:21:24+00:00","description":"Location Salle de R\u00e9union est un vin issu de l'. Achetez ce vin directement sur notre boutique en ligne. Livraison offerte d\u00e8s 200\u20ac d'achats.","breadcrumb":{"@id":"https:\/\/www.la-roque-bandol.com\/en\/shop\/location-salle-de-reunion\/#breadcrumb"},"inLanguage":"en-US","potentialAction":[{"@type":"ReadAction","target":["https:\/\/www.la-roque-bandol.com\/en\/shop\/location-salle-de-reunion\/"]}]},{"@type":"ImageObject","inLanguage":"en-US","@id":"https:\/\/www.la-roque-bandol.com\/en\/shop\/location-salle-de-reunion\/#primaryimage","url":"https:\/\/www.la-roque-bandol.com\/wp-content\/uploads\/2025\/06\/Salle-de-reunion-scaled.jpg","contentUrl":"https:\/\/www.la-roque-bandol.com\/wp-content\/uploads\/2025\/06\/Salle-de-reunion-scaled.jpg","width":1920,"height":2560},{"@type":"BreadcrumbList","@id":"https:\/\/www.la-roque-bandol.com\/en\/shop\/location-salle-de-reunion\/#breadcrumb","itemListElement":[{"@type":"ListItem","position":1,"name":"Accueil","item":"https:\/\/www.la-roque-bandol.com\/en\/"},{"@type":"ListItem","position":2,"name":"Shop","item":"https:\/\/www.la-roque-bandol.com\/en\/shop\/"},{"@type":"ListItem","position":3,"name":"Location Salle de R\u00e9union"}]},{"@type":"WebSite","@id":"https:\/\/www.la-roque-bandol.com\/en\/#website","url":"https:\/\/www.la-roque-bandol.com\/en\/","name":"Moulin de la Roque","description":"","potentialAction":[{"@type":"SearchAction","target":{"@type":"EntryPoint","urlTemplate":"https:\/\/www.la-roque-bandol.com\/en\/?s={search_term_string}"},"query-input":{"@type":"PropertyValueSpecification","valueRequired":true,"valueName":"search_term_string"}}],"inLanguage":"en-US"}]}},"_links":{"self":[{"href":"https:\/\/www.la-roque-bandol.com\/en\/wp-json\/wp\/v2\/product\/19882","targetHints":{"allow":["GET"]}}],"collection":[{"href":"https:\/\/www.la-roque-bandol.com\/en\/wp-json\/wp\/v2\/product"}],"about":[{"href":"https:\/\/www.la-roque-bandol.com\/en\/wp-json\/wp\/v2\/types\/product"}],"replies":[{"embeddable":true,"href":"https:\/\/www.la-roque-bandol.com\/en\/wp-json\/wp\/v2\/comments?post=19882"}],"wp:featuredmedia":[{"embeddable":true,"href":"https:\/\/www.la-roque-bandol.com\/en\/wp-json\/wp\/v2\/media\/19883"}],"wp:attachment":[{"href":"https:\/\/www.la-roque-bandol.com\/en\/wp-json\/wp\/v2\/media?parent=19882"}],"wp:term":[{"taxonomy":"product_brand","embeddable":true,"href":"https:\/\/www.la-roque-bandol.com\/en\/wp-json\/wp\/v2\/product_brand?post=19882"},{"taxonomy":"product_cat","embeddable":true,"href":"https:\/\/www.la-roque-bandol.com\/en\/wp-json\/wp\/v2\/product_cat?post=19882"},{"taxonomy":"product_tag","embeddable":true,"href":"https:\/\/www.la-roque-bandol.com\/en\/wp-json\/wp\/v2\/product_tag?post=19882"}],"curies":[{"name":"wp","href":"https:\/\/api.w.org\/{rel}","templated":true}]}}