{"id":17986,"date":"2025-06-11T08:55:33","date_gmt":"2025-06-11T06:55:33","guid":{"rendered":"https:\/\/www.la-roque-bandol.com\/?post_type=product&#038;p=17986"},"modified":"2025-10-03T15:38:39","modified_gmt":"2025-10-03T13:38:39","slug":"bouchon-mousseux","status":"publish","type":"product","link":"https:\/\/www.la-roque-bandol.com\/en\/shop\/bouchon-mousseux\/","title":{"rendered":"Bouchon Mousseux"},"content":{"rendered":"<p>Grip, bouchon \u00e0 expansion pour champagnes et mousseux.<\/p>\n<p>Assure une \u00e9tanch\u00e9it\u00e9 impeccable pour retenir les pr\u00e9cieuses bulles le plus longtemps possible !<\/p>\n<p>Mati\u00e8re pvc couleur gris argent avec joint en silicone alimentaire.<\/p>\n","protected":false},"excerpt":{"rendered":"<p>Grip, bouchon \u00e0 expansion pour champagnes et mousseux. Assure une \u00e9tanch\u00e9it\u00e9 impeccable pour retenir les pr\u00e9cieuses bulles le plus longtemps possible ! Mati\u00e8re pvc couleur gris argent avec joint en silicone alimentaire.<\/p>\n","protected":false},"featured_media":23329,"comment_status":"open","ping_status":"closed","template":"","meta":{"_acf_changed":false},"product_brand":[619,620,622],"product_cat":[434],"product_tag":[],"class_list":{"0":"post-17986","1":"product","2":"type-product","3":"status-publish","4":"has-post-thumbnail","6":"product_brand-customer","7":"product_brand-customer_club","8":"product_brand-customer_pro","9":"product_cat-accessoires","11":"first","12":"instock","13":"taxable","14":"shipping-taxable","15":"purchasable","16":"product-type-simple","17":"add-to-wishlist-before_image"},"group_of_quantity":0,"min_quantity":0,"max_quantity":"","exclude_order_quantity_value_rules":"no","exclude_category_quantity_rules":"no","combine_variations":"no","acf":[],"yoast_head":"<!-- This site is optimized with the Yoast SEO plugin v27.3 - https:\/\/yoast.com\/product\/yoast-seo-wordpress\/ -->\n<title>Bouchon Mousseux<\/title>\n<meta name=\"description\" content=\"Bouchon Mousseux id\u00e9al pour conserver la fra\u00eecheur et les bulles de vos champagnes et vins effervescents apr\u00e8s ouverture.\" \/>\n<meta name=\"robots\" content=\"index, follow, max-snippet:-1, max-image-preview:large, max-video-preview:-1\" \/>\n<link rel=\"canonical\" href=\"https:\/\/www.la-roque-bandol.com\/en\/shop\/bouchon-mousseux\/\" \/>\n<meta property=\"og:locale\" content=\"en_US\" \/>\n<meta property=\"og:type\" content=\"article\" \/>\n<meta property=\"og:title\" content=\"Bouchon Mousseux\" \/>\n<meta property=\"og:description\" content=\"Bouchon Mousseux id\u00e9al pour conserver la fra\u00eecheur et les bulles de vos champagnes et vins effervescents apr\u00e8s ouverture.\" \/>\n<meta property=\"og:url\" content=\"https:\/\/www.la-roque-bandol.com\/en\/shop\/bouchon-mousseux\/\" \/>\n<meta property=\"og:site_name\" content=\"Moulin de la Roque\" \/>\n<meta property=\"article:modified_time\" content=\"2025-10-03T13:38:39+00:00\" \/>\n<meta property=\"og:image\" content=\"https:\/\/www.la-roque-bandol.com\/wp-content\/uploads\/2025\/06\/boite-bouchon-mousseux.png-b-e1759498627530.png\" \/>\n\t<meta property=\"og:image:width\" content=\"400\" \/>\n\t<meta property=\"og:image:height\" content=\"459\" \/>\n\t<meta property=\"og:image:type\" content=\"image\/png\" \/>\n<meta name=\"twitter:card\" content=\"summary_large_image\" \/>\n<meta name=\"twitter:label1\" content=\"Est. reading time\" \/>\n\t<meta name=\"twitter:data1\" content=\"1 minute\" \/>\n<script type=\"application\/ld+json\" class=\"yoast-schema-graph\">{\"@context\":\"https:\\\/\\\/schema.org\",\"@graph\":[{\"@type\":\"WebPage\",\"@id\":\"https:\\\/\\\/www.la-roque-bandol.com\\\/en\\\/shop\\\/bouchon-mousseux\\\/\",\"url\":\"https:\\\/\\\/www.la-roque-bandol.com\\\/en\\\/shop\\\/bouchon-mousseux\\\/\",\"name\":\"Bouchon Mousseux\",\"isPartOf\":{\"@id\":\"https:\\\/\\\/www.la-roque-bandol.com\\\/en\\\/#website\"},\"primaryImageOfPage\":{\"@id\":\"https:\\\/\\\/www.la-roque-bandol.com\\\/en\\\/shop\\\/bouchon-mousseux\\\/#primaryimage\"},\"image\":{\"@id\":\"https:\\\/\\\/www.la-roque-bandol.com\\\/en\\\/shop\\\/bouchon-mousseux\\\/#primaryimage\"},\"thumbnailUrl\":\"https:\\\/\\\/www.la-roque-bandol.com\\\/wp-content\\\/uploads\\\/2025\\\/06\\\/boite-bouchon-mousseux.png-b-e1759498627530.png\",\"datePublished\":\"2025-06-11T06:55:33+00:00\",\"dateModified\":\"2025-10-03T13:38:39+00:00\",\"description\":\"Bouchon Mousseux id\u00e9al pour conserver la fra\u00eecheur et les bulles de vos champagnes et vins effervescents apr\u00e8s ouverture.\",\"breadcrumb\":{\"@id\":\"https:\\\/\\\/www.la-roque-bandol.com\\\/en\\\/shop\\\/bouchon-mousseux\\\/#breadcrumb\"},\"inLanguage\":\"en-US\",\"potentialAction\":[{\"@type\":\"ReadAction\",\"target\":[\"https:\\\/\\\/www.la-roque-bandol.com\\\/en\\\/shop\\\/bouchon-mousseux\\\/\"]}]},{\"@type\":\"ImageObject\",\"inLanguage\":\"en-US\",\"@id\":\"https:\\\/\\\/www.la-roque-bandol.com\\\/en\\\/shop\\\/bouchon-mousseux\\\/#primaryimage\",\"url\":\"https:\\\/\\\/www.la-roque-bandol.com\\\/wp-content\\\/uploads\\\/2025\\\/06\\\/boite-bouchon-mousseux.png-b-e1759498627530.png\",\"contentUrl\":\"https:\\\/\\\/www.la-roque-bandol.com\\\/wp-content\\\/uploads\\\/2025\\\/06\\\/boite-bouchon-mousseux.png-b-e1759498627530.png\",\"width\":400,\"height\":459,\"caption\":\"Bo\u00eete bouchon mousseux.png b\"},{\"@type\":\"BreadcrumbList\",\"@id\":\"https:\\\/\\\/www.la-roque-bandol.com\\\/en\\\/shop\\\/bouchon-mousseux\\\/#breadcrumb\",\"itemListElement\":[{\"@type\":\"ListItem\",\"position\":1,\"name\":\"Accueil\",\"item\":\"https:\\\/\\\/www.la-roque-bandol.com\\\/en\\\/\"},{\"@type\":\"ListItem\",\"position\":2,\"name\":\"Shop\",\"item\":\"https:\\\/\\\/www.la-roque-bandol.com\\\/en\\\/shop\\\/\"},{\"@type\":\"ListItem\",\"position\":3,\"name\":\"Bouchon Mousseux\"}]},{\"@type\":\"WebSite\",\"@id\":\"https:\\\/\\\/www.la-roque-bandol.com\\\/en\\\/#website\",\"url\":\"https:\\\/\\\/www.la-roque-bandol.com\\\/en\\\/\",\"name\":\"Moulin de la Roque\",\"description\":\"\",\"potentialAction\":[{\"@type\":\"SearchAction\",\"target\":{\"@type\":\"EntryPoint\",\"urlTemplate\":\"https:\\\/\\\/www.la-roque-bandol.com\\\/en\\\/?s={search_term_string}\"},\"query-input\":{\"@type\":\"PropertyValueSpecification\",\"valueRequired\":true,\"valueName\":\"search_term_string\"}}],\"inLanguage\":\"en-US\"}]}<\/script>\n<!-- \/ Yoast SEO plugin. -->","yoast_head_json":{"title":"Bouchon Mousseux","description":"Bouchon Mousseux id\u00e9al pour conserver la fra\u00eecheur et les bulles de vos champagnes et vins effervescents apr\u00e8s ouverture.","robots":{"index":"index","follow":"follow","max-snippet":"max-snippet:-1","max-image-preview":"max-image-preview:large","max-video-preview":"max-video-preview:-1"},"canonical":"https:\/\/www.la-roque-bandol.com\/en\/shop\/bouchon-mousseux\/","og_locale":"en_US","og_type":"article","og_title":"Bouchon Mousseux","og_description":"Bouchon Mousseux id\u00e9al pour conserver la fra\u00eecheur et les bulles de vos champagnes et vins effervescents apr\u00e8s ouverture.","og_url":"https:\/\/www.la-roque-bandol.com\/en\/shop\/bouchon-mousseux\/","og_site_name":"Moulin de la Roque","article_modified_time":"2025-10-03T13:38:39+00:00","og_image":[{"width":400,"height":459,"url":"https:\/\/www.la-roque-bandol.com\/wp-content\/uploads\/2025\/06\/boite-bouchon-mousseux.png-b-e1759498627530.png","type":"image\/png"}],"twitter_card":"summary_large_image","twitter_misc":{"Est. reading time":"1 minute"},"schema":{"@context":"https:\/\/schema.org","@graph":[{"@type":"WebPage","@id":"https:\/\/www.la-roque-bandol.com\/en\/shop\/bouchon-mousseux\/","url":"https:\/\/www.la-roque-bandol.com\/en\/shop\/bouchon-mousseux\/","name":"Bouchon Mousseux","isPartOf":{"@id":"https:\/\/www.la-roque-bandol.com\/en\/#website"},"primaryImageOfPage":{"@id":"https:\/\/www.la-roque-bandol.com\/en\/shop\/bouchon-mousseux\/#primaryimage"},"image":{"@id":"https:\/\/www.la-roque-bandol.com\/en\/shop\/bouchon-mousseux\/#primaryimage"},"thumbnailUrl":"https:\/\/www.la-roque-bandol.com\/wp-content\/uploads\/2025\/06\/boite-bouchon-mousseux.png-b-e1759498627530.png","datePublished":"2025-06-11T06:55:33+00:00","dateModified":"2025-10-03T13:38:39+00:00","description":"Bouchon Mousseux id\u00e9al pour conserver la fra\u00eecheur et les bulles de vos champagnes et vins effervescents apr\u00e8s ouverture.","breadcrumb":{"@id":"https:\/\/www.la-roque-bandol.com\/en\/shop\/bouchon-mousseux\/#breadcrumb"},"inLanguage":"en-US","potentialAction":[{"@type":"ReadAction","target":["https:\/\/www.la-roque-bandol.com\/en\/shop\/bouchon-mousseux\/"]}]},{"@type":"ImageObject","inLanguage":"en-US","@id":"https:\/\/www.la-roque-bandol.com\/en\/shop\/bouchon-mousseux\/#primaryimage","url":"https:\/\/www.la-roque-bandol.com\/wp-content\/uploads\/2025\/06\/boite-bouchon-mousseux.png-b-e1759498627530.png","contentUrl":"https:\/\/www.la-roque-bandol.com\/wp-content\/uploads\/2025\/06\/boite-bouchon-mousseux.png-b-e1759498627530.png","width":400,"height":459,"caption":"Bo\u00eete bouchon mousseux.png b"},{"@type":"BreadcrumbList","@id":"https:\/\/www.la-roque-bandol.com\/en\/shop\/bouchon-mousseux\/#breadcrumb","itemListElement":[{"@type":"ListItem","position":1,"name":"Accueil","item":"https:\/\/www.la-roque-bandol.com\/en\/"},{"@type":"ListItem","position":2,"name":"Shop","item":"https:\/\/www.la-roque-bandol.com\/en\/shop\/"},{"@type":"ListItem","position":3,"name":"Bouchon Mousseux"}]},{"@type":"WebSite","@id":"https:\/\/www.la-roque-bandol.com\/en\/#website","url":"https:\/\/www.la-roque-bandol.com\/en\/","name":"Moulin de la Roque","description":"","potentialAction":[{"@type":"SearchAction","target":{"@type":"EntryPoint","urlTemplate":"https:\/\/www.la-roque-bandol.com\/en\/?s={search_term_string}"},"query-input":{"@type":"PropertyValueSpecification","valueRequired":true,"valueName":"search_term_string"}}],"inLanguage":"en-US"}]}},"_links":{"self":[{"href":"https:\/\/www.la-roque-bandol.com\/en\/wp-json\/wp\/v2\/product\/17986","targetHints":{"allow":["GET"]}}],"collection":[{"href":"https:\/\/www.la-roque-bandol.com\/en\/wp-json\/wp\/v2\/product"}],"about":[{"href":"https:\/\/www.la-roque-bandol.com\/en\/wp-json\/wp\/v2\/types\/product"}],"replies":[{"embeddable":true,"href":"https:\/\/www.la-roque-bandol.com\/en\/wp-json\/wp\/v2\/comments?post=17986"}],"wp:featuredmedia":[{"embeddable":true,"href":"https:\/\/www.la-roque-bandol.com\/en\/wp-json\/wp\/v2\/media\/23329"}],"wp:attachment":[{"href":"https:\/\/www.la-roque-bandol.com\/en\/wp-json\/wp\/v2\/media?parent=17986"}],"wp:term":[{"taxonomy":"product_brand","embeddable":true,"href":"https:\/\/www.la-roque-bandol.com\/en\/wp-json\/wp\/v2\/product_brand?post=17986"},{"taxonomy":"product_cat","embeddable":true,"href":"https:\/\/www.la-roque-bandol.com\/en\/wp-json\/wp\/v2\/product_cat?post=17986"},{"taxonomy":"product_tag","embeddable":true,"href":"https:\/\/www.la-roque-bandol.com\/en\/wp-json\/wp\/v2\/product_tag?post=17986"}],"curies":[{"name":"wp","href":"https:\/\/api.w.org\/{rel}","templated":true}]}}