{"id":17919,"date":"2025-06-10T10:08:31","date_gmt":"2025-06-10T08:08:31","guid":{"rendered":"https:\/\/www.la-roque-bandol.com\/?post_type=product&#038;p=17919"},"modified":"2025-09-03T10:35:03","modified_gmt":"2025-09-03T08:35:03","slug":"coffret-sommelier-bamboo-2-bouteille","status":"publish","type":"product","link":"https:\/\/www.la-roque-bandol.com\/en\/shop\/coffret-sommelier-bamboo-2-bouteille\/","title":{"rendered":"Coffret Sommelier Bamboo 2 bouteilles"},"content":{"rendered":"<p class=\"\" data-start=\"259\" data-end=\"515\">Ce coffret sommelier en bambou peut accueillir deux bouteilles. En plus d&#8217;\u00eatre complet, il est pratique solide et respectueux de l&#8217;environnement.<\/p>\n<p class=\"\" data-start=\"517\" data-end=\"805\">Design soign\u00e9 avec un couvercle \u00e0 charni\u00e8res et un int\u00e9rieur am\u00e9nag\u00e9 pour accueillir vos accessoires de d\u00e9gustation avec s\u00e9curit\u00e9 et style.<\/p>\n<p class=\"\" data-start=\"517\" data-end=\"805\">Sont inclus 5 accessoires : un sommelier tire-bouchon d\u00e9capsuleur avec syst\u00e8me double appui, un bec verseur a\u00e9rateur professionnel, une pompe \u00e0 vide d&#8217;air et deux bouchons<\/p>\n<p>Calages amovibles pour un maintien s\u00e9curis\u00e9 des bouteilles<strong><span style=\"font-size: 16px;\">\u00a0<\/span><\/strong><\/p>\n<p>Bouteilles non incluses<\/p>\n<h3>Caract\u00e9ristiques<\/h3>\n<ul>\n<li data-start=\"707\" data-end=\"759\"><strong data-start=\"707\" data-end=\"719\">Mat\u00e9riau<\/strong> : bois ou MDF finition bambou naturel<\/li>\n<li data-start=\"707\" data-end=\"759\"><strong data-start=\"762\" data-end=\"788\">Couvercle \u00e0 charni\u00e8res<\/strong> : ouverture facile et \u00e9l\u00e9gante<\/li>\n<li data-start=\"707\" data-end=\"759\"><strong data-start=\"824\" data-end=\"838\">Capacit\u00e9 : <\/strong>2 bouteilles de vin standard<\/li>\n<li data-start=\"707\" data-end=\"759\"><strong>Dimensions int\u00e9rieures<\/strong> : 18 x 9 x 34 cm<\/li>\n<li data-start=\"707\" data-end=\"759\"><strong>Accessoires inclus<\/strong> : Tire-bouchon d\u00e9capsuleur, bec verseur a\u00e9rateur, pompe \u00e0 vide d&#8217;air, 2 bouchons<\/li>\n<\/ul>\n","protected":false},"excerpt":{"rendered":"<p>Ce coffret sommelier en bambou peut accueillir deux bouteilles. En plus d&#8217;\u00eatre complet, il est pratique solide et respectueux de l&#8217;environnement. Design soign\u00e9 avec un couvercle \u00e0 charni\u00e8res et un int\u00e9rieur am\u00e9nag\u00e9 pour accueillir vos accessoires de d\u00e9gustation avec s\u00e9curit\u00e9 et style. Sont inclus 5 accessoires : un sommelier tire-bouchon d\u00e9capsuleur avec syst\u00e8me double appui,&hellip;<\/p>\n","protected":false},"featured_media":17952,"comment_status":"closed","ping_status":"closed","template":"","meta":{"_acf_changed":false},"product_brand":[619,620,621,622],"product_cat":[597],"product_tag":[],"class_list":{"0":"post-17919","1":"product","2":"type-product","3":"status-publish","4":"has-post-thumbnail","6":"product_brand-customer","7":"product_brand-customer_club","8":"product_brand-customer_grossiste","9":"product_brand-customer_pro","10":"product_cat-idees-cadeaux","12":"first","13":"instock","14":"taxable","15":"shipping-taxable","16":"purchasable","17":"product-type-simple","18":"add-to-wishlist-before_image"},"group_of_quantity":0,"min_quantity":0,"max_quantity":"","exclude_order_quantity_value_rules":"no","exclude_category_quantity_rules":"no","combine_variations":"no","acf":[],"yoast_head":"<!-- This site is optimized with the Yoast SEO plugin v27.3 - https:\/\/yoast.com\/product\/yoast-seo-wordpress\/ -->\n<title>Coffret Sommelier 2 bouteilles<\/title>\n<meta name=\"description\" content=\"Coffret sommelier en bois pour 2 bouteilles avec accessoires de d\u00e9gustation. \u00c9l\u00e9gant, pratique et id\u00e9al pour offrir ou sublimer vos moments vins.\" \/>\n<meta name=\"robots\" content=\"index, follow, max-snippet:-1, max-image-preview:large, max-video-preview:-1\" \/>\n<link rel=\"canonical\" href=\"https:\/\/www.la-roque-bandol.com\/en\/shop\/coffret-sommelier-bamboo-2-bouteille\/\" \/>\n<meta property=\"og:locale\" content=\"en_US\" \/>\n<meta property=\"og:type\" content=\"article\" \/>\n<meta property=\"og:title\" content=\"Coffret Sommelier 2 bouteilles\" \/>\n<meta property=\"og:description\" content=\"Coffret sommelier en bois pour 2 bouteilles avec accessoires de d\u00e9gustation. \u00c9l\u00e9gant, pratique et id\u00e9al pour offrir ou sublimer vos moments vins.\" \/>\n<meta property=\"og:url\" content=\"https:\/\/www.la-roque-bandol.com\/en\/shop\/coffret-sommelier-bamboo-2-bouteille\/\" \/>\n<meta property=\"og:site_name\" content=\"Moulin de la Roque\" \/>\n<meta property=\"article:modified_time\" content=\"2025-09-03T08:35:03+00:00\" \/>\n<meta property=\"og:image\" content=\"https:\/\/www.la-roque-bandol.com\/wp-content\/uploads\/2025\/05\/Coffret-bamboo-2-btl.webp\" \/>\n\t<meta property=\"og:image:width\" content=\"1600\" \/>\n\t<meta property=\"og:image:height\" content=\"1510\" \/>\n\t<meta property=\"og:image:type\" content=\"image\/webp\" \/>\n<meta name=\"twitter:card\" content=\"summary_large_image\" \/>\n<meta name=\"twitter:label1\" content=\"Est. reading time\" \/>\n\t<meta name=\"twitter:data1\" content=\"1 minute\" \/>\n<script type=\"application\/ld+json\" class=\"yoast-schema-graph\">{\"@context\":\"https:\\\/\\\/schema.org\",\"@graph\":[{\"@type\":\"WebPage\",\"@id\":\"https:\\\/\\\/www.la-roque-bandol.com\\\/en\\\/shop\\\/coffret-sommelier-bamboo-2-bouteille\\\/\",\"url\":\"https:\\\/\\\/www.la-roque-bandol.com\\\/en\\\/shop\\\/coffret-sommelier-bamboo-2-bouteille\\\/\",\"name\":\"Coffret Sommelier 2 bouteilles\",\"isPartOf\":{\"@id\":\"https:\\\/\\\/www.la-roque-bandol.com\\\/en\\\/#website\"},\"primaryImageOfPage\":{\"@id\":\"https:\\\/\\\/www.la-roque-bandol.com\\\/en\\\/shop\\\/coffret-sommelier-bamboo-2-bouteille\\\/#primaryimage\"},\"image\":{\"@id\":\"https:\\\/\\\/www.la-roque-bandol.com\\\/en\\\/shop\\\/coffret-sommelier-bamboo-2-bouteille\\\/#primaryimage\"},\"thumbnailUrl\":\"https:\\\/\\\/www.la-roque-bandol.com\\\/wp-content\\\/uploads\\\/2025\\\/05\\\/Coffret-bamboo-2-btl.webp\",\"datePublished\":\"2025-06-10T08:08:31+00:00\",\"dateModified\":\"2025-09-03T08:35:03+00:00\",\"description\":\"Coffret sommelier en bois pour 2 bouteilles avec accessoires de d\u00e9gustation. \u00c9l\u00e9gant, pratique et id\u00e9al pour offrir ou sublimer vos moments vins.\",\"breadcrumb\":{\"@id\":\"https:\\\/\\\/www.la-roque-bandol.com\\\/en\\\/shop\\\/coffret-sommelier-bamboo-2-bouteille\\\/#breadcrumb\"},\"inLanguage\":\"en-US\",\"potentialAction\":[{\"@type\":\"ReadAction\",\"target\":[\"https:\\\/\\\/www.la-roque-bandol.com\\\/en\\\/shop\\\/coffret-sommelier-bamboo-2-bouteille\\\/\"]}]},{\"@type\":\"ImageObject\",\"inLanguage\":\"en-US\",\"@id\":\"https:\\\/\\\/www.la-roque-bandol.com\\\/en\\\/shop\\\/coffret-sommelier-bamboo-2-bouteille\\\/#primaryimage\",\"url\":\"https:\\\/\\\/www.la-roque-bandol.com\\\/wp-content\\\/uploads\\\/2025\\\/05\\\/Coffret-bamboo-2-btl.webp\",\"contentUrl\":\"https:\\\/\\\/www.la-roque-bandol.com\\\/wp-content\\\/uploads\\\/2025\\\/05\\\/Coffret-bamboo-2-btl.webp\",\"width\":1600,\"height\":1510,\"caption\":\"Coffret Sommelier Bamboo 2 bouteilles\"},{\"@type\":\"BreadcrumbList\",\"@id\":\"https:\\\/\\\/www.la-roque-bandol.com\\\/en\\\/shop\\\/coffret-sommelier-bamboo-2-bouteille\\\/#breadcrumb\",\"itemListElement\":[{\"@type\":\"ListItem\",\"position\":1,\"name\":\"Accueil\",\"item\":\"https:\\\/\\\/www.la-roque-bandol.com\\\/en\\\/\"},{\"@type\":\"ListItem\",\"position\":2,\"name\":\"Shop\",\"item\":\"https:\\\/\\\/www.la-roque-bandol.com\\\/en\\\/shop\\\/\"},{\"@type\":\"ListItem\",\"position\":3,\"name\":\"Coffret Sommelier Bamboo 2 bouteilles\"}]},{\"@type\":\"WebSite\",\"@id\":\"https:\\\/\\\/www.la-roque-bandol.com\\\/en\\\/#website\",\"url\":\"https:\\\/\\\/www.la-roque-bandol.com\\\/en\\\/\",\"name\":\"Moulin de la Roque\",\"description\":\"\",\"potentialAction\":[{\"@type\":\"SearchAction\",\"target\":{\"@type\":\"EntryPoint\",\"urlTemplate\":\"https:\\\/\\\/www.la-roque-bandol.com\\\/en\\\/?s={search_term_string}\"},\"query-input\":{\"@type\":\"PropertyValueSpecification\",\"valueRequired\":true,\"valueName\":\"search_term_string\"}}],\"inLanguage\":\"en-US\"}]}<\/script>\n<!-- \/ Yoast SEO plugin. -->","yoast_head_json":{"title":"Coffret Sommelier 2 bouteilles","description":"Coffret sommelier en bois pour 2 bouteilles avec accessoires de d\u00e9gustation. \u00c9l\u00e9gant, pratique et id\u00e9al pour offrir ou sublimer vos moments vins.","robots":{"index":"index","follow":"follow","max-snippet":"max-snippet:-1","max-image-preview":"max-image-preview:large","max-video-preview":"max-video-preview:-1"},"canonical":"https:\/\/www.la-roque-bandol.com\/en\/shop\/coffret-sommelier-bamboo-2-bouteille\/","og_locale":"en_US","og_type":"article","og_title":"Coffret Sommelier 2 bouteilles","og_description":"Coffret sommelier en bois pour 2 bouteilles avec accessoires de d\u00e9gustation. \u00c9l\u00e9gant, pratique et id\u00e9al pour offrir ou sublimer vos moments vins.","og_url":"https:\/\/www.la-roque-bandol.com\/en\/shop\/coffret-sommelier-bamboo-2-bouteille\/","og_site_name":"Moulin de la Roque","article_modified_time":"2025-09-03T08:35:03+00:00","og_image":[{"width":1600,"height":1510,"url":"https:\/\/www.la-roque-bandol.com\/wp-content\/uploads\/2025\/05\/Coffret-bamboo-2-btl.webp","type":"image\/webp"}],"twitter_card":"summary_large_image","twitter_misc":{"Est. reading time":"1 minute"},"schema":{"@context":"https:\/\/schema.org","@graph":[{"@type":"WebPage","@id":"https:\/\/www.la-roque-bandol.com\/en\/shop\/coffret-sommelier-bamboo-2-bouteille\/","url":"https:\/\/www.la-roque-bandol.com\/en\/shop\/coffret-sommelier-bamboo-2-bouteille\/","name":"Coffret Sommelier 2 bouteilles","isPartOf":{"@id":"https:\/\/www.la-roque-bandol.com\/en\/#website"},"primaryImageOfPage":{"@id":"https:\/\/www.la-roque-bandol.com\/en\/shop\/coffret-sommelier-bamboo-2-bouteille\/#primaryimage"},"image":{"@id":"https:\/\/www.la-roque-bandol.com\/en\/shop\/coffret-sommelier-bamboo-2-bouteille\/#primaryimage"},"thumbnailUrl":"https:\/\/www.la-roque-bandol.com\/wp-content\/uploads\/2025\/05\/Coffret-bamboo-2-btl.webp","datePublished":"2025-06-10T08:08:31+00:00","dateModified":"2025-09-03T08:35:03+00:00","description":"Coffret sommelier en bois pour 2 bouteilles avec accessoires de d\u00e9gustation. \u00c9l\u00e9gant, pratique et id\u00e9al pour offrir ou sublimer vos moments vins.","breadcrumb":{"@id":"https:\/\/www.la-roque-bandol.com\/en\/shop\/coffret-sommelier-bamboo-2-bouteille\/#breadcrumb"},"inLanguage":"en-US","potentialAction":[{"@type":"ReadAction","target":["https:\/\/www.la-roque-bandol.com\/en\/shop\/coffret-sommelier-bamboo-2-bouteille\/"]}]},{"@type":"ImageObject","inLanguage":"en-US","@id":"https:\/\/www.la-roque-bandol.com\/en\/shop\/coffret-sommelier-bamboo-2-bouteille\/#primaryimage","url":"https:\/\/www.la-roque-bandol.com\/wp-content\/uploads\/2025\/05\/Coffret-bamboo-2-btl.webp","contentUrl":"https:\/\/www.la-roque-bandol.com\/wp-content\/uploads\/2025\/05\/Coffret-bamboo-2-btl.webp","width":1600,"height":1510,"caption":"Coffret Sommelier Bamboo 2 bouteilles"},{"@type":"BreadcrumbList","@id":"https:\/\/www.la-roque-bandol.com\/en\/shop\/coffret-sommelier-bamboo-2-bouteille\/#breadcrumb","itemListElement":[{"@type":"ListItem","position":1,"name":"Accueil","item":"https:\/\/www.la-roque-bandol.com\/en\/"},{"@type":"ListItem","position":2,"name":"Shop","item":"https:\/\/www.la-roque-bandol.com\/en\/shop\/"},{"@type":"ListItem","position":3,"name":"Coffret Sommelier Bamboo 2 bouteilles"}]},{"@type":"WebSite","@id":"https:\/\/www.la-roque-bandol.com\/en\/#website","url":"https:\/\/www.la-roque-bandol.com\/en\/","name":"Moulin de la Roque","description":"","potentialAction":[{"@type":"SearchAction","target":{"@type":"EntryPoint","urlTemplate":"https:\/\/www.la-roque-bandol.com\/en\/?s={search_term_string}"},"query-input":{"@type":"PropertyValueSpecification","valueRequired":true,"valueName":"search_term_string"}}],"inLanguage":"en-US"}]}},"_links":{"self":[{"href":"https:\/\/www.la-roque-bandol.com\/en\/wp-json\/wp\/v2\/product\/17919","targetHints":{"allow":["GET"]}}],"collection":[{"href":"https:\/\/www.la-roque-bandol.com\/en\/wp-json\/wp\/v2\/product"}],"about":[{"href":"https:\/\/www.la-roque-bandol.com\/en\/wp-json\/wp\/v2\/types\/product"}],"replies":[{"embeddable":true,"href":"https:\/\/www.la-roque-bandol.com\/en\/wp-json\/wp\/v2\/comments?post=17919"}],"wp:featuredmedia":[{"embeddable":true,"href":"https:\/\/www.la-roque-bandol.com\/en\/wp-json\/wp\/v2\/media\/17952"}],"wp:attachment":[{"href":"https:\/\/www.la-roque-bandol.com\/en\/wp-json\/wp\/v2\/media?parent=17919"}],"wp:term":[{"taxonomy":"product_brand","embeddable":true,"href":"https:\/\/www.la-roque-bandol.com\/en\/wp-json\/wp\/v2\/product_brand?post=17919"},{"taxonomy":"product_cat","embeddable":true,"href":"https:\/\/www.la-roque-bandol.com\/en\/wp-json\/wp\/v2\/product_cat?post=17919"},{"taxonomy":"product_tag","embeddable":true,"href":"https:\/\/www.la-roque-bandol.com\/en\/wp-json\/wp\/v2\/product_tag?post=17919"}],"curies":[{"name":"wp","href":"https:\/\/api.w.org\/{rel}","templated":true}]}}