{"id":17758,"date":"2025-05-30T15:27:20","date_gmt":"2025-05-30T13:27:20","guid":{"rendered":"https:\/\/www.la-roque-bandol.com\/?post_type=product&#038;p=17758"},"modified":"2026-03-05T16:12:47","modified_gmt":"2026-03-05T15:12:47","slug":"bag-in-box-5-litres","status":"publish","type":"product","link":"https:\/\/www.la-roque-bandol.com\/en\/shop\/bag-in-box-5-litres\/","title":{"rendered":"Bag In Box 5 litres"},"content":{"rendered":"<p>L\u2019AOC C\u00f4tes de Provence repr\u00e9sente pour le Moulin de la Roque une part quasi confidentielle de sa production.<\/p>\n<p>Son terroir se situe principalement sur les communes du Beausset et d\u2019Evenos.<\/p>\n<p>&nbsp;<\/p>\n<h3>Dur\u00e9e de conservation Bag In Box<\/h3>\n<p>Un BIB de vin non ouvert peut se conserver 6 \u00e0 12 mois<\/p>\n<p data-start=\"978\" data-end=\"1010\"><span style=\"font-size: 16px;\">Un BIB ouvert peut se conserver <\/span>4 \u00e0 6 semaines<\/p>\n<h3>Conseils de conservation<\/h3>\n<p data-start=\"1013\" data-end=\"1059\">Conserver le BIB <strong data-start=\"1030\" data-end=\"1042\">au frais<\/strong> (cave ou frigo).<\/p>\n<p data-start=\"1062\" data-end=\"1090\">\u00c9viter les chocs thermiques.<\/p>\n<p data-start=\"1093\" data-end=\"1140\">Ne jamais percer ou ab\u00eemer la poche int\u00e9rieure.<\/p>\n<p>Conditions de stockage id\u00e9ale : \u00e0 l\u2019abri de la chaleur, de la lumi\u00e8re, et \u00e0 temp\u00e9rature constante, entre <strong data-start=\"468\" data-end=\"483\">10 et 15 \u00b0C<\/strong>.<\/p>\n","protected":false},"excerpt":{"rendered":"<p>Un tr\u00e8s joli C\u00f4tes-de-Provence qui ravira tous les amateurs.<\/p>\n","protected":false},"featured_media":17764,"comment_status":"open","ping_status":"closed","template":"","meta":{"_acf_changed":false},"product_brand":[619,621,622],"product_cat":[22,607],"product_tag":[],"class_list":{"0":"post-17758","1":"product","2":"type-product","3":"status-publish","4":"has-post-thumbnail","6":"product_brand-customer","7":"product_brand-customer_grossiste","8":"product_brand-customer_pro","9":"product_cat-un-pas-en-provence","10":"product_cat-vins","12":"first","13":"instock","14":"taxable","15":"shipping-taxable","16":"purchasable","17":"product-type-variable","18":"add-to-wishlist-before_image"},"group_of_quantity":1,"min_quantity":0,"max_quantity":"","exclude_order_quantity_value_rules":"no","exclude_category_quantity_rules":"no","combine_variations":"no","acf":[],"yoast_head":"<!-- This site is optimized with the Yoast SEO plugin v27.3 - https:\/\/yoast.com\/product\/yoast-seo-wordpress\/ -->\n<title>Villa Roca vin ros\u00e9 - 5 litres | BIB AOC C\u00f4tes de Provence<\/title>\n<meta name=\"description\" content=\"Un tr\u00e8s joli C\u00f4tes-de-Provence qui ravira tous les amateurs. Son terroir se situe principalement sur les communes du Beausset et d\u2019Evenos.\" \/>\n<meta name=\"robots\" content=\"index, follow, max-snippet:-1, max-image-preview:large, max-video-preview:-1\" \/>\n<link rel=\"canonical\" href=\"https:\/\/www.la-roque-bandol.com\/en\/shop\/bag-in-box-5-litres\/\" \/>\n<meta property=\"og:locale\" content=\"en_US\" \/>\n<meta property=\"og:type\" content=\"article\" \/>\n<meta property=\"og:title\" content=\"Villa Roca vin ros\u00e9 - 5 litres | BIB AOC C\u00f4tes de Provence\" \/>\n<meta property=\"og:description\" content=\"Un tr\u00e8s joli C\u00f4tes-de-Provence qui ravira tous les amateurs. Son terroir se situe principalement sur les communes du Beausset et d\u2019Evenos.\" \/>\n<meta property=\"og:url\" content=\"https:\/\/www.la-roque-bandol.com\/en\/shop\/bag-in-box-5-litres\/\" \/>\n<meta property=\"og:site_name\" content=\"Moulin de la Roque\" \/>\n<meta property=\"article:modified_time\" content=\"2026-03-05T15:12:47+00:00\" \/>\n<meta property=\"og:image\" content=\"https:\/\/www.la-roque-bandol.com\/wp-content\/uploads\/2025\/05\/villaroca-neutre-768x1024.png\" \/>\n\t<meta property=\"og:image:width\" content=\"768\" \/>\n\t<meta property=\"og:image:height\" content=\"1024\" \/>\n\t<meta property=\"og:image:type\" content=\"image\/png\" \/>\n<meta name=\"twitter:card\" content=\"summary_large_image\" \/>\n<meta name=\"twitter:label1\" content=\"Est. reading time\" \/>\n\t<meta name=\"twitter:data1\" content=\"1 minute\" \/>\n<script type=\"application\/ld+json\" class=\"yoast-schema-graph\">{\"@context\":\"https:\\\/\\\/schema.org\",\"@graph\":[{\"@type\":\"WebPage\",\"@id\":\"https:\\\/\\\/www.la-roque-bandol.com\\\/en\\\/shop\\\/bag-in-box-5-litres\\\/\",\"url\":\"https:\\\/\\\/www.la-roque-bandol.com\\\/en\\\/shop\\\/bag-in-box-5-litres\\\/\",\"name\":\"Villa Roca vin ros\u00e9 - 5 litres | BIB AOC C\u00f4tes de Provence\",\"isPartOf\":{\"@id\":\"https:\\\/\\\/www.la-roque-bandol.com\\\/en\\\/#website\"},\"primaryImageOfPage\":{\"@id\":\"https:\\\/\\\/www.la-roque-bandol.com\\\/en\\\/shop\\\/bag-in-box-5-litres\\\/#primaryimage\"},\"image\":{\"@id\":\"https:\\\/\\\/www.la-roque-bandol.com\\\/en\\\/shop\\\/bag-in-box-5-litres\\\/#primaryimage\"},\"thumbnailUrl\":\"https:\\\/\\\/www.la-roque-bandol.com\\\/wp-content\\\/uploads\\\/2025\\\/05\\\/villaroca-neutre.png\",\"datePublished\":\"2025-05-30T13:27:20+00:00\",\"dateModified\":\"2026-03-05T15:12:47+00:00\",\"description\":\"Un tr\u00e8s joli C\u00f4tes-de-Provence qui ravira tous les amateurs. Son terroir se situe principalement sur les communes du Beausset et d\u2019Evenos.\",\"breadcrumb\":{\"@id\":\"https:\\\/\\\/www.la-roque-bandol.com\\\/en\\\/shop\\\/bag-in-box-5-litres\\\/#breadcrumb\"},\"inLanguage\":\"en-US\",\"potentialAction\":[{\"@type\":\"ReadAction\",\"target\":[\"https:\\\/\\\/www.la-roque-bandol.com\\\/en\\\/shop\\\/bag-in-box-5-litres\\\/\"]}]},{\"@type\":\"ImageObject\",\"inLanguage\":\"en-US\",\"@id\":\"https:\\\/\\\/www.la-roque-bandol.com\\\/en\\\/shop\\\/bag-in-box-5-litres\\\/#primaryimage\",\"url\":\"https:\\\/\\\/www.la-roque-bandol.com\\\/wp-content\\\/uploads\\\/2025\\\/05\\\/villaroca-neutre.png\",\"contentUrl\":\"https:\\\/\\\/www.la-roque-bandol.com\\\/wp-content\\\/uploads\\\/2025\\\/05\\\/villaroca-neutre.png\",\"width\":1856,\"height\":2475},{\"@type\":\"BreadcrumbList\",\"@id\":\"https:\\\/\\\/www.la-roque-bandol.com\\\/en\\\/shop\\\/bag-in-box-5-litres\\\/#breadcrumb\",\"itemListElement\":[{\"@type\":\"ListItem\",\"position\":1,\"name\":\"Accueil\",\"item\":\"https:\\\/\\\/www.la-roque-bandol.com\\\/en\\\/\"},{\"@type\":\"ListItem\",\"position\":2,\"name\":\"Shop\",\"item\":\"https:\\\/\\\/www.la-roque-bandol.com\\\/en\\\/shop\\\/\"},{\"@type\":\"ListItem\",\"position\":3,\"name\":\"Bag In Box 5 litres\"}]},{\"@type\":\"WebSite\",\"@id\":\"https:\\\/\\\/www.la-roque-bandol.com\\\/en\\\/#website\",\"url\":\"https:\\\/\\\/www.la-roque-bandol.com\\\/en\\\/\",\"name\":\"Moulin de la Roque\",\"description\":\"\",\"potentialAction\":[{\"@type\":\"SearchAction\",\"target\":{\"@type\":\"EntryPoint\",\"urlTemplate\":\"https:\\\/\\\/www.la-roque-bandol.com\\\/en\\\/?s={search_term_string}\"},\"query-input\":{\"@type\":\"PropertyValueSpecification\",\"valueRequired\":true,\"valueName\":\"search_term_string\"}}],\"inLanguage\":\"en-US\"}]}<\/script>\n<!-- \/ Yoast SEO plugin. -->","yoast_head_json":{"title":"Villa Roca vin ros\u00e9 - 5 litres | BIB AOC C\u00f4tes de Provence","description":"Un tr\u00e8s joli C\u00f4tes-de-Provence qui ravira tous les amateurs. Son terroir se situe principalement sur les communes du Beausset et d\u2019Evenos.","robots":{"index":"index","follow":"follow","max-snippet":"max-snippet:-1","max-image-preview":"max-image-preview:large","max-video-preview":"max-video-preview:-1"},"canonical":"https:\/\/www.la-roque-bandol.com\/en\/shop\/bag-in-box-5-litres\/","og_locale":"en_US","og_type":"article","og_title":"Villa Roca vin ros\u00e9 - 5 litres | BIB AOC C\u00f4tes de Provence","og_description":"Un tr\u00e8s joli C\u00f4tes-de-Provence qui ravira tous les amateurs. Son terroir se situe principalement sur les communes du Beausset et d\u2019Evenos.","og_url":"https:\/\/www.la-roque-bandol.com\/en\/shop\/bag-in-box-5-litres\/","og_site_name":"Moulin de la Roque","article_modified_time":"2026-03-05T15:12:47+00:00","og_image":[{"width":768,"height":1024,"url":"https:\/\/www.la-roque-bandol.com\/wp-content\/uploads\/2025\/05\/villaroca-neutre-768x1024.png","type":"image\/png"}],"twitter_card":"summary_large_image","twitter_misc":{"Est. reading time":"1 minute"},"schema":{"@context":"https:\/\/schema.org","@graph":[{"@type":"WebPage","@id":"https:\/\/www.la-roque-bandol.com\/en\/shop\/bag-in-box-5-litres\/","url":"https:\/\/www.la-roque-bandol.com\/en\/shop\/bag-in-box-5-litres\/","name":"Villa Roca vin ros\u00e9 - 5 litres | BIB AOC C\u00f4tes de Provence","isPartOf":{"@id":"https:\/\/www.la-roque-bandol.com\/en\/#website"},"primaryImageOfPage":{"@id":"https:\/\/www.la-roque-bandol.com\/en\/shop\/bag-in-box-5-litres\/#primaryimage"},"image":{"@id":"https:\/\/www.la-roque-bandol.com\/en\/shop\/bag-in-box-5-litres\/#primaryimage"},"thumbnailUrl":"https:\/\/www.la-roque-bandol.com\/wp-content\/uploads\/2025\/05\/villaroca-neutre.png","datePublished":"2025-05-30T13:27:20+00:00","dateModified":"2026-03-05T15:12:47+00:00","description":"Un tr\u00e8s joli C\u00f4tes-de-Provence qui ravira tous les amateurs. Son terroir se situe principalement sur les communes du Beausset et d\u2019Evenos.","breadcrumb":{"@id":"https:\/\/www.la-roque-bandol.com\/en\/shop\/bag-in-box-5-litres\/#breadcrumb"},"inLanguage":"en-US","potentialAction":[{"@type":"ReadAction","target":["https:\/\/www.la-roque-bandol.com\/en\/shop\/bag-in-box-5-litres\/"]}]},{"@type":"ImageObject","inLanguage":"en-US","@id":"https:\/\/www.la-roque-bandol.com\/en\/shop\/bag-in-box-5-litres\/#primaryimage","url":"https:\/\/www.la-roque-bandol.com\/wp-content\/uploads\/2025\/05\/villaroca-neutre.png","contentUrl":"https:\/\/www.la-roque-bandol.com\/wp-content\/uploads\/2025\/05\/villaroca-neutre.png","width":1856,"height":2475},{"@type":"BreadcrumbList","@id":"https:\/\/www.la-roque-bandol.com\/en\/shop\/bag-in-box-5-litres\/#breadcrumb","itemListElement":[{"@type":"ListItem","position":1,"name":"Accueil","item":"https:\/\/www.la-roque-bandol.com\/en\/"},{"@type":"ListItem","position":2,"name":"Shop","item":"https:\/\/www.la-roque-bandol.com\/en\/shop\/"},{"@type":"ListItem","position":3,"name":"Bag In Box 5 litres"}]},{"@type":"WebSite","@id":"https:\/\/www.la-roque-bandol.com\/en\/#website","url":"https:\/\/www.la-roque-bandol.com\/en\/","name":"Moulin de la Roque","description":"","potentialAction":[{"@type":"SearchAction","target":{"@type":"EntryPoint","urlTemplate":"https:\/\/www.la-roque-bandol.com\/en\/?s={search_term_string}"},"query-input":{"@type":"PropertyValueSpecification","valueRequired":true,"valueName":"search_term_string"}}],"inLanguage":"en-US"}]}},"_links":{"self":[{"href":"https:\/\/www.la-roque-bandol.com\/en\/wp-json\/wp\/v2\/product\/17758","targetHints":{"allow":["GET"]}}],"collection":[{"href":"https:\/\/www.la-roque-bandol.com\/en\/wp-json\/wp\/v2\/product"}],"about":[{"href":"https:\/\/www.la-roque-bandol.com\/en\/wp-json\/wp\/v2\/types\/product"}],"replies":[{"embeddable":true,"href":"https:\/\/www.la-roque-bandol.com\/en\/wp-json\/wp\/v2\/comments?post=17758"}],"wp:featuredmedia":[{"embeddable":true,"href":"https:\/\/www.la-roque-bandol.com\/en\/wp-json\/wp\/v2\/media\/17764"}],"wp:attachment":[{"href":"https:\/\/www.la-roque-bandol.com\/en\/wp-json\/wp\/v2\/media?parent=17758"}],"wp:term":[{"taxonomy":"product_brand","embeddable":true,"href":"https:\/\/www.la-roque-bandol.com\/en\/wp-json\/wp\/v2\/product_brand?post=17758"},{"taxonomy":"product_cat","embeddable":true,"href":"https:\/\/www.la-roque-bandol.com\/en\/wp-json\/wp\/v2\/product_cat?post=17758"},{"taxonomy":"product_tag","embeddable":true,"href":"https:\/\/www.la-roque-bandol.com\/en\/wp-json\/wp\/v2\/product_tag?post=17758"}],"curies":[{"name":"wp","href":"https:\/\/api.w.org\/{rel}","templated":true}]}}