{"id":17709,"date":"2025-05-22T09:56:29","date_gmt":"2025-05-22T07:56:29","guid":{"rendered":"https:\/\/www.la-roque-bandol.com\/?post_type=product&#038;p=17709"},"modified":"2026-03-25T14:39:02","modified_gmt":"2026-03-25T13:39:02","slug":"terrine-de-campagne-aux-cepes-180g","status":"publish","type":"product","link":"https:\/\/www.la-roque-bandol.com\/en\/shop\/terrine-de-campagne-aux-cepes-180g\/","title":{"rendered":"Terrine de Campagne aux C\u00e8pes 180g"},"content":{"rendered":"<h2 data-start=\"460\" data-end=\"641\">Go\u00fbt et tradition<\/h2>\n<p data-start=\"460\" data-end=\"641\">Terrine artisanale aux c\u00e8pes, alliant saveurs bois\u00e9es et texture fondante, id\u00e9ale pour sublimer vos repas.<\/p>\n<p data-start=\"460\" data-end=\"641\">Contient des sulfites<\/p>\n<p data-start=\"460\" data-end=\"641\">Servir frais<\/p>\n<p data-start=\"460\" data-end=\"641\">Poids net : 180g<\/p>\n<p>&nbsp;<\/p>\n","protected":false},"excerpt":{"rendered":"<p>Go\u00fbt et tradition Terrine artisanale aux c\u00e8pes, alliant saveurs bois\u00e9es et texture fondante, id\u00e9ale pour sublimer vos repas. Contient des sulfites Servir frais Poids net : 180g &nbsp;<\/p>\n","protected":false},"featured_media":17711,"comment_status":"open","ping_status":"closed","template":"","meta":{"_acf_changed":false},"product_brand":[619,620,622],"product_cat":[596],"product_tag":[],"class_list":{"0":"post-17709","1":"product","2":"type-product","3":"status-publish","4":"has-post-thumbnail","6":"product_brand-customer","7":"product_brand-customer_club","8":"product_brand-customer_pro","9":"product_cat-epicerie","11":"first","12":"instock","13":"taxable","14":"shipping-taxable","15":"purchasable","16":"product-type-simple","17":"add-to-wishlist-before_image"},"group_of_quantity":0,"min_quantity":0,"max_quantity":"","exclude_order_quantity_value_rules":"no","exclude_category_quantity_rules":"no","combine_variations":"no","acf":[],"yoast_head":"<!-- This site is optimized with the Yoast SEO plugin v27.3 - https:\/\/yoast.com\/product\/yoast-seo-wordpress\/ -->\n<title>Terrine de Campagne aux C\u00e8pes 180g<\/title>\n<meta name=\"description\" content=\"Terrine de Campagne aux C\u00e8pes 180g une recette rustique et savoureuse, sublim\u00e9e par l\u2019ar\u00f4me bois\u00e9 des c\u00e8pes. Livraison offerte d\u00e8s 200\u20ac d\u2019achats.\" \/>\n<meta name=\"robots\" content=\"index, follow, max-snippet:-1, max-image-preview:large, max-video-preview:-1\" \/>\n<link rel=\"canonical\" href=\"https:\/\/www.la-roque-bandol.com\/en\/shop\/terrine-de-campagne-aux-cepes-180g\/\" \/>\n<meta property=\"og:locale\" content=\"en_US\" \/>\n<meta property=\"og:type\" content=\"article\" \/>\n<meta property=\"og:title\" content=\"Terrine de Campagne aux C\u00e8pes 180g\" \/>\n<meta property=\"og:description\" content=\"Terrine de Campagne aux C\u00e8pes 180g une recette rustique et savoureuse, sublim\u00e9e par l\u2019ar\u00f4me bois\u00e9 des c\u00e8pes. Livraison offerte d\u00e8s 200\u20ac d\u2019achats.\" \/>\n<meta property=\"og:url\" content=\"https:\/\/www.la-roque-bandol.com\/en\/shop\/terrine-de-campagne-aux-cepes-180g\/\" \/>\n<meta property=\"og:site_name\" content=\"Moulin de la Roque\" \/>\n<meta property=\"article:modified_time\" content=\"2026-03-25T13:39:02+00:00\" \/>\n<meta property=\"og:image\" content=\"https:\/\/www.la-roque-bandol.com\/wp-content\/uploads\/2025\/05\/Terinnes-cepes-724x1024.webp\" \/>\n\t<meta property=\"og:image:width\" content=\"724\" \/>\n\t<meta property=\"og:image:height\" content=\"1024\" \/>\n\t<meta property=\"og:image:type\" content=\"image\/webp\" \/>\n<meta name=\"twitter:card\" content=\"summary_large_image\" \/>\n<meta name=\"twitter:label1\" content=\"Est. reading time\" \/>\n\t<meta name=\"twitter:data1\" content=\"1 minute\" \/>\n<script type=\"application\/ld+json\" class=\"yoast-schema-graph\">{\"@context\":\"https:\\\/\\\/schema.org\",\"@graph\":[{\"@type\":\"WebPage\",\"@id\":\"https:\\\/\\\/www.la-roque-bandol.com\\\/en\\\/shop\\\/terrine-de-campagne-aux-cepes-180g\\\/\",\"url\":\"https:\\\/\\\/www.la-roque-bandol.com\\\/en\\\/shop\\\/terrine-de-campagne-aux-cepes-180g\\\/\",\"name\":\"Terrine de Campagne aux C\u00e8pes 180g\",\"isPartOf\":{\"@id\":\"https:\\\/\\\/www.la-roque-bandol.com\\\/en\\\/#website\"},\"primaryImageOfPage\":{\"@id\":\"https:\\\/\\\/www.la-roque-bandol.com\\\/en\\\/shop\\\/terrine-de-campagne-aux-cepes-180g\\\/#primaryimage\"},\"image\":{\"@id\":\"https:\\\/\\\/www.la-roque-bandol.com\\\/en\\\/shop\\\/terrine-de-campagne-aux-cepes-180g\\\/#primaryimage\"},\"thumbnailUrl\":\"https:\\\/\\\/www.la-roque-bandol.com\\\/wp-content\\\/uploads\\\/2025\\\/05\\\/Terinnes-cepes.webp\",\"datePublished\":\"2025-05-22T07:56:29+00:00\",\"dateModified\":\"2026-03-25T13:39:02+00:00\",\"description\":\"Terrine de Campagne aux C\u00e8pes 180g une recette rustique et savoureuse, sublim\u00e9e par l\u2019ar\u00f4me bois\u00e9 des c\u00e8pes. Livraison offerte d\u00e8s 200\u20ac d\u2019achats.\",\"breadcrumb\":{\"@id\":\"https:\\\/\\\/www.la-roque-bandol.com\\\/en\\\/shop\\\/terrine-de-campagne-aux-cepes-180g\\\/#breadcrumb\"},\"inLanguage\":\"en-US\",\"potentialAction\":[{\"@type\":\"ReadAction\",\"target\":[\"https:\\\/\\\/www.la-roque-bandol.com\\\/en\\\/shop\\\/terrine-de-campagne-aux-cepes-180g\\\/\"]}]},{\"@type\":\"ImageObject\",\"inLanguage\":\"en-US\",\"@id\":\"https:\\\/\\\/www.la-roque-bandol.com\\\/en\\\/shop\\\/terrine-de-campagne-aux-cepes-180g\\\/#primaryimage\",\"url\":\"https:\\\/\\\/www.la-roque-bandol.com\\\/wp-content\\\/uploads\\\/2025\\\/05\\\/Terinnes-cepes.webp\",\"contentUrl\":\"https:\\\/\\\/www.la-roque-bandol.com\\\/wp-content\\\/uploads\\\/2025\\\/05\\\/Terinnes-cepes.webp\",\"width\":1414,\"height\":2000,\"caption\":\"Terrine de Campagne aux C\u00e8pes 180g\"},{\"@type\":\"BreadcrumbList\",\"@id\":\"https:\\\/\\\/www.la-roque-bandol.com\\\/en\\\/shop\\\/terrine-de-campagne-aux-cepes-180g\\\/#breadcrumb\",\"itemListElement\":[{\"@type\":\"ListItem\",\"position\":1,\"name\":\"Accueil\",\"item\":\"https:\\\/\\\/www.la-roque-bandol.com\\\/en\\\/\"},{\"@type\":\"ListItem\",\"position\":2,\"name\":\"Shop\",\"item\":\"https:\\\/\\\/www.la-roque-bandol.com\\\/en\\\/shop\\\/\"},{\"@type\":\"ListItem\",\"position\":3,\"name\":\"Terrine de Campagne aux C\u00e8pes 180g\"}]},{\"@type\":\"WebSite\",\"@id\":\"https:\\\/\\\/www.la-roque-bandol.com\\\/en\\\/#website\",\"url\":\"https:\\\/\\\/www.la-roque-bandol.com\\\/en\\\/\",\"name\":\"Moulin de la Roque\",\"description\":\"\",\"potentialAction\":[{\"@type\":\"SearchAction\",\"target\":{\"@type\":\"EntryPoint\",\"urlTemplate\":\"https:\\\/\\\/www.la-roque-bandol.com\\\/en\\\/?s={search_term_string}\"},\"query-input\":{\"@type\":\"PropertyValueSpecification\",\"valueRequired\":true,\"valueName\":\"search_term_string\"}}],\"inLanguage\":\"en-US\"}]}<\/script>\n<!-- \/ Yoast SEO plugin. -->","yoast_head_json":{"title":"Terrine de Campagne aux C\u00e8pes 180g","description":"Terrine de Campagne aux C\u00e8pes 180g une recette rustique et savoureuse, sublim\u00e9e par l\u2019ar\u00f4me bois\u00e9 des c\u00e8pes. Livraison offerte d\u00e8s 200\u20ac d\u2019achats.","robots":{"index":"index","follow":"follow","max-snippet":"max-snippet:-1","max-image-preview":"max-image-preview:large","max-video-preview":"max-video-preview:-1"},"canonical":"https:\/\/www.la-roque-bandol.com\/en\/shop\/terrine-de-campagne-aux-cepes-180g\/","og_locale":"en_US","og_type":"article","og_title":"Terrine de Campagne aux C\u00e8pes 180g","og_description":"Terrine de Campagne aux C\u00e8pes 180g une recette rustique et savoureuse, sublim\u00e9e par l\u2019ar\u00f4me bois\u00e9 des c\u00e8pes. Livraison offerte d\u00e8s 200\u20ac d\u2019achats.","og_url":"https:\/\/www.la-roque-bandol.com\/en\/shop\/terrine-de-campagne-aux-cepes-180g\/","og_site_name":"Moulin de la Roque","article_modified_time":"2026-03-25T13:39:02+00:00","og_image":[{"width":724,"height":1024,"url":"https:\/\/www.la-roque-bandol.com\/wp-content\/uploads\/2025\/05\/Terinnes-cepes-724x1024.webp","type":"image\/webp"}],"twitter_card":"summary_large_image","twitter_misc":{"Est. reading time":"1 minute"},"schema":{"@context":"https:\/\/schema.org","@graph":[{"@type":"WebPage","@id":"https:\/\/www.la-roque-bandol.com\/en\/shop\/terrine-de-campagne-aux-cepes-180g\/","url":"https:\/\/www.la-roque-bandol.com\/en\/shop\/terrine-de-campagne-aux-cepes-180g\/","name":"Terrine de Campagne aux C\u00e8pes 180g","isPartOf":{"@id":"https:\/\/www.la-roque-bandol.com\/en\/#website"},"primaryImageOfPage":{"@id":"https:\/\/www.la-roque-bandol.com\/en\/shop\/terrine-de-campagne-aux-cepes-180g\/#primaryimage"},"image":{"@id":"https:\/\/www.la-roque-bandol.com\/en\/shop\/terrine-de-campagne-aux-cepes-180g\/#primaryimage"},"thumbnailUrl":"https:\/\/www.la-roque-bandol.com\/wp-content\/uploads\/2025\/05\/Terinnes-cepes.webp","datePublished":"2025-05-22T07:56:29+00:00","dateModified":"2026-03-25T13:39:02+00:00","description":"Terrine de Campagne aux C\u00e8pes 180g une recette rustique et savoureuse, sublim\u00e9e par l\u2019ar\u00f4me bois\u00e9 des c\u00e8pes. Livraison offerte d\u00e8s 200\u20ac d\u2019achats.","breadcrumb":{"@id":"https:\/\/www.la-roque-bandol.com\/en\/shop\/terrine-de-campagne-aux-cepes-180g\/#breadcrumb"},"inLanguage":"en-US","potentialAction":[{"@type":"ReadAction","target":["https:\/\/www.la-roque-bandol.com\/en\/shop\/terrine-de-campagne-aux-cepes-180g\/"]}]},{"@type":"ImageObject","inLanguage":"en-US","@id":"https:\/\/www.la-roque-bandol.com\/en\/shop\/terrine-de-campagne-aux-cepes-180g\/#primaryimage","url":"https:\/\/www.la-roque-bandol.com\/wp-content\/uploads\/2025\/05\/Terinnes-cepes.webp","contentUrl":"https:\/\/www.la-roque-bandol.com\/wp-content\/uploads\/2025\/05\/Terinnes-cepes.webp","width":1414,"height":2000,"caption":"Terrine de Campagne aux C\u00e8pes 180g"},{"@type":"BreadcrumbList","@id":"https:\/\/www.la-roque-bandol.com\/en\/shop\/terrine-de-campagne-aux-cepes-180g\/#breadcrumb","itemListElement":[{"@type":"ListItem","position":1,"name":"Accueil","item":"https:\/\/www.la-roque-bandol.com\/en\/"},{"@type":"ListItem","position":2,"name":"Shop","item":"https:\/\/www.la-roque-bandol.com\/en\/shop\/"},{"@type":"ListItem","position":3,"name":"Terrine de Campagne aux C\u00e8pes 180g"}]},{"@type":"WebSite","@id":"https:\/\/www.la-roque-bandol.com\/en\/#website","url":"https:\/\/www.la-roque-bandol.com\/en\/","name":"Moulin de la Roque","description":"","potentialAction":[{"@type":"SearchAction","target":{"@type":"EntryPoint","urlTemplate":"https:\/\/www.la-roque-bandol.com\/en\/?s={search_term_string}"},"query-input":{"@type":"PropertyValueSpecification","valueRequired":true,"valueName":"search_term_string"}}],"inLanguage":"en-US"}]}},"_links":{"self":[{"href":"https:\/\/www.la-roque-bandol.com\/en\/wp-json\/wp\/v2\/product\/17709","targetHints":{"allow":["GET"]}}],"collection":[{"href":"https:\/\/www.la-roque-bandol.com\/en\/wp-json\/wp\/v2\/product"}],"about":[{"href":"https:\/\/www.la-roque-bandol.com\/en\/wp-json\/wp\/v2\/types\/product"}],"replies":[{"embeddable":true,"href":"https:\/\/www.la-roque-bandol.com\/en\/wp-json\/wp\/v2\/comments?post=17709"}],"wp:featuredmedia":[{"embeddable":true,"href":"https:\/\/www.la-roque-bandol.com\/en\/wp-json\/wp\/v2\/media\/17711"}],"wp:attachment":[{"href":"https:\/\/www.la-roque-bandol.com\/en\/wp-json\/wp\/v2\/media?parent=17709"}],"wp:term":[{"taxonomy":"product_brand","embeddable":true,"href":"https:\/\/www.la-roque-bandol.com\/en\/wp-json\/wp\/v2\/product_brand?post=17709"},{"taxonomy":"product_cat","embeddable":true,"href":"https:\/\/www.la-roque-bandol.com\/en\/wp-json\/wp\/v2\/product_cat?post=17709"},{"taxonomy":"product_tag","embeddable":true,"href":"https:\/\/www.la-roque-bandol.com\/en\/wp-json\/wp\/v2\/product_tag?post=17709"}],"curies":[{"name":"wp","href":"https:\/\/api.w.org\/{rel}","templated":true}]}}