{"id":17676,"date":"2025-05-21T15:23:49","date_gmt":"2025-05-21T13:23:49","guid":{"rendered":"https:\/\/www.la-roque-bandol.com\/?post_type=product&#038;p=17676"},"modified":"2025-10-03T16:26:16","modified_gmt":"2025-10-03T14:26:16","slug":"sac-1-bouteille","status":"publish","type":"product","link":"https:\/\/www.la-roque-bandol.com\/en\/shop\/sac-1-bouteille\/","title":{"rendered":"Sac 1 bouteille"},"content":{"rendered":"<article class=\"text-token-text-primary w-full\" dir=\"auto\" data-testid=\"conversation-turn-54\" data-scroll-anchor=\"true\">\n<div class=\"text-base my-auto mx-auto py-5 [--thread-content-margin:--spacing(4)] @[37rem]:[--thread-content-margin:--spacing(6)] @[72rem]:[--thread-content-margin:--spacing(16)] px-(--thread-content-margin)\">\n<div class=\"[--thread-content-max-width:32rem] @[34rem]:[--thread-content-max-width:40rem] @[64rem]:[--thread-content-max-width:48rem] mx-auto flex max-w-(--thread-content-max-width) flex-1 text-base gap-4 md:gap-5 lg:gap-6 group\/turn-messages focus-visible:outline-hidden\" tabindex=\"-1\">\n<div class=\"group\/conversation-turn relative flex w-full min-w-0 flex-col agent-turn\">\n<div class=\"relative flex-col gap-1 md:gap-3\">\n<div class=\"flex max-w-full flex-col grow\">\n<div class=\"min-h-8 text-message relative flex w-full flex-col items-end gap-2 text-start break-words whitespace-normal [.text-message+&amp;]:mt-5\" dir=\"auto\" data-message-author-role=\"assistant\" data-message-id=\"c041029b-6a3f-4065-b483-6e6da4a12b81\" data-message-model-slug=\"gpt-4-1-mini\">\n<div class=\"flex w-full flex-col gap-1 empty:hidden first:pt-[3px]\">\n<div class=\"markdown prose dark:prose-invert w-full break-words light\">\n<p data-start=\"100\" data-end=\"285\">Ce sac en papier permet de transporter une bouteille magnum. Personnalis\u00e9 <em data-start=\"181\" data-end=\"201\">Moulin de la Roque , il est<\/em> \u00e9quip\u00e9 de poign\u00e9es en cordelettes et d\u2019un \u0153illet de fermeture.<\/p>\n<h3 data-start=\"292\" data-end=\"312\">Caract\u00e9ristiques<\/h3>\n<ul>\n<li data-start=\"316\" data-end=\"341\"><strong data-start=\"316\" data-end=\"330\">Capacit\u00e9 :<\/strong> 1 magnum<\/li>\n<li data-start=\"316\" data-end=\"341\"><strong data-start=\"344\" data-end=\"357\">Mati\u00e8re :<\/strong> Papier pellicul\u00e9 mat 190 g\/m\u00b2<\/li>\n<li data-start=\"316\" data-end=\"341\"><strong data-start=\"392\" data-end=\"408\">Dimensions :<\/strong> 13 x 11,5 x 44 cm<\/li>\n<li data-start=\"316\" data-end=\"341\"><strong data-start=\"431\" data-end=\"443\">Encres :<\/strong> V\u00e9g\u00e9tales<\/li>\n<li data-start=\"316\" data-end=\"341\"><strong data-start=\"458\" data-end=\"472\">Fabriqu\u00e9 :<\/strong> En Europe<\/li>\n<li data-start=\"316\" data-end=\"341\"><strong data-start=\"487\" data-end=\"518\">Recyclable et biod\u00e9gradable<\/strong><\/li>\n<\/ul>\n<\/div>\n<\/div>\n<\/div>\n<\/div>\n<\/div>\n<\/div>\n<\/div>\n<\/div>\n<\/article>\n","protected":false},"excerpt":{"rendered":"<p>Ce sac en papier permet de transporter une bouteille magnum. Personnalis\u00e9 Moulin de la Roque , il est \u00e9quip\u00e9 de poign\u00e9es en cordelettes et d\u2019un \u0153illet de fermeture. Caract\u00e9ristiques Capacit\u00e9 : 1 magnum Mati\u00e8re : Papier pellicul\u00e9 mat 190 g\/m\u00b2 Dimensions : 13 x 11,5 x 44 cm Encres : V\u00e9g\u00e9tales Fabriqu\u00e9 : En Europe&hellip;<\/p>\n","protected":false},"featured_media":23357,"comment_status":"closed","ping_status":"closed","template":"","meta":{"_acf_changed":false},"product_brand":[619,620],"product_cat":[434],"product_tag":[],"class_list":{"0":"post-17676","1":"product","2":"type-product","3":"status-publish","4":"has-post-thumbnail","6":"product_brand-customer","7":"product_brand-customer_club","8":"product_cat-accessoires","10":"first","11":"instock","12":"taxable","13":"shipping-taxable","14":"purchasable","15":"product-type-simple","16":"add-to-wishlist-before_image"},"group_of_quantity":0,"min_quantity":0,"max_quantity":"","exclude_order_quantity_value_rules":"no","exclude_category_quantity_rules":"no","combine_variations":"no","acf":[],"yoast_head":"<!-- This site is optimized with the Yoast SEO plugin v27.3 - https:\/\/yoast.com\/product\/yoast-seo-wordpress\/ -->\n<title>Sac 1 bouteille<\/title>\n<meta name=\"description\" content=\"Ce sac en papier permet de transporter une bouteille magnum. Personnalis\u00e9 Moulin de la Roque , il est \u00e9quip\u00e9 de poign\u00e9es et d\u2019un \u0153illet de fermeture.\" \/>\n<meta name=\"robots\" content=\"index, follow, max-snippet:-1, max-image-preview:large, max-video-preview:-1\" \/>\n<link rel=\"canonical\" href=\"https:\/\/www.la-roque-bandol.com\/en\/shop\/sac-1-bouteille\/\" \/>\n<meta property=\"og:locale\" content=\"en_US\" \/>\n<meta property=\"og:type\" content=\"article\" \/>\n<meta property=\"og:title\" content=\"Sac 1 bouteille\" \/>\n<meta property=\"og:description\" content=\"Ce sac en papier permet de transporter une bouteille magnum. Personnalis\u00e9 Moulin de la Roque , il est \u00e9quip\u00e9 de poign\u00e9es et d\u2019un \u0153illet de fermeture.\" \/>\n<meta property=\"og:url\" content=\"https:\/\/www.la-roque-bandol.com\/en\/shop\/sac-1-bouteille\/\" \/>\n<meta property=\"og:site_name\" content=\"Moulin de la Roque\" \/>\n<meta property=\"article:modified_time\" content=\"2025-10-03T14:26:16+00:00\" \/>\n<meta property=\"og:image\" content=\"https:\/\/www.la-roque-bandol.com\/wp-content\/uploads\/2025\/06\/sac-1-bouteille-scaled-e1759501549425.png\" \/>\n\t<meta property=\"og:image:width\" content=\"400\" \/>\n\t<meta property=\"og:image:height\" content=\"1484\" \/>\n\t<meta property=\"og:image:type\" content=\"image\/png\" \/>\n<meta name=\"twitter:card\" content=\"summary_large_image\" \/>\n<meta name=\"twitter:label1\" content=\"Est. reading time\" \/>\n\t<meta name=\"twitter:data1\" content=\"1 minute\" \/>\n<script type=\"application\/ld+json\" class=\"yoast-schema-graph\">{\"@context\":\"https:\\\/\\\/schema.org\",\"@graph\":[{\"@type\":\"WebPage\",\"@id\":\"https:\\\/\\\/www.la-roque-bandol.com\\\/en\\\/shop\\\/sac-1-bouteille\\\/\",\"url\":\"https:\\\/\\\/www.la-roque-bandol.com\\\/en\\\/shop\\\/sac-1-bouteille\\\/\",\"name\":\"Sac 1 bouteille\",\"isPartOf\":{\"@id\":\"https:\\\/\\\/www.la-roque-bandol.com\\\/en\\\/#website\"},\"primaryImageOfPage\":{\"@id\":\"https:\\\/\\\/www.la-roque-bandol.com\\\/en\\\/shop\\\/sac-1-bouteille\\\/#primaryimage\"},\"image\":{\"@id\":\"https:\\\/\\\/www.la-roque-bandol.com\\\/en\\\/shop\\\/sac-1-bouteille\\\/#primaryimage\"},\"thumbnailUrl\":\"https:\\\/\\\/www.la-roque-bandol.com\\\/wp-content\\\/uploads\\\/2025\\\/06\\\/sac-1-bouteille-scaled-e1759501549425.png\",\"datePublished\":\"2025-05-21T13:23:49+00:00\",\"dateModified\":\"2025-10-03T14:26:16+00:00\",\"description\":\"Ce sac en papier permet de transporter une bouteille magnum. Personnalis\u00e9 Moulin de la Roque , il est \u00e9quip\u00e9 de poign\u00e9es et d\u2019un \u0153illet de fermeture.\",\"breadcrumb\":{\"@id\":\"https:\\\/\\\/www.la-roque-bandol.com\\\/en\\\/shop\\\/sac-1-bouteille\\\/#breadcrumb\"},\"inLanguage\":\"en-US\",\"potentialAction\":[{\"@type\":\"ReadAction\",\"target\":[\"https:\\\/\\\/www.la-roque-bandol.com\\\/en\\\/shop\\\/sac-1-bouteille\\\/\"]}]},{\"@type\":\"ImageObject\",\"inLanguage\":\"en-US\",\"@id\":\"https:\\\/\\\/www.la-roque-bandol.com\\\/en\\\/shop\\\/sac-1-bouteille\\\/#primaryimage\",\"url\":\"https:\\\/\\\/www.la-roque-bandol.com\\\/wp-content\\\/uploads\\\/2025\\\/06\\\/sac-1-bouteille-scaled-e1759501549425.png\",\"contentUrl\":\"https:\\\/\\\/www.la-roque-bandol.com\\\/wp-content\\\/uploads\\\/2025\\\/06\\\/sac-1-bouteille-scaled-e1759501549425.png\",\"width\":400,\"height\":1484,\"caption\":\"Sac 1 bouteille\"},{\"@type\":\"BreadcrumbList\",\"@id\":\"https:\\\/\\\/www.la-roque-bandol.com\\\/en\\\/shop\\\/sac-1-bouteille\\\/#breadcrumb\",\"itemListElement\":[{\"@type\":\"ListItem\",\"position\":1,\"name\":\"Accueil\",\"item\":\"https:\\\/\\\/www.la-roque-bandol.com\\\/en\\\/\"},{\"@type\":\"ListItem\",\"position\":2,\"name\":\"Shop\",\"item\":\"https:\\\/\\\/www.la-roque-bandol.com\\\/en\\\/shop\\\/\"},{\"@type\":\"ListItem\",\"position\":3,\"name\":\"Sac 1 bouteille\"}]},{\"@type\":\"WebSite\",\"@id\":\"https:\\\/\\\/www.la-roque-bandol.com\\\/en\\\/#website\",\"url\":\"https:\\\/\\\/www.la-roque-bandol.com\\\/en\\\/\",\"name\":\"Moulin de la Roque\",\"description\":\"\",\"potentialAction\":[{\"@type\":\"SearchAction\",\"target\":{\"@type\":\"EntryPoint\",\"urlTemplate\":\"https:\\\/\\\/www.la-roque-bandol.com\\\/en\\\/?s={search_term_string}\"},\"query-input\":{\"@type\":\"PropertyValueSpecification\",\"valueRequired\":true,\"valueName\":\"search_term_string\"}}],\"inLanguage\":\"en-US\"}]}<\/script>\n<!-- \/ Yoast SEO plugin. -->","yoast_head_json":{"title":"Sac 1 bouteille","description":"Ce sac en papier permet de transporter une bouteille magnum. Personnalis\u00e9 Moulin de la Roque , il est \u00e9quip\u00e9 de poign\u00e9es et d\u2019un \u0153illet de fermeture.","robots":{"index":"index","follow":"follow","max-snippet":"max-snippet:-1","max-image-preview":"max-image-preview:large","max-video-preview":"max-video-preview:-1"},"canonical":"https:\/\/www.la-roque-bandol.com\/en\/shop\/sac-1-bouteille\/","og_locale":"en_US","og_type":"article","og_title":"Sac 1 bouteille","og_description":"Ce sac en papier permet de transporter une bouteille magnum. Personnalis\u00e9 Moulin de la Roque , il est \u00e9quip\u00e9 de poign\u00e9es et d\u2019un \u0153illet de fermeture.","og_url":"https:\/\/www.la-roque-bandol.com\/en\/shop\/sac-1-bouteille\/","og_site_name":"Moulin de la Roque","article_modified_time":"2025-10-03T14:26:16+00:00","og_image":[{"width":400,"height":1484,"url":"https:\/\/www.la-roque-bandol.com\/wp-content\/uploads\/2025\/06\/sac-1-bouteille-scaled-e1759501549425.png","type":"image\/png"}],"twitter_card":"summary_large_image","twitter_misc":{"Est. reading time":"1 minute"},"schema":{"@context":"https:\/\/schema.org","@graph":[{"@type":"WebPage","@id":"https:\/\/www.la-roque-bandol.com\/en\/shop\/sac-1-bouteille\/","url":"https:\/\/www.la-roque-bandol.com\/en\/shop\/sac-1-bouteille\/","name":"Sac 1 bouteille","isPartOf":{"@id":"https:\/\/www.la-roque-bandol.com\/en\/#website"},"primaryImageOfPage":{"@id":"https:\/\/www.la-roque-bandol.com\/en\/shop\/sac-1-bouteille\/#primaryimage"},"image":{"@id":"https:\/\/www.la-roque-bandol.com\/en\/shop\/sac-1-bouteille\/#primaryimage"},"thumbnailUrl":"https:\/\/www.la-roque-bandol.com\/wp-content\/uploads\/2025\/06\/sac-1-bouteille-scaled-e1759501549425.png","datePublished":"2025-05-21T13:23:49+00:00","dateModified":"2025-10-03T14:26:16+00:00","description":"Ce sac en papier permet de transporter une bouteille magnum. Personnalis\u00e9 Moulin de la Roque , il est \u00e9quip\u00e9 de poign\u00e9es et d\u2019un \u0153illet de fermeture.","breadcrumb":{"@id":"https:\/\/www.la-roque-bandol.com\/en\/shop\/sac-1-bouteille\/#breadcrumb"},"inLanguage":"en-US","potentialAction":[{"@type":"ReadAction","target":["https:\/\/www.la-roque-bandol.com\/en\/shop\/sac-1-bouteille\/"]}]},{"@type":"ImageObject","inLanguage":"en-US","@id":"https:\/\/www.la-roque-bandol.com\/en\/shop\/sac-1-bouteille\/#primaryimage","url":"https:\/\/www.la-roque-bandol.com\/wp-content\/uploads\/2025\/06\/sac-1-bouteille-scaled-e1759501549425.png","contentUrl":"https:\/\/www.la-roque-bandol.com\/wp-content\/uploads\/2025\/06\/sac-1-bouteille-scaled-e1759501549425.png","width":400,"height":1484,"caption":"Sac 1 bouteille"},{"@type":"BreadcrumbList","@id":"https:\/\/www.la-roque-bandol.com\/en\/shop\/sac-1-bouteille\/#breadcrumb","itemListElement":[{"@type":"ListItem","position":1,"name":"Accueil","item":"https:\/\/www.la-roque-bandol.com\/en\/"},{"@type":"ListItem","position":2,"name":"Shop","item":"https:\/\/www.la-roque-bandol.com\/en\/shop\/"},{"@type":"ListItem","position":3,"name":"Sac 1 bouteille"}]},{"@type":"WebSite","@id":"https:\/\/www.la-roque-bandol.com\/en\/#website","url":"https:\/\/www.la-roque-bandol.com\/en\/","name":"Moulin de la Roque","description":"","potentialAction":[{"@type":"SearchAction","target":{"@type":"EntryPoint","urlTemplate":"https:\/\/www.la-roque-bandol.com\/en\/?s={search_term_string}"},"query-input":{"@type":"PropertyValueSpecification","valueRequired":true,"valueName":"search_term_string"}}],"inLanguage":"en-US"}]}},"_links":{"self":[{"href":"https:\/\/www.la-roque-bandol.com\/en\/wp-json\/wp\/v2\/product\/17676","targetHints":{"allow":["GET"]}}],"collection":[{"href":"https:\/\/www.la-roque-bandol.com\/en\/wp-json\/wp\/v2\/product"}],"about":[{"href":"https:\/\/www.la-roque-bandol.com\/en\/wp-json\/wp\/v2\/types\/product"}],"replies":[{"embeddable":true,"href":"https:\/\/www.la-roque-bandol.com\/en\/wp-json\/wp\/v2\/comments?post=17676"}],"wp:featuredmedia":[{"embeddable":true,"href":"https:\/\/www.la-roque-bandol.com\/en\/wp-json\/wp\/v2\/media\/23357"}],"wp:attachment":[{"href":"https:\/\/www.la-roque-bandol.com\/en\/wp-json\/wp\/v2\/media?parent=17676"}],"wp:term":[{"taxonomy":"product_brand","embeddable":true,"href":"https:\/\/www.la-roque-bandol.com\/en\/wp-json\/wp\/v2\/product_brand?post=17676"},{"taxonomy":"product_cat","embeddable":true,"href":"https:\/\/www.la-roque-bandol.com\/en\/wp-json\/wp\/v2\/product_cat?post=17676"},{"taxonomy":"product_tag","embeddable":true,"href":"https:\/\/www.la-roque-bandol.com\/en\/wp-json\/wp\/v2\/product_tag?post=17676"}],"curies":[{"name":"wp","href":"https:\/\/api.w.org\/{rel}","templated":true}]}}