{"id":17670,"date":"2025-05-21T14:37:50","date_gmt":"2025-05-21T12:37:50","guid":{"rendered":"https:\/\/www.la-roque-bandol.com\/?post_type=product&#038;p=17670"},"modified":"2025-08-20T15:26:03","modified_gmt":"2025-08-20T13:26:03","slug":"lot-de-2-bouchon-vacuvin","status":"publish","type":"product","link":"https:\/\/www.la-roque-bandol.com\/en\/shop\/lot-de-2-bouchon-vacuvin\/","title":{"rendered":"Lot de 2 Bouchons Vacuvin"},"content":{"rendered":"<article class=\"text-token-text-primary w-full\" dir=\"auto\" data-testid=\"conversation-turn-54\" data-scroll-anchor=\"true\">\n<div class=\"text-base my-auto mx-auto py-5 [--thread-content-margin:--spacing(4)] @[37rem]:[--thread-content-margin:--spacing(6)] @[72rem]:[--thread-content-margin:--spacing(16)] px-(--thread-content-margin)\">\n<div class=\"[--thread-content-max-width:32rem] @[34rem]:[--thread-content-max-width:40rem] @[64rem]:[--thread-content-max-width:48rem] mx-auto flex max-w-(--thread-content-max-width) flex-1 text-base gap-4 md:gap-5 lg:gap-6 group\/turn-messages focus-visible:outline-hidden\" tabindex=\"-1\">\n<div class=\"group\/conversation-turn relative flex w-full min-w-0 flex-col agent-turn\">\n<div class=\"relative flex-col gap-1 md:gap-3\">\n<div class=\"flex max-w-full flex-col grow\">\n<div class=\"min-h-8 text-message relative flex w-full flex-col items-end gap-2 text-start break-words whitespace-normal [.text-message+&amp;]:mt-5\" dir=\"auto\" data-message-author-role=\"assistant\" data-message-id=\"c041029b-6a3f-4065-b483-6e6da4a12b81\" data-message-model-slug=\"gpt-4-1-mini\">\n<div class=\"flex w-full flex-col gap-1 empty:hidden first:pt-[3px]\">\n<div class=\"markdown prose dark:prose-invert w-full break-words light\">\n<p class=\"\" data-start=\"72\" data-end=\"335\">Pratiques et efficaces, ces bouchons herm\u00e9tiques permettent de conserver plus longtemps vos bouteilles de vin ouvertes. Ils assurent une fermeture fiable.<br data-start=\"226\" data-end=\"229\" \/>R\u00e9utilisables et faciles \u00e0 utiliser au quotidien, ils sont id\u00e9aux \u00e0 la maison, en d\u00e9placement ou \u00e0 offrir.<\/p>\n<\/div>\n<\/div>\n<\/div>\n<\/div>\n<\/div>\n<\/div>\n<\/div>\n<\/div>\n<\/article>\n<h3><strong data-start=\"282\" data-end=\"302\">Caract\u00e9ristiques<\/strong><\/h3>\n<ul>\n<li>Mati\u00e8re : Plastique alimentaire certifi\u00e9 non toxique<\/li>\n<li>Fermeture : Herm\u00e9tique<\/li>\n<li>Compatibilit\u00e9 : Bouteilles de vin standard<\/li>\n<li>Entretien : Nettoyage \u00e0 la main recommand\u00e9<\/li>\n<li>Utilisation : \u00c0 utiliser seul ou avec une pompe \u00e0 vide Vacuvin (non incluse)<\/li>\n<\/ul>\n","protected":false},"excerpt":{"rendered":"<p>Pratiques et efficaces, ces bouchons herm\u00e9tiques permettent de conserver plus longtemps vos bouteilles de vin ouvertes. Ils assurent une fermeture fiable.R\u00e9utilisables et faciles \u00e0 utiliser au quotidien, ils sont id\u00e9aux \u00e0 la maison, en d\u00e9placement ou \u00e0 offrir. Caract\u00e9ristiques Mati\u00e8re : Plastique alimentaire certifi\u00e9 non toxique Fermeture : Herm\u00e9tique Compatibilit\u00e9 : Bouteilles de vin standard&hellip;<\/p>\n","protected":false},"featured_media":17907,"comment_status":"closed","ping_status":"closed","template":"","meta":{"_acf_changed":false},"product_brand":[619,620,621,622],"product_cat":[434],"product_tag":[],"class_list":{"0":"post-17670","1":"product","2":"type-product","3":"status-publish","4":"has-post-thumbnail","6":"product_brand-customer","7":"product_brand-customer_club","8":"product_brand-customer_grossiste","9":"product_brand-customer_pro","10":"product_cat-accessoires","12":"first","13":"instock","14":"taxable","15":"shipping-taxable","16":"purchasable","17":"product-type-simple","18":"add-to-wishlist-before_image"},"group_of_quantity":0,"min_quantity":0,"max_quantity":"","exclude_order_quantity_value_rules":"no","exclude_category_quantity_rules":"no","combine_variations":"no","acf":[],"yoast_head":"<!-- This site is optimized with the Yoast SEO plugin v27.3 - https:\/\/yoast.com\/product\/yoast-seo-wordpress\/ -->\n<title>Lot de 2 Bouchons Vacuvin<\/title>\n<meta name=\"description\" content=\"Lot de 2 Bouchons Vacuvin l\u2019accessoire parfait pour pr\u00e9server vos bouteilles ouvertes plus longtemps. Livraison offerte d\u00e8s 200\u20ac d&#039;achats.\" \/>\n<meta name=\"robots\" content=\"index, follow, max-snippet:-1, max-image-preview:large, max-video-preview:-1\" \/>\n<link rel=\"canonical\" href=\"https:\/\/www.la-roque-bandol.com\/en\/shop\/lot-de-2-bouchon-vacuvin\/\" \/>\n<meta property=\"og:locale\" content=\"en_US\" \/>\n<meta property=\"og:type\" content=\"article\" \/>\n<meta property=\"og:title\" content=\"Lot de 2 Bouchons Vacuvin\" \/>\n<meta property=\"og:description\" content=\"Lot de 2 Bouchons Vacuvin l\u2019accessoire parfait pour pr\u00e9server vos bouteilles ouvertes plus longtemps. Livraison offerte d\u00e8s 200\u20ac d&#039;achats.\" \/>\n<meta property=\"og:url\" content=\"https:\/\/www.la-roque-bandol.com\/en\/shop\/lot-de-2-bouchon-vacuvin\/\" \/>\n<meta property=\"og:site_name\" content=\"Moulin de la Roque\" \/>\n<meta property=\"article:modified_time\" content=\"2025-08-20T13:26:03+00:00\" \/>\n<meta property=\"og:image\" content=\"https:\/\/www.la-roque-bandol.com\/wp-content\/uploads\/2025\/05\/vacuvin-lot-de-2-bouchons-2.jpg\" \/>\n\t<meta property=\"og:image:width\" content=\"800\" \/>\n\t<meta property=\"og:image:height\" content=\"800\" \/>\n\t<meta property=\"og:image:type\" content=\"image\/jpeg\" \/>\n<meta name=\"twitter:card\" content=\"summary_large_image\" \/>\n<meta name=\"twitter:label1\" content=\"Est. reading time\" \/>\n\t<meta name=\"twitter:data1\" content=\"1 minute\" \/>\n<script type=\"application\/ld+json\" class=\"yoast-schema-graph\">{\"@context\":\"https:\\\/\\\/schema.org\",\"@graph\":[{\"@type\":\"WebPage\",\"@id\":\"https:\\\/\\\/www.la-roque-bandol.com\\\/en\\\/shop\\\/lot-de-2-bouchon-vacuvin\\\/\",\"url\":\"https:\\\/\\\/www.la-roque-bandol.com\\\/en\\\/shop\\\/lot-de-2-bouchon-vacuvin\\\/\",\"name\":\"Lot de 2 Bouchons Vacuvin\",\"isPartOf\":{\"@id\":\"https:\\\/\\\/www.la-roque-bandol.com\\\/en\\\/#website\"},\"primaryImageOfPage\":{\"@id\":\"https:\\\/\\\/www.la-roque-bandol.com\\\/en\\\/shop\\\/lot-de-2-bouchon-vacuvin\\\/#primaryimage\"},\"image\":{\"@id\":\"https:\\\/\\\/www.la-roque-bandol.com\\\/en\\\/shop\\\/lot-de-2-bouchon-vacuvin\\\/#primaryimage\"},\"thumbnailUrl\":\"https:\\\/\\\/www.la-roque-bandol.com\\\/wp-content\\\/uploads\\\/2025\\\/05\\\/vacuvin-lot-de-2-bouchons-2.jpg\",\"datePublished\":\"2025-05-21T12:37:50+00:00\",\"dateModified\":\"2025-08-20T13:26:03+00:00\",\"description\":\"Lot de 2 Bouchons Vacuvin l\u2019accessoire parfait pour pr\u00e9server vos bouteilles ouvertes plus longtemps. Livraison offerte d\u00e8s 200\u20ac d'achats.\",\"breadcrumb\":{\"@id\":\"https:\\\/\\\/www.la-roque-bandol.com\\\/en\\\/shop\\\/lot-de-2-bouchon-vacuvin\\\/#breadcrumb\"},\"inLanguage\":\"en-US\",\"potentialAction\":[{\"@type\":\"ReadAction\",\"target\":[\"https:\\\/\\\/www.la-roque-bandol.com\\\/en\\\/shop\\\/lot-de-2-bouchon-vacuvin\\\/\"]}]},{\"@type\":\"ImageObject\",\"inLanguage\":\"en-US\",\"@id\":\"https:\\\/\\\/www.la-roque-bandol.com\\\/en\\\/shop\\\/lot-de-2-bouchon-vacuvin\\\/#primaryimage\",\"url\":\"https:\\\/\\\/www.la-roque-bandol.com\\\/wp-content\\\/uploads\\\/2025\\\/05\\\/vacuvin-lot-de-2-bouchons-2.jpg\",\"contentUrl\":\"https:\\\/\\\/www.la-roque-bandol.com\\\/wp-content\\\/uploads\\\/2025\\\/05\\\/vacuvin-lot-de-2-bouchons-2.jpg\",\"width\":800,\"height\":800,\"caption\":\"Lot de 2 Bouchons Vacuvin\"},{\"@type\":\"BreadcrumbList\",\"@id\":\"https:\\\/\\\/www.la-roque-bandol.com\\\/en\\\/shop\\\/lot-de-2-bouchon-vacuvin\\\/#breadcrumb\",\"itemListElement\":[{\"@type\":\"ListItem\",\"position\":1,\"name\":\"Accueil\",\"item\":\"https:\\\/\\\/www.la-roque-bandol.com\\\/en\\\/\"},{\"@type\":\"ListItem\",\"position\":2,\"name\":\"Shop\",\"item\":\"https:\\\/\\\/www.la-roque-bandol.com\\\/en\\\/shop\\\/\"},{\"@type\":\"ListItem\",\"position\":3,\"name\":\"Lot de 2 Bouchons Vacuvin\"}]},{\"@type\":\"WebSite\",\"@id\":\"https:\\\/\\\/www.la-roque-bandol.com\\\/en\\\/#website\",\"url\":\"https:\\\/\\\/www.la-roque-bandol.com\\\/en\\\/\",\"name\":\"Moulin de la Roque\",\"description\":\"\",\"potentialAction\":[{\"@type\":\"SearchAction\",\"target\":{\"@type\":\"EntryPoint\",\"urlTemplate\":\"https:\\\/\\\/www.la-roque-bandol.com\\\/en\\\/?s={search_term_string}\"},\"query-input\":{\"@type\":\"PropertyValueSpecification\",\"valueRequired\":true,\"valueName\":\"search_term_string\"}}],\"inLanguage\":\"en-US\"}]}<\/script>\n<!-- \/ Yoast SEO plugin. -->","yoast_head_json":{"title":"Lot de 2 Bouchons Vacuvin","description":"Lot de 2 Bouchons Vacuvin l\u2019accessoire parfait pour pr\u00e9server vos bouteilles ouvertes plus longtemps. Livraison offerte d\u00e8s 200\u20ac d'achats.","robots":{"index":"index","follow":"follow","max-snippet":"max-snippet:-1","max-image-preview":"max-image-preview:large","max-video-preview":"max-video-preview:-1"},"canonical":"https:\/\/www.la-roque-bandol.com\/en\/shop\/lot-de-2-bouchon-vacuvin\/","og_locale":"en_US","og_type":"article","og_title":"Lot de 2 Bouchons Vacuvin","og_description":"Lot de 2 Bouchons Vacuvin l\u2019accessoire parfait pour pr\u00e9server vos bouteilles ouvertes plus longtemps. Livraison offerte d\u00e8s 200\u20ac d'achats.","og_url":"https:\/\/www.la-roque-bandol.com\/en\/shop\/lot-de-2-bouchon-vacuvin\/","og_site_name":"Moulin de la Roque","article_modified_time":"2025-08-20T13:26:03+00:00","og_image":[{"width":800,"height":800,"url":"https:\/\/www.la-roque-bandol.com\/wp-content\/uploads\/2025\/05\/vacuvin-lot-de-2-bouchons-2.jpg","type":"image\/jpeg"}],"twitter_card":"summary_large_image","twitter_misc":{"Est. reading time":"1 minute"},"schema":{"@context":"https:\/\/schema.org","@graph":[{"@type":"WebPage","@id":"https:\/\/www.la-roque-bandol.com\/en\/shop\/lot-de-2-bouchon-vacuvin\/","url":"https:\/\/www.la-roque-bandol.com\/en\/shop\/lot-de-2-bouchon-vacuvin\/","name":"Lot de 2 Bouchons Vacuvin","isPartOf":{"@id":"https:\/\/www.la-roque-bandol.com\/en\/#website"},"primaryImageOfPage":{"@id":"https:\/\/www.la-roque-bandol.com\/en\/shop\/lot-de-2-bouchon-vacuvin\/#primaryimage"},"image":{"@id":"https:\/\/www.la-roque-bandol.com\/en\/shop\/lot-de-2-bouchon-vacuvin\/#primaryimage"},"thumbnailUrl":"https:\/\/www.la-roque-bandol.com\/wp-content\/uploads\/2025\/05\/vacuvin-lot-de-2-bouchons-2.jpg","datePublished":"2025-05-21T12:37:50+00:00","dateModified":"2025-08-20T13:26:03+00:00","description":"Lot de 2 Bouchons Vacuvin l\u2019accessoire parfait pour pr\u00e9server vos bouteilles ouvertes plus longtemps. Livraison offerte d\u00e8s 200\u20ac d'achats.","breadcrumb":{"@id":"https:\/\/www.la-roque-bandol.com\/en\/shop\/lot-de-2-bouchon-vacuvin\/#breadcrumb"},"inLanguage":"en-US","potentialAction":[{"@type":"ReadAction","target":["https:\/\/www.la-roque-bandol.com\/en\/shop\/lot-de-2-bouchon-vacuvin\/"]}]},{"@type":"ImageObject","inLanguage":"en-US","@id":"https:\/\/www.la-roque-bandol.com\/en\/shop\/lot-de-2-bouchon-vacuvin\/#primaryimage","url":"https:\/\/www.la-roque-bandol.com\/wp-content\/uploads\/2025\/05\/vacuvin-lot-de-2-bouchons-2.jpg","contentUrl":"https:\/\/www.la-roque-bandol.com\/wp-content\/uploads\/2025\/05\/vacuvin-lot-de-2-bouchons-2.jpg","width":800,"height":800,"caption":"Lot de 2 Bouchons Vacuvin"},{"@type":"BreadcrumbList","@id":"https:\/\/www.la-roque-bandol.com\/en\/shop\/lot-de-2-bouchon-vacuvin\/#breadcrumb","itemListElement":[{"@type":"ListItem","position":1,"name":"Accueil","item":"https:\/\/www.la-roque-bandol.com\/en\/"},{"@type":"ListItem","position":2,"name":"Shop","item":"https:\/\/www.la-roque-bandol.com\/en\/shop\/"},{"@type":"ListItem","position":3,"name":"Lot de 2 Bouchons Vacuvin"}]},{"@type":"WebSite","@id":"https:\/\/www.la-roque-bandol.com\/en\/#website","url":"https:\/\/www.la-roque-bandol.com\/en\/","name":"Moulin de la Roque","description":"","potentialAction":[{"@type":"SearchAction","target":{"@type":"EntryPoint","urlTemplate":"https:\/\/www.la-roque-bandol.com\/en\/?s={search_term_string}"},"query-input":{"@type":"PropertyValueSpecification","valueRequired":true,"valueName":"search_term_string"}}],"inLanguage":"en-US"}]}},"_links":{"self":[{"href":"https:\/\/www.la-roque-bandol.com\/en\/wp-json\/wp\/v2\/product\/17670","targetHints":{"allow":["GET"]}}],"collection":[{"href":"https:\/\/www.la-roque-bandol.com\/en\/wp-json\/wp\/v2\/product"}],"about":[{"href":"https:\/\/www.la-roque-bandol.com\/en\/wp-json\/wp\/v2\/types\/product"}],"replies":[{"embeddable":true,"href":"https:\/\/www.la-roque-bandol.com\/en\/wp-json\/wp\/v2\/comments?post=17670"}],"wp:featuredmedia":[{"embeddable":true,"href":"https:\/\/www.la-roque-bandol.com\/en\/wp-json\/wp\/v2\/media\/17907"}],"wp:attachment":[{"href":"https:\/\/www.la-roque-bandol.com\/en\/wp-json\/wp\/v2\/media?parent=17670"}],"wp:term":[{"taxonomy":"product_brand","embeddable":true,"href":"https:\/\/www.la-roque-bandol.com\/en\/wp-json\/wp\/v2\/product_brand?post=17670"},{"taxonomy":"product_cat","embeddable":true,"href":"https:\/\/www.la-roque-bandol.com\/en\/wp-json\/wp\/v2\/product_cat?post=17670"},{"taxonomy":"product_tag","embeddable":true,"href":"https:\/\/www.la-roque-bandol.com\/en\/wp-json\/wp\/v2\/product_tag?post=17670"}],"curies":[{"name":"wp","href":"https:\/\/api.w.org\/{rel}","templated":true}]}}