{"id":17668,"date":"2025-05-21T14:37:49","date_gmt":"2025-05-21T12:37:49","guid":{"rendered":"https:\/\/www.la-roque-bandol.com\/?post_type=product&#038;p=17668"},"modified":"2025-09-03T09:54:05","modified_gmt":"2025-09-03T07:54:05","slug":"vacuvin-giftset-pompe-noire-2-bouchons","status":"publish","type":"product","link":"https:\/\/www.la-roque-bandol.com\/en\/shop\/vacuvin-giftset-pompe-noire-2-bouchons\/","title":{"rendered":"Vacuvin Giftset \u2013 Pompe noire &#038; deux bouchons"},"content":{"rendered":"<p class=\"\" data-start=\"61\" data-end=\"458\">Le Vacuvin Giftpack comprend une pompe \u00e0 vide et deux bouchons pour conserver vos bouteilles de vin ou de champagne entam\u00e9es. Id\u00e9al pour prolonger la fra\u00eecheur et le go\u00fbt de vos vins pr\u00e9f\u00e9r\u00e9s, ce kit est facile \u00e0 utiliser : placez un bouchon sur la bouteille, positionnez la pompe dessus, puis pompez jusqu\u2019\u00e0 ressentir la r\u00e9sistance, cr\u00e9ant ainsi un vide d\u2019air qui pr\u00e9serve le vin plusieurs jours.<\/p>\n<p class=\"\" data-start=\"460\" data-end=\"641\">Les bouchons, compatibles avec toutes les bouteilles standard, sont fabriqu\u00e9s en mat\u00e9riau de qualit\u00e9 alimentaire, garantissant une conservation optimale et s\u00fbre de vos crus entam\u00e9s.<\/p>\n<h3 data-start=\"575\" data-end=\"597\">Caract\u00e9ristiques<\/h3>\n<ul>\n<li data-start=\"600\" data-end=\"633\">Mati\u00e8re : plastique alimentaire<\/li>\n<li data-start=\"600\" data-end=\"633\">Nettoyage \u00e0 la main recommand\u00e9<\/li>\n<\/ul>\n<p class=\"\" data-start=\"833\" data-end=\"878\">\n","protected":false},"excerpt":{"rendered":"<p>Le Vacuvin Giftpack comprend une pompe \u00e0 vide et deux bouchons pour conserver vos bouteilles de vin ou de champagne entam\u00e9es. Id\u00e9al pour prolonger la fra\u00eecheur et le go\u00fbt de vos vins pr\u00e9f\u00e9r\u00e9s, ce kit est facile \u00e0 utiliser : placez un bouchon sur la bouteille, positionnez la pompe dessus, puis pompez jusqu\u2019\u00e0 ressentir la&hellip;<\/p>\n","protected":false},"featured_media":17902,"comment_status":"closed","ping_status":"closed","template":"","meta":{"_acf_changed":false},"product_brand":[619,620,621,622],"product_cat":[434],"product_tag":[],"class_list":{"0":"post-17668","1":"product","2":"type-product","3":"status-publish","4":"has-post-thumbnail","6":"product_brand-customer","7":"product_brand-customer_club","8":"product_brand-customer_grossiste","9":"product_brand-customer_pro","10":"product_cat-accessoires","12":"first","13":"instock","14":"taxable","15":"shipping-taxable","16":"purchasable","17":"product-type-simple","18":"add-to-wishlist-before_image"},"group_of_quantity":0,"min_quantity":0,"max_quantity":"","exclude_order_quantity_value_rules":"no","exclude_category_quantity_rules":"no","combine_variations":"no","acf":[],"yoast_head":"<!-- This site is optimized with the Yoast SEO plugin v27.3 - https:\/\/yoast.com\/product\/yoast-seo-wordpress\/ -->\n<title>Vacuvin Giftset \u2013 Pompe noire &amp; deux bouchons<\/title>\n<meta name=\"description\" content=\"Vacuvin Giftset \u2013 Pompe noire &amp; deux bouchons un indispensable pour conserver vos vins apr\u00e8s ouverture. Livraison offerte d\u00e8s 200\u20ac d\u2019achats.\" \/>\n<meta name=\"robots\" content=\"index, follow, max-snippet:-1, max-image-preview:large, max-video-preview:-1\" \/>\n<link rel=\"canonical\" href=\"https:\/\/www.la-roque-bandol.com\/en\/shop\/vacuvin-giftset-pompe-noire-2-bouchons\/\" \/>\n<meta property=\"og:locale\" content=\"en_US\" \/>\n<meta property=\"og:type\" content=\"article\" \/>\n<meta property=\"og:title\" content=\"Vacuvin Giftset \u2013 Pompe noire &amp; deux bouchons\" \/>\n<meta property=\"og:description\" content=\"Vacuvin Giftset \u2013 Pompe noire &amp; deux bouchons un indispensable pour conserver vos vins apr\u00e8s ouverture. Livraison offerte d\u00e8s 200\u20ac d\u2019achats.\" \/>\n<meta property=\"og:url\" content=\"https:\/\/www.la-roque-bandol.com\/en\/shop\/vacuvin-giftset-pompe-noire-2-bouchons\/\" \/>\n<meta property=\"og:site_name\" content=\"Moulin de la Roque\" \/>\n<meta property=\"article:modified_time\" content=\"2025-09-03T07:54:05+00:00\" \/>\n<meta property=\"og:image\" content=\"https:\/\/www.la-roque-bandol.com\/wp-content\/uploads\/2022\/11\/vacuvin-1-pompe-noire-et-2-bouchons-giftpack-2.jpg\" \/>\n\t<meta property=\"og:image:width\" content=\"800\" \/>\n\t<meta property=\"og:image:height\" content=\"800\" \/>\n\t<meta property=\"og:image:type\" content=\"image\/jpeg\" \/>\n<meta name=\"twitter:card\" content=\"summary_large_image\" \/>\n<meta name=\"twitter:label1\" content=\"Est. reading time\" \/>\n\t<meta name=\"twitter:data1\" content=\"1 minute\" \/>\n<script type=\"application\/ld+json\" class=\"yoast-schema-graph\">{\"@context\":\"https:\\\/\\\/schema.org\",\"@graph\":[{\"@type\":\"WebPage\",\"@id\":\"https:\\\/\\\/www.la-roque-bandol.com\\\/en\\\/shop\\\/vacuvin-giftset-pompe-noire-2-bouchons\\\/\",\"url\":\"https:\\\/\\\/www.la-roque-bandol.com\\\/en\\\/shop\\\/vacuvin-giftset-pompe-noire-2-bouchons\\\/\",\"name\":\"Vacuvin Giftset \u2013 Pompe noire & deux bouchons\",\"isPartOf\":{\"@id\":\"https:\\\/\\\/www.la-roque-bandol.com\\\/en\\\/#website\"},\"primaryImageOfPage\":{\"@id\":\"https:\\\/\\\/www.la-roque-bandol.com\\\/en\\\/shop\\\/vacuvin-giftset-pompe-noire-2-bouchons\\\/#primaryimage\"},\"image\":{\"@id\":\"https:\\\/\\\/www.la-roque-bandol.com\\\/en\\\/shop\\\/vacuvin-giftset-pompe-noire-2-bouchons\\\/#primaryimage\"},\"thumbnailUrl\":\"https:\\\/\\\/www.la-roque-bandol.com\\\/wp-content\\\/uploads\\\/2022\\\/11\\\/vacuvin-1-pompe-noire-et-2-bouchons-giftpack-2.jpg\",\"datePublished\":\"2025-05-21T12:37:49+00:00\",\"dateModified\":\"2025-09-03T07:54:05+00:00\",\"description\":\"Vacuvin Giftset \u2013 Pompe noire & deux bouchons un indispensable pour conserver vos vins apr\u00e8s ouverture. Livraison offerte d\u00e8s 200\u20ac d\u2019achats.\",\"breadcrumb\":{\"@id\":\"https:\\\/\\\/www.la-roque-bandol.com\\\/en\\\/shop\\\/vacuvin-giftset-pompe-noire-2-bouchons\\\/#breadcrumb\"},\"inLanguage\":\"en-US\",\"potentialAction\":[{\"@type\":\"ReadAction\",\"target\":[\"https:\\\/\\\/www.la-roque-bandol.com\\\/en\\\/shop\\\/vacuvin-giftset-pompe-noire-2-bouchons\\\/\"]}]},{\"@type\":\"ImageObject\",\"inLanguage\":\"en-US\",\"@id\":\"https:\\\/\\\/www.la-roque-bandol.com\\\/en\\\/shop\\\/vacuvin-giftset-pompe-noire-2-bouchons\\\/#primaryimage\",\"url\":\"https:\\\/\\\/www.la-roque-bandol.com\\\/wp-content\\\/uploads\\\/2022\\\/11\\\/vacuvin-1-pompe-noire-et-2-bouchons-giftpack-2.jpg\",\"contentUrl\":\"https:\\\/\\\/www.la-roque-bandol.com\\\/wp-content\\\/uploads\\\/2022\\\/11\\\/vacuvin-1-pompe-noire-et-2-bouchons-giftpack-2.jpg\",\"width\":800,\"height\":800,\"caption\":\"Vacuvin Giftset \u2013 Pompe noire & deux bouchons\"},{\"@type\":\"BreadcrumbList\",\"@id\":\"https:\\\/\\\/www.la-roque-bandol.com\\\/en\\\/shop\\\/vacuvin-giftset-pompe-noire-2-bouchons\\\/#breadcrumb\",\"itemListElement\":[{\"@type\":\"ListItem\",\"position\":1,\"name\":\"Accueil\",\"item\":\"https:\\\/\\\/www.la-roque-bandol.com\\\/en\\\/\"},{\"@type\":\"ListItem\",\"position\":2,\"name\":\"Shop\",\"item\":\"https:\\\/\\\/www.la-roque-bandol.com\\\/en\\\/shop\\\/\"},{\"@type\":\"ListItem\",\"position\":3,\"name\":\"Vacuvin Giftset \u2013 Pompe noire &#038; deux bouchons\"}]},{\"@type\":\"WebSite\",\"@id\":\"https:\\\/\\\/www.la-roque-bandol.com\\\/en\\\/#website\",\"url\":\"https:\\\/\\\/www.la-roque-bandol.com\\\/en\\\/\",\"name\":\"Moulin de la Roque\",\"description\":\"\",\"potentialAction\":[{\"@type\":\"SearchAction\",\"target\":{\"@type\":\"EntryPoint\",\"urlTemplate\":\"https:\\\/\\\/www.la-roque-bandol.com\\\/en\\\/?s={search_term_string}\"},\"query-input\":{\"@type\":\"PropertyValueSpecification\",\"valueRequired\":true,\"valueName\":\"search_term_string\"}}],\"inLanguage\":\"en-US\"}]}<\/script>\n<!-- \/ Yoast SEO plugin. -->","yoast_head_json":{"title":"Vacuvin Giftset \u2013 Pompe noire & deux bouchons","description":"Vacuvin Giftset \u2013 Pompe noire & deux bouchons un indispensable pour conserver vos vins apr\u00e8s ouverture. Livraison offerte d\u00e8s 200\u20ac d\u2019achats.","robots":{"index":"index","follow":"follow","max-snippet":"max-snippet:-1","max-image-preview":"max-image-preview:large","max-video-preview":"max-video-preview:-1"},"canonical":"https:\/\/www.la-roque-bandol.com\/en\/shop\/vacuvin-giftset-pompe-noire-2-bouchons\/","og_locale":"en_US","og_type":"article","og_title":"Vacuvin Giftset \u2013 Pompe noire & deux bouchons","og_description":"Vacuvin Giftset \u2013 Pompe noire & deux bouchons un indispensable pour conserver vos vins apr\u00e8s ouverture. Livraison offerte d\u00e8s 200\u20ac d\u2019achats.","og_url":"https:\/\/www.la-roque-bandol.com\/en\/shop\/vacuvin-giftset-pompe-noire-2-bouchons\/","og_site_name":"Moulin de la Roque","article_modified_time":"2025-09-03T07:54:05+00:00","og_image":[{"width":800,"height":800,"url":"https:\/\/www.la-roque-bandol.com\/wp-content\/uploads\/2022\/11\/vacuvin-1-pompe-noire-et-2-bouchons-giftpack-2.jpg","type":"image\/jpeg"}],"twitter_card":"summary_large_image","twitter_misc":{"Est. reading time":"1 minute"},"schema":{"@context":"https:\/\/schema.org","@graph":[{"@type":"WebPage","@id":"https:\/\/www.la-roque-bandol.com\/en\/shop\/vacuvin-giftset-pompe-noire-2-bouchons\/","url":"https:\/\/www.la-roque-bandol.com\/en\/shop\/vacuvin-giftset-pompe-noire-2-bouchons\/","name":"Vacuvin Giftset \u2013 Pompe noire & deux bouchons","isPartOf":{"@id":"https:\/\/www.la-roque-bandol.com\/en\/#website"},"primaryImageOfPage":{"@id":"https:\/\/www.la-roque-bandol.com\/en\/shop\/vacuvin-giftset-pompe-noire-2-bouchons\/#primaryimage"},"image":{"@id":"https:\/\/www.la-roque-bandol.com\/en\/shop\/vacuvin-giftset-pompe-noire-2-bouchons\/#primaryimage"},"thumbnailUrl":"https:\/\/www.la-roque-bandol.com\/wp-content\/uploads\/2022\/11\/vacuvin-1-pompe-noire-et-2-bouchons-giftpack-2.jpg","datePublished":"2025-05-21T12:37:49+00:00","dateModified":"2025-09-03T07:54:05+00:00","description":"Vacuvin Giftset \u2013 Pompe noire & deux bouchons un indispensable pour conserver vos vins apr\u00e8s ouverture. Livraison offerte d\u00e8s 200\u20ac d\u2019achats.","breadcrumb":{"@id":"https:\/\/www.la-roque-bandol.com\/en\/shop\/vacuvin-giftset-pompe-noire-2-bouchons\/#breadcrumb"},"inLanguage":"en-US","potentialAction":[{"@type":"ReadAction","target":["https:\/\/www.la-roque-bandol.com\/en\/shop\/vacuvin-giftset-pompe-noire-2-bouchons\/"]}]},{"@type":"ImageObject","inLanguage":"en-US","@id":"https:\/\/www.la-roque-bandol.com\/en\/shop\/vacuvin-giftset-pompe-noire-2-bouchons\/#primaryimage","url":"https:\/\/www.la-roque-bandol.com\/wp-content\/uploads\/2022\/11\/vacuvin-1-pompe-noire-et-2-bouchons-giftpack-2.jpg","contentUrl":"https:\/\/www.la-roque-bandol.com\/wp-content\/uploads\/2022\/11\/vacuvin-1-pompe-noire-et-2-bouchons-giftpack-2.jpg","width":800,"height":800,"caption":"Vacuvin Giftset \u2013 Pompe noire & deux bouchons"},{"@type":"BreadcrumbList","@id":"https:\/\/www.la-roque-bandol.com\/en\/shop\/vacuvin-giftset-pompe-noire-2-bouchons\/#breadcrumb","itemListElement":[{"@type":"ListItem","position":1,"name":"Accueil","item":"https:\/\/www.la-roque-bandol.com\/en\/"},{"@type":"ListItem","position":2,"name":"Shop","item":"https:\/\/www.la-roque-bandol.com\/en\/shop\/"},{"@type":"ListItem","position":3,"name":"Vacuvin Giftset \u2013 Pompe noire &#038; deux bouchons"}]},{"@type":"WebSite","@id":"https:\/\/www.la-roque-bandol.com\/en\/#website","url":"https:\/\/www.la-roque-bandol.com\/en\/","name":"Moulin de la Roque","description":"","potentialAction":[{"@type":"SearchAction","target":{"@type":"EntryPoint","urlTemplate":"https:\/\/www.la-roque-bandol.com\/en\/?s={search_term_string}"},"query-input":{"@type":"PropertyValueSpecification","valueRequired":true,"valueName":"search_term_string"}}],"inLanguage":"en-US"}]}},"_links":{"self":[{"href":"https:\/\/www.la-roque-bandol.com\/en\/wp-json\/wp\/v2\/product\/17668","targetHints":{"allow":["GET"]}}],"collection":[{"href":"https:\/\/www.la-roque-bandol.com\/en\/wp-json\/wp\/v2\/product"}],"about":[{"href":"https:\/\/www.la-roque-bandol.com\/en\/wp-json\/wp\/v2\/types\/product"}],"replies":[{"embeddable":true,"href":"https:\/\/www.la-roque-bandol.com\/en\/wp-json\/wp\/v2\/comments?post=17668"}],"wp:featuredmedia":[{"embeddable":true,"href":"https:\/\/www.la-roque-bandol.com\/en\/wp-json\/wp\/v2\/media\/17902"}],"wp:attachment":[{"href":"https:\/\/www.la-roque-bandol.com\/en\/wp-json\/wp\/v2\/media?parent=17668"}],"wp:term":[{"taxonomy":"product_brand","embeddable":true,"href":"https:\/\/www.la-roque-bandol.com\/en\/wp-json\/wp\/v2\/product_brand?post=17668"},{"taxonomy":"product_cat","embeddable":true,"href":"https:\/\/www.la-roque-bandol.com\/en\/wp-json\/wp\/v2\/product_cat?post=17668"},{"taxonomy":"product_tag","embeddable":true,"href":"https:\/\/www.la-roque-bandol.com\/en\/wp-json\/wp\/v2\/product_tag?post=17668"}],"curies":[{"name":"wp","href":"https:\/\/api.w.org\/{rel}","templated":true}]}}