{"id":17662,"date":"2025-05-21T14:28:04","date_gmt":"2025-05-21T12:28:04","guid":{"rendered":"https:\/\/www.la-roque-bandol.com\/?post_type=product&#038;p=17662"},"modified":"2025-10-03T15:44:37","modified_gmt":"2025-10-03T13:44:37","slug":"set-de-3-anti-goutte-moulin-de-la-roque","status":"publish","type":"product","link":"https:\/\/www.la-roque-bandol.com\/en\/shop\/set-de-3-anti-goutte-moulin-de-la-roque\/","title":{"rendered":"Set de 3 &#8220;Anti-Goutte&#8221; Moulin de la Roque"},"content":{"rendered":"<h2 data-start=\"132\" data-end=\"394\">Servez votre vin sans en perdre une goutte<\/h2>\n<p class=\"\" data-start=\"272\" data-end=\"540\">Ce set de 3 Drops stop personnalis\u00e9s Moulin de la Roque est l\u2019alli\u00e9 id\u00e9al pour un service du vin propre et \u00e9l\u00e9gant. Fins, l\u00e9gers et efficaces, ces disques anti goutte s\u2019adaptent \u00e0 tous les cols de bouteille pour un versement fluide, sans \u00e9claboussure ni coulure. Id\u00e9al pour les particuliers, les professionnels du vin ou en cadeau<\/p>\n<p class=\"\" data-start=\"791\" data-end=\"830\">\u00a0R\u00e9utilisables<\/p>\n<p class=\"\" data-start=\"833\" data-end=\"878\">\n","protected":false},"excerpt":{"rendered":"<p>Servez votre vin sans en perdre une goutte Ce set de 3 Drops stop personnalis\u00e9s Moulin de la Roque est l\u2019alli\u00e9 id\u00e9al pour un service du vin propre et \u00e9l\u00e9gant. Fins, l\u00e9gers et efficaces, ces disques anti goutte s\u2019adaptent \u00e0 tous les cols de bouteille pour un versement fluide, sans \u00e9claboussure ni coulure. Id\u00e9al pour&hellip;<\/p>\n","protected":false},"featured_media":23373,"comment_status":"open","ping_status":"closed","template":"","meta":{"_acf_changed":false},"product_brand":[619,620,622],"product_cat":[434],"product_tag":[],"class_list":{"0":"post-17662","1":"product","2":"type-product","3":"status-publish","4":"has-post-thumbnail","6":"product_brand-customer","7":"product_brand-customer_club","8":"product_brand-customer_pro","9":"product_cat-accessoires","11":"first","12":"instock","13":"taxable","14":"shipping-taxable","15":"purchasable","16":"product-type-simple","17":"add-to-wishlist-before_image"},"group_of_quantity":0,"min_quantity":0,"max_quantity":"","exclude_order_quantity_value_rules":"no","exclude_category_quantity_rules":"no","combine_variations":"no","acf":[],"yoast_head":"<!-- This site is optimized with the Yoast SEO plugin v27.3 - https:\/\/yoast.com\/product\/yoast-seo-wordpress\/ -->\n<title>Set de 3 &quot;Anti-Goutte&quot; Moulin de la Roque<\/title>\n<meta name=\"description\" content=\"Set de 3 &quot;Anti-Goutte&quot; Moulin de la Roque pour servir le vin proprement, sans coulures ni taches. Accessoire indispensable pour tous les amateurs de vin.\" \/>\n<meta name=\"robots\" content=\"index, follow, max-snippet:-1, max-image-preview:large, max-video-preview:-1\" \/>\n<link rel=\"canonical\" href=\"https:\/\/www.la-roque-bandol.com\/en\/shop\/set-de-3-anti-goutte-moulin-de-la-roque\/\" \/>\n<meta property=\"og:locale\" content=\"en_US\" \/>\n<meta property=\"og:type\" content=\"article\" \/>\n<meta property=\"og:title\" content=\"Set de 3 &quot;Anti-Goutte&quot; Moulin de la Roque\" \/>\n<meta property=\"og:description\" content=\"Set de 3 &quot;Anti-Goutte&quot; Moulin de la Roque pour servir le vin proprement, sans coulures ni taches. Accessoire indispensable pour tous les amateurs de vin.\" \/>\n<meta property=\"og:url\" content=\"https:\/\/www.la-roque-bandol.com\/en\/shop\/set-de-3-anti-goutte-moulin-de-la-roque\/\" \/>\n<meta property=\"og:site_name\" content=\"Moulin de la Roque\" \/>\n<meta property=\"article:modified_time\" content=\"2025-10-03T13:44:37+00:00\" \/>\n<meta property=\"og:image\" content=\"https:\/\/www.la-roque-bandol.com\/wp-content\/uploads\/2025\/05\/Drop-stop-scaled-e1759498960123.png\" \/>\n\t<meta property=\"og:image:width\" content=\"400\" \/>\n\t<meta property=\"og:image:height\" content=\"391\" \/>\n\t<meta property=\"og:image:type\" content=\"image\/png\" \/>\n<meta name=\"twitter:card\" content=\"summary_large_image\" \/>\n<meta name=\"twitter:label1\" content=\"Est. reading time\" \/>\n\t<meta name=\"twitter:data1\" content=\"1 minute\" \/>\n<script type=\"application\/ld+json\" class=\"yoast-schema-graph\">{\"@context\":\"https:\\\/\\\/schema.org\",\"@graph\":[{\"@type\":\"WebPage\",\"@id\":\"https:\\\/\\\/www.la-roque-bandol.com\\\/en\\\/shop\\\/set-de-3-anti-goutte-moulin-de-la-roque\\\/\",\"url\":\"https:\\\/\\\/www.la-roque-bandol.com\\\/en\\\/shop\\\/set-de-3-anti-goutte-moulin-de-la-roque\\\/\",\"name\":\"Set de 3 \\\"Anti-Goutte\\\" Moulin de la Roque\",\"isPartOf\":{\"@id\":\"https:\\\/\\\/www.la-roque-bandol.com\\\/en\\\/#website\"},\"primaryImageOfPage\":{\"@id\":\"https:\\\/\\\/www.la-roque-bandol.com\\\/en\\\/shop\\\/set-de-3-anti-goutte-moulin-de-la-roque\\\/#primaryimage\"},\"image\":{\"@id\":\"https:\\\/\\\/www.la-roque-bandol.com\\\/en\\\/shop\\\/set-de-3-anti-goutte-moulin-de-la-roque\\\/#primaryimage\"},\"thumbnailUrl\":\"https:\\\/\\\/www.la-roque-bandol.com\\\/wp-content\\\/uploads\\\/2025\\\/05\\\/Drop-stop-scaled-e1759498960123.png\",\"datePublished\":\"2025-05-21T12:28:04+00:00\",\"dateModified\":\"2025-10-03T13:44:37+00:00\",\"description\":\"Set de 3 \\\"Anti-Goutte\\\" Moulin de la Roque pour servir le vin proprement, sans coulures ni taches. Accessoire indispensable pour tous les amateurs de vin.\",\"breadcrumb\":{\"@id\":\"https:\\\/\\\/www.la-roque-bandol.com\\\/en\\\/shop\\\/set-de-3-anti-goutte-moulin-de-la-roque\\\/#breadcrumb\"},\"inLanguage\":\"en-US\",\"potentialAction\":[{\"@type\":\"ReadAction\",\"target\":[\"https:\\\/\\\/www.la-roque-bandol.com\\\/en\\\/shop\\\/set-de-3-anti-goutte-moulin-de-la-roque\\\/\"]}]},{\"@type\":\"ImageObject\",\"inLanguage\":\"en-US\",\"@id\":\"https:\\\/\\\/www.la-roque-bandol.com\\\/en\\\/shop\\\/set-de-3-anti-goutte-moulin-de-la-roque\\\/#primaryimage\",\"url\":\"https:\\\/\\\/www.la-roque-bandol.com\\\/wp-content\\\/uploads\\\/2025\\\/05\\\/Drop-stop-scaled-e1759498960123.png\",\"contentUrl\":\"https:\\\/\\\/www.la-roque-bandol.com\\\/wp-content\\\/uploads\\\/2025\\\/05\\\/Drop-stop-scaled-e1759498960123.png\",\"width\":400,\"height\":391,\"caption\":\"Drop stop\"},{\"@type\":\"BreadcrumbList\",\"@id\":\"https:\\\/\\\/www.la-roque-bandol.com\\\/en\\\/shop\\\/set-de-3-anti-goutte-moulin-de-la-roque\\\/#breadcrumb\",\"itemListElement\":[{\"@type\":\"ListItem\",\"position\":1,\"name\":\"Accueil\",\"item\":\"https:\\\/\\\/www.la-roque-bandol.com\\\/en\\\/\"},{\"@type\":\"ListItem\",\"position\":2,\"name\":\"Shop\",\"item\":\"https:\\\/\\\/www.la-roque-bandol.com\\\/en\\\/shop\\\/\"},{\"@type\":\"ListItem\",\"position\":3,\"name\":\"Set de 3 \u00ab\u00a0Anti-Goutte\u00a0\u00bb Moulin de la Roque\"}]},{\"@type\":\"WebSite\",\"@id\":\"https:\\\/\\\/www.la-roque-bandol.com\\\/en\\\/#website\",\"url\":\"https:\\\/\\\/www.la-roque-bandol.com\\\/en\\\/\",\"name\":\"Moulin de la Roque\",\"description\":\"\",\"potentialAction\":[{\"@type\":\"SearchAction\",\"target\":{\"@type\":\"EntryPoint\",\"urlTemplate\":\"https:\\\/\\\/www.la-roque-bandol.com\\\/en\\\/?s={search_term_string}\"},\"query-input\":{\"@type\":\"PropertyValueSpecification\",\"valueRequired\":true,\"valueName\":\"search_term_string\"}}],\"inLanguage\":\"en-US\"}]}<\/script>\n<!-- \/ Yoast SEO plugin. -->","yoast_head_json":{"title":"Set de 3 \"Anti-Goutte\" Moulin de la Roque","description":"Set de 3 \"Anti-Goutte\" Moulin de la Roque pour servir le vin proprement, sans coulures ni taches. Accessoire indispensable pour tous les amateurs de vin.","robots":{"index":"index","follow":"follow","max-snippet":"max-snippet:-1","max-image-preview":"max-image-preview:large","max-video-preview":"max-video-preview:-1"},"canonical":"https:\/\/www.la-roque-bandol.com\/en\/shop\/set-de-3-anti-goutte-moulin-de-la-roque\/","og_locale":"en_US","og_type":"article","og_title":"Set de 3 \"Anti-Goutte\" Moulin de la Roque","og_description":"Set de 3 \"Anti-Goutte\" Moulin de la Roque pour servir le vin proprement, sans coulures ni taches. Accessoire indispensable pour tous les amateurs de vin.","og_url":"https:\/\/www.la-roque-bandol.com\/en\/shop\/set-de-3-anti-goutte-moulin-de-la-roque\/","og_site_name":"Moulin de la Roque","article_modified_time":"2025-10-03T13:44:37+00:00","og_image":[{"width":400,"height":391,"url":"https:\/\/www.la-roque-bandol.com\/wp-content\/uploads\/2025\/05\/Drop-stop-scaled-e1759498960123.png","type":"image\/png"}],"twitter_card":"summary_large_image","twitter_misc":{"Est. reading time":"1 minute"},"schema":{"@context":"https:\/\/schema.org","@graph":[{"@type":"WebPage","@id":"https:\/\/www.la-roque-bandol.com\/en\/shop\/set-de-3-anti-goutte-moulin-de-la-roque\/","url":"https:\/\/www.la-roque-bandol.com\/en\/shop\/set-de-3-anti-goutte-moulin-de-la-roque\/","name":"Set de 3 \"Anti-Goutte\" Moulin de la Roque","isPartOf":{"@id":"https:\/\/www.la-roque-bandol.com\/en\/#website"},"primaryImageOfPage":{"@id":"https:\/\/www.la-roque-bandol.com\/en\/shop\/set-de-3-anti-goutte-moulin-de-la-roque\/#primaryimage"},"image":{"@id":"https:\/\/www.la-roque-bandol.com\/en\/shop\/set-de-3-anti-goutte-moulin-de-la-roque\/#primaryimage"},"thumbnailUrl":"https:\/\/www.la-roque-bandol.com\/wp-content\/uploads\/2025\/05\/Drop-stop-scaled-e1759498960123.png","datePublished":"2025-05-21T12:28:04+00:00","dateModified":"2025-10-03T13:44:37+00:00","description":"Set de 3 \"Anti-Goutte\" Moulin de la Roque pour servir le vin proprement, sans coulures ni taches. Accessoire indispensable pour tous les amateurs de vin.","breadcrumb":{"@id":"https:\/\/www.la-roque-bandol.com\/en\/shop\/set-de-3-anti-goutte-moulin-de-la-roque\/#breadcrumb"},"inLanguage":"en-US","potentialAction":[{"@type":"ReadAction","target":["https:\/\/www.la-roque-bandol.com\/en\/shop\/set-de-3-anti-goutte-moulin-de-la-roque\/"]}]},{"@type":"ImageObject","inLanguage":"en-US","@id":"https:\/\/www.la-roque-bandol.com\/en\/shop\/set-de-3-anti-goutte-moulin-de-la-roque\/#primaryimage","url":"https:\/\/www.la-roque-bandol.com\/wp-content\/uploads\/2025\/05\/Drop-stop-scaled-e1759498960123.png","contentUrl":"https:\/\/www.la-roque-bandol.com\/wp-content\/uploads\/2025\/05\/Drop-stop-scaled-e1759498960123.png","width":400,"height":391,"caption":"Drop stop"},{"@type":"BreadcrumbList","@id":"https:\/\/www.la-roque-bandol.com\/en\/shop\/set-de-3-anti-goutte-moulin-de-la-roque\/#breadcrumb","itemListElement":[{"@type":"ListItem","position":1,"name":"Accueil","item":"https:\/\/www.la-roque-bandol.com\/en\/"},{"@type":"ListItem","position":2,"name":"Shop","item":"https:\/\/www.la-roque-bandol.com\/en\/shop\/"},{"@type":"ListItem","position":3,"name":"Set de 3 \u00ab\u00a0Anti-Goutte\u00a0\u00bb Moulin de la Roque"}]},{"@type":"WebSite","@id":"https:\/\/www.la-roque-bandol.com\/en\/#website","url":"https:\/\/www.la-roque-bandol.com\/en\/","name":"Moulin de la Roque","description":"","potentialAction":[{"@type":"SearchAction","target":{"@type":"EntryPoint","urlTemplate":"https:\/\/www.la-roque-bandol.com\/en\/?s={search_term_string}"},"query-input":{"@type":"PropertyValueSpecification","valueRequired":true,"valueName":"search_term_string"}}],"inLanguage":"en-US"}]}},"_links":{"self":[{"href":"https:\/\/www.la-roque-bandol.com\/en\/wp-json\/wp\/v2\/product\/17662","targetHints":{"allow":["GET"]}}],"collection":[{"href":"https:\/\/www.la-roque-bandol.com\/en\/wp-json\/wp\/v2\/product"}],"about":[{"href":"https:\/\/www.la-roque-bandol.com\/en\/wp-json\/wp\/v2\/types\/product"}],"replies":[{"embeddable":true,"href":"https:\/\/www.la-roque-bandol.com\/en\/wp-json\/wp\/v2\/comments?post=17662"}],"wp:featuredmedia":[{"embeddable":true,"href":"https:\/\/www.la-roque-bandol.com\/en\/wp-json\/wp\/v2\/media\/23373"}],"wp:attachment":[{"href":"https:\/\/www.la-roque-bandol.com\/en\/wp-json\/wp\/v2\/media?parent=17662"}],"wp:term":[{"taxonomy":"product_brand","embeddable":true,"href":"https:\/\/www.la-roque-bandol.com\/en\/wp-json\/wp\/v2\/product_brand?post=17662"},{"taxonomy":"product_cat","embeddable":true,"href":"https:\/\/www.la-roque-bandol.com\/en\/wp-json\/wp\/v2\/product_cat?post=17662"},{"taxonomy":"product_tag","embeddable":true,"href":"https:\/\/www.la-roque-bandol.com\/en\/wp-json\/wp\/v2\/product_tag?post=17662"}],"curies":[{"name":"wp","href":"https:\/\/api.w.org\/{rel}","templated":true}]}}