{"id":17642,"date":"2025-05-21T11:30:59","date_gmt":"2025-05-21T09:30:59","guid":{"rendered":"https:\/\/www.la-roque-bandol.com\/?post_type=product&#038;p=17642"},"modified":"2025-09-03T10:34:40","modified_gmt":"2025-09-03T08:34:40","slug":"coffret-sommelier-bamboo-1-bouteille","status":"publish","type":"product","link":"https:\/\/www.la-roque-bandol.com\/en\/shop\/coffret-sommelier-bamboo-1-bouteille\/","title":{"rendered":"Coffret Sommelier Bamboo 1 bouteille"},"content":{"rendered":"<p class=\"\" data-start=\"259\" data-end=\"515\">Ce coffret en bambou pour une bouteille inclus 3 accessoires :\u00a0un coupe capsule m\u00e9tal, un sommelier \u00e0 syst\u00e8me double-appui tout m\u00e9tal \u00e9galement et un a\u00e9rateur \u00e0 vin. En plus d&#8217;\u00eatre complet, il est pratique solide et respectueux de l&#8217;environnement.<\/p>\n<p class=\"\" data-start=\"517\" data-end=\"805\">Design soign\u00e9 avec un couvercle \u00e0 charni\u00e8res et un int\u00e9rieur am\u00e9nag\u00e9 pour accueillir vos accessoires de d\u00e9gustation avec s\u00e9curit\u00e9 et style.<\/p>\n<p>Calage amovible pour un maintien s\u00e9curis\u00e9 de la bouteille<\/p>\n<p>Bouteille non incluse<\/p>\n<h3>Caract\u00e9ristiques<\/h3>\n<ul>\n<li data-start=\"707\" data-end=\"759\"><strong data-start=\"707\" data-end=\"719\">Mat\u00e9riau<\/strong> : bois ou MDF finition bambou naturel<\/li>\n<li data-start=\"707\" data-end=\"759\"><strong data-start=\"762\" data-end=\"788\">Couvercle \u00e0 charni\u00e8res<\/strong> : ouverture facile et \u00e9l\u00e9gante<\/li>\n<li data-start=\"707\" data-end=\"759\"><b>Capacit\u00e9<\/b>: 1 bouteille standard 75 cl<\/li>\n<li data-start=\"707\" data-end=\"759\"><strong>Dimensions Int\u00e9rieures<\/strong> : 13 x 12 x 37<\/li>\n<li data-start=\"707\" data-end=\"759\"><strong>Accessoires inclus<\/strong> : 3 accessoires de d\u00e9gustation : un coupe capsule m\u00e9tal, un sommelier \u00e0 syst\u00e8me double-appui tout m\u00e9tal et un a\u00e9rateur \u00e0 vin.<\/li>\n<\/ul>\n","protected":false},"excerpt":{"rendered":"<p>Ce coffret en bambou pour une bouteille inclus 3 accessoires :\u00a0un coupe capsule m\u00e9tal, un sommelier \u00e0 syst\u00e8me double-appui tout m\u00e9tal \u00e9galement et un a\u00e9rateur \u00e0 vin. En plus d&#8217;\u00eatre complet, il est pratique solide et respectueux de l&#8217;environnement. Design soign\u00e9 avec un couvercle \u00e0 charni\u00e8res et un int\u00e9rieur am\u00e9nag\u00e9 pour accueillir vos accessoires de&hellip;<\/p>\n","protected":false},"featured_media":17650,"comment_status":"closed","ping_status":"closed","template":"","meta":{"_acf_changed":false},"product_brand":[619,620,621,622],"product_cat":[597],"product_tag":[],"class_list":{"0":"post-17642","1":"product","2":"type-product","3":"status-publish","4":"has-post-thumbnail","6":"product_brand-customer","7":"product_brand-customer_club","8":"product_brand-customer_grossiste","9":"product_brand-customer_pro","10":"product_cat-idees-cadeaux","12":"first","13":"instock","14":"taxable","15":"shipping-taxable","16":"purchasable","17":"product-type-simple","18":"add-to-wishlist-before_image"},"group_of_quantity":0,"min_quantity":0,"max_quantity":"","exclude_order_quantity_value_rules":"no","exclude_category_quantity_rules":"no","combine_variations":"no","acf":[],"yoast_head":"<!-- This site is optimized with the Yoast SEO plugin v27.3 - https:\/\/yoast.com\/product\/yoast-seo-wordpress\/ -->\n<title>Coffret Sommelier<\/title>\n<meta name=\"description\" content=\"Coffret sommelier en bambou pour 1 bouteille avec un coupe capsule m\u00e9tal, un sommelier \u00e0 syst\u00e8me double appui et un a\u00e9rateur \u00e0 vin.\" \/>\n<meta name=\"robots\" content=\"index, follow, max-snippet:-1, max-image-preview:large, max-video-preview:-1\" \/>\n<link rel=\"canonical\" href=\"https:\/\/www.la-roque-bandol.com\/en\/shop\/coffret-sommelier-bamboo-1-bouteille\/\" \/>\n<meta property=\"og:locale\" content=\"en_US\" \/>\n<meta property=\"og:type\" content=\"article\" \/>\n<meta property=\"og:title\" content=\"Coffret Sommelier\" \/>\n<meta property=\"og:description\" content=\"Coffret sommelier en bambou pour 1 bouteille avec un coupe capsule m\u00e9tal, un sommelier \u00e0 syst\u00e8me double appui et un a\u00e9rateur \u00e0 vin.\" \/>\n<meta property=\"og:url\" content=\"https:\/\/www.la-roque-bandol.com\/en\/shop\/coffret-sommelier-bamboo-1-bouteille\/\" \/>\n<meta property=\"og:site_name\" content=\"Moulin de la Roque\" \/>\n<meta property=\"article:modified_time\" content=\"2025-09-03T08:34:40+00:00\" \/>\n<meta property=\"og:image\" content=\"https:\/\/www.la-roque-bandol.com\/wp-content\/uploads\/2025\/05\/coffret-bamboo-1.webp\" \/>\n\t<meta property=\"og:image:width\" content=\"1600\" \/>\n\t<meta property=\"og:image:height\" content=\"1254\" \/>\n\t<meta property=\"og:image:type\" content=\"image\/webp\" \/>\n<meta name=\"twitter:card\" content=\"summary_large_image\" \/>\n<meta name=\"twitter:label1\" content=\"Est. reading time\" \/>\n\t<meta name=\"twitter:data1\" content=\"1 minute\" \/>\n<script type=\"application\/ld+json\" class=\"yoast-schema-graph\">{\"@context\":\"https:\\\/\\\/schema.org\",\"@graph\":[{\"@type\":\"WebPage\",\"@id\":\"https:\\\/\\\/www.la-roque-bandol.com\\\/en\\\/shop\\\/coffret-sommelier-bamboo-1-bouteille\\\/\",\"url\":\"https:\\\/\\\/www.la-roque-bandol.com\\\/en\\\/shop\\\/coffret-sommelier-bamboo-1-bouteille\\\/\",\"name\":\"Coffret Sommelier\",\"isPartOf\":{\"@id\":\"https:\\\/\\\/www.la-roque-bandol.com\\\/en\\\/#website\"},\"primaryImageOfPage\":{\"@id\":\"https:\\\/\\\/www.la-roque-bandol.com\\\/en\\\/shop\\\/coffret-sommelier-bamboo-1-bouteille\\\/#primaryimage\"},\"image\":{\"@id\":\"https:\\\/\\\/www.la-roque-bandol.com\\\/en\\\/shop\\\/coffret-sommelier-bamboo-1-bouteille\\\/#primaryimage\"},\"thumbnailUrl\":\"https:\\\/\\\/www.la-roque-bandol.com\\\/wp-content\\\/uploads\\\/2025\\\/05\\\/coffret-bamboo-1.webp\",\"datePublished\":\"2025-05-21T09:30:59+00:00\",\"dateModified\":\"2025-09-03T08:34:40+00:00\",\"description\":\"Coffret sommelier en bambou pour 1 bouteille avec un coupe capsule m\u00e9tal, un sommelier \u00e0 syst\u00e8me double appui et un a\u00e9rateur \u00e0 vin.\",\"breadcrumb\":{\"@id\":\"https:\\\/\\\/www.la-roque-bandol.com\\\/en\\\/shop\\\/coffret-sommelier-bamboo-1-bouteille\\\/#breadcrumb\"},\"inLanguage\":\"en-US\",\"potentialAction\":[{\"@type\":\"ReadAction\",\"target\":[\"https:\\\/\\\/www.la-roque-bandol.com\\\/en\\\/shop\\\/coffret-sommelier-bamboo-1-bouteille\\\/\"]}]},{\"@type\":\"ImageObject\",\"inLanguage\":\"en-US\",\"@id\":\"https:\\\/\\\/www.la-roque-bandol.com\\\/en\\\/shop\\\/coffret-sommelier-bamboo-1-bouteille\\\/#primaryimage\",\"url\":\"https:\\\/\\\/www.la-roque-bandol.com\\\/wp-content\\\/uploads\\\/2025\\\/05\\\/coffret-bamboo-1.webp\",\"contentUrl\":\"https:\\\/\\\/www.la-roque-bandol.com\\\/wp-content\\\/uploads\\\/2025\\\/05\\\/coffret-bamboo-1.webp\",\"width\":1600,\"height\":1254,\"caption\":\"Coffret sommelier en bambou\"},{\"@type\":\"BreadcrumbList\",\"@id\":\"https:\\\/\\\/www.la-roque-bandol.com\\\/en\\\/shop\\\/coffret-sommelier-bamboo-1-bouteille\\\/#breadcrumb\",\"itemListElement\":[{\"@type\":\"ListItem\",\"position\":1,\"name\":\"Accueil\",\"item\":\"https:\\\/\\\/www.la-roque-bandol.com\\\/en\\\/\"},{\"@type\":\"ListItem\",\"position\":2,\"name\":\"Shop\",\"item\":\"https:\\\/\\\/www.la-roque-bandol.com\\\/en\\\/shop\\\/\"},{\"@type\":\"ListItem\",\"position\":3,\"name\":\"Coffret Sommelier Bamboo 1 bouteille\"}]},{\"@type\":\"WebSite\",\"@id\":\"https:\\\/\\\/www.la-roque-bandol.com\\\/en\\\/#website\",\"url\":\"https:\\\/\\\/www.la-roque-bandol.com\\\/en\\\/\",\"name\":\"Moulin de la Roque\",\"description\":\"\",\"potentialAction\":[{\"@type\":\"SearchAction\",\"target\":{\"@type\":\"EntryPoint\",\"urlTemplate\":\"https:\\\/\\\/www.la-roque-bandol.com\\\/en\\\/?s={search_term_string}\"},\"query-input\":{\"@type\":\"PropertyValueSpecification\",\"valueRequired\":true,\"valueName\":\"search_term_string\"}}],\"inLanguage\":\"en-US\"}]}<\/script>\n<!-- \/ Yoast SEO plugin. -->","yoast_head_json":{"title":"Coffret Sommelier","description":"Coffret sommelier en bambou pour 1 bouteille avec un coupe capsule m\u00e9tal, un sommelier \u00e0 syst\u00e8me double appui et un a\u00e9rateur \u00e0 vin.","robots":{"index":"index","follow":"follow","max-snippet":"max-snippet:-1","max-image-preview":"max-image-preview:large","max-video-preview":"max-video-preview:-1"},"canonical":"https:\/\/www.la-roque-bandol.com\/en\/shop\/coffret-sommelier-bamboo-1-bouteille\/","og_locale":"en_US","og_type":"article","og_title":"Coffret Sommelier","og_description":"Coffret sommelier en bambou pour 1 bouteille avec un coupe capsule m\u00e9tal, un sommelier \u00e0 syst\u00e8me double appui et un a\u00e9rateur \u00e0 vin.","og_url":"https:\/\/www.la-roque-bandol.com\/en\/shop\/coffret-sommelier-bamboo-1-bouteille\/","og_site_name":"Moulin de la Roque","article_modified_time":"2025-09-03T08:34:40+00:00","og_image":[{"width":1600,"height":1254,"url":"https:\/\/www.la-roque-bandol.com\/wp-content\/uploads\/2025\/05\/coffret-bamboo-1.webp","type":"image\/webp"}],"twitter_card":"summary_large_image","twitter_misc":{"Est. reading time":"1 minute"},"schema":{"@context":"https:\/\/schema.org","@graph":[{"@type":"WebPage","@id":"https:\/\/www.la-roque-bandol.com\/en\/shop\/coffret-sommelier-bamboo-1-bouteille\/","url":"https:\/\/www.la-roque-bandol.com\/en\/shop\/coffret-sommelier-bamboo-1-bouteille\/","name":"Coffret Sommelier","isPartOf":{"@id":"https:\/\/www.la-roque-bandol.com\/en\/#website"},"primaryImageOfPage":{"@id":"https:\/\/www.la-roque-bandol.com\/en\/shop\/coffret-sommelier-bamboo-1-bouteille\/#primaryimage"},"image":{"@id":"https:\/\/www.la-roque-bandol.com\/en\/shop\/coffret-sommelier-bamboo-1-bouteille\/#primaryimage"},"thumbnailUrl":"https:\/\/www.la-roque-bandol.com\/wp-content\/uploads\/2025\/05\/coffret-bamboo-1.webp","datePublished":"2025-05-21T09:30:59+00:00","dateModified":"2025-09-03T08:34:40+00:00","description":"Coffret sommelier en bambou pour 1 bouteille avec un coupe capsule m\u00e9tal, un sommelier \u00e0 syst\u00e8me double appui et un a\u00e9rateur \u00e0 vin.","breadcrumb":{"@id":"https:\/\/www.la-roque-bandol.com\/en\/shop\/coffret-sommelier-bamboo-1-bouteille\/#breadcrumb"},"inLanguage":"en-US","potentialAction":[{"@type":"ReadAction","target":["https:\/\/www.la-roque-bandol.com\/en\/shop\/coffret-sommelier-bamboo-1-bouteille\/"]}]},{"@type":"ImageObject","inLanguage":"en-US","@id":"https:\/\/www.la-roque-bandol.com\/en\/shop\/coffret-sommelier-bamboo-1-bouteille\/#primaryimage","url":"https:\/\/www.la-roque-bandol.com\/wp-content\/uploads\/2025\/05\/coffret-bamboo-1.webp","contentUrl":"https:\/\/www.la-roque-bandol.com\/wp-content\/uploads\/2025\/05\/coffret-bamboo-1.webp","width":1600,"height":1254,"caption":"Coffret sommelier en bambou"},{"@type":"BreadcrumbList","@id":"https:\/\/www.la-roque-bandol.com\/en\/shop\/coffret-sommelier-bamboo-1-bouteille\/#breadcrumb","itemListElement":[{"@type":"ListItem","position":1,"name":"Accueil","item":"https:\/\/www.la-roque-bandol.com\/en\/"},{"@type":"ListItem","position":2,"name":"Shop","item":"https:\/\/www.la-roque-bandol.com\/en\/shop\/"},{"@type":"ListItem","position":3,"name":"Coffret Sommelier Bamboo 1 bouteille"}]},{"@type":"WebSite","@id":"https:\/\/www.la-roque-bandol.com\/en\/#website","url":"https:\/\/www.la-roque-bandol.com\/en\/","name":"Moulin de la Roque","description":"","potentialAction":[{"@type":"SearchAction","target":{"@type":"EntryPoint","urlTemplate":"https:\/\/www.la-roque-bandol.com\/en\/?s={search_term_string}"},"query-input":{"@type":"PropertyValueSpecification","valueRequired":true,"valueName":"search_term_string"}}],"inLanguage":"en-US"}]}},"_links":{"self":[{"href":"https:\/\/www.la-roque-bandol.com\/en\/wp-json\/wp\/v2\/product\/17642","targetHints":{"allow":["GET"]}}],"collection":[{"href":"https:\/\/www.la-roque-bandol.com\/en\/wp-json\/wp\/v2\/product"}],"about":[{"href":"https:\/\/www.la-roque-bandol.com\/en\/wp-json\/wp\/v2\/types\/product"}],"replies":[{"embeddable":true,"href":"https:\/\/www.la-roque-bandol.com\/en\/wp-json\/wp\/v2\/comments?post=17642"}],"wp:featuredmedia":[{"embeddable":true,"href":"https:\/\/www.la-roque-bandol.com\/en\/wp-json\/wp\/v2\/media\/17650"}],"wp:attachment":[{"href":"https:\/\/www.la-roque-bandol.com\/en\/wp-json\/wp\/v2\/media?parent=17642"}],"wp:term":[{"taxonomy":"product_brand","embeddable":true,"href":"https:\/\/www.la-roque-bandol.com\/en\/wp-json\/wp\/v2\/product_brand?post=17642"},{"taxonomy":"product_cat","embeddable":true,"href":"https:\/\/www.la-roque-bandol.com\/en\/wp-json\/wp\/v2\/product_cat?post=17642"},{"taxonomy":"product_tag","embeddable":true,"href":"https:\/\/www.la-roque-bandol.com\/en\/wp-json\/wp\/v2\/product_tag?post=17642"}],"curies":[{"name":"wp","href":"https:\/\/api.w.org\/{rel}","templated":true}]}}