{"id":17579,"date":"2025-05-21T08:57:14","date_gmt":"2025-05-21T06:57:14","guid":{"rendered":"https:\/\/www.la-roque-bandol.com\/?post_type=product&#038;p=17579"},"modified":"2025-10-03T16:54:19","modified_gmt":"2025-10-03T14:54:19","slug":"ice-bag-sac-a-glacons","status":"publish","type":"product","link":"https:\/\/www.la-roque-bandol.com\/en\/shop\/ice-bag-sac-a-glacons\/","title":{"rendered":"Sac \u00e0 Gla\u00e7ons &#8220;Ice Bag&#8221;"},"content":{"rendered":"<div>\n<div class=\"summary__title\">\n<div>\n<div class=\"summary__title\">\n<h3 data-start=\"0\" data-end=\"59\">RAFRA\u00ceCHIR, TRANSPORTER, R\u00c9UTILISER<\/h3>\n<p class=\"\" data-start=\"153\" data-end=\"370\">Pratique et l\u00e9ger, ce sac \u00e0 gla\u00e7ons transparent permet de rafra\u00eechir une bouteille en toute simplicit\u00e9. Parfait pour les \u00e9v\u00e9nements, il est r\u00e9utilisable, r\u00e9sistant et facile \u00e0 transporter gr\u00e2ce \u00e0 ses poign\u00e9es solides.<\/p>\n<\/div>\n<\/div>\n<div id=\"ProductAccordion-9d96921b-2455-4b78-a217-358dcdf0fda6-template--22435020603717__main\" class=\"accordion__content rte\">\n<h3 style=\"text-align: left;\">Caract\u00e9ristiques<\/h3>\n<div id=\"ProductAccordion-9d96921b-2455-4b78-a217-358dcdf0fda6-template--22435020603717__main\" class=\"accordion__content rte\">\n<ul>\n<li data-start=\"885\" data-end=\"907\"><strong>Capacit\u00e9<\/strong>: 1 bouteille<\/li>\n<li data-start=\"885\" data-end=\"907\"><strong>Utilisation<\/strong> : \u00c0 remplir avec eau + gla\u00e7ons<\/li>\n<li data-start=\"885\" data-end=\"907\"><strong>Mati\u00e8re<\/strong> : PVC transparent<\/li>\n<li data-start=\"885\" data-end=\"907\"><strong data-start=\"987\" data-end=\"1000\">Entretien<\/strong> : Nettoyage \u00e0 la main recommand\u00e9<\/li>\n<\/ul>\n<\/div>\n<\/div>\n<\/div>\n<\/div>\n<div id=\"ProductAccordion-9d96921b-2455-4b78-a217-358dcdf0fda6-template--22435020603717__main\" class=\"accordion__content rte\">\n<div id=\"ProductAccordion-9d96921b-2455-4b78-a217-358dcdf0fda6-template--22435020603717__main\" class=\"accordion__content rte\">\n<p>&nbsp;<\/p>\n<\/div>\n<\/div>\n","protected":false},"excerpt":{"rendered":"<p>RAFRA\u00ceCHIR, TRANSPORTER, R\u00c9UTILISER Pratique et l\u00e9ger, ce sac \u00e0 gla\u00e7ons transparent permet de rafra\u00eechir une bouteille en toute simplicit\u00e9. Parfait pour les \u00e9v\u00e9nements, il est r\u00e9utilisable, r\u00e9sistant et facile \u00e0 transporter gr\u00e2ce \u00e0 ses poign\u00e9es solides. Caract\u00e9ristiques Capacit\u00e9: 1 bouteille Utilisation : \u00c0 remplir avec eau + gla\u00e7ons Mati\u00e8re : PVC transparent Entretien : Nettoyage&hellip;<\/p>\n","protected":false},"featured_media":23381,"comment_status":"closed","ping_status":"closed","template":"","meta":{"_acf_changed":false},"product_brand":[619,620,621,622],"product_cat":[434],"product_tag":[],"class_list":{"0":"post-17579","1":"product","2":"type-product","3":"status-publish","4":"has-post-thumbnail","6":"product_brand-customer","7":"product_brand-customer_club","8":"product_brand-customer_grossiste","9":"product_brand-customer_pro","10":"product_cat-accessoires","12":"first","13":"instock","14":"taxable","15":"shipping-taxable","16":"purchasable","17":"product-type-variable","18":"has-default-attributes","19":"add-to-wishlist-before_image"},"group_of_quantity":0,"min_quantity":0,"max_quantity":"","exclude_order_quantity_value_rules":"no","exclude_category_quantity_rules":"no","combine_variations":"no","acf":[],"yoast_head":"<!-- This site is optimized with the Yoast SEO plugin v27.5 - https:\/\/yoast.com\/product\/yoast-seo-wordpress\/ -->\n<title>Sac \u00e0 Gla\u00e7ons &quot;Ice Bag&quot;<\/title>\n<meta name=\"description\" content=\"Sac \u00e0 Gla\u00e7ons &quot;Ice Bag&quot; est pratique et r\u00e9utilisable, parfait pour garder vos boissons fra\u00eeches lors de vos repas et ap\u00e9ritifs.\" \/>\n<meta name=\"robots\" content=\"index, follow, max-snippet:-1, max-image-preview:large, max-video-preview:-1\" \/>\n<link rel=\"canonical\" href=\"https:\/\/www.la-roque-bandol.com\/en\/shop\/ice-bag-sac-a-glacons\/\" \/>\n<meta property=\"og:locale\" content=\"en_US\" \/>\n<meta property=\"og:type\" content=\"article\" \/>\n<meta property=\"og:title\" content=\"Sac \u00e0 Gla\u00e7ons &quot;Ice Bag&quot;\" \/>\n<meta property=\"og:description\" content=\"Sac \u00e0 Gla\u00e7ons &quot;Ice Bag&quot; est pratique et r\u00e9utilisable, parfait pour garder vos boissons fra\u00eeches lors de vos repas et ap\u00e9ritifs.\" \/>\n<meta property=\"og:url\" content=\"https:\/\/www.la-roque-bandol.com\/en\/shop\/ice-bag-sac-a-glacons\/\" \/>\n<meta property=\"og:site_name\" content=\"Moulin de la Roque\" \/>\n<meta property=\"article:modified_time\" content=\"2025-10-03T14:54:19+00:00\" \/>\n<meta property=\"og:image\" content=\"https:\/\/www.la-roque-bandol.com\/wp-content\/uploads\/2025\/05\/ice-bag-Magnum-scaled-e1759501369731.png\" \/>\n\t<meta property=\"og:image:width\" content=\"400\" \/>\n\t<meta property=\"og:image:height\" content=\"830\" \/>\n\t<meta property=\"og:image:type\" content=\"image\/png\" \/>\n<meta name=\"twitter:card\" content=\"summary_large_image\" \/>\n<meta name=\"twitter:label1\" content=\"Est. reading time\" \/>\n\t<meta name=\"twitter:data1\" content=\"1 minute\" \/>\n<script type=\"application\/ld+json\" class=\"yoast-schema-graph\">{\"@context\":\"https:\\\/\\\/schema.org\",\"@graph\":[{\"@type\":\"WebPage\",\"@id\":\"https:\\\/\\\/www.la-roque-bandol.com\\\/en\\\/shop\\\/ice-bag-sac-a-glacons\\\/\",\"url\":\"https:\\\/\\\/www.la-roque-bandol.com\\\/en\\\/shop\\\/ice-bag-sac-a-glacons\\\/\",\"name\":\"Sac \u00e0 Gla\u00e7ons \\\"Ice Bag\\\"\",\"isPartOf\":{\"@id\":\"https:\\\/\\\/www.la-roque-bandol.com\\\/en\\\/#website\"},\"primaryImageOfPage\":{\"@id\":\"https:\\\/\\\/www.la-roque-bandol.com\\\/en\\\/shop\\\/ice-bag-sac-a-glacons\\\/#primaryimage\"},\"image\":{\"@id\":\"https:\\\/\\\/www.la-roque-bandol.com\\\/en\\\/shop\\\/ice-bag-sac-a-glacons\\\/#primaryimage\"},\"thumbnailUrl\":\"https:\\\/\\\/www.la-roque-bandol.com\\\/wp-content\\\/uploads\\\/2025\\\/05\\\/ice-bag-Magnum-scaled-e1759501369731.png\",\"datePublished\":\"2025-05-21T06:57:14+00:00\",\"dateModified\":\"2025-10-03T14:54:19+00:00\",\"description\":\"Sac \u00e0 Gla\u00e7ons \\\"Ice Bag\\\" est pratique et r\u00e9utilisable, parfait pour garder vos boissons fra\u00eeches lors de vos repas et ap\u00e9ritifs.\",\"breadcrumb\":{\"@id\":\"https:\\\/\\\/www.la-roque-bandol.com\\\/en\\\/shop\\\/ice-bag-sac-a-glacons\\\/#breadcrumb\"},\"inLanguage\":\"en-US\",\"potentialAction\":[{\"@type\":\"ReadAction\",\"target\":[\"https:\\\/\\\/www.la-roque-bandol.com\\\/en\\\/shop\\\/ice-bag-sac-a-glacons\\\/\"]}]},{\"@type\":\"ImageObject\",\"inLanguage\":\"en-US\",\"@id\":\"https:\\\/\\\/www.la-roque-bandol.com\\\/en\\\/shop\\\/ice-bag-sac-a-glacons\\\/#primaryimage\",\"url\":\"https:\\\/\\\/www.la-roque-bandol.com\\\/wp-content\\\/uploads\\\/2025\\\/05\\\/ice-bag-Magnum-scaled-e1759501369731.png\",\"contentUrl\":\"https:\\\/\\\/www.la-roque-bandol.com\\\/wp-content\\\/uploads\\\/2025\\\/05\\\/ice-bag-Magnum-scaled-e1759501369731.png\",\"width\":400,\"height\":830,\"caption\":\"Ice bag Magnum\"},{\"@type\":\"BreadcrumbList\",\"@id\":\"https:\\\/\\\/www.la-roque-bandol.com\\\/en\\\/shop\\\/ice-bag-sac-a-glacons\\\/#breadcrumb\",\"itemListElement\":[{\"@type\":\"ListItem\",\"position\":1,\"name\":\"Accueil\",\"item\":\"https:\\\/\\\/www.la-roque-bandol.com\\\/en\\\/\"},{\"@type\":\"ListItem\",\"position\":2,\"name\":\"Shop\",\"item\":\"https:\\\/\\\/www.la-roque-bandol.com\\\/en\\\/shop\\\/\"},{\"@type\":\"ListItem\",\"position\":3,\"name\":\"Sac \u00e0 Gla\u00e7ons \u00ab\u00a0Ice Bag\u00a0\u00bb\"}]},{\"@type\":\"WebSite\",\"@id\":\"https:\\\/\\\/www.la-roque-bandol.com\\\/en\\\/#website\",\"url\":\"https:\\\/\\\/www.la-roque-bandol.com\\\/en\\\/\",\"name\":\"Moulin de la Roque\",\"description\":\"\",\"potentialAction\":[{\"@type\":\"SearchAction\",\"target\":{\"@type\":\"EntryPoint\",\"urlTemplate\":\"https:\\\/\\\/www.la-roque-bandol.com\\\/en\\\/?s={search_term_string}\"},\"query-input\":{\"@type\":\"PropertyValueSpecification\",\"valueRequired\":true,\"valueName\":\"search_term_string\"}}],\"inLanguage\":\"en-US\"}]}<\/script>\n<!-- \/ Yoast SEO plugin. -->","yoast_head_json":{"title":"Sac \u00e0 Gla\u00e7ons \"Ice Bag\"","description":"Sac \u00e0 Gla\u00e7ons \"Ice Bag\" est pratique et r\u00e9utilisable, parfait pour garder vos boissons fra\u00eeches lors de vos repas et ap\u00e9ritifs.","robots":{"index":"index","follow":"follow","max-snippet":"max-snippet:-1","max-image-preview":"max-image-preview:large","max-video-preview":"max-video-preview:-1"},"canonical":"https:\/\/www.la-roque-bandol.com\/en\/shop\/ice-bag-sac-a-glacons\/","og_locale":"en_US","og_type":"article","og_title":"Sac \u00e0 Gla\u00e7ons \"Ice Bag\"","og_description":"Sac \u00e0 Gla\u00e7ons \"Ice Bag\" est pratique et r\u00e9utilisable, parfait pour garder vos boissons fra\u00eeches lors de vos repas et ap\u00e9ritifs.","og_url":"https:\/\/www.la-roque-bandol.com\/en\/shop\/ice-bag-sac-a-glacons\/","og_site_name":"Moulin de la Roque","article_modified_time":"2025-10-03T14:54:19+00:00","og_image":[{"width":400,"height":830,"url":"https:\/\/www.la-roque-bandol.com\/wp-content\/uploads\/2025\/05\/ice-bag-Magnum-scaled-e1759501369731.png","type":"image\/png"}],"twitter_card":"summary_large_image","twitter_misc":{"Est. reading time":"1 minute"},"schema":{"@context":"https:\/\/schema.org","@graph":[{"@type":"WebPage","@id":"https:\/\/www.la-roque-bandol.com\/en\/shop\/ice-bag-sac-a-glacons\/","url":"https:\/\/www.la-roque-bandol.com\/en\/shop\/ice-bag-sac-a-glacons\/","name":"Sac \u00e0 Gla\u00e7ons \"Ice Bag\"","isPartOf":{"@id":"https:\/\/www.la-roque-bandol.com\/en\/#website"},"primaryImageOfPage":{"@id":"https:\/\/www.la-roque-bandol.com\/en\/shop\/ice-bag-sac-a-glacons\/#primaryimage"},"image":{"@id":"https:\/\/www.la-roque-bandol.com\/en\/shop\/ice-bag-sac-a-glacons\/#primaryimage"},"thumbnailUrl":"https:\/\/www.la-roque-bandol.com\/wp-content\/uploads\/2025\/05\/ice-bag-Magnum-scaled-e1759501369731.png","datePublished":"2025-05-21T06:57:14+00:00","dateModified":"2025-10-03T14:54:19+00:00","description":"Sac \u00e0 Gla\u00e7ons \"Ice Bag\" est pratique et r\u00e9utilisable, parfait pour garder vos boissons fra\u00eeches lors de vos repas et ap\u00e9ritifs.","breadcrumb":{"@id":"https:\/\/www.la-roque-bandol.com\/en\/shop\/ice-bag-sac-a-glacons\/#breadcrumb"},"inLanguage":"en-US","potentialAction":[{"@type":"ReadAction","target":["https:\/\/www.la-roque-bandol.com\/en\/shop\/ice-bag-sac-a-glacons\/"]}]},{"@type":"ImageObject","inLanguage":"en-US","@id":"https:\/\/www.la-roque-bandol.com\/en\/shop\/ice-bag-sac-a-glacons\/#primaryimage","url":"https:\/\/www.la-roque-bandol.com\/wp-content\/uploads\/2025\/05\/ice-bag-Magnum-scaled-e1759501369731.png","contentUrl":"https:\/\/www.la-roque-bandol.com\/wp-content\/uploads\/2025\/05\/ice-bag-Magnum-scaled-e1759501369731.png","width":400,"height":830,"caption":"Ice bag Magnum"},{"@type":"BreadcrumbList","@id":"https:\/\/www.la-roque-bandol.com\/en\/shop\/ice-bag-sac-a-glacons\/#breadcrumb","itemListElement":[{"@type":"ListItem","position":1,"name":"Accueil","item":"https:\/\/www.la-roque-bandol.com\/en\/"},{"@type":"ListItem","position":2,"name":"Shop","item":"https:\/\/www.la-roque-bandol.com\/en\/shop\/"},{"@type":"ListItem","position":3,"name":"Sac \u00e0 Gla\u00e7ons \u00ab\u00a0Ice Bag\u00a0\u00bb"}]},{"@type":"WebSite","@id":"https:\/\/www.la-roque-bandol.com\/en\/#website","url":"https:\/\/www.la-roque-bandol.com\/en\/","name":"Moulin de la Roque","description":"","potentialAction":[{"@type":"SearchAction","target":{"@type":"EntryPoint","urlTemplate":"https:\/\/www.la-roque-bandol.com\/en\/?s={search_term_string}"},"query-input":{"@type":"PropertyValueSpecification","valueRequired":true,"valueName":"search_term_string"}}],"inLanguage":"en-US"}]}},"_links":{"self":[{"href":"https:\/\/www.la-roque-bandol.com\/en\/wp-json\/wp\/v2\/product\/17579","targetHints":{"allow":["GET"]}}],"collection":[{"href":"https:\/\/www.la-roque-bandol.com\/en\/wp-json\/wp\/v2\/product"}],"about":[{"href":"https:\/\/www.la-roque-bandol.com\/en\/wp-json\/wp\/v2\/types\/product"}],"replies":[{"embeddable":true,"href":"https:\/\/www.la-roque-bandol.com\/en\/wp-json\/wp\/v2\/comments?post=17579"}],"wp:featuredmedia":[{"embeddable":true,"href":"https:\/\/www.la-roque-bandol.com\/en\/wp-json\/wp\/v2\/media\/23381"}],"wp:attachment":[{"href":"https:\/\/www.la-roque-bandol.com\/en\/wp-json\/wp\/v2\/media?parent=17579"}],"wp:term":[{"taxonomy":"product_brand","embeddable":true,"href":"https:\/\/www.la-roque-bandol.com\/en\/wp-json\/wp\/v2\/product_brand?post=17579"},{"taxonomy":"product_cat","embeddable":true,"href":"https:\/\/www.la-roque-bandol.com\/en\/wp-json\/wp\/v2\/product_cat?post=17579"},{"taxonomy":"product_tag","embeddable":true,"href":"https:\/\/www.la-roque-bandol.com\/en\/wp-json\/wp\/v2\/product_tag?post=17579"}],"curies":[{"name":"wp","href":"https:\/\/api.w.org\/{rel}","templated":true}]}}