{"id":17573,"date":"2025-05-21T08:47:57","date_gmt":"2025-05-21T06:47:57","guid":{"rendered":"https:\/\/www.la-roque-bandol.com\/?post_type=product&#038;p=17573"},"modified":"2025-08-20T15:28:11","modified_gmt":"2025-08-20T13:28:11","slug":"coffret-petanque","status":"publish","type":"product","link":"https:\/\/www.la-roque-bandol.com\/en\/shop\/coffret-petanque\/","title":{"rendered":"Coffret &#8220;P\u00e9tanque&#8221; en bois avec Accessoires"},"content":{"rendered":"<div>\n<h2 class=\"summary__title\">COFFRET P\u00c9TANQUE EN BOIS AVEC ACCESSOIRES.<\/h2>\n<p><img fetchpriority=\"high\" decoding=\"async\" class=\"\" src=\"https:\/\/www.cav-service.com\/data\/produits\/500x500\/2830_3.jpg\" alt=\"Image du produit Coffret p\u00e9tanque L\u00e9on 1 bouteille bois couvercle noir 6 pcs - Jaime la p\u00e9tanque\" width=\"337\" height=\"225\" \/><\/p>\n<p>Tr\u00e8s fun et original ce coffret th\u00e8me Ap\u00e9ro &amp; P\u00e9tanque ! Vive les beaux jours et la p\u00e9tanque avec les copains&#8230; superbe id\u00e9e cadeau ce coffret avec couvercle coulissant fa\u00e7on ardoise humoristique et inscription :&#8221;J&#8217;aime la p\u00e9tanque et l&#8217;ap\u00e9ro avec les copains&#8221;.<\/p>\n<p>\u00c0 l&#8217;int\u00e9rieur, vous avez un compartiment pour mettre une bouteille de vin (non fournie) ou autre et deux autres emplacements dans lesquels vous trouverez la fameuse triplette de boules en acier ainsi que le cochonnet, le fil mesureur, le ramasse-boules aimant\u00e9, un sommelier pour d\u00e9boucher la bouteille et pour finir ce parfait \u00e9quipement, le bob indispensable pour vous prot\u00e9ger des rayons ardents du soleil en \u00e9t\u00e9&#8230;<\/p>\n<p>Dot\u00e9 d&#8217;une poign\u00e9e corde pour faciliter le transport.<\/p>\n<p>Bouteille non incluse.<\/p>\n<\/div>\n<div id=\"ProductAccordion-9d96921b-2455-4b78-a217-358dcdf0fda6-template--22435020603717__main\" class=\"accordion__content rte\">\n<h3 style=\"text-align: left;\">Caract\u00e9ristiques<\/h3>\n<div id=\"ProductAccordion-9d96921b-2455-4b78-a217-358dcdf0fda6-template--22435020603717__main\" class=\"accordion__content rte\">\n<ul>\n<li data-start=\"885\" data-end=\"907\"><strong>Dimensions int\u00e9rieures du\u00a0coffret p\u00e9tanque<\/strong>\u00a0: 36&#215;18.5x9cm.<\/li>\n<li data-start=\"885\" data-end=\"907\"><strong>Mati\u00e8re<\/strong> : bois de Pin certifi\u00e9 PEFC, pour la protection et la sauvegarde de l&#8217;environnement.<\/li>\n<li data-start=\"885\" data-end=\"907\"><strong>Fabriqu\u00e9<\/strong> : en Europe<\/li>\n<\/ul>\n<\/div>\n<\/div>\n","protected":false},"excerpt":{"rendered":"<p>COFFRET P\u00c9TANQUE EN BOIS AVEC ACCESSOIRES. Tr\u00e8s fun et original ce coffret th\u00e8me Ap\u00e9ro &amp; P\u00e9tanque ! Vive les beaux jours et la p\u00e9tanque avec les copains&#8230; superbe id\u00e9e cadeau ce coffret avec couvercle coulissant fa\u00e7on ardoise humoristique et inscription :&#8221;J&#8217;aime la p\u00e9tanque et l&#8217;ap\u00e9ro avec les copains&#8221;. \u00c0 l&#8217;int\u00e9rieur, vous avez un compartiment pour&hellip;<\/p>\n","protected":false},"featured_media":17893,"comment_status":"closed","ping_status":"closed","template":"","meta":{"_acf_changed":false},"product_brand":[619,620,621,622],"product_cat":[597],"product_tag":[],"class_list":{"0":"post-17573","1":"product","2":"type-product","3":"status-publish","4":"has-post-thumbnail","6":"product_brand-customer","7":"product_brand-customer_club","8":"product_brand-customer_grossiste","9":"product_brand-customer_pro","10":"product_cat-idees-cadeaux","12":"first","13":"instock","14":"taxable","15":"shipping-taxable","16":"purchasable","17":"product-type-simple","18":"add-to-wishlist-before_image"},"group_of_quantity":0,"min_quantity":0,"max_quantity":"","exclude_order_quantity_value_rules":"no","exclude_category_quantity_rules":"no","combine_variations":"no","acf":[],"yoast_head":"<!-- This site is optimized with the Yoast SEO plugin v27.3 - https:\/\/yoast.com\/product\/yoast-seo-wordpress\/ -->\n<title>Coffret &quot;P\u00e9tanque&quot; en bois avec Accessoires<\/title>\n<meta name=\"description\" content=\"Offrez un moment de convivialit\u00e9 avec ce coffret esprit p\u00e9tanque. Il contient tous les accessoires essentiels pour partager un ap\u00e9ritif aux airs de sud.\" \/>\n<meta name=\"robots\" content=\"index, follow, max-snippet:-1, max-image-preview:large, max-video-preview:-1\" \/>\n<link rel=\"canonical\" href=\"https:\/\/www.la-roque-bandol.com\/en\/shop\/coffret-petanque\/\" \/>\n<meta property=\"og:locale\" content=\"en_US\" \/>\n<meta property=\"og:type\" content=\"article\" \/>\n<meta property=\"og:title\" content=\"Coffret &quot;P\u00e9tanque&quot; en bois avec Accessoires\" \/>\n<meta property=\"og:description\" content=\"Offrez un moment de convivialit\u00e9 avec ce coffret esprit p\u00e9tanque. Il contient tous les accessoires essentiels pour partager un ap\u00e9ritif aux airs de sud.\" \/>\n<meta property=\"og:url\" content=\"https:\/\/www.la-roque-bandol.com\/en\/shop\/coffret-petanque\/\" \/>\n<meta property=\"og:site_name\" content=\"Moulin de la Roque\" \/>\n<meta property=\"article:modified_time\" content=\"2025-08-20T13:28:11+00:00\" \/>\n<meta property=\"og:image\" content=\"https:\/\/www.la-roque-bandol.com\/wp-content\/uploads\/2025\/05\/Coffret-petanque-ferme-1.webp\" \/>\n\t<meta property=\"og:image:width\" content=\"1138\" \/>\n\t<meta property=\"og:image:height\" content=\"1600\" \/>\n\t<meta property=\"og:image:type\" content=\"image\/webp\" \/>\n<meta name=\"twitter:card\" content=\"summary_large_image\" \/>\n<meta name=\"twitter:label1\" content=\"Est. reading time\" \/>\n\t<meta name=\"twitter:data1\" content=\"2 minutes\" \/>\n<script type=\"application\/ld+json\" class=\"yoast-schema-graph\">{\"@context\":\"https:\\\/\\\/schema.org\",\"@graph\":[{\"@type\":\"WebPage\",\"@id\":\"https:\\\/\\\/www.la-roque-bandol.com\\\/en\\\/shop\\\/coffret-petanque\\\/\",\"url\":\"https:\\\/\\\/www.la-roque-bandol.com\\\/en\\\/shop\\\/coffret-petanque\\\/\",\"name\":\"Coffret \\\"P\u00e9tanque\\\" en bois avec Accessoires\",\"isPartOf\":{\"@id\":\"https:\\\/\\\/www.la-roque-bandol.com\\\/en\\\/#website\"},\"primaryImageOfPage\":{\"@id\":\"https:\\\/\\\/www.la-roque-bandol.com\\\/en\\\/shop\\\/coffret-petanque\\\/#primaryimage\"},\"image\":{\"@id\":\"https:\\\/\\\/www.la-roque-bandol.com\\\/en\\\/shop\\\/coffret-petanque\\\/#primaryimage\"},\"thumbnailUrl\":\"https:\\\/\\\/www.la-roque-bandol.com\\\/wp-content\\\/uploads\\\/2025\\\/05\\\/Coffret-petanque-ferme-1.webp\",\"datePublished\":\"2025-05-21T06:47:57+00:00\",\"dateModified\":\"2025-08-20T13:28:11+00:00\",\"description\":\"Offrez un moment de convivialit\u00e9 avec ce coffret esprit p\u00e9tanque. Il contient tous les accessoires essentiels pour partager un ap\u00e9ritif aux airs de sud.\",\"breadcrumb\":{\"@id\":\"https:\\\/\\\/www.la-roque-bandol.com\\\/en\\\/shop\\\/coffret-petanque\\\/#breadcrumb\"},\"inLanguage\":\"en-US\",\"potentialAction\":[{\"@type\":\"ReadAction\",\"target\":[\"https:\\\/\\\/www.la-roque-bandol.com\\\/en\\\/shop\\\/coffret-petanque\\\/\"]}]},{\"@type\":\"ImageObject\",\"inLanguage\":\"en-US\",\"@id\":\"https:\\\/\\\/www.la-roque-bandol.com\\\/en\\\/shop\\\/coffret-petanque\\\/#primaryimage\",\"url\":\"https:\\\/\\\/www.la-roque-bandol.com\\\/wp-content\\\/uploads\\\/2025\\\/05\\\/Coffret-petanque-ferme-1.webp\",\"contentUrl\":\"https:\\\/\\\/www.la-roque-bandol.com\\\/wp-content\\\/uploads\\\/2025\\\/05\\\/Coffret-petanque-ferme-1.webp\",\"width\":1138,\"height\":1600,\"caption\":\"Coffret \\\"P\u00e9tanque\\\" en bois avec Accessoires\"},{\"@type\":\"BreadcrumbList\",\"@id\":\"https:\\\/\\\/www.la-roque-bandol.com\\\/en\\\/shop\\\/coffret-petanque\\\/#breadcrumb\",\"itemListElement\":[{\"@type\":\"ListItem\",\"position\":1,\"name\":\"Accueil\",\"item\":\"https:\\\/\\\/www.la-roque-bandol.com\\\/en\\\/\"},{\"@type\":\"ListItem\",\"position\":2,\"name\":\"Shop\",\"item\":\"https:\\\/\\\/www.la-roque-bandol.com\\\/en\\\/shop\\\/\"},{\"@type\":\"ListItem\",\"position\":3,\"name\":\"Coffret \u00ab\u00a0P\u00e9tanque\u00a0\u00bb en bois avec Accessoires\"}]},{\"@type\":\"WebSite\",\"@id\":\"https:\\\/\\\/www.la-roque-bandol.com\\\/en\\\/#website\",\"url\":\"https:\\\/\\\/www.la-roque-bandol.com\\\/en\\\/\",\"name\":\"Moulin de la Roque\",\"description\":\"\",\"potentialAction\":[{\"@type\":\"SearchAction\",\"target\":{\"@type\":\"EntryPoint\",\"urlTemplate\":\"https:\\\/\\\/www.la-roque-bandol.com\\\/en\\\/?s={search_term_string}\"},\"query-input\":{\"@type\":\"PropertyValueSpecification\",\"valueRequired\":true,\"valueName\":\"search_term_string\"}}],\"inLanguage\":\"en-US\"}]}<\/script>\n<!-- \/ Yoast SEO plugin. -->","yoast_head_json":{"title":"Coffret \"P\u00e9tanque\" en bois avec Accessoires","description":"Offrez un moment de convivialit\u00e9 avec ce coffret esprit p\u00e9tanque. Il contient tous les accessoires essentiels pour partager un ap\u00e9ritif aux airs de sud.","robots":{"index":"index","follow":"follow","max-snippet":"max-snippet:-1","max-image-preview":"max-image-preview:large","max-video-preview":"max-video-preview:-1"},"canonical":"https:\/\/www.la-roque-bandol.com\/en\/shop\/coffret-petanque\/","og_locale":"en_US","og_type":"article","og_title":"Coffret \"P\u00e9tanque\" en bois avec Accessoires","og_description":"Offrez un moment de convivialit\u00e9 avec ce coffret esprit p\u00e9tanque. Il contient tous les accessoires essentiels pour partager un ap\u00e9ritif aux airs de sud.","og_url":"https:\/\/www.la-roque-bandol.com\/en\/shop\/coffret-petanque\/","og_site_name":"Moulin de la Roque","article_modified_time":"2025-08-20T13:28:11+00:00","og_image":[{"width":1138,"height":1600,"url":"https:\/\/www.la-roque-bandol.com\/wp-content\/uploads\/2025\/05\/Coffret-petanque-ferme-1.webp","type":"image\/webp"}],"twitter_card":"summary_large_image","twitter_misc":{"Est. reading time":"2 minutes"},"schema":{"@context":"https:\/\/schema.org","@graph":[{"@type":"WebPage","@id":"https:\/\/www.la-roque-bandol.com\/en\/shop\/coffret-petanque\/","url":"https:\/\/www.la-roque-bandol.com\/en\/shop\/coffret-petanque\/","name":"Coffret \"P\u00e9tanque\" en bois avec Accessoires","isPartOf":{"@id":"https:\/\/www.la-roque-bandol.com\/en\/#website"},"primaryImageOfPage":{"@id":"https:\/\/www.la-roque-bandol.com\/en\/shop\/coffret-petanque\/#primaryimage"},"image":{"@id":"https:\/\/www.la-roque-bandol.com\/en\/shop\/coffret-petanque\/#primaryimage"},"thumbnailUrl":"https:\/\/www.la-roque-bandol.com\/wp-content\/uploads\/2025\/05\/Coffret-petanque-ferme-1.webp","datePublished":"2025-05-21T06:47:57+00:00","dateModified":"2025-08-20T13:28:11+00:00","description":"Offrez un moment de convivialit\u00e9 avec ce coffret esprit p\u00e9tanque. Il contient tous les accessoires essentiels pour partager un ap\u00e9ritif aux airs de sud.","breadcrumb":{"@id":"https:\/\/www.la-roque-bandol.com\/en\/shop\/coffret-petanque\/#breadcrumb"},"inLanguage":"en-US","potentialAction":[{"@type":"ReadAction","target":["https:\/\/www.la-roque-bandol.com\/en\/shop\/coffret-petanque\/"]}]},{"@type":"ImageObject","inLanguage":"en-US","@id":"https:\/\/www.la-roque-bandol.com\/en\/shop\/coffret-petanque\/#primaryimage","url":"https:\/\/www.la-roque-bandol.com\/wp-content\/uploads\/2025\/05\/Coffret-petanque-ferme-1.webp","contentUrl":"https:\/\/www.la-roque-bandol.com\/wp-content\/uploads\/2025\/05\/Coffret-petanque-ferme-1.webp","width":1138,"height":1600,"caption":"Coffret \"P\u00e9tanque\" en bois avec Accessoires"},{"@type":"BreadcrumbList","@id":"https:\/\/www.la-roque-bandol.com\/en\/shop\/coffret-petanque\/#breadcrumb","itemListElement":[{"@type":"ListItem","position":1,"name":"Accueil","item":"https:\/\/www.la-roque-bandol.com\/en\/"},{"@type":"ListItem","position":2,"name":"Shop","item":"https:\/\/www.la-roque-bandol.com\/en\/shop\/"},{"@type":"ListItem","position":3,"name":"Coffret \u00ab\u00a0P\u00e9tanque\u00a0\u00bb en bois avec Accessoires"}]},{"@type":"WebSite","@id":"https:\/\/www.la-roque-bandol.com\/en\/#website","url":"https:\/\/www.la-roque-bandol.com\/en\/","name":"Moulin de la Roque","description":"","potentialAction":[{"@type":"SearchAction","target":{"@type":"EntryPoint","urlTemplate":"https:\/\/www.la-roque-bandol.com\/en\/?s={search_term_string}"},"query-input":{"@type":"PropertyValueSpecification","valueRequired":true,"valueName":"search_term_string"}}],"inLanguage":"en-US"}]}},"_links":{"self":[{"href":"https:\/\/www.la-roque-bandol.com\/en\/wp-json\/wp\/v2\/product\/17573","targetHints":{"allow":["GET"]}}],"collection":[{"href":"https:\/\/www.la-roque-bandol.com\/en\/wp-json\/wp\/v2\/product"}],"about":[{"href":"https:\/\/www.la-roque-bandol.com\/en\/wp-json\/wp\/v2\/types\/product"}],"replies":[{"embeddable":true,"href":"https:\/\/www.la-roque-bandol.com\/en\/wp-json\/wp\/v2\/comments?post=17573"}],"wp:featuredmedia":[{"embeddable":true,"href":"https:\/\/www.la-roque-bandol.com\/en\/wp-json\/wp\/v2\/media\/17893"}],"wp:attachment":[{"href":"https:\/\/www.la-roque-bandol.com\/en\/wp-json\/wp\/v2\/media?parent=17573"}],"wp:term":[{"taxonomy":"product_brand","embeddable":true,"href":"https:\/\/www.la-roque-bandol.com\/en\/wp-json\/wp\/v2\/product_brand?post=17573"},{"taxonomy":"product_cat","embeddable":true,"href":"https:\/\/www.la-roque-bandol.com\/en\/wp-json\/wp\/v2\/product_cat?post=17573"},{"taxonomy":"product_tag","embeddable":true,"href":"https:\/\/www.la-roque-bandol.com\/en\/wp-json\/wp\/v2\/product_tag?post=17573"}],"curies":[{"name":"wp","href":"https:\/\/api.w.org\/{rel}","templated":true}]}}