{"id":17557,"date":"2025-05-20T15:31:57","date_gmt":"2025-05-20T13:31:57","guid":{"rendered":"https:\/\/www.la-roque-bandol.com\/?post_type=product&#038;p=17557"},"modified":"2026-04-20T17:02:37","modified_gmt":"2026-04-20T15:02:37","slug":"verre-degustation-exquisit-35-cl","status":"publish","type":"product","link":"https:\/\/www.la-roque-bandol.com\/en\/shop\/verre-degustation-exquisit-35-cl\/","title":{"rendered":"Verre d\u00e9gustation \u2013 35 cl"},"content":{"rendered":"<div>\n<div class=\"summary__title\">\n<h2>L\u2019INDISPENSABLE DES D\u00c9GUSTATIONS<\/h2>\n<p class=\"\" data-start=\"601\" data-end=\"725\">Fabriqu\u00e9 en Allemagne, ce verre en cristallin 100 % sans plomb\u00a0s\u00e9duit par sa brillance naturelle et sa finesse.<br data-start=\"495\" data-end=\"498\" \/>Sa jambe \u00e9tir\u00e9e et son \u00e9quilibre visuel en font un alli\u00e9 discret mais efficace. Con\u00e7u pour valoriser la robe et l&#8217;expression des vins,\u00a0 il convient aussi bien aux rouges, blancs qu\u2019aux ros\u00e9s.<br data-start=\"694\" data-end=\"697\" \/>R\u00e9sistant au lave-vaisselle, il est id\u00e9al pour un usage r\u00e9gulier.<\/p>\n<\/div>\n<\/div>\n<div id=\"ProductAccordion-9d96921b-2455-4b78-a217-358dcdf0fda6-template--22435020603717__main\" class=\"accordion__content rte\">\n<h3 style=\"text-align: left;\">Caract\u00e9ristiques<\/h3>\n<div id=\"ProductAccordion-9d96921b-2455-4b78-a217-358dcdf0fda6-template--22435020603717__main\" class=\"accordion__content rte\">\n<ul>\n<li data-start=\"885\" data-end=\"907\"><b>Capacit\u00e9<\/b>: 35 cl<\/li>\n<li data-start=\"885\" data-end=\"907\"><strong data-start=\"821\" data-end=\"832\">Hauteur<\/strong> : 20,3 cm<\/li>\n<li data-start=\"885\" data-end=\"907\"><strong data-start=\"847\" data-end=\"859\">Diam\u00e8tre<\/strong> : 8 cm<\/li>\n<li data-start=\"885\" data-end=\"907\"><strong data-start=\"871\" data-end=\"882\">Mati\u00e8re<\/strong> : Cristallin 100 % sans plomb<\/li>\n<li data-start=\"885\" data-end=\"907\"><strong data-start=\"917\" data-end=\"928\">Origine<\/strong> : Allemagne<\/li>\n<\/ul>\n<p>&nbsp;<\/p>\n<\/div>\n<\/div>\n","protected":false},"excerpt":{"rendered":"<p>L\u2019INDISPENSABLE DES D\u00c9GUSTATIONS Fabriqu\u00e9 en Allemagne, ce verre en cristallin 100 % sans plomb\u00a0s\u00e9duit par sa brillance naturelle et sa finesse.Sa jambe \u00e9tir\u00e9e et son \u00e9quilibre visuel en font un alli\u00e9 discret mais efficace. Con\u00e7u pour valoriser la robe et l&#8217;expression des vins,\u00a0 il convient aussi bien aux rouges, blancs qu\u2019aux ros\u00e9s.R\u00e9sistant au lave-vaisselle, il&hellip;<\/p>\n","protected":false},"featured_media":0,"comment_status":"closed","ping_status":"closed","template":"","meta":{"_acf_changed":false},"product_brand":[619,621,622],"product_cat":[434],"product_tag":[],"class_list":{"0":"post-17557","1":"product","2":"type-product","3":"status-publish","5":"product_brand-customer","6":"product_brand-customer_grossiste","7":"product_brand-customer_pro","8":"product_cat-accessoires","10":"first","11":"instock","12":"taxable","13":"shipping-taxable","14":"purchasable","15":"product-type-variable","16":"add-to-wishlist-before_image"},"group_of_quantity":0,"min_quantity":0,"max_quantity":"","exclude_order_quantity_value_rules":"no","exclude_category_quantity_rules":"no","combine_variations":"no","acf":[],"yoast_head":"<!-- This site is optimized with the Yoast SEO plugin v27.5 - https:\/\/yoast.com\/product\/yoast-seo-wordpress\/ -->\n<title>Verre d\u00e9gustation exquisit \u2013 35 cl | Moulin de la Roque<\/title>\n<meta name=\"description\" content=\"Fabriqu\u00e9 en Allemagne, ce verre en cristallin 100 % sans plomb\u00a0s\u00e9duit par sa brillance naturelle et sa finesse. Id\u00e9al pour un usage r\u00e9gulier.\" \/>\n<meta name=\"robots\" content=\"index, follow, max-snippet:-1, max-image-preview:large, max-video-preview:-1\" \/>\n<link rel=\"canonical\" href=\"https:\/\/www.la-roque-bandol.com\/en\/shop\/verre-degustation-exquisit-35-cl\/\" \/>\n<meta property=\"og:locale\" content=\"en_US\" \/>\n<meta property=\"og:type\" content=\"article\" \/>\n<meta property=\"og:title\" content=\"Verre d\u00e9gustation exquisit \u2013 35 cl | Moulin de la Roque\" \/>\n<meta property=\"og:description\" content=\"Fabriqu\u00e9 en Allemagne, ce verre en cristallin 100 % sans plomb\u00a0s\u00e9duit par sa brillance naturelle et sa finesse. Id\u00e9al pour un usage r\u00e9gulier.\" \/>\n<meta property=\"og:url\" content=\"https:\/\/www.la-roque-bandol.com\/en\/shop\/verre-degustation-exquisit-35-cl\/\" \/>\n<meta property=\"og:site_name\" content=\"Moulin de la Roque\" \/>\n<meta property=\"article:modified_time\" content=\"2026-04-20T15:02:37+00:00\" \/>\n<meta name=\"twitter:card\" content=\"summary_large_image\" \/>\n<meta name=\"twitter:label1\" content=\"Est. reading time\" \/>\n\t<meta name=\"twitter:data1\" content=\"1 minute\" \/>\n<script type=\"application\/ld+json\" class=\"yoast-schema-graph\">{\"@context\":\"https:\\\/\\\/schema.org\",\"@graph\":[{\"@type\":\"WebPage\",\"@id\":\"https:\\\/\\\/www.la-roque-bandol.com\\\/en\\\/shop\\\/verre-degustation-exquisit-35-cl\\\/\",\"url\":\"https:\\\/\\\/www.la-roque-bandol.com\\\/en\\\/shop\\\/verre-degustation-exquisit-35-cl\\\/\",\"name\":\"Verre d\u00e9gustation exquisit \u2013 35 cl | Moulin de la Roque\",\"isPartOf\":{\"@id\":\"https:\\\/\\\/www.la-roque-bandol.com\\\/en\\\/#website\"},\"datePublished\":\"2025-05-20T13:31:57+00:00\",\"dateModified\":\"2026-04-20T15:02:37+00:00\",\"description\":\"Fabriqu\u00e9 en Allemagne, ce verre en cristallin 100 % sans plomb\u00a0s\u00e9duit par sa brillance naturelle et sa finesse. Id\u00e9al pour un usage r\u00e9gulier.\",\"breadcrumb\":{\"@id\":\"https:\\\/\\\/www.la-roque-bandol.com\\\/en\\\/shop\\\/verre-degustation-exquisit-35-cl\\\/#breadcrumb\"},\"inLanguage\":\"en-US\",\"potentialAction\":[{\"@type\":\"ReadAction\",\"target\":[\"https:\\\/\\\/www.la-roque-bandol.com\\\/en\\\/shop\\\/verre-degustation-exquisit-35-cl\\\/\"]}]},{\"@type\":\"BreadcrumbList\",\"@id\":\"https:\\\/\\\/www.la-roque-bandol.com\\\/en\\\/shop\\\/verre-degustation-exquisit-35-cl\\\/#breadcrumb\",\"itemListElement\":[{\"@type\":\"ListItem\",\"position\":1,\"name\":\"Accueil\",\"item\":\"https:\\\/\\\/www.la-roque-bandol.com\\\/en\\\/\"},{\"@type\":\"ListItem\",\"position\":2,\"name\":\"Shop\",\"item\":\"https:\\\/\\\/www.la-roque-bandol.com\\\/en\\\/shop\\\/\"},{\"@type\":\"ListItem\",\"position\":3,\"name\":\"Verre d\u00e9gustation \u2013 35 cl\"}]},{\"@type\":\"WebSite\",\"@id\":\"https:\\\/\\\/www.la-roque-bandol.com\\\/en\\\/#website\",\"url\":\"https:\\\/\\\/www.la-roque-bandol.com\\\/en\\\/\",\"name\":\"Moulin de la Roque\",\"description\":\"\",\"potentialAction\":[{\"@type\":\"SearchAction\",\"target\":{\"@type\":\"EntryPoint\",\"urlTemplate\":\"https:\\\/\\\/www.la-roque-bandol.com\\\/en\\\/?s={search_term_string}\"},\"query-input\":{\"@type\":\"PropertyValueSpecification\",\"valueRequired\":true,\"valueName\":\"search_term_string\"}}],\"inLanguage\":\"en-US\"}]}<\/script>\n<!-- \/ Yoast SEO plugin. -->","yoast_head_json":{"title":"Verre d\u00e9gustation exquisit \u2013 35 cl | Moulin de la Roque","description":"Fabriqu\u00e9 en Allemagne, ce verre en cristallin 100 % sans plomb\u00a0s\u00e9duit par sa brillance naturelle et sa finesse. Id\u00e9al pour un usage r\u00e9gulier.","robots":{"index":"index","follow":"follow","max-snippet":"max-snippet:-1","max-image-preview":"max-image-preview:large","max-video-preview":"max-video-preview:-1"},"canonical":"https:\/\/www.la-roque-bandol.com\/en\/shop\/verre-degustation-exquisit-35-cl\/","og_locale":"en_US","og_type":"article","og_title":"Verre d\u00e9gustation exquisit \u2013 35 cl | Moulin de la Roque","og_description":"Fabriqu\u00e9 en Allemagne, ce verre en cristallin 100 % sans plomb\u00a0s\u00e9duit par sa brillance naturelle et sa finesse. Id\u00e9al pour un usage r\u00e9gulier.","og_url":"https:\/\/www.la-roque-bandol.com\/en\/shop\/verre-degustation-exquisit-35-cl\/","og_site_name":"Moulin de la Roque","article_modified_time":"2026-04-20T15:02:37+00:00","twitter_card":"summary_large_image","twitter_misc":{"Est. reading time":"1 minute"},"schema":{"@context":"https:\/\/schema.org","@graph":[{"@type":"WebPage","@id":"https:\/\/www.la-roque-bandol.com\/en\/shop\/verre-degustation-exquisit-35-cl\/","url":"https:\/\/www.la-roque-bandol.com\/en\/shop\/verre-degustation-exquisit-35-cl\/","name":"Verre d\u00e9gustation exquisit \u2013 35 cl | Moulin de la Roque","isPartOf":{"@id":"https:\/\/www.la-roque-bandol.com\/en\/#website"},"datePublished":"2025-05-20T13:31:57+00:00","dateModified":"2026-04-20T15:02:37+00:00","description":"Fabriqu\u00e9 en Allemagne, ce verre en cristallin 100 % sans plomb\u00a0s\u00e9duit par sa brillance naturelle et sa finesse. Id\u00e9al pour un usage r\u00e9gulier.","breadcrumb":{"@id":"https:\/\/www.la-roque-bandol.com\/en\/shop\/verre-degustation-exquisit-35-cl\/#breadcrumb"},"inLanguage":"en-US","potentialAction":[{"@type":"ReadAction","target":["https:\/\/www.la-roque-bandol.com\/en\/shop\/verre-degustation-exquisit-35-cl\/"]}]},{"@type":"BreadcrumbList","@id":"https:\/\/www.la-roque-bandol.com\/en\/shop\/verre-degustation-exquisit-35-cl\/#breadcrumb","itemListElement":[{"@type":"ListItem","position":1,"name":"Accueil","item":"https:\/\/www.la-roque-bandol.com\/en\/"},{"@type":"ListItem","position":2,"name":"Shop","item":"https:\/\/www.la-roque-bandol.com\/en\/shop\/"},{"@type":"ListItem","position":3,"name":"Verre d\u00e9gustation \u2013 35 cl"}]},{"@type":"WebSite","@id":"https:\/\/www.la-roque-bandol.com\/en\/#website","url":"https:\/\/www.la-roque-bandol.com\/en\/","name":"Moulin de la Roque","description":"","potentialAction":[{"@type":"SearchAction","target":{"@type":"EntryPoint","urlTemplate":"https:\/\/www.la-roque-bandol.com\/en\/?s={search_term_string}"},"query-input":{"@type":"PropertyValueSpecification","valueRequired":true,"valueName":"search_term_string"}}],"inLanguage":"en-US"}]}},"_links":{"self":[{"href":"https:\/\/www.la-roque-bandol.com\/en\/wp-json\/wp\/v2\/product\/17557","targetHints":{"allow":["GET"]}}],"collection":[{"href":"https:\/\/www.la-roque-bandol.com\/en\/wp-json\/wp\/v2\/product"}],"about":[{"href":"https:\/\/www.la-roque-bandol.com\/en\/wp-json\/wp\/v2\/types\/product"}],"replies":[{"embeddable":true,"href":"https:\/\/www.la-roque-bandol.com\/en\/wp-json\/wp\/v2\/comments?post=17557"}],"wp:attachment":[{"href":"https:\/\/www.la-roque-bandol.com\/en\/wp-json\/wp\/v2\/media?parent=17557"}],"wp:term":[{"taxonomy":"product_brand","embeddable":true,"href":"https:\/\/www.la-roque-bandol.com\/en\/wp-json\/wp\/v2\/product_brand?post=17557"},{"taxonomy":"product_cat","embeddable":true,"href":"https:\/\/www.la-roque-bandol.com\/en\/wp-json\/wp\/v2\/product_cat?post=17557"},{"taxonomy":"product_tag","embeddable":true,"href":"https:\/\/www.la-roque-bandol.com\/en\/wp-json\/wp\/v2\/product_tag?post=17557"}],"curies":[{"name":"wp","href":"https:\/\/api.w.org\/{rel}","templated":true}]}}