{"id":1705,"date":"2021-09-28T11:58:56","date_gmt":"2021-09-28T09:58:56","guid":{"rendered":"https:\/\/www.la-roque-bandol.com\/?post_type=product&#038;p=1705"},"modified":"2025-01-16T00:00:25","modified_gmt":"2025-01-15T23:00:25","slug":"rose-sec-mousseux","status":"publish","type":"product","link":"https:\/\/www.la-roque-bandol.com\/en\/shop\/rose-sec-mousseux\/","title":{"rendered":"Ros\u00e9 Sec Mousseux"},"content":{"rendered":"<p>Nous souhaitons vous proposer une cuv\u00e9e afin de vous faire plaisir en toutes circonstances. Une robe lumineuse et brillante, au reflet saumon\u00e9. Nez frais et fruit\u00e9. Ce ros\u00e9 p\u00e9tillant saura trouver sa place lors de vos prochains \u00e9v\u00e9nements.<\/p>\n","protected":false},"excerpt":{"rendered":"<p><span data-sheets-value=\"{&quot;1&quot;:2,&quot;2&quot;:&quot;\u00ab F\u00eates \u00bb vous plaisir!!&quot;}\" data-sheets-userformat=\"{&quot;2&quot;:10241,&quot;3&quot;:{&quot;1&quot;:0,&quot;3&quot;:1},&quot;14&quot;:{&quot;1&quot;:3,&quot;3&quot;:1},&quot;16&quot;:12}\">\u00ab Celebrate \u00bb your pleasure!!<\/span><\/p>\n","protected":false},"featured_media":2188,"comment_status":"open","ping_status":"closed","template":"","meta":{"_acf_changed":false},"product_brand":[619],"product_cat":[175,608],"product_tag":[],"class_list":{"0":"post-1705","1":"product","2":"type-product","3":"status-publish","4":"has-post-thumbnail","6":"product_brand-customer","7":"product_cat-sous-la-tonnelle-en","8":"product_cat-wines","10":"first","11":"instock","12":"taxable","13":"shipping-taxable","14":"purchasable","15":"product-type-variable","16":"add-to-wishlist-before_image"},"group_of_quantity":0,"min_quantity":0,"max_quantity":"","exclude_order_quantity_value_rules":"no","exclude_category_quantity_rules":"no","combine_variations":"no","acf":[],"yoast_head":"<!-- This site is optimized with the Yoast SEO plugin v27.3 - https:\/\/yoast.com\/product\/yoast-seo-wordpress\/ -->\n<title>Ros\u00e9 Sec Mousseux - Vin Rose - Mousseux<\/title>\n<meta name=\"description\" content=\"Ros\u00e9 Sec Mousseux est un vin Rose issu de l&#039;Mousseux. Achetez ce vin directement sur notre boutique en ligne. Livraison offerte d\u00e8s 200\u20ac d&#039;achats.\" \/>\n<meta name=\"robots\" content=\"index, follow, max-snippet:-1, max-image-preview:large, max-video-preview:-1\" \/>\n<link rel=\"canonical\" href=\"https:\/\/www.la-roque-bandol.com\/en\/shop\/rose-sec-mousseux\/\" \/>\n<meta property=\"og:locale\" content=\"en_US\" \/>\n<meta property=\"og:type\" content=\"article\" \/>\n<meta property=\"og:title\" content=\"Ros\u00e9 Sec Mousseux - Vin Rose - Mousseux\" \/>\n<meta property=\"og:description\" content=\"Ros\u00e9 Sec Mousseux est un vin Rose issu de l&#039;Mousseux. Achetez ce vin directement sur notre boutique en ligne. Livraison offerte d\u00e8s 200\u20ac d&#039;achats.\" \/>\n<meta property=\"og:url\" content=\"https:\/\/www.la-roque-bandol.com\/en\/shop\/rose-sec-mousseux\/\" \/>\n<meta property=\"og:site_name\" content=\"Moulin de la Roque\" \/>\n<meta property=\"article:modified_time\" content=\"2025-01-15T23:00:25+00:00\" \/>\n<meta property=\"og:image\" content=\"https:\/\/www.la-roque-bandol.com\/wp-content\/uploads\/2021\/09\/Moulin-de-la-roque-mousseux-Rose-sec-syrah.png\" \/>\n\t<meta property=\"og:image:width\" content=\"600\" \/>\n\t<meta property=\"og:image:height\" content=\"600\" \/>\n\t<meta property=\"og:image:type\" content=\"image\/png\" \/>\n<meta name=\"twitter:card\" content=\"summary_large_image\" \/>\n<meta name=\"twitter:label1\" content=\"Est. reading time\" \/>\n\t<meta name=\"twitter:data1\" content=\"1 minute\" \/>\n<script type=\"application\/ld+json\" class=\"yoast-schema-graph\">{\"@context\":\"https:\\\/\\\/schema.org\",\"@graph\":[{\"@type\":\"WebPage\",\"@id\":\"https:\\\/\\\/www.la-roque-bandol.com\\\/en\\\/shop\\\/rose-sec-mousseux\\\/\",\"url\":\"https:\\\/\\\/www.la-roque-bandol.com\\\/en\\\/shop\\\/rose-sec-mousseux\\\/\",\"name\":\"Ros\u00e9 Sec Mousseux - Vin Rose - Mousseux\",\"isPartOf\":{\"@id\":\"https:\\\/\\\/www.la-roque-bandol.com\\\/en\\\/#website\"},\"primaryImageOfPage\":{\"@id\":\"https:\\\/\\\/www.la-roque-bandol.com\\\/en\\\/shop\\\/rose-sec-mousseux\\\/#primaryimage\"},\"image\":{\"@id\":\"https:\\\/\\\/www.la-roque-bandol.com\\\/en\\\/shop\\\/rose-sec-mousseux\\\/#primaryimage\"},\"thumbnailUrl\":\"https:\\\/\\\/www.la-roque-bandol.com\\\/wp-content\\\/uploads\\\/2021\\\/09\\\/Moulin-de-la-roque-mousseux-Rose-sec-syrah.png\",\"datePublished\":\"2021-09-28T09:58:56+00:00\",\"dateModified\":\"2025-01-15T23:00:25+00:00\",\"description\":\"Ros\u00e9 Sec Mousseux est un vin Rose issu de l'Mousseux. Achetez ce vin directement sur notre boutique en ligne. Livraison offerte d\u00e8s 200\u20ac d'achats.\",\"breadcrumb\":{\"@id\":\"https:\\\/\\\/www.la-roque-bandol.com\\\/en\\\/shop\\\/rose-sec-mousseux\\\/#breadcrumb\"},\"inLanguage\":\"en-US\",\"potentialAction\":[{\"@type\":\"ReadAction\",\"target\":[\"https:\\\/\\\/www.la-roque-bandol.com\\\/en\\\/shop\\\/rose-sec-mousseux\\\/\"]}]},{\"@type\":\"ImageObject\",\"inLanguage\":\"en-US\",\"@id\":\"https:\\\/\\\/www.la-roque-bandol.com\\\/en\\\/shop\\\/rose-sec-mousseux\\\/#primaryimage\",\"url\":\"https:\\\/\\\/www.la-roque-bandol.com\\\/wp-content\\\/uploads\\\/2021\\\/09\\\/Moulin-de-la-roque-mousseux-Rose-sec-syrah.png\",\"contentUrl\":\"https:\\\/\\\/www.la-roque-bandol.com\\\/wp-content\\\/uploads\\\/2021\\\/09\\\/Moulin-de-la-roque-mousseux-Rose-sec-syrah.png\",\"width\":600,\"height\":600},{\"@type\":\"BreadcrumbList\",\"@id\":\"https:\\\/\\\/www.la-roque-bandol.com\\\/en\\\/shop\\\/rose-sec-mousseux\\\/#breadcrumb\",\"itemListElement\":[{\"@type\":\"ListItem\",\"position\":1,\"name\":\"Accueil\",\"item\":\"https:\\\/\\\/www.la-roque-bandol.com\\\/en\\\/\"},{\"@type\":\"ListItem\",\"position\":2,\"name\":\"Shop\",\"item\":\"https:\\\/\\\/www.la-roque-bandol.com\\\/en\\\/shop\\\/\"},{\"@type\":\"ListItem\",\"position\":3,\"name\":\"Ros\u00e9 Sec Mousseux\"}]},{\"@type\":\"WebSite\",\"@id\":\"https:\\\/\\\/www.la-roque-bandol.com\\\/en\\\/#website\",\"url\":\"https:\\\/\\\/www.la-roque-bandol.com\\\/en\\\/\",\"name\":\"Moulin de la Roque\",\"description\":\"\",\"potentialAction\":[{\"@type\":\"SearchAction\",\"target\":{\"@type\":\"EntryPoint\",\"urlTemplate\":\"https:\\\/\\\/www.la-roque-bandol.com\\\/en\\\/?s={search_term_string}\"},\"query-input\":{\"@type\":\"PropertyValueSpecification\",\"valueRequired\":true,\"valueName\":\"search_term_string\"}}],\"inLanguage\":\"en-US\"}]}<\/script>\n<!-- \/ Yoast SEO plugin. -->","yoast_head_json":{"title":"Ros\u00e9 Sec Mousseux - Vin Rose - Mousseux","description":"Ros\u00e9 Sec Mousseux est un vin Rose issu de l'Mousseux. Achetez ce vin directement sur notre boutique en ligne. Livraison offerte d\u00e8s 200\u20ac d'achats.","robots":{"index":"index","follow":"follow","max-snippet":"max-snippet:-1","max-image-preview":"max-image-preview:large","max-video-preview":"max-video-preview:-1"},"canonical":"https:\/\/www.la-roque-bandol.com\/en\/shop\/rose-sec-mousseux\/","og_locale":"en_US","og_type":"article","og_title":"Ros\u00e9 Sec Mousseux - Vin Rose - Mousseux","og_description":"Ros\u00e9 Sec Mousseux est un vin Rose issu de l'Mousseux. Achetez ce vin directement sur notre boutique en ligne. Livraison offerte d\u00e8s 200\u20ac d'achats.","og_url":"https:\/\/www.la-roque-bandol.com\/en\/shop\/rose-sec-mousseux\/","og_site_name":"Moulin de la Roque","article_modified_time":"2025-01-15T23:00:25+00:00","og_image":[{"width":600,"height":600,"url":"https:\/\/www.la-roque-bandol.com\/wp-content\/uploads\/2021\/09\/Moulin-de-la-roque-mousseux-Rose-sec-syrah.png","type":"image\/png"}],"twitter_card":"summary_large_image","twitter_misc":{"Est. reading time":"1 minute"},"schema":{"@context":"https:\/\/schema.org","@graph":[{"@type":"WebPage","@id":"https:\/\/www.la-roque-bandol.com\/en\/shop\/rose-sec-mousseux\/","url":"https:\/\/www.la-roque-bandol.com\/en\/shop\/rose-sec-mousseux\/","name":"Ros\u00e9 Sec Mousseux - Vin Rose - Mousseux","isPartOf":{"@id":"https:\/\/www.la-roque-bandol.com\/en\/#website"},"primaryImageOfPage":{"@id":"https:\/\/www.la-roque-bandol.com\/en\/shop\/rose-sec-mousseux\/#primaryimage"},"image":{"@id":"https:\/\/www.la-roque-bandol.com\/en\/shop\/rose-sec-mousseux\/#primaryimage"},"thumbnailUrl":"https:\/\/www.la-roque-bandol.com\/wp-content\/uploads\/2021\/09\/Moulin-de-la-roque-mousseux-Rose-sec-syrah.png","datePublished":"2021-09-28T09:58:56+00:00","dateModified":"2025-01-15T23:00:25+00:00","description":"Ros\u00e9 Sec Mousseux est un vin Rose issu de l'Mousseux. Achetez ce vin directement sur notre boutique en ligne. Livraison offerte d\u00e8s 200\u20ac d'achats.","breadcrumb":{"@id":"https:\/\/www.la-roque-bandol.com\/en\/shop\/rose-sec-mousseux\/#breadcrumb"},"inLanguage":"en-US","potentialAction":[{"@type":"ReadAction","target":["https:\/\/www.la-roque-bandol.com\/en\/shop\/rose-sec-mousseux\/"]}]},{"@type":"ImageObject","inLanguage":"en-US","@id":"https:\/\/www.la-roque-bandol.com\/en\/shop\/rose-sec-mousseux\/#primaryimage","url":"https:\/\/www.la-roque-bandol.com\/wp-content\/uploads\/2021\/09\/Moulin-de-la-roque-mousseux-Rose-sec-syrah.png","contentUrl":"https:\/\/www.la-roque-bandol.com\/wp-content\/uploads\/2021\/09\/Moulin-de-la-roque-mousseux-Rose-sec-syrah.png","width":600,"height":600},{"@type":"BreadcrumbList","@id":"https:\/\/www.la-roque-bandol.com\/en\/shop\/rose-sec-mousseux\/#breadcrumb","itemListElement":[{"@type":"ListItem","position":1,"name":"Accueil","item":"https:\/\/www.la-roque-bandol.com\/en\/"},{"@type":"ListItem","position":2,"name":"Shop","item":"https:\/\/www.la-roque-bandol.com\/en\/shop\/"},{"@type":"ListItem","position":3,"name":"Ros\u00e9 Sec Mousseux"}]},{"@type":"WebSite","@id":"https:\/\/www.la-roque-bandol.com\/en\/#website","url":"https:\/\/www.la-roque-bandol.com\/en\/","name":"Moulin de la Roque","description":"","potentialAction":[{"@type":"SearchAction","target":{"@type":"EntryPoint","urlTemplate":"https:\/\/www.la-roque-bandol.com\/en\/?s={search_term_string}"},"query-input":{"@type":"PropertyValueSpecification","valueRequired":true,"valueName":"search_term_string"}}],"inLanguage":"en-US"}]}},"_links":{"self":[{"href":"https:\/\/www.la-roque-bandol.com\/en\/wp-json\/wp\/v2\/product\/1705","targetHints":{"allow":["GET"]}}],"collection":[{"href":"https:\/\/www.la-roque-bandol.com\/en\/wp-json\/wp\/v2\/product"}],"about":[{"href":"https:\/\/www.la-roque-bandol.com\/en\/wp-json\/wp\/v2\/types\/product"}],"replies":[{"embeddable":true,"href":"https:\/\/www.la-roque-bandol.com\/en\/wp-json\/wp\/v2\/comments?post=1705"}],"wp:featuredmedia":[{"embeddable":true,"href":"https:\/\/www.la-roque-bandol.com\/en\/wp-json\/wp\/v2\/media\/2188"}],"wp:attachment":[{"href":"https:\/\/www.la-roque-bandol.com\/en\/wp-json\/wp\/v2\/media?parent=1705"}],"wp:term":[{"taxonomy":"product_brand","embeddable":true,"href":"https:\/\/www.la-roque-bandol.com\/en\/wp-json\/wp\/v2\/product_brand?post=1705"},{"taxonomy":"product_cat","embeddable":true,"href":"https:\/\/www.la-roque-bandol.com\/en\/wp-json\/wp\/v2\/product_cat?post=1705"},{"taxonomy":"product_tag","embeddable":true,"href":"https:\/\/www.la-roque-bandol.com\/en\/wp-json\/wp\/v2\/product_tag?post=1705"}],"curies":[{"name":"wp","href":"https:\/\/api.w.org\/{rel}","templated":true}]}}