{"id":1678,"date":"2021-09-28T10:26:11","date_gmt":"2021-09-28T08:26:11","guid":{"rendered":"https:\/\/www.la-roque-bandol.com\/?post_type=product&#038;p=1678"},"modified":"2021-10-25T12:06:26","modified_gmt":"2021-10-25T10:06:26","slug":"coffret-degustation","status":"publish","type":"product","link":"https:\/\/www.la-roque-bandol.com\/en\/shop\/coffret-degustation\/","title":{"rendered":"Coffret D\u00e9gustation"},"content":{"rendered":"<p>Partez \u00e0 la d\u00e9couverte des terroirs de l\u2019Appellation Bandol gr\u00e2ce \u00e0 ce coffret d\u00e9gustation de 5 bouteilles de vin rouge issues des 5 terroirs du Moulin de la Roque. D\u00e9tail du coffret : 1 bouteille 50 cl Calcaires \u00e0 Rudistes 1 bouteille 50 cl Galets du Trias 1 bouteille 50 cl Marnes Noires 1 bouteille 50 cl Marnes Sableuses 1 bouteille 50 cl Sables Rouges<\/p>\n<p>D\u00e9tail du coffret : 1 bouteille 50 cl Calcaires \u00e0 Rudistes, 1 bouteille 50 cl Galets du Trias, 1 bouteille 50 cl Marnes Noires, 1 bouteille 50 cl Marnes Sableuses, 1 bouteille 50 cl Sables Rouges<\/p>\n","protected":false},"excerpt":{"rendered":"<p>Les 5 terroirs de Bandol r\u00e9unis dans un seul coffret d&#8217;exception<\/p>\n","protected":false},"featured_media":2283,"comment_status":"open","ping_status":"closed","template":"","meta":{"_acf_changed":false},"product_brand":[],"product_cat":[602,608],"product_tag":[],"class_list":{"0":"post-1678","1":"product","2":"type-product","3":"status-publish","4":"has-post-thumbnail","6":"product_cat-gift-ideas","7":"product_cat-wines","9":"first","10":"instock","11":"taxable","12":"shipping-taxable","13":"purchasable","14":"product-type-simple","15":"add-to-wishlist-before_image"},"group_of_quantity":0,"min_quantity":0,"max_quantity":"","exclude_order_quantity_value_rules":"no","exclude_category_quantity_rules":"no","combine_variations":"no","acf":[],"yoast_head":"<!-- This site is optimized with the Yoast SEO plugin v27.3 - https:\/\/yoast.com\/product\/yoast-seo-wordpress\/ -->\n<title>Coffret D\u00e9gustation 2020 - Vin Red - AOC Bandol<\/title>\n<meta name=\"description\" content=\"Coffret D\u00e9gustation est un vin Red issu de l&#039;AOC Bandol. Achetez ce vin directement sur notre boutique en ligne. Livraison offerte d\u00e8s 200\u20ac d&#039;achats.\" \/>\n<meta name=\"robots\" content=\"index, follow, max-snippet:-1, max-image-preview:large, max-video-preview:-1\" \/>\n<link rel=\"canonical\" href=\"https:\/\/www.la-roque-bandol.com\/en\/shop\/coffret-degustation\/\" \/>\n<meta property=\"og:locale\" content=\"en_US\" \/>\n<meta property=\"og:type\" content=\"article\" \/>\n<meta property=\"og:title\" content=\"Coffret D\u00e9gustation 2020 - Vin Red - AOC Bandol\" \/>\n<meta property=\"og:description\" content=\"Coffret D\u00e9gustation est un vin Red issu de l&#039;AOC Bandol. Achetez ce vin directement sur notre boutique en ligne. Livraison offerte d\u00e8s 200\u20ac d&#039;achats.\" \/>\n<meta property=\"og:url\" content=\"https:\/\/www.la-roque-bandol.com\/en\/shop\/coffret-degustation\/\" \/>\n<meta property=\"og:site_name\" content=\"Moulin de la Roque\" \/>\n<meta property=\"article:modified_time\" content=\"2021-10-25T10:06:26+00:00\" \/>\n<meta property=\"og:image\" content=\"https:\/\/www.la-roque-bandol.com\/wp-content\/uploads\/2021\/09\/Coffret-decouverte-esprit-terroirs-aop-bandol-5-x-50-cl.png\" \/>\n\t<meta property=\"og:image:width\" content=\"600\" \/>\n\t<meta property=\"og:image:height\" content=\"600\" \/>\n\t<meta property=\"og:image:type\" content=\"image\/png\" \/>\n<meta name=\"twitter:card\" content=\"summary_large_image\" \/>\n<meta name=\"twitter:label1\" content=\"Est. reading time\" \/>\n\t<meta name=\"twitter:data1\" content=\"1 minute\" \/>\n<script type=\"application\/ld+json\" class=\"yoast-schema-graph\">{\"@context\":\"https:\\\/\\\/schema.org\",\"@graph\":[{\"@type\":\"WebPage\",\"@id\":\"https:\\\/\\\/www.la-roque-bandol.com\\\/en\\\/shop\\\/coffret-degustation\\\/\",\"url\":\"https:\\\/\\\/www.la-roque-bandol.com\\\/en\\\/shop\\\/coffret-degustation\\\/\",\"name\":\"Coffret D\u00e9gustation 2020 - Vin Red - AOC Bandol\",\"isPartOf\":{\"@id\":\"https:\\\/\\\/www.la-roque-bandol.com\\\/en\\\/#website\"},\"primaryImageOfPage\":{\"@id\":\"https:\\\/\\\/www.la-roque-bandol.com\\\/en\\\/shop\\\/coffret-degustation\\\/#primaryimage\"},\"image\":{\"@id\":\"https:\\\/\\\/www.la-roque-bandol.com\\\/en\\\/shop\\\/coffret-degustation\\\/#primaryimage\"},\"thumbnailUrl\":\"https:\\\/\\\/www.la-roque-bandol.com\\\/wp-content\\\/uploads\\\/2021\\\/09\\\/Coffret-decouverte-esprit-terroirs-aop-bandol-5-x-50-cl.png\",\"datePublished\":\"2021-09-28T08:26:11+00:00\",\"dateModified\":\"2021-10-25T10:06:26+00:00\",\"description\":\"Coffret D\u00e9gustation est un vin Red issu de l'AOC Bandol. Achetez ce vin directement sur notre boutique en ligne. Livraison offerte d\u00e8s 200\u20ac d'achats.\",\"breadcrumb\":{\"@id\":\"https:\\\/\\\/www.la-roque-bandol.com\\\/en\\\/shop\\\/coffret-degustation\\\/#breadcrumb\"},\"inLanguage\":\"en-US\",\"potentialAction\":[{\"@type\":\"ReadAction\",\"target\":[\"https:\\\/\\\/www.la-roque-bandol.com\\\/en\\\/shop\\\/coffret-degustation\\\/\"]}]},{\"@type\":\"ImageObject\",\"inLanguage\":\"en-US\",\"@id\":\"https:\\\/\\\/www.la-roque-bandol.com\\\/en\\\/shop\\\/coffret-degustation\\\/#primaryimage\",\"url\":\"https:\\\/\\\/www.la-roque-bandol.com\\\/wp-content\\\/uploads\\\/2021\\\/09\\\/Coffret-decouverte-esprit-terroirs-aop-bandol-5-x-50-cl.png\",\"contentUrl\":\"https:\\\/\\\/www.la-roque-bandol.com\\\/wp-content\\\/uploads\\\/2021\\\/09\\\/Coffret-decouverte-esprit-terroirs-aop-bandol-5-x-50-cl.png\",\"width\":600,\"height\":600,\"caption\":\"Coffret d\u00e9couverte\"},{\"@type\":\"BreadcrumbList\",\"@id\":\"https:\\\/\\\/www.la-roque-bandol.com\\\/en\\\/shop\\\/coffret-degustation\\\/#breadcrumb\",\"itemListElement\":[{\"@type\":\"ListItem\",\"position\":1,\"name\":\"Accueil\",\"item\":\"https:\\\/\\\/www.la-roque-bandol.com\\\/en\\\/\"},{\"@type\":\"ListItem\",\"position\":2,\"name\":\"Shop\",\"item\":\"https:\\\/\\\/www.la-roque-bandol.com\\\/en\\\/shop\\\/\"},{\"@type\":\"ListItem\",\"position\":3,\"name\":\"Coffret D\u00e9gustation\"}]},{\"@type\":\"WebSite\",\"@id\":\"https:\\\/\\\/www.la-roque-bandol.com\\\/en\\\/#website\",\"url\":\"https:\\\/\\\/www.la-roque-bandol.com\\\/en\\\/\",\"name\":\"Moulin de la Roque\",\"description\":\"\",\"potentialAction\":[{\"@type\":\"SearchAction\",\"target\":{\"@type\":\"EntryPoint\",\"urlTemplate\":\"https:\\\/\\\/www.la-roque-bandol.com\\\/en\\\/?s={search_term_string}\"},\"query-input\":{\"@type\":\"PropertyValueSpecification\",\"valueRequired\":true,\"valueName\":\"search_term_string\"}}],\"inLanguage\":\"en-US\"}]}<\/script>\n<!-- \/ Yoast SEO plugin. -->","yoast_head_json":{"title":"Coffret D\u00e9gustation 2020 - Vin Red - AOC Bandol","description":"Coffret D\u00e9gustation est un vin Red issu de l'AOC Bandol. Achetez ce vin directement sur notre boutique en ligne. Livraison offerte d\u00e8s 200\u20ac d'achats.","robots":{"index":"index","follow":"follow","max-snippet":"max-snippet:-1","max-image-preview":"max-image-preview:large","max-video-preview":"max-video-preview:-1"},"canonical":"https:\/\/www.la-roque-bandol.com\/en\/shop\/coffret-degustation\/","og_locale":"en_US","og_type":"article","og_title":"Coffret D\u00e9gustation 2020 - Vin Red - AOC Bandol","og_description":"Coffret D\u00e9gustation est un vin Red issu de l'AOC Bandol. Achetez ce vin directement sur notre boutique en ligne. Livraison offerte d\u00e8s 200\u20ac d'achats.","og_url":"https:\/\/www.la-roque-bandol.com\/en\/shop\/coffret-degustation\/","og_site_name":"Moulin de la Roque","article_modified_time":"2021-10-25T10:06:26+00:00","og_image":[{"width":600,"height":600,"url":"https:\/\/www.la-roque-bandol.com\/wp-content\/uploads\/2021\/09\/Coffret-decouverte-esprit-terroirs-aop-bandol-5-x-50-cl.png","type":"image\/png"}],"twitter_card":"summary_large_image","twitter_misc":{"Est. reading time":"1 minute"},"schema":{"@context":"https:\/\/schema.org","@graph":[{"@type":"WebPage","@id":"https:\/\/www.la-roque-bandol.com\/en\/shop\/coffret-degustation\/","url":"https:\/\/www.la-roque-bandol.com\/en\/shop\/coffret-degustation\/","name":"Coffret D\u00e9gustation 2020 - Vin Red - AOC Bandol","isPartOf":{"@id":"https:\/\/www.la-roque-bandol.com\/en\/#website"},"primaryImageOfPage":{"@id":"https:\/\/www.la-roque-bandol.com\/en\/shop\/coffret-degustation\/#primaryimage"},"image":{"@id":"https:\/\/www.la-roque-bandol.com\/en\/shop\/coffret-degustation\/#primaryimage"},"thumbnailUrl":"https:\/\/www.la-roque-bandol.com\/wp-content\/uploads\/2021\/09\/Coffret-decouverte-esprit-terroirs-aop-bandol-5-x-50-cl.png","datePublished":"2021-09-28T08:26:11+00:00","dateModified":"2021-10-25T10:06:26+00:00","description":"Coffret D\u00e9gustation est un vin Red issu de l'AOC Bandol. Achetez ce vin directement sur notre boutique en ligne. Livraison offerte d\u00e8s 200\u20ac d'achats.","breadcrumb":{"@id":"https:\/\/www.la-roque-bandol.com\/en\/shop\/coffret-degustation\/#breadcrumb"},"inLanguage":"en-US","potentialAction":[{"@type":"ReadAction","target":["https:\/\/www.la-roque-bandol.com\/en\/shop\/coffret-degustation\/"]}]},{"@type":"ImageObject","inLanguage":"en-US","@id":"https:\/\/www.la-roque-bandol.com\/en\/shop\/coffret-degustation\/#primaryimage","url":"https:\/\/www.la-roque-bandol.com\/wp-content\/uploads\/2021\/09\/Coffret-decouverte-esprit-terroirs-aop-bandol-5-x-50-cl.png","contentUrl":"https:\/\/www.la-roque-bandol.com\/wp-content\/uploads\/2021\/09\/Coffret-decouverte-esprit-terroirs-aop-bandol-5-x-50-cl.png","width":600,"height":600,"caption":"Coffret d\u00e9couverte"},{"@type":"BreadcrumbList","@id":"https:\/\/www.la-roque-bandol.com\/en\/shop\/coffret-degustation\/#breadcrumb","itemListElement":[{"@type":"ListItem","position":1,"name":"Accueil","item":"https:\/\/www.la-roque-bandol.com\/en\/"},{"@type":"ListItem","position":2,"name":"Shop","item":"https:\/\/www.la-roque-bandol.com\/en\/shop\/"},{"@type":"ListItem","position":3,"name":"Coffret D\u00e9gustation"}]},{"@type":"WebSite","@id":"https:\/\/www.la-roque-bandol.com\/en\/#website","url":"https:\/\/www.la-roque-bandol.com\/en\/","name":"Moulin de la Roque","description":"","potentialAction":[{"@type":"SearchAction","target":{"@type":"EntryPoint","urlTemplate":"https:\/\/www.la-roque-bandol.com\/en\/?s={search_term_string}"},"query-input":{"@type":"PropertyValueSpecification","valueRequired":true,"valueName":"search_term_string"}}],"inLanguage":"en-US"}]}},"_links":{"self":[{"href":"https:\/\/www.la-roque-bandol.com\/en\/wp-json\/wp\/v2\/product\/1678","targetHints":{"allow":["GET"]}}],"collection":[{"href":"https:\/\/www.la-roque-bandol.com\/en\/wp-json\/wp\/v2\/product"}],"about":[{"href":"https:\/\/www.la-roque-bandol.com\/en\/wp-json\/wp\/v2\/types\/product"}],"replies":[{"embeddable":true,"href":"https:\/\/www.la-roque-bandol.com\/en\/wp-json\/wp\/v2\/comments?post=1678"}],"wp:featuredmedia":[{"embeddable":true,"href":"https:\/\/www.la-roque-bandol.com\/en\/wp-json\/wp\/v2\/media\/2283"}],"wp:attachment":[{"href":"https:\/\/www.la-roque-bandol.com\/en\/wp-json\/wp\/v2\/media?parent=1678"}],"wp:term":[{"taxonomy":"product_brand","embeddable":true,"href":"https:\/\/www.la-roque-bandol.com\/en\/wp-json\/wp\/v2\/product_brand?post=1678"},{"taxonomy":"product_cat","embeddable":true,"href":"https:\/\/www.la-roque-bandol.com\/en\/wp-json\/wp\/v2\/product_cat?post=1678"},{"taxonomy":"product_tag","embeddable":true,"href":"https:\/\/www.la-roque-bandol.com\/en\/wp-json\/wp\/v2\/product_tag?post=1678"}],"curies":[{"name":"wp","href":"https:\/\/api.w.org\/{rel}","templated":true}]}}