{"id":16467,"date":"2025-04-15T15:44:17","date_gmt":"2025-04-15T13:44:17","guid":{"rendered":"https:\/\/www.la-roque-bandol.com\/?post_type=product&#038;p=16467"},"modified":"2026-02-23T16:54:22","modified_gmt":"2026-02-23T15:54:22","slug":"les-boules-la-mariole","status":"publish","type":"product","link":"https:\/\/www.la-roque-bandol.com\/en\/shop\/les-boules-la-mariole\/","title":{"rendered":"&#8220;Pack L\u00e9on&#8221; en cuir recycl\u00e9 &#8211; La Mariole &#8211; Cognac\/Vert"},"content":{"rendered":"<div>\n<div class=\"summary__title\">\n<h2>UNE PRODUCTION \u00c9THIQUE. UNE QUALIT\u00c9 PREMIUM. LA MARIOLE JEU DE BOULES TOUT TERRAIN<\/h2>\n<h2><img fetchpriority=\"high\" decoding=\"async\" class=\"alignnone wp-image-16469 size-medium\" src=\"https:\/\/www.la-roque-bandol.com\/wp-content\/uploads\/2025\/04\/20250415_151419-300x225.jpg\" alt=\"\" width=\"300\" height=\"225\" srcset=\"https:\/\/www.la-roque-bandol.com\/wp-content\/uploads\/2025\/04\/20250415_151419-300x225.jpg 300w, https:\/\/www.la-roque-bandol.com\/wp-content\/uploads\/2025\/04\/20250415_151419-1024x768.jpg 1024w, https:\/\/www.la-roque-bandol.com\/wp-content\/uploads\/2025\/04\/20250415_151419-768x576.jpg 768w, https:\/\/www.la-roque-bandol.com\/wp-content\/uploads\/2025\/04\/20250415_151419-1536x1152.jpg 1536w, https:\/\/www.la-roque-bandol.com\/wp-content\/uploads\/2025\/04\/20250415_151419-2048x1536.jpg 2048w, https:\/\/www.la-roque-bandol.com\/wp-content\/uploads\/2025\/04\/20250415_151419-900x675.jpg 900w, https:\/\/www.la-roque-bandol.com\/wp-content\/uploads\/2025\/04\/20250415_151419-1320x990.jpg 1320w, https:\/\/www.la-roque-bandol.com\/wp-content\/uploads\/2025\/04\/20250415_151419-600x450.jpg 600w\" sizes=\"(max-width: 300px) 100vw, 300px\" \/><\/h2>\n<p class=\"p1\"><strong>Excellence Europ\u00e9enne : <\/strong>Les boules LA MARIOLE tout terrain \u00e9co-responsables sont fi\u00e8rement produites en Europe, dans le sud de la Turquie, garantissant des normes \u00e9lev\u00e9es et des pratiques responsables.<\/p>\n<p class=\"p1\"><strong>Femmes \u00e0 l\u2019honneur :\u00a0<\/strong>L&#8217;atelier a \u00e9t\u00e9 cr\u00e9\u00e9 \u00e0 travers une coop\u00e9rative compos\u00e9e de 7 femmes. Elles offrent ainsi de nouvelles opportunit\u00e9s de d\u00e9veloppement \u00e0 l\u2019\u00e9conomie locale en valorisant le travail des femmes dans cette r\u00e9gion.<\/p>\n<p class=\"p1\"><strong>Nouveaux Horizons :\u00a0<\/strong>Chaque boule tout terrain fabriqu\u00e9e c\u00e9l\u00e8bre l&#8217;\u00e9galit\u00e9 des chances et le progr\u00e8s social, tout en se souciant des normes environnementales. L\u2019utilisation de mat\u00e9riaux recycl\u00e9s reste notre priorit\u00e9.<\/p>\n<h3 style=\"text-align: left;\">Avantages des boules upcycled<\/h3>\n<ul>\n<li>Avec un design vintage, nos boules en cuir recycl\u00e9 sont les plus r\u00e9sistantes et les plus performantes du march\u00e9. Possibilit\u00e9 de faire des carreaux sur place et de retrouver les m\u00eames sensations qu&#8217;\u00e0 la p\u00e9tanque traditionnelle<\/li>\n<li>Tous les avantages de la p\u00e9tanque, sans les inconv\u00e9nients : hilarant; esth\u00e9tique; d\u00e9coratif; p\u00e9dagogique et strat\u00e9gique<\/li>\n<li>S&#8217;adapte \u00e0 toutes les surfaces de jeu : en int\u00e9rieur comme en ext\u00e9rieur, en \u00e9t\u00e9 comme en hiver<\/li>\n<li>N\u2019ab\u00eeme rien et ne blesse pas : leur texture \u00e0 billes permet d\u2019absorber les chocs. Sans risque pour votre int\u00e9rieur et sans risque de blessures<\/li>\n<li>Silencieux : vous pourrez jouer sans d\u00e9ranger les voisins<\/li>\n<li>S&#8217;adresse aux d\u00e9butants comme aux experts (compl\u00e9mentaire au boules de p\u00e9tanque traditionnelles)<\/li>\n<li>Facile \u00e0 transporter : s\u2019emporte partout, dans une besace, un sac, une valise&#8230;<\/li>\n<li>Simple \u00e0 utiliser pour\u00a0<a href=\"https:\/\/www.lamariole.com\/pages\/petanque-indoor\">jouer \u00e0 la p\u00e9tanque en indoor<\/a>\u00a0ou outdoor : se joue de 15 ans \u00e0 100 ans et plus&#8230;<\/li>\n<\/ul>\n<\/div>\n<\/div>\n<div id=\"ProductAccordion-9d96921b-2455-4b78-a217-358dcdf0fda6-template--22435020603717__main\" class=\"accordion__content rte\">\n<h3 style=\"text-align: left;\">Caract\u00e9ristiques<\/h3>\n<ul>\n<li>Production \u00e9co-responsable : notre cuir recycl\u00e9 provient de chutes de si\u00e8ges de voiture. Il est r\u00e9cup\u00e9r\u00e9 et retrait\u00e9 afin de lui donner une seconde vie.<\/li>\n<li>Poids : environ 150 g \/ boule &#8211; 1 jeu complet (6\u00a0<a style=\"font-family: -apple-system, BlinkMacSystemFont, 'San Francisco', 'Segoe UI', Roboto, 'Helvetica Neue', sans-serif; font-size: 0.875rem;\" href=\"https:\/\/www.lamariole.com\/\">boules de p\u00e9tanque souples<\/a><span style=\"font-family: -apple-system, BlinkMacSystemFont, 'San Francisco', 'Segoe UI', Roboto, 'Helvetica Neue', sans-serif; font-size: 0.875rem;\">\u00a0+ cochonnet) = environ 900 g<\/span><\/li>\n<li>Diam\u00e8tre : 7,2 cm (taille standard pour une boule de p\u00e9tanque)<\/li>\n<li>Mati\u00e8re : Cuir recycl\u00e9<\/li>\n<li>Le pack upcycled comprend : 6 boules (2 couleurs) +\u00a02 cochonnets<span style=\"font-family: -apple-system, BlinkMacSystemFont, 'San Francisco', 'Segoe UI', Roboto, 'Helvetica Neue', sans-serif; font-size: 0.875rem;\">\u00a0+ 1 m\u00e8tres + 1 cartable en cuir<\/span><\/li>\n<li><strong>Attention ! Ne convient pas aux enfants de moins de 3 ans &#8211; Longue corde &#8211; \u00c9tranglement &#8211; Danger de suffocation.<\/strong><\/li>\n<\/ul>\n<div>\n<div class=\"summary__title\">\n<h2>\u00a0Les r\u00e8gles du jeu<\/h2>\n<\/div>\n<\/div>\n<div id=\"ProductAccordion-9d96921b-2455-4b78-a217-358dcdf0fda6-template--22435020603717__main\" class=\"accordion__content rte\">\n<p>La seule r\u00e8gle c\u2019est qu\u2019il n\u2019y en a pas ou tr\u00e8s peu !<\/p>\n<p>Il faut avoir au moins un pied dans la zone de jeu d\u00e9finie au pr\u00e9alable. On pose le cochonnet \u00e0 la main, o\u00f9 bon nous semble \u00e0 360\u00b0. Et on se sert des obstacles, des murs et autres \u00e9l\u00e9ments comme supports pour se rapprocher du cochonnet. La premi\u00e8re \u00e9quipe qui marque 9 points a gagn\u00e9. \u00c0 vous de jouer !<\/p>\n<p>&nbsp;<\/p>\n<\/div>\n<\/div>\n","protected":false},"excerpt":{"rendered":"<h4>Boules en cuir personnalis\u00e9es &#8220;Moulin de la Roque&#8221;<br \/>\nUne id\u00e9e cadeau\u00a0 tr\u00e8s originale pour petits et grands<\/h4>\n","protected":false},"featured_media":16531,"comment_status":"open","ping_status":"closed","template":"","meta":{"_acf_changed":false},"product_brand":[619,620],"product_cat":[597,598],"product_tag":[],"class_list":{"0":"post-16467","1":"product","2":"type-product","3":"status-publish","4":"has-post-thumbnail","6":"product_brand-customer","7":"product_brand-customer_club","8":"product_cat-idees-cadeaux","9":"product_cat-promo","11":"first","12":"instock","13":"sale","14":"taxable","15":"shipping-taxable","16":"purchasable","17":"product-type-simple","18":"add-to-wishlist-before_image"},"group_of_quantity":0,"min_quantity":0,"max_quantity":"","exclude_order_quantity_value_rules":"no","exclude_category_quantity_rules":"no","combine_variations":"no","acf":[],"yoast_head":"<!-- This site is optimized with the Yoast SEO plugin v27.3 - https:\/\/yoast.com\/product\/yoast-seo-wordpress\/ -->\n<title>LA MARIOLE - Jeu de Boules de P\u00e9tanque Tout Terrain<\/title>\n<meta name=\"description\" content=\"Jeu de boules de p\u00e9tanque la Mariole, \u00e9co\u2011responsables fabriqu\u00e9es en Europe \u00e0 partir de chutes de si\u00e8ges de voiture. R\u00e9sistantes, silencieuses, l\u00e9g\u00e8res.\" \/>\n<meta name=\"robots\" content=\"index, follow, max-snippet:-1, max-image-preview:large, max-video-preview:-1\" \/>\n<link rel=\"canonical\" href=\"https:\/\/www.la-roque-bandol.com\/en\/shop\/les-boules-la-mariole\/\" \/>\n<meta property=\"og:locale\" content=\"en_US\" \/>\n<meta property=\"og:type\" content=\"article\" \/>\n<meta property=\"og:title\" content=\"LA MARIOLE - Jeu de Boules de P\u00e9tanque Tout Terrain\" \/>\n<meta property=\"og:description\" content=\"Jeu de boules de p\u00e9tanque la Mariole, \u00e9co\u2011responsables fabriqu\u00e9es en Europe \u00e0 partir de chutes de si\u00e8ges de voiture. R\u00e9sistantes, silencieuses, l\u00e9g\u00e8res.\" \/>\n<meta property=\"og:url\" content=\"https:\/\/www.la-roque-bandol.com\/en\/shop\/les-boules-la-mariole\/\" \/>\n<meta property=\"og:site_name\" content=\"Moulin de la Roque\" \/>\n<meta property=\"article:modified_time\" content=\"2026-02-23T15:54:22+00:00\" \/>\n<meta property=\"og:image\" content=\"https:\/\/www.la-roque-bandol.com\/wp-content\/uploads\/2025\/04\/UPCYCLEDPACKCOGNACVERT-400-1.jpg\" \/>\n\t<meta property=\"og:image:width\" content=\"400\" \/>\n\t<meta property=\"og:image:height\" content=\"400\" \/>\n\t<meta property=\"og:image:type\" content=\"image\/jpeg\" \/>\n<meta name=\"twitter:card\" content=\"summary_large_image\" \/>\n<meta name=\"twitter:label1\" content=\"Est. reading time\" \/>\n\t<meta name=\"twitter:data1\" content=\"3 minutes\" \/>\n<script type=\"application\/ld+json\" class=\"yoast-schema-graph\">{\"@context\":\"https:\\\/\\\/schema.org\",\"@graph\":[{\"@type\":\"WebPage\",\"@id\":\"https:\\\/\\\/www.la-roque-bandol.com\\\/en\\\/shop\\\/les-boules-la-mariole\\\/\",\"url\":\"https:\\\/\\\/www.la-roque-bandol.com\\\/en\\\/shop\\\/les-boules-la-mariole\\\/\",\"name\":\"LA MARIOLE - Jeu de Boules de P\u00e9tanque Tout Terrain\",\"isPartOf\":{\"@id\":\"https:\\\/\\\/www.la-roque-bandol.com\\\/en\\\/#website\"},\"primaryImageOfPage\":{\"@id\":\"https:\\\/\\\/www.la-roque-bandol.com\\\/en\\\/shop\\\/les-boules-la-mariole\\\/#primaryimage\"},\"image\":{\"@id\":\"https:\\\/\\\/www.la-roque-bandol.com\\\/en\\\/shop\\\/les-boules-la-mariole\\\/#primaryimage\"},\"thumbnailUrl\":\"https:\\\/\\\/www.la-roque-bandol.com\\\/wp-content\\\/uploads\\\/2025\\\/04\\\/UPCYCLEDPACKCOGNACVERT-400-1.jpg\",\"datePublished\":\"2025-04-15T13:44:17+00:00\",\"dateModified\":\"2026-02-23T15:54:22+00:00\",\"description\":\"Jeu de boules de p\u00e9tanque la Mariole, \u00e9co\u2011responsables fabriqu\u00e9es en Europe \u00e0 partir de chutes de si\u00e8ges de voiture. R\u00e9sistantes, silencieuses, l\u00e9g\u00e8res.\",\"breadcrumb\":{\"@id\":\"https:\\\/\\\/www.la-roque-bandol.com\\\/en\\\/shop\\\/les-boules-la-mariole\\\/#breadcrumb\"},\"inLanguage\":\"en-US\",\"potentialAction\":[{\"@type\":\"ReadAction\",\"target\":[\"https:\\\/\\\/www.la-roque-bandol.com\\\/en\\\/shop\\\/les-boules-la-mariole\\\/\"]}]},{\"@type\":\"ImageObject\",\"inLanguage\":\"en-US\",\"@id\":\"https:\\\/\\\/www.la-roque-bandol.com\\\/en\\\/shop\\\/les-boules-la-mariole\\\/#primaryimage\",\"url\":\"https:\\\/\\\/www.la-roque-bandol.com\\\/wp-content\\\/uploads\\\/2025\\\/04\\\/UPCYCLEDPACKCOGNACVERT-400-1.jpg\",\"contentUrl\":\"https:\\\/\\\/www.la-roque-bandol.com\\\/wp-content\\\/uploads\\\/2025\\\/04\\\/UPCYCLEDPACKCOGNACVERT-400-1.jpg\",\"width\":400,\"height\":400,\"caption\":\"Les boules LA MARIOLE \\\"Pack L\u00e9on\\\"\"},{\"@type\":\"BreadcrumbList\",\"@id\":\"https:\\\/\\\/www.la-roque-bandol.com\\\/en\\\/shop\\\/les-boules-la-mariole\\\/#breadcrumb\",\"itemListElement\":[{\"@type\":\"ListItem\",\"position\":1,\"name\":\"Accueil\",\"item\":\"https:\\\/\\\/www.la-roque-bandol.com\\\/en\\\/\"},{\"@type\":\"ListItem\",\"position\":2,\"name\":\"Shop\",\"item\":\"https:\\\/\\\/www.la-roque-bandol.com\\\/en\\\/shop\\\/\"},{\"@type\":\"ListItem\",\"position\":3,\"name\":\"\u00ab\u00a0Pack L\u00e9on\u00a0\u00bb en cuir recycl\u00e9 &#8211; La Mariole &#8211; Cognac\\\/Vert\"}]},{\"@type\":\"WebSite\",\"@id\":\"https:\\\/\\\/www.la-roque-bandol.com\\\/en\\\/#website\",\"url\":\"https:\\\/\\\/www.la-roque-bandol.com\\\/en\\\/\",\"name\":\"Moulin de la Roque\",\"description\":\"\",\"potentialAction\":[{\"@type\":\"SearchAction\",\"target\":{\"@type\":\"EntryPoint\",\"urlTemplate\":\"https:\\\/\\\/www.la-roque-bandol.com\\\/en\\\/?s={search_term_string}\"},\"query-input\":{\"@type\":\"PropertyValueSpecification\",\"valueRequired\":true,\"valueName\":\"search_term_string\"}}],\"inLanguage\":\"en-US\"}]}<\/script>\n<!-- \/ Yoast SEO plugin. -->","yoast_head_json":{"title":"LA MARIOLE - Jeu de Boules de P\u00e9tanque Tout Terrain","description":"Jeu de boules de p\u00e9tanque la Mariole, \u00e9co\u2011responsables fabriqu\u00e9es en Europe \u00e0 partir de chutes de si\u00e8ges de voiture. R\u00e9sistantes, silencieuses, l\u00e9g\u00e8res.","robots":{"index":"index","follow":"follow","max-snippet":"max-snippet:-1","max-image-preview":"max-image-preview:large","max-video-preview":"max-video-preview:-1"},"canonical":"https:\/\/www.la-roque-bandol.com\/en\/shop\/les-boules-la-mariole\/","og_locale":"en_US","og_type":"article","og_title":"LA MARIOLE - Jeu de Boules de P\u00e9tanque Tout Terrain","og_description":"Jeu de boules de p\u00e9tanque la Mariole, \u00e9co\u2011responsables fabriqu\u00e9es en Europe \u00e0 partir de chutes de si\u00e8ges de voiture. R\u00e9sistantes, silencieuses, l\u00e9g\u00e8res.","og_url":"https:\/\/www.la-roque-bandol.com\/en\/shop\/les-boules-la-mariole\/","og_site_name":"Moulin de la Roque","article_modified_time":"2026-02-23T15:54:22+00:00","og_image":[{"width":400,"height":400,"url":"https:\/\/www.la-roque-bandol.com\/wp-content\/uploads\/2025\/04\/UPCYCLEDPACKCOGNACVERT-400-1.jpg","type":"image\/jpeg"}],"twitter_card":"summary_large_image","twitter_misc":{"Est. reading time":"3 minutes"},"schema":{"@context":"https:\/\/schema.org","@graph":[{"@type":"WebPage","@id":"https:\/\/www.la-roque-bandol.com\/en\/shop\/les-boules-la-mariole\/","url":"https:\/\/www.la-roque-bandol.com\/en\/shop\/les-boules-la-mariole\/","name":"LA MARIOLE - Jeu de Boules de P\u00e9tanque Tout Terrain","isPartOf":{"@id":"https:\/\/www.la-roque-bandol.com\/en\/#website"},"primaryImageOfPage":{"@id":"https:\/\/www.la-roque-bandol.com\/en\/shop\/les-boules-la-mariole\/#primaryimage"},"image":{"@id":"https:\/\/www.la-roque-bandol.com\/en\/shop\/les-boules-la-mariole\/#primaryimage"},"thumbnailUrl":"https:\/\/www.la-roque-bandol.com\/wp-content\/uploads\/2025\/04\/UPCYCLEDPACKCOGNACVERT-400-1.jpg","datePublished":"2025-04-15T13:44:17+00:00","dateModified":"2026-02-23T15:54:22+00:00","description":"Jeu de boules de p\u00e9tanque la Mariole, \u00e9co\u2011responsables fabriqu\u00e9es en Europe \u00e0 partir de chutes de si\u00e8ges de voiture. R\u00e9sistantes, silencieuses, l\u00e9g\u00e8res.","breadcrumb":{"@id":"https:\/\/www.la-roque-bandol.com\/en\/shop\/les-boules-la-mariole\/#breadcrumb"},"inLanguage":"en-US","potentialAction":[{"@type":"ReadAction","target":["https:\/\/www.la-roque-bandol.com\/en\/shop\/les-boules-la-mariole\/"]}]},{"@type":"ImageObject","inLanguage":"en-US","@id":"https:\/\/www.la-roque-bandol.com\/en\/shop\/les-boules-la-mariole\/#primaryimage","url":"https:\/\/www.la-roque-bandol.com\/wp-content\/uploads\/2025\/04\/UPCYCLEDPACKCOGNACVERT-400-1.jpg","contentUrl":"https:\/\/www.la-roque-bandol.com\/wp-content\/uploads\/2025\/04\/UPCYCLEDPACKCOGNACVERT-400-1.jpg","width":400,"height":400,"caption":"Les boules LA MARIOLE \"Pack L\u00e9on\""},{"@type":"BreadcrumbList","@id":"https:\/\/www.la-roque-bandol.com\/en\/shop\/les-boules-la-mariole\/#breadcrumb","itemListElement":[{"@type":"ListItem","position":1,"name":"Accueil","item":"https:\/\/www.la-roque-bandol.com\/en\/"},{"@type":"ListItem","position":2,"name":"Shop","item":"https:\/\/www.la-roque-bandol.com\/en\/shop\/"},{"@type":"ListItem","position":3,"name":"\u00ab\u00a0Pack L\u00e9on\u00a0\u00bb en cuir recycl\u00e9 &#8211; La Mariole &#8211; Cognac\/Vert"}]},{"@type":"WebSite","@id":"https:\/\/www.la-roque-bandol.com\/en\/#website","url":"https:\/\/www.la-roque-bandol.com\/en\/","name":"Moulin de la Roque","description":"","potentialAction":[{"@type":"SearchAction","target":{"@type":"EntryPoint","urlTemplate":"https:\/\/www.la-roque-bandol.com\/en\/?s={search_term_string}"},"query-input":{"@type":"PropertyValueSpecification","valueRequired":true,"valueName":"search_term_string"}}],"inLanguage":"en-US"}]}},"_links":{"self":[{"href":"https:\/\/www.la-roque-bandol.com\/en\/wp-json\/wp\/v2\/product\/16467","targetHints":{"allow":["GET"]}}],"collection":[{"href":"https:\/\/www.la-roque-bandol.com\/en\/wp-json\/wp\/v2\/product"}],"about":[{"href":"https:\/\/www.la-roque-bandol.com\/en\/wp-json\/wp\/v2\/types\/product"}],"replies":[{"embeddable":true,"href":"https:\/\/www.la-roque-bandol.com\/en\/wp-json\/wp\/v2\/comments?post=16467"}],"wp:featuredmedia":[{"embeddable":true,"href":"https:\/\/www.la-roque-bandol.com\/en\/wp-json\/wp\/v2\/media\/16531"}],"wp:attachment":[{"href":"https:\/\/www.la-roque-bandol.com\/en\/wp-json\/wp\/v2\/media?parent=16467"}],"wp:term":[{"taxonomy":"product_brand","embeddable":true,"href":"https:\/\/www.la-roque-bandol.com\/en\/wp-json\/wp\/v2\/product_brand?post=16467"},{"taxonomy":"product_cat","embeddable":true,"href":"https:\/\/www.la-roque-bandol.com\/en\/wp-json\/wp\/v2\/product_cat?post=16467"},{"taxonomy":"product_tag","embeddable":true,"href":"https:\/\/www.la-roque-bandol.com\/en\/wp-json\/wp\/v2\/product_tag?post=16467"}],"curies":[{"name":"wp","href":"https:\/\/api.w.org\/{rel}","templated":true}]}}