{"id":16303,"date":"2024-01-30T16:59:09","date_gmt":"2024-01-30T15:59:09","guid":{"rendered":"https:\/\/www.la-roque-bandol.com\/?post_type=product&#038;p=16303"},"modified":"2025-04-02T15:52:50","modified_gmt":"2025-04-02T13:52:50","slug":"fripon","status":"publish","type":"product","link":"https:\/\/www.la-roque-bandol.com\/en\/shop\/fripon\/","title":{"rendered":"Fripon"},"content":{"rendered":"<p>\u00c0 l&#8217;image du ros\u00e9 Frivole, le Fripon a \u00e9t\u00e9 inspir\u00e9 par une volont\u00e9 de bouger les lignes, les codes et surtout par une envie de s\u2019\u00e9vader, d\u2019explorer et de s\u2019envoler.<\/p>\n<p>Notre cuv\u00e9e Fripon accompagnera \u00e0 merveille vos ap\u00e9ritifs ou encore vos repas conviviaux.<\/p>\n<p>Fripon est un vin de partage fruit\u00e9 et gourmand, facile \u00e0 boire et \u00e0 accorder.<\/p>\n<p>&nbsp;<\/p>\n<p>&nbsp;<\/p>\n","protected":false},"excerpt":{"rendered":"<p>\u00c0 l&#8217;image du ros\u00e9 Frivole, le Fripon a \u00e9t\u00e9 inspir\u00e9 par une volont\u00e9 de bouger les lignes, les codes et surtout par une envie de s\u2019\u00e9vader, d\u2019explorer et de s\u2019envoler. Notre cuv\u00e9e Fripon accompagnera \u00e0 merveille vos ap\u00e9ritifs ou encore vos repas conviviaux. Fripon est un vin de partage fruit\u00e9 et gourmand, facile \u00e0 boire&hellip;<\/p>\n","protected":false},"featured_media":23083,"comment_status":"open","ping_status":"closed","template":"","meta":{"_acf_changed":false},"product_brand":[619],"product_cat":[175,608],"product_tag":[],"class_list":{"0":"post-16303","1":"product","2":"type-product","3":"status-publish","4":"has-post-thumbnail","6":"product_brand-customer","7":"product_cat-sous-la-tonnelle-en","8":"product_cat-wines","10":"first","11":"instock","12":"taxable","13":"shipping-taxable","14":"purchasable","15":"product-type-simple","16":"add-to-wishlist-before_image"},"group_of_quantity":0,"min_quantity":0,"max_quantity":"","exclude_order_quantity_value_rules":"no","exclude_category_quantity_rules":"no","combine_variations":"no","acf":[],"yoast_head":"<!-- This site is optimized with the Yoast SEO plugin v27.5 - https:\/\/yoast.com\/product\/yoast-seo-wordpress\/ -->\n<title>Fripon - Vin Red - Vin de France<\/title>\n<meta name=\"description\" content=\"Fripon est un vin Red issu de l&#039;Vin de France. Achetez ce vin directement sur notre boutique en ligne. Livraison offerte d\u00e8s 200\u20ac d&#039;achats.\" \/>\n<meta name=\"robots\" content=\"index, follow, max-snippet:-1, max-image-preview:large, max-video-preview:-1\" \/>\n<link rel=\"canonical\" href=\"https:\/\/www.la-roque-bandol.com\/en\/shop\/fripon\/\" \/>\n<meta property=\"og:locale\" content=\"en_US\" \/>\n<meta property=\"og:type\" content=\"article\" \/>\n<meta property=\"og:title\" content=\"Fripon - Vin Red - Vin de France\" \/>\n<meta property=\"og:description\" content=\"Fripon est un vin Red issu de l&#039;Vin de France. Achetez ce vin directement sur notre boutique en ligne. Livraison offerte d\u00e8s 200\u20ac d&#039;achats.\" \/>\n<meta property=\"og:url\" content=\"https:\/\/www.la-roque-bandol.com\/en\/shop\/fripon\/\" \/>\n<meta property=\"og:site_name\" content=\"Moulin de la Roque\" \/>\n<meta property=\"article:modified_time\" content=\"2025-04-02T13:52:50+00:00\" \/>\n<meta property=\"og:image\" content=\"https:\/\/www.la-roque-bandol.com\/wp-content\/uploads\/2024\/01\/Fripon-Packshot-01-scaled-e1739204729747.jpg\" \/>\n\t<meta property=\"og:image:width\" content=\"2560\" \/>\n\t<meta property=\"og:image:height\" content=\"2560\" \/>\n\t<meta property=\"og:image:type\" content=\"image\/jpeg\" \/>\n<meta name=\"twitter:card\" content=\"summary_large_image\" \/>\n<meta name=\"twitter:label1\" content=\"Est. reading time\" \/>\n\t<meta name=\"twitter:data1\" content=\"1 minute\" \/>\n<script type=\"application\/ld+json\" class=\"yoast-schema-graph\">{\"@context\":\"https:\\\/\\\/schema.org\",\"@graph\":[{\"@type\":\"WebPage\",\"@id\":\"https:\\\/\\\/www.la-roque-bandol.com\\\/en\\\/shop\\\/fripon\\\/\",\"url\":\"https:\\\/\\\/www.la-roque-bandol.com\\\/en\\\/shop\\\/fripon\\\/\",\"name\":\"Fripon - Vin Red - Vin de France\",\"isPartOf\":{\"@id\":\"https:\\\/\\\/www.la-roque-bandol.com\\\/en\\\/#website\"},\"primaryImageOfPage\":{\"@id\":\"https:\\\/\\\/www.la-roque-bandol.com\\\/en\\\/shop\\\/fripon\\\/#primaryimage\"},\"image\":{\"@id\":\"https:\\\/\\\/www.la-roque-bandol.com\\\/en\\\/shop\\\/fripon\\\/#primaryimage\"},\"thumbnailUrl\":\"https:\\\/\\\/www.la-roque-bandol.com\\\/wp-content\\\/uploads\\\/2024\\\/01\\\/Fripon-rognee-18cmH-scaled.png\",\"datePublished\":\"2024-01-30T15:59:09+00:00\",\"dateModified\":\"2025-04-02T13:52:50+00:00\",\"description\":\"Fripon est un vin Red issu de l'Vin de France. Achetez ce vin directement sur notre boutique en ligne. Livraison offerte d\u00e8s 200\u20ac d'achats.\",\"breadcrumb\":{\"@id\":\"https:\\\/\\\/www.la-roque-bandol.com\\\/en\\\/shop\\\/fripon\\\/#breadcrumb\"},\"inLanguage\":\"en-US\",\"potentialAction\":[{\"@type\":\"ReadAction\",\"target\":[\"https:\\\/\\\/www.la-roque-bandol.com\\\/en\\\/shop\\\/fripon\\\/\"]}]},{\"@type\":\"ImageObject\",\"inLanguage\":\"en-US\",\"@id\":\"https:\\\/\\\/www.la-roque-bandol.com\\\/en\\\/shop\\\/fripon\\\/#primaryimage\",\"url\":\"https:\\\/\\\/www.la-roque-bandol.com\\\/wp-content\\\/uploads\\\/2024\\\/01\\\/Fripon-rognee-18cmH-scaled.png\",\"contentUrl\":\"https:\\\/\\\/www.la-roque-bandol.com\\\/wp-content\\\/uploads\\\/2024\\\/01\\\/Fripon-rognee-18cmH-scaled.png\",\"width\":568,\"height\":2560},{\"@type\":\"BreadcrumbList\",\"@id\":\"https:\\\/\\\/www.la-roque-bandol.com\\\/en\\\/shop\\\/fripon\\\/#breadcrumb\",\"itemListElement\":[{\"@type\":\"ListItem\",\"position\":1,\"name\":\"Accueil\",\"item\":\"https:\\\/\\\/www.la-roque-bandol.com\\\/en\\\/\"},{\"@type\":\"ListItem\",\"position\":2,\"name\":\"Shop\",\"item\":\"https:\\\/\\\/www.la-roque-bandol.com\\\/en\\\/shop\\\/\"},{\"@type\":\"ListItem\",\"position\":3,\"name\":\"Fripon\"}]},{\"@type\":\"WebSite\",\"@id\":\"https:\\\/\\\/www.la-roque-bandol.com\\\/en\\\/#website\",\"url\":\"https:\\\/\\\/www.la-roque-bandol.com\\\/en\\\/\",\"name\":\"Moulin de la Roque\",\"description\":\"\",\"potentialAction\":[{\"@type\":\"SearchAction\",\"target\":{\"@type\":\"EntryPoint\",\"urlTemplate\":\"https:\\\/\\\/www.la-roque-bandol.com\\\/en\\\/?s={search_term_string}\"},\"query-input\":{\"@type\":\"PropertyValueSpecification\",\"valueRequired\":true,\"valueName\":\"search_term_string\"}}],\"inLanguage\":\"en-US\"}]}<\/script>\n<!-- \/ Yoast SEO plugin. -->","yoast_head_json":{"title":"Fripon - Vin Red - Vin de France","description":"Fripon est un vin Red issu de l'Vin de France. Achetez ce vin directement sur notre boutique en ligne. Livraison offerte d\u00e8s 200\u20ac d'achats.","robots":{"index":"index","follow":"follow","max-snippet":"max-snippet:-1","max-image-preview":"max-image-preview:large","max-video-preview":"max-video-preview:-1"},"canonical":"https:\/\/www.la-roque-bandol.com\/en\/shop\/fripon\/","og_locale":"en_US","og_type":"article","og_title":"Fripon - Vin Red - Vin de France","og_description":"Fripon est un vin Red issu de l'Vin de France. Achetez ce vin directement sur notre boutique en ligne. Livraison offerte d\u00e8s 200\u20ac d'achats.","og_url":"https:\/\/www.la-roque-bandol.com\/en\/shop\/fripon\/","og_site_name":"Moulin de la Roque","article_modified_time":"2025-04-02T13:52:50+00:00","og_image":[{"width":2560,"height":2560,"url":"https:\/\/www.la-roque-bandol.com\/wp-content\/uploads\/2024\/01\/Fripon-Packshot-01-scaled-e1739204729747.jpg","type":"image\/jpeg"}],"twitter_card":"summary_large_image","twitter_misc":{"Est. reading time":"1 minute"},"schema":{"@context":"https:\/\/schema.org","@graph":[{"@type":"WebPage","@id":"https:\/\/www.la-roque-bandol.com\/en\/shop\/fripon\/","url":"https:\/\/www.la-roque-bandol.com\/en\/shop\/fripon\/","name":"Fripon - Vin Red - Vin de France","isPartOf":{"@id":"https:\/\/www.la-roque-bandol.com\/en\/#website"},"primaryImageOfPage":{"@id":"https:\/\/www.la-roque-bandol.com\/en\/shop\/fripon\/#primaryimage"},"image":{"@id":"https:\/\/www.la-roque-bandol.com\/en\/shop\/fripon\/#primaryimage"},"thumbnailUrl":"https:\/\/www.la-roque-bandol.com\/wp-content\/uploads\/2024\/01\/Fripon-rognee-18cmH-scaled.png","datePublished":"2024-01-30T15:59:09+00:00","dateModified":"2025-04-02T13:52:50+00:00","description":"Fripon est un vin Red issu de l'Vin de France. Achetez ce vin directement sur notre boutique en ligne. Livraison offerte d\u00e8s 200\u20ac d'achats.","breadcrumb":{"@id":"https:\/\/www.la-roque-bandol.com\/en\/shop\/fripon\/#breadcrumb"},"inLanguage":"en-US","potentialAction":[{"@type":"ReadAction","target":["https:\/\/www.la-roque-bandol.com\/en\/shop\/fripon\/"]}]},{"@type":"ImageObject","inLanguage":"en-US","@id":"https:\/\/www.la-roque-bandol.com\/en\/shop\/fripon\/#primaryimage","url":"https:\/\/www.la-roque-bandol.com\/wp-content\/uploads\/2024\/01\/Fripon-rognee-18cmH-scaled.png","contentUrl":"https:\/\/www.la-roque-bandol.com\/wp-content\/uploads\/2024\/01\/Fripon-rognee-18cmH-scaled.png","width":568,"height":2560},{"@type":"BreadcrumbList","@id":"https:\/\/www.la-roque-bandol.com\/en\/shop\/fripon\/#breadcrumb","itemListElement":[{"@type":"ListItem","position":1,"name":"Accueil","item":"https:\/\/www.la-roque-bandol.com\/en\/"},{"@type":"ListItem","position":2,"name":"Shop","item":"https:\/\/www.la-roque-bandol.com\/en\/shop\/"},{"@type":"ListItem","position":3,"name":"Fripon"}]},{"@type":"WebSite","@id":"https:\/\/www.la-roque-bandol.com\/en\/#website","url":"https:\/\/www.la-roque-bandol.com\/en\/","name":"Moulin de la Roque","description":"","potentialAction":[{"@type":"SearchAction","target":{"@type":"EntryPoint","urlTemplate":"https:\/\/www.la-roque-bandol.com\/en\/?s={search_term_string}"},"query-input":{"@type":"PropertyValueSpecification","valueRequired":true,"valueName":"search_term_string"}}],"inLanguage":"en-US"}]}},"_links":{"self":[{"href":"https:\/\/www.la-roque-bandol.com\/en\/wp-json\/wp\/v2\/product\/16303","targetHints":{"allow":["GET"]}}],"collection":[{"href":"https:\/\/www.la-roque-bandol.com\/en\/wp-json\/wp\/v2\/product"}],"about":[{"href":"https:\/\/www.la-roque-bandol.com\/en\/wp-json\/wp\/v2\/types\/product"}],"replies":[{"embeddable":true,"href":"https:\/\/www.la-roque-bandol.com\/en\/wp-json\/wp\/v2\/comments?post=16303"}],"wp:featuredmedia":[{"embeddable":true,"href":"https:\/\/www.la-roque-bandol.com\/en\/wp-json\/wp\/v2\/media\/23083"}],"wp:attachment":[{"href":"https:\/\/www.la-roque-bandol.com\/en\/wp-json\/wp\/v2\/media?parent=16303"}],"wp:term":[{"taxonomy":"product_brand","embeddable":true,"href":"https:\/\/www.la-roque-bandol.com\/en\/wp-json\/wp\/v2\/product_brand?post=16303"},{"taxonomy":"product_cat","embeddable":true,"href":"https:\/\/www.la-roque-bandol.com\/en\/wp-json\/wp\/v2\/product_cat?post=16303"},{"taxonomy":"product_tag","embeddable":true,"href":"https:\/\/www.la-roque-bandol.com\/en\/wp-json\/wp\/v2\/product_tag?post=16303"}],"curies":[{"name":"wp","href":"https:\/\/api.w.org\/{rel}","templated":true}]}}