{"id":14140,"date":"2024-11-01T16:16:37","date_gmt":"2024-11-01T15:16:37","guid":{"rendered":"https:\/\/www.la-roque-bandol.com\/?post_type=product&#038;p=14140"},"modified":"2025-11-25T11:49:14","modified_gmt":"2025-11-25T10:49:14","slug":"calcaires-a-rudistes-copie","status":"publish","type":"product","link":"https:\/\/www.la-roque-bandol.com\/en\/shop\/calcaires-a-rudistes-copie\/","title":{"rendered":"Calcaires \u00e0 Rudistes"},"content":{"rendered":"<p>Les vignes puisent leurs ressources sur des bases calcaires form\u00e9es par des bivalves datant du Jurassique et Cr\u00e9tac\u00e9. La mer s\u2019est retir\u00e9e depuis, mais elle se manifeste de fa\u00e7on subtile dans cette cuv\u00e9e qui ne manque pas de m\u00e2che.<\/p>\n","protected":false},"excerpt":{"rendered":"<p>S\u00e9lections parcellaires sur l&#8217;un des 5 terroirs de Bandol<\/p>\n","protected":false},"featured_media":2284,"comment_status":"closed","ping_status":"closed","template":"","meta":{"_acf_changed":false},"product_brand":[619],"product_cat":[20,607],"product_tag":[],"class_list":{"0":"post-14140","1":"product","2":"type-product","3":"status-publish","4":"has-post-thumbnail","6":"product_brand-customer","7":"product_cat-une-histoire-de-terroirs","8":"product_cat-vins","10":"first","11":"instock","12":"taxable","13":"shipping-taxable","14":"purchasable","15":"product-type-variable","16":"has-default-attributes","17":"add-to-wishlist-before_image"},"group_of_quantity":1,"min_quantity":0,"max_quantity":"","exclude_order_quantity_value_rules":"no","exclude_category_quantity_rules":"no","combine_variations":"no","acf":[],"yoast_head":"<!-- This site is optimized with the Yoast SEO plugin v27.3 - https:\/\/yoast.com\/product\/yoast-seo-wordpress\/ -->\n<title>Calcaires \u00e0 Rudistes vin rouge - 2012 | AOC Bandol<\/title>\n<meta name=\"description\" content=\"Vin riche avec des notes fruit\u00e9es. La finale est harmonieuse avec des tanins fondus en bouche. S\u00e9lections parcellaires sur l&#039;un des 5 terroirs de Bandol\" \/>\n<meta name=\"robots\" content=\"index, follow, max-snippet:-1, max-image-preview:large, max-video-preview:-1\" \/>\n<link rel=\"canonical\" href=\"https:\/\/www.la-roque-bandol.com\/en\/shop\/calcaires-a-rudistes-copie\/\" \/>\n<meta property=\"og:locale\" content=\"en_US\" \/>\n<meta property=\"og:type\" content=\"article\" \/>\n<meta property=\"og:title\" content=\"Calcaires \u00e0 Rudistes vin rouge - 2012 | AOC Bandol\" \/>\n<meta property=\"og:description\" content=\"Vin riche avec des notes fruit\u00e9es. La finale est harmonieuse avec des tanins fondus en bouche. S\u00e9lections parcellaires sur l&#039;un des 5 terroirs de Bandol\" \/>\n<meta property=\"og:url\" content=\"https:\/\/www.la-roque-bandol.com\/en\/shop\/calcaires-a-rudistes-copie\/\" \/>\n<meta property=\"og:site_name\" content=\"Moulin de la Roque\" \/>\n<meta property=\"article:modified_time\" content=\"2025-11-25T10:49:14+00:00\" \/>\n<meta property=\"og:image\" content=\"https:\/\/www.la-roque-bandol.com\/wp-content\/uploads\/2021\/09\/Moulin-de-la-roque-aop-bandol-terroirs-calcaires-a-rudistes.png\" \/>\n\t<meta property=\"og:image:width\" content=\"600\" \/>\n\t<meta property=\"og:image:height\" content=\"600\" \/>\n\t<meta property=\"og:image:type\" content=\"image\/png\" \/>\n<meta name=\"twitter:card\" content=\"summary_large_image\" \/>\n<meta name=\"twitter:label1\" content=\"Est. reading time\" \/>\n\t<meta name=\"twitter:data1\" content=\"1 minute\" \/>\n<script type=\"application\/ld+json\" class=\"yoast-schema-graph\">{\"@context\":\"https:\\\/\\\/schema.org\",\"@graph\":[{\"@type\":\"WebPage\",\"@id\":\"https:\\\/\\\/www.la-roque-bandol.com\\\/en\\\/shop\\\/calcaires-a-rudistes-copie\\\/\",\"url\":\"https:\\\/\\\/www.la-roque-bandol.com\\\/en\\\/shop\\\/calcaires-a-rudistes-copie\\\/\",\"name\":\"Calcaires \u00e0 Rudistes vin rouge - 2012 | AOC Bandol\",\"isPartOf\":{\"@id\":\"https:\\\/\\\/www.la-roque-bandol.com\\\/en\\\/#website\"},\"primaryImageOfPage\":{\"@id\":\"https:\\\/\\\/www.la-roque-bandol.com\\\/en\\\/shop\\\/calcaires-a-rudistes-copie\\\/#primaryimage\"},\"image\":{\"@id\":\"https:\\\/\\\/www.la-roque-bandol.com\\\/en\\\/shop\\\/calcaires-a-rudistes-copie\\\/#primaryimage\"},\"thumbnailUrl\":\"https:\\\/\\\/www.la-roque-bandol.com\\\/wp-content\\\/uploads\\\/2021\\\/09\\\/Moulin-de-la-roque-aop-bandol-terroirs-calcaires-a-rudistes.png\",\"datePublished\":\"2024-11-01T15:16:37+00:00\",\"dateModified\":\"2025-11-25T10:49:14+00:00\",\"description\":\"Vin riche avec des notes fruit\u00e9es. La finale est harmonieuse avec des tanins fondus en bouche. S\u00e9lections parcellaires sur l'un des 5 terroirs de Bandol\",\"breadcrumb\":{\"@id\":\"https:\\\/\\\/www.la-roque-bandol.com\\\/en\\\/shop\\\/calcaires-a-rudistes-copie\\\/#breadcrumb\"},\"inLanguage\":\"en-US\",\"potentialAction\":[{\"@type\":\"ReadAction\",\"target\":[\"https:\\\/\\\/www.la-roque-bandol.com\\\/en\\\/shop\\\/calcaires-a-rudistes-copie\\\/\"]}]},{\"@type\":\"ImageObject\",\"inLanguage\":\"en-US\",\"@id\":\"https:\\\/\\\/www.la-roque-bandol.com\\\/en\\\/shop\\\/calcaires-a-rudistes-copie\\\/#primaryimage\",\"url\":\"https:\\\/\\\/www.la-roque-bandol.com\\\/wp-content\\\/uploads\\\/2021\\\/09\\\/Moulin-de-la-roque-aop-bandol-terroirs-calcaires-a-rudistes.png\",\"contentUrl\":\"https:\\\/\\\/www.la-roque-bandol.com\\\/wp-content\\\/uploads\\\/2021\\\/09\\\/Moulin-de-la-roque-aop-bandol-terroirs-calcaires-a-rudistes.png\",\"width\":600,\"height\":600,\"caption\":\"Calcaires \u00e0 Rudistes - Rouge\"},{\"@type\":\"BreadcrumbList\",\"@id\":\"https:\\\/\\\/www.la-roque-bandol.com\\\/en\\\/shop\\\/calcaires-a-rudistes-copie\\\/#breadcrumb\",\"itemListElement\":[{\"@type\":\"ListItem\",\"position\":1,\"name\":\"Accueil\",\"item\":\"https:\\\/\\\/www.la-roque-bandol.com\\\/en\\\/\"},{\"@type\":\"ListItem\",\"position\":2,\"name\":\"Shop\",\"item\":\"https:\\\/\\\/www.la-roque-bandol.com\\\/en\\\/shop\\\/\"},{\"@type\":\"ListItem\",\"position\":3,\"name\":\"Calcaires \u00e0 Rudistes\"}]},{\"@type\":\"WebSite\",\"@id\":\"https:\\\/\\\/www.la-roque-bandol.com\\\/en\\\/#website\",\"url\":\"https:\\\/\\\/www.la-roque-bandol.com\\\/en\\\/\",\"name\":\"Moulin de la Roque\",\"description\":\"\",\"potentialAction\":[{\"@type\":\"SearchAction\",\"target\":{\"@type\":\"EntryPoint\",\"urlTemplate\":\"https:\\\/\\\/www.la-roque-bandol.com\\\/en\\\/?s={search_term_string}\"},\"query-input\":{\"@type\":\"PropertyValueSpecification\",\"valueRequired\":true,\"valueName\":\"search_term_string\"}}],\"inLanguage\":\"en-US\"}]}<\/script>\n<!-- \/ Yoast SEO plugin. -->","yoast_head_json":{"title":"Calcaires \u00e0 Rudistes vin rouge - 2012 | AOC Bandol","description":"Vin riche avec des notes fruit\u00e9es. La finale est harmonieuse avec des tanins fondus en bouche. S\u00e9lections parcellaires sur l'un des 5 terroirs de Bandol","robots":{"index":"index","follow":"follow","max-snippet":"max-snippet:-1","max-image-preview":"max-image-preview:large","max-video-preview":"max-video-preview:-1"},"canonical":"https:\/\/www.la-roque-bandol.com\/en\/shop\/calcaires-a-rudistes-copie\/","og_locale":"en_US","og_type":"article","og_title":"Calcaires \u00e0 Rudistes vin rouge - 2012 | AOC Bandol","og_description":"Vin riche avec des notes fruit\u00e9es. La finale est harmonieuse avec des tanins fondus en bouche. S\u00e9lections parcellaires sur l'un des 5 terroirs de Bandol","og_url":"https:\/\/www.la-roque-bandol.com\/en\/shop\/calcaires-a-rudistes-copie\/","og_site_name":"Moulin de la Roque","article_modified_time":"2025-11-25T10:49:14+00:00","og_image":[{"width":600,"height":600,"url":"https:\/\/www.la-roque-bandol.com\/wp-content\/uploads\/2021\/09\/Moulin-de-la-roque-aop-bandol-terroirs-calcaires-a-rudistes.png","type":"image\/png"}],"twitter_card":"summary_large_image","twitter_misc":{"Est. reading time":"1 minute"},"schema":{"@context":"https:\/\/schema.org","@graph":[{"@type":"WebPage","@id":"https:\/\/www.la-roque-bandol.com\/en\/shop\/calcaires-a-rudistes-copie\/","url":"https:\/\/www.la-roque-bandol.com\/en\/shop\/calcaires-a-rudistes-copie\/","name":"Calcaires \u00e0 Rudistes vin rouge - 2012 | AOC Bandol","isPartOf":{"@id":"https:\/\/www.la-roque-bandol.com\/en\/#website"},"primaryImageOfPage":{"@id":"https:\/\/www.la-roque-bandol.com\/en\/shop\/calcaires-a-rudistes-copie\/#primaryimage"},"image":{"@id":"https:\/\/www.la-roque-bandol.com\/en\/shop\/calcaires-a-rudistes-copie\/#primaryimage"},"thumbnailUrl":"https:\/\/www.la-roque-bandol.com\/wp-content\/uploads\/2021\/09\/Moulin-de-la-roque-aop-bandol-terroirs-calcaires-a-rudistes.png","datePublished":"2024-11-01T15:16:37+00:00","dateModified":"2025-11-25T10:49:14+00:00","description":"Vin riche avec des notes fruit\u00e9es. La finale est harmonieuse avec des tanins fondus en bouche. S\u00e9lections parcellaires sur l'un des 5 terroirs de Bandol","breadcrumb":{"@id":"https:\/\/www.la-roque-bandol.com\/en\/shop\/calcaires-a-rudistes-copie\/#breadcrumb"},"inLanguage":"en-US","potentialAction":[{"@type":"ReadAction","target":["https:\/\/www.la-roque-bandol.com\/en\/shop\/calcaires-a-rudistes-copie\/"]}]},{"@type":"ImageObject","inLanguage":"en-US","@id":"https:\/\/www.la-roque-bandol.com\/en\/shop\/calcaires-a-rudistes-copie\/#primaryimage","url":"https:\/\/www.la-roque-bandol.com\/wp-content\/uploads\/2021\/09\/Moulin-de-la-roque-aop-bandol-terroirs-calcaires-a-rudistes.png","contentUrl":"https:\/\/www.la-roque-bandol.com\/wp-content\/uploads\/2021\/09\/Moulin-de-la-roque-aop-bandol-terroirs-calcaires-a-rudistes.png","width":600,"height":600,"caption":"Calcaires \u00e0 Rudistes - Rouge"},{"@type":"BreadcrumbList","@id":"https:\/\/www.la-roque-bandol.com\/en\/shop\/calcaires-a-rudistes-copie\/#breadcrumb","itemListElement":[{"@type":"ListItem","position":1,"name":"Accueil","item":"https:\/\/www.la-roque-bandol.com\/en\/"},{"@type":"ListItem","position":2,"name":"Shop","item":"https:\/\/www.la-roque-bandol.com\/en\/shop\/"},{"@type":"ListItem","position":3,"name":"Calcaires \u00e0 Rudistes"}]},{"@type":"WebSite","@id":"https:\/\/www.la-roque-bandol.com\/en\/#website","url":"https:\/\/www.la-roque-bandol.com\/en\/","name":"Moulin de la Roque","description":"","potentialAction":[{"@type":"SearchAction","target":{"@type":"EntryPoint","urlTemplate":"https:\/\/www.la-roque-bandol.com\/en\/?s={search_term_string}"},"query-input":{"@type":"PropertyValueSpecification","valueRequired":true,"valueName":"search_term_string"}}],"inLanguage":"en-US"}]}},"_links":{"self":[{"href":"https:\/\/www.la-roque-bandol.com\/en\/wp-json\/wp\/v2\/product\/14140","targetHints":{"allow":["GET"]}}],"collection":[{"href":"https:\/\/www.la-roque-bandol.com\/en\/wp-json\/wp\/v2\/product"}],"about":[{"href":"https:\/\/www.la-roque-bandol.com\/en\/wp-json\/wp\/v2\/types\/product"}],"replies":[{"embeddable":true,"href":"https:\/\/www.la-roque-bandol.com\/en\/wp-json\/wp\/v2\/comments?post=14140"}],"wp:featuredmedia":[{"embeddable":true,"href":"https:\/\/www.la-roque-bandol.com\/en\/wp-json\/wp\/v2\/media\/2284"}],"wp:attachment":[{"href":"https:\/\/www.la-roque-bandol.com\/en\/wp-json\/wp\/v2\/media?parent=14140"}],"wp:term":[{"taxonomy":"product_brand","embeddable":true,"href":"https:\/\/www.la-roque-bandol.com\/en\/wp-json\/wp\/v2\/product_brand?post=14140"},{"taxonomy":"product_cat","embeddable":true,"href":"https:\/\/www.la-roque-bandol.com\/en\/wp-json\/wp\/v2\/product_cat?post=14140"},{"taxonomy":"product_tag","embeddable":true,"href":"https:\/\/www.la-roque-bandol.com\/en\/wp-json\/wp\/v2\/product_tag?post=14140"}],"curies":[{"name":"wp","href":"https:\/\/api.w.org\/{rel}","templated":true}]}}