{"id":14130,"date":"2024-11-01T16:10:47","date_gmt":"2024-11-01T15:10:47","guid":{"rendered":"https:\/\/www.la-roque-bandol.com\/?post_type=product&#038;p=14130"},"modified":"2025-11-25T12:02:58","modified_gmt":"2025-11-25T11:02:58","slug":"marnes-sableuses-2","status":"publish","type":"product","link":"https:\/\/www.la-roque-bandol.com\/en\/shop\/marnes-sableuses-2\/","title":{"rendered":"Marnes Sableuses"},"content":{"rendered":"<p>Ce terroir \u00e9voque un jardin o\u00f9 la vigne pousserait naturellement. Le sous-sol est tout autre, il oblige la vigne \u00e0 d\u00e9velopper un syst\u00e8me racinaire important.<\/p>\n<p>Cela donne un vin fin, \u00e9l\u00e9gant avec beaucoup de fra\u00eecheur.<\/p>\n","protected":false},"excerpt":{"rendered":"<p>S\u00e9lections parcellaires sur l&#8217;un des 5 terroirs de Bandol<\/p>\n","protected":false},"featured_media":2296,"comment_status":"closed","ping_status":"closed","template":"","meta":{"_acf_changed":false},"product_brand":[619],"product_cat":[20,607],"product_tag":[],"class_list":{"0":"post-14130","1":"product","2":"type-product","3":"status-publish","4":"has-post-thumbnail","6":"product_brand-customer","7":"product_cat-une-histoire-de-terroirs","8":"product_cat-vins","10":"first","11":"instock","12":"taxable","13":"shipping-taxable","14":"purchasable","15":"product-type-variable","16":"has-default-attributes","17":"add-to-wishlist-before_image"},"group_of_quantity":1,"min_quantity":0,"max_quantity":"","exclude_order_quantity_value_rules":"no","exclude_category_quantity_rules":"no","combine_variations":"no","acf":[],"yoast_head":"<!-- This site is optimized with the Yoast SEO plugin v27.3 - https:\/\/yoast.com\/product\/yoast-seo-wordpress\/ -->\n<title>Marnes Sableuses vin rouge - 2012 | AOC Bandol<\/title>\n<meta name=\"description\" content=\"Robe profonde, grenat noir. Nez fin, \u00e9pic\u00e9 avec des notes de torr\u00e9faction. La bouche est puissante avec des notes de cacao et de torr\u00e9faction.\" \/>\n<meta name=\"robots\" content=\"index, follow, max-snippet:-1, max-image-preview:large, max-video-preview:-1\" \/>\n<link rel=\"canonical\" href=\"https:\/\/www.la-roque-bandol.com\/en\/shop\/marnes-sableuses-2\/\" \/>\n<meta property=\"og:locale\" content=\"en_US\" \/>\n<meta property=\"og:type\" content=\"article\" \/>\n<meta property=\"og:title\" content=\"Marnes Sableuses vin rouge - 2012 | AOC Bandol\" \/>\n<meta property=\"og:description\" content=\"Robe profonde, grenat noir. Nez fin, \u00e9pic\u00e9 avec des notes de torr\u00e9faction. La bouche est puissante avec des notes de cacao et de torr\u00e9faction.\" \/>\n<meta property=\"og:url\" content=\"https:\/\/www.la-roque-bandol.com\/en\/shop\/marnes-sableuses-2\/\" \/>\n<meta property=\"og:site_name\" content=\"Moulin de la Roque\" \/>\n<meta property=\"article:modified_time\" content=\"2025-11-25T11:02:58+00:00\" \/>\n<meta property=\"og:image\" content=\"https:\/\/www.la-roque-bandol.com\/wp-content\/uploads\/2021\/09\/Moulin-de-la-roque-aop-bandol-terroirs-marnes-sableuses.png\" \/>\n\t<meta property=\"og:image:width\" content=\"600\" \/>\n\t<meta property=\"og:image:height\" content=\"600\" \/>\n\t<meta property=\"og:image:type\" content=\"image\/png\" \/>\n<meta name=\"twitter:card\" content=\"summary_large_image\" \/>\n<meta name=\"twitter:label1\" content=\"Est. reading time\" \/>\n\t<meta name=\"twitter:data1\" content=\"1 minute\" \/>\n<script type=\"application\/ld+json\" class=\"yoast-schema-graph\">{\"@context\":\"https:\\\/\\\/schema.org\",\"@graph\":[{\"@type\":\"WebPage\",\"@id\":\"https:\\\/\\\/www.la-roque-bandol.com\\\/en\\\/shop\\\/marnes-sableuses-2\\\/\",\"url\":\"https:\\\/\\\/www.la-roque-bandol.com\\\/en\\\/shop\\\/marnes-sableuses-2\\\/\",\"name\":\"Marnes Sableuses vin rouge - 2012 | AOC Bandol\",\"isPartOf\":{\"@id\":\"https:\\\/\\\/www.la-roque-bandol.com\\\/en\\\/#website\"},\"primaryImageOfPage\":{\"@id\":\"https:\\\/\\\/www.la-roque-bandol.com\\\/en\\\/shop\\\/marnes-sableuses-2\\\/#primaryimage\"},\"image\":{\"@id\":\"https:\\\/\\\/www.la-roque-bandol.com\\\/en\\\/shop\\\/marnes-sableuses-2\\\/#primaryimage\"},\"thumbnailUrl\":\"https:\\\/\\\/www.la-roque-bandol.com\\\/wp-content\\\/uploads\\\/2021\\\/09\\\/Moulin-de-la-roque-aop-bandol-terroirs-marnes-sableuses.png\",\"datePublished\":\"2024-11-01T15:10:47+00:00\",\"dateModified\":\"2025-11-25T11:02:58+00:00\",\"description\":\"Robe profonde, grenat noir. Nez fin, \u00e9pic\u00e9 avec des notes de torr\u00e9faction. La bouche est puissante avec des notes de cacao et de torr\u00e9faction.\",\"breadcrumb\":{\"@id\":\"https:\\\/\\\/www.la-roque-bandol.com\\\/en\\\/shop\\\/marnes-sableuses-2\\\/#breadcrumb\"},\"inLanguage\":\"en-US\",\"potentialAction\":[{\"@type\":\"ReadAction\",\"target\":[\"https:\\\/\\\/www.la-roque-bandol.com\\\/en\\\/shop\\\/marnes-sableuses-2\\\/\"]}]},{\"@type\":\"ImageObject\",\"inLanguage\":\"en-US\",\"@id\":\"https:\\\/\\\/www.la-roque-bandol.com\\\/en\\\/shop\\\/marnes-sableuses-2\\\/#primaryimage\",\"url\":\"https:\\\/\\\/www.la-roque-bandol.com\\\/wp-content\\\/uploads\\\/2021\\\/09\\\/Moulin-de-la-roque-aop-bandol-terroirs-marnes-sableuses.png\",\"contentUrl\":\"https:\\\/\\\/www.la-roque-bandol.com\\\/wp-content\\\/uploads\\\/2021\\\/09\\\/Moulin-de-la-roque-aop-bandol-terroirs-marnes-sableuses.png\",\"width\":600,\"height\":600,\"caption\":\"Marnes Sableuses - Rouge\"},{\"@type\":\"BreadcrumbList\",\"@id\":\"https:\\\/\\\/www.la-roque-bandol.com\\\/en\\\/shop\\\/marnes-sableuses-2\\\/#breadcrumb\",\"itemListElement\":[{\"@type\":\"ListItem\",\"position\":1,\"name\":\"Accueil\",\"item\":\"https:\\\/\\\/www.la-roque-bandol.com\\\/en\\\/\"},{\"@type\":\"ListItem\",\"position\":2,\"name\":\"Shop\",\"item\":\"https:\\\/\\\/www.la-roque-bandol.com\\\/en\\\/shop\\\/\"},{\"@type\":\"ListItem\",\"position\":3,\"name\":\"Marnes Sableuses\"}]},{\"@type\":\"WebSite\",\"@id\":\"https:\\\/\\\/www.la-roque-bandol.com\\\/en\\\/#website\",\"url\":\"https:\\\/\\\/www.la-roque-bandol.com\\\/en\\\/\",\"name\":\"Moulin de la Roque\",\"description\":\"\",\"potentialAction\":[{\"@type\":\"SearchAction\",\"target\":{\"@type\":\"EntryPoint\",\"urlTemplate\":\"https:\\\/\\\/www.la-roque-bandol.com\\\/en\\\/?s={search_term_string}\"},\"query-input\":{\"@type\":\"PropertyValueSpecification\",\"valueRequired\":true,\"valueName\":\"search_term_string\"}}],\"inLanguage\":\"en-US\"}]}<\/script>\n<!-- \/ Yoast SEO plugin. -->","yoast_head_json":{"title":"Marnes Sableuses vin rouge - 2012 | AOC Bandol","description":"Robe profonde, grenat noir. Nez fin, \u00e9pic\u00e9 avec des notes de torr\u00e9faction. La bouche est puissante avec des notes de cacao et de torr\u00e9faction.","robots":{"index":"index","follow":"follow","max-snippet":"max-snippet:-1","max-image-preview":"max-image-preview:large","max-video-preview":"max-video-preview:-1"},"canonical":"https:\/\/www.la-roque-bandol.com\/en\/shop\/marnes-sableuses-2\/","og_locale":"en_US","og_type":"article","og_title":"Marnes Sableuses vin rouge - 2012 | AOC Bandol","og_description":"Robe profonde, grenat noir. Nez fin, \u00e9pic\u00e9 avec des notes de torr\u00e9faction. La bouche est puissante avec des notes de cacao et de torr\u00e9faction.","og_url":"https:\/\/www.la-roque-bandol.com\/en\/shop\/marnes-sableuses-2\/","og_site_name":"Moulin de la Roque","article_modified_time":"2025-11-25T11:02:58+00:00","og_image":[{"width":600,"height":600,"url":"https:\/\/www.la-roque-bandol.com\/wp-content\/uploads\/2021\/09\/Moulin-de-la-roque-aop-bandol-terroirs-marnes-sableuses.png","type":"image\/png"}],"twitter_card":"summary_large_image","twitter_misc":{"Est. reading time":"1 minute"},"schema":{"@context":"https:\/\/schema.org","@graph":[{"@type":"WebPage","@id":"https:\/\/www.la-roque-bandol.com\/en\/shop\/marnes-sableuses-2\/","url":"https:\/\/www.la-roque-bandol.com\/en\/shop\/marnes-sableuses-2\/","name":"Marnes Sableuses vin rouge - 2012 | AOC Bandol","isPartOf":{"@id":"https:\/\/www.la-roque-bandol.com\/en\/#website"},"primaryImageOfPage":{"@id":"https:\/\/www.la-roque-bandol.com\/en\/shop\/marnes-sableuses-2\/#primaryimage"},"image":{"@id":"https:\/\/www.la-roque-bandol.com\/en\/shop\/marnes-sableuses-2\/#primaryimage"},"thumbnailUrl":"https:\/\/www.la-roque-bandol.com\/wp-content\/uploads\/2021\/09\/Moulin-de-la-roque-aop-bandol-terroirs-marnes-sableuses.png","datePublished":"2024-11-01T15:10:47+00:00","dateModified":"2025-11-25T11:02:58+00:00","description":"Robe profonde, grenat noir. Nez fin, \u00e9pic\u00e9 avec des notes de torr\u00e9faction. La bouche est puissante avec des notes de cacao et de torr\u00e9faction.","breadcrumb":{"@id":"https:\/\/www.la-roque-bandol.com\/en\/shop\/marnes-sableuses-2\/#breadcrumb"},"inLanguage":"en-US","potentialAction":[{"@type":"ReadAction","target":["https:\/\/www.la-roque-bandol.com\/en\/shop\/marnes-sableuses-2\/"]}]},{"@type":"ImageObject","inLanguage":"en-US","@id":"https:\/\/www.la-roque-bandol.com\/en\/shop\/marnes-sableuses-2\/#primaryimage","url":"https:\/\/www.la-roque-bandol.com\/wp-content\/uploads\/2021\/09\/Moulin-de-la-roque-aop-bandol-terroirs-marnes-sableuses.png","contentUrl":"https:\/\/www.la-roque-bandol.com\/wp-content\/uploads\/2021\/09\/Moulin-de-la-roque-aop-bandol-terroirs-marnes-sableuses.png","width":600,"height":600,"caption":"Marnes Sableuses - Rouge"},{"@type":"BreadcrumbList","@id":"https:\/\/www.la-roque-bandol.com\/en\/shop\/marnes-sableuses-2\/#breadcrumb","itemListElement":[{"@type":"ListItem","position":1,"name":"Accueil","item":"https:\/\/www.la-roque-bandol.com\/en\/"},{"@type":"ListItem","position":2,"name":"Shop","item":"https:\/\/www.la-roque-bandol.com\/en\/shop\/"},{"@type":"ListItem","position":3,"name":"Marnes Sableuses"}]},{"@type":"WebSite","@id":"https:\/\/www.la-roque-bandol.com\/en\/#website","url":"https:\/\/www.la-roque-bandol.com\/en\/","name":"Moulin de la Roque","description":"","potentialAction":[{"@type":"SearchAction","target":{"@type":"EntryPoint","urlTemplate":"https:\/\/www.la-roque-bandol.com\/en\/?s={search_term_string}"},"query-input":{"@type":"PropertyValueSpecification","valueRequired":true,"valueName":"search_term_string"}}],"inLanguage":"en-US"}]}},"_links":{"self":[{"href":"https:\/\/www.la-roque-bandol.com\/en\/wp-json\/wp\/v2\/product\/14130","targetHints":{"allow":["GET"]}}],"collection":[{"href":"https:\/\/www.la-roque-bandol.com\/en\/wp-json\/wp\/v2\/product"}],"about":[{"href":"https:\/\/www.la-roque-bandol.com\/en\/wp-json\/wp\/v2\/types\/product"}],"replies":[{"embeddable":true,"href":"https:\/\/www.la-roque-bandol.com\/en\/wp-json\/wp\/v2\/comments?post=14130"}],"wp:featuredmedia":[{"embeddable":true,"href":"https:\/\/www.la-roque-bandol.com\/en\/wp-json\/wp\/v2\/media\/2296"}],"wp:attachment":[{"href":"https:\/\/www.la-roque-bandol.com\/en\/wp-json\/wp\/v2\/media?parent=14130"}],"wp:term":[{"taxonomy":"product_brand","embeddable":true,"href":"https:\/\/www.la-roque-bandol.com\/en\/wp-json\/wp\/v2\/product_brand?post=14130"},{"taxonomy":"product_cat","embeddable":true,"href":"https:\/\/www.la-roque-bandol.com\/en\/wp-json\/wp\/v2\/product_cat?post=14130"},{"taxonomy":"product_tag","embeddable":true,"href":"https:\/\/www.la-roque-bandol.com\/en\/wp-json\/wp\/v2\/product_tag?post=14130"}],"curies":[{"name":"wp","href":"https:\/\/api.w.org\/{rel}","templated":true}]}}