{"id":12338,"date":"2024-06-11T17:43:05","date_gmt":"2024-06-11T15:43:05","guid":{"rendered":"https:\/\/www.la-roque-bandol.com\/?post_type=product&#038;p=12338"},"modified":"2025-12-08T09:22:06","modified_gmt":"2025-12-08T08:22:06","slug":"cuvee-1950-rouge","status":"publish","type":"product","link":"https:\/\/www.la-roque-bandol.com\/en\/shop\/cuvee-1950-rouge\/","title":{"rendered":"Cuv\u00e9e 1950"},"content":{"rendered":"<p><strong>La cuv\u00e9e 1950 rouge<\/strong> d\u00e9voile une robe grenat intense.<\/p>\n<p><img decoding=\"async\" class=\"alignnone size-full wp-image-3136\" src=\"https:\/\/www.la-roque-bandol.com\/wp-content\/uploads\/2021\/11\/logo-vins-bio.png\" alt=\"Logo vins bio\" width=\"100\" height=\"67\" \/><\/p>\n<p>Son nez puissant exhale des ar\u00f4mes de fruits m\u00fbrs, de cacao et de cuir. En bouche, elle s\u00e9duit par sa richesse, sa structure charnue et ses tanins \u00e0 la fois puissants et \u00e9l\u00e9gants.<\/p>\n<p data-start=\"481\" data-end=\"655\">Cr\u00e9\u00e9e en 1950, la cave coop\u00e9rative donne son nom \u00e0 cette cuv\u00e9e biologique. Elle incarne l&#8217;engagement du Moulin de la Roque pour la nature et l&#8217;excellence de son savoir-faire.<\/p>\n<p data-start=\"657\" data-end=\"779\">D\u00e9couvrez aussi notre cuv\u00e9e <a href=\"https:\/\/www.la-roque-bandol.com\/boutique\/cuvee1950\/\"><strong>Ros\u00e9<\/strong><\/a>\u00a0pour prolonger l&#8217;exp\u00e9rience et explorer toutes les facettes de notre passion du Bandol.<\/p>\n","protected":false},"excerpt":{"rendered":"<p>La cuv\u00e9e 1950 rouge d\u00e9voile une robe grenat intense. Son nez puissant exhale des ar\u00f4mes de fruits m\u00fbrs, de cacao et de cuir. En bouche, elle s\u00e9duit par sa richesse, sa structure charnue et ses tanins \u00e0 la fois puissants et \u00e9l\u00e9gants. Cr\u00e9\u00e9e en 1950, la cave coop\u00e9rative donne son nom \u00e0 cette cuv\u00e9e biologique.&hellip;<\/p>\n","protected":false},"featured_media":12348,"comment_status":"open","ping_status":"closed","template":"","meta":{"_acf_changed":false},"product_brand":[619,620],"product_cat":[18,607],"product_tag":[],"class_list":{"0":"post-12338","1":"product","2":"type-product","3":"status-publish","4":"has-post-thumbnail","6":"product_brand-customer","7":"product_brand-customer_club","8":"product_cat-irresistiblement-bandol","9":"product_cat-vins","11":"first","12":"instock","13":"taxable","14":"shipping-taxable","15":"purchasable","16":"product-type-variable","17":"has-default-attributes","18":"add-to-wishlist-before_image"},"group_of_quantity":0,"min_quantity":0,"max_quantity":"","exclude_order_quantity_value_rules":"no","exclude_category_quantity_rules":"no","combine_variations":"no","acf":[],"yoast_head":"<!-- This site is optimized with the Yoast SEO plugin v27.3 - https:\/\/yoast.com\/product\/yoast-seo-wordpress\/ -->\n<title>Cuv\u00e9e 1950 rouge - 2020 | AOC Bandol Moulin de la Roque<\/title>\n<meta name=\"description\" content=\"Cuv\u00e9e 1950 rouge - 2020 vin AOC Bandol structur\u00e9, aux ar\u00f4mes de fruits m\u00fbrs, de cacao et de cui. Livraison offerte d\u00e8s 200\u20ac d\u2019achat\" \/>\n<meta name=\"robots\" content=\"index, follow, max-snippet:-1, max-image-preview:large, max-video-preview:-1\" \/>\n<link rel=\"canonical\" href=\"https:\/\/www.la-roque-bandol.com\/en\/shop\/cuvee-1950-rouge\/\" \/>\n<meta property=\"og:locale\" content=\"en_US\" \/>\n<meta property=\"og:type\" content=\"article\" \/>\n<meta property=\"og:title\" content=\"Cuv\u00e9e 1950 rouge - 2020 | AOC Bandol Moulin de la Roque\" \/>\n<meta property=\"og:description\" content=\"Cuv\u00e9e 1950 rouge - 2020 vin AOC Bandol structur\u00e9, aux ar\u00f4mes de fruits m\u00fbrs, de cacao et de cui. Livraison offerte d\u00e8s 200\u20ac d\u2019achat\" \/>\n<meta property=\"og:url\" content=\"https:\/\/www.la-roque-bandol.com\/en\/shop\/cuvee-1950-rouge\/\" \/>\n<meta property=\"og:site_name\" content=\"Moulin de la Roque\" \/>\n<meta property=\"article:modified_time\" content=\"2025-12-08T08:22:06+00:00\" \/>\n<meta property=\"og:image\" content=\"https:\/\/www.la-roque-bandol.com\/wp-content\/uploads\/2024\/06\/1950-rouge.png\" \/>\n\t<meta property=\"og:image:width\" content=\"730\" \/>\n\t<meta property=\"og:image:height\" content=\"728\" \/>\n\t<meta property=\"og:image:type\" content=\"image\/png\" \/>\n<meta name=\"twitter:card\" content=\"summary_large_image\" \/>\n<meta name=\"twitter:label1\" content=\"Est. reading time\" \/>\n\t<meta name=\"twitter:data1\" content=\"1 minute\" \/>\n<script type=\"application\/ld+json\" class=\"yoast-schema-graph\">{\"@context\":\"https:\\\/\\\/schema.org\",\"@graph\":[{\"@type\":\"WebPage\",\"@id\":\"https:\\\/\\\/www.la-roque-bandol.com\\\/en\\\/shop\\\/cuvee-1950-rouge\\\/\",\"url\":\"https:\\\/\\\/www.la-roque-bandol.com\\\/en\\\/shop\\\/cuvee-1950-rouge\\\/\",\"name\":\"Cuv\u00e9e 1950 rouge - 2020 | AOC Bandol Moulin de la Roque\",\"isPartOf\":{\"@id\":\"https:\\\/\\\/www.la-roque-bandol.com\\\/en\\\/#website\"},\"primaryImageOfPage\":{\"@id\":\"https:\\\/\\\/www.la-roque-bandol.com\\\/en\\\/shop\\\/cuvee-1950-rouge\\\/#primaryimage\"},\"image\":{\"@id\":\"https:\\\/\\\/www.la-roque-bandol.com\\\/en\\\/shop\\\/cuvee-1950-rouge\\\/#primaryimage\"},\"thumbnailUrl\":\"https:\\\/\\\/www.la-roque-bandol.com\\\/wp-content\\\/uploads\\\/2024\\\/06\\\/1950-rouge.png\",\"datePublished\":\"2024-06-11T15:43:05+00:00\",\"dateModified\":\"2025-12-08T08:22:06+00:00\",\"description\":\"Cuv\u00e9e 1950 rouge - 2020 vin AOC Bandol structur\u00e9, aux ar\u00f4mes de fruits m\u00fbrs, de cacao et de cui. Livraison offerte d\u00e8s 200\u20ac d\u2019achat\",\"breadcrumb\":{\"@id\":\"https:\\\/\\\/www.la-roque-bandol.com\\\/en\\\/shop\\\/cuvee-1950-rouge\\\/#breadcrumb\"},\"inLanguage\":\"en-US\",\"potentialAction\":[{\"@type\":\"ReadAction\",\"target\":[\"https:\\\/\\\/www.la-roque-bandol.com\\\/en\\\/shop\\\/cuvee-1950-rouge\\\/\"]}]},{\"@type\":\"ImageObject\",\"inLanguage\":\"en-US\",\"@id\":\"https:\\\/\\\/www.la-roque-bandol.com\\\/en\\\/shop\\\/cuvee-1950-rouge\\\/#primaryimage\",\"url\":\"https:\\\/\\\/www.la-roque-bandol.com\\\/wp-content\\\/uploads\\\/2024\\\/06\\\/1950-rouge.png\",\"contentUrl\":\"https:\\\/\\\/www.la-roque-bandol.com\\\/wp-content\\\/uploads\\\/2024\\\/06\\\/1950-rouge.png\",\"width\":730,\"height\":728,\"caption\":\"Cuv\u00e9e 1950 rouge AOC BANDOL\"},{\"@type\":\"BreadcrumbList\",\"@id\":\"https:\\\/\\\/www.la-roque-bandol.com\\\/en\\\/shop\\\/cuvee-1950-rouge\\\/#breadcrumb\",\"itemListElement\":[{\"@type\":\"ListItem\",\"position\":1,\"name\":\"Accueil\",\"item\":\"https:\\\/\\\/www.la-roque-bandol.com\\\/en\\\/\"},{\"@type\":\"ListItem\",\"position\":2,\"name\":\"Shop\",\"item\":\"https:\\\/\\\/www.la-roque-bandol.com\\\/en\\\/shop\\\/\"},{\"@type\":\"ListItem\",\"position\":3,\"name\":\"Cuv\u00e9e 1950\"}]},{\"@type\":\"WebSite\",\"@id\":\"https:\\\/\\\/www.la-roque-bandol.com\\\/en\\\/#website\",\"url\":\"https:\\\/\\\/www.la-roque-bandol.com\\\/en\\\/\",\"name\":\"Moulin de la Roque\",\"description\":\"\",\"potentialAction\":[{\"@type\":\"SearchAction\",\"target\":{\"@type\":\"EntryPoint\",\"urlTemplate\":\"https:\\\/\\\/www.la-roque-bandol.com\\\/en\\\/?s={search_term_string}\"},\"query-input\":{\"@type\":\"PropertyValueSpecification\",\"valueRequired\":true,\"valueName\":\"search_term_string\"}}],\"inLanguage\":\"en-US\"}]}<\/script>\n<!-- \/ Yoast SEO plugin. -->","yoast_head_json":{"title":"Cuv\u00e9e 1950 rouge - 2020 | AOC Bandol Moulin de la Roque","description":"Cuv\u00e9e 1950 rouge - 2020 vin AOC Bandol structur\u00e9, aux ar\u00f4mes de fruits m\u00fbrs, de cacao et de cui. Livraison offerte d\u00e8s 200\u20ac d\u2019achat","robots":{"index":"index","follow":"follow","max-snippet":"max-snippet:-1","max-image-preview":"max-image-preview:large","max-video-preview":"max-video-preview:-1"},"canonical":"https:\/\/www.la-roque-bandol.com\/en\/shop\/cuvee-1950-rouge\/","og_locale":"en_US","og_type":"article","og_title":"Cuv\u00e9e 1950 rouge - 2020 | AOC Bandol Moulin de la Roque","og_description":"Cuv\u00e9e 1950 rouge - 2020 vin AOC Bandol structur\u00e9, aux ar\u00f4mes de fruits m\u00fbrs, de cacao et de cui. Livraison offerte d\u00e8s 200\u20ac d\u2019achat","og_url":"https:\/\/www.la-roque-bandol.com\/en\/shop\/cuvee-1950-rouge\/","og_site_name":"Moulin de la Roque","article_modified_time":"2025-12-08T08:22:06+00:00","og_image":[{"width":730,"height":728,"url":"https:\/\/www.la-roque-bandol.com\/wp-content\/uploads\/2024\/06\/1950-rouge.png","type":"image\/png"}],"twitter_card":"summary_large_image","twitter_misc":{"Est. reading time":"1 minute"},"schema":{"@context":"https:\/\/schema.org","@graph":[{"@type":"WebPage","@id":"https:\/\/www.la-roque-bandol.com\/en\/shop\/cuvee-1950-rouge\/","url":"https:\/\/www.la-roque-bandol.com\/en\/shop\/cuvee-1950-rouge\/","name":"Cuv\u00e9e 1950 rouge - 2020 | AOC Bandol Moulin de la Roque","isPartOf":{"@id":"https:\/\/www.la-roque-bandol.com\/en\/#website"},"primaryImageOfPage":{"@id":"https:\/\/www.la-roque-bandol.com\/en\/shop\/cuvee-1950-rouge\/#primaryimage"},"image":{"@id":"https:\/\/www.la-roque-bandol.com\/en\/shop\/cuvee-1950-rouge\/#primaryimage"},"thumbnailUrl":"https:\/\/www.la-roque-bandol.com\/wp-content\/uploads\/2024\/06\/1950-rouge.png","datePublished":"2024-06-11T15:43:05+00:00","dateModified":"2025-12-08T08:22:06+00:00","description":"Cuv\u00e9e 1950 rouge - 2020 vin AOC Bandol structur\u00e9, aux ar\u00f4mes de fruits m\u00fbrs, de cacao et de cui. Livraison offerte d\u00e8s 200\u20ac d\u2019achat","breadcrumb":{"@id":"https:\/\/www.la-roque-bandol.com\/en\/shop\/cuvee-1950-rouge\/#breadcrumb"},"inLanguage":"en-US","potentialAction":[{"@type":"ReadAction","target":["https:\/\/www.la-roque-bandol.com\/en\/shop\/cuvee-1950-rouge\/"]}]},{"@type":"ImageObject","inLanguage":"en-US","@id":"https:\/\/www.la-roque-bandol.com\/en\/shop\/cuvee-1950-rouge\/#primaryimage","url":"https:\/\/www.la-roque-bandol.com\/wp-content\/uploads\/2024\/06\/1950-rouge.png","contentUrl":"https:\/\/www.la-roque-bandol.com\/wp-content\/uploads\/2024\/06\/1950-rouge.png","width":730,"height":728,"caption":"Cuv\u00e9e 1950 rouge AOC BANDOL"},{"@type":"BreadcrumbList","@id":"https:\/\/www.la-roque-bandol.com\/en\/shop\/cuvee-1950-rouge\/#breadcrumb","itemListElement":[{"@type":"ListItem","position":1,"name":"Accueil","item":"https:\/\/www.la-roque-bandol.com\/en\/"},{"@type":"ListItem","position":2,"name":"Shop","item":"https:\/\/www.la-roque-bandol.com\/en\/shop\/"},{"@type":"ListItem","position":3,"name":"Cuv\u00e9e 1950"}]},{"@type":"WebSite","@id":"https:\/\/www.la-roque-bandol.com\/en\/#website","url":"https:\/\/www.la-roque-bandol.com\/en\/","name":"Moulin de la Roque","description":"","potentialAction":[{"@type":"SearchAction","target":{"@type":"EntryPoint","urlTemplate":"https:\/\/www.la-roque-bandol.com\/en\/?s={search_term_string}"},"query-input":{"@type":"PropertyValueSpecification","valueRequired":true,"valueName":"search_term_string"}}],"inLanguage":"en-US"}]}},"_links":{"self":[{"href":"https:\/\/www.la-roque-bandol.com\/en\/wp-json\/wp\/v2\/product\/12338","targetHints":{"allow":["GET"]}}],"collection":[{"href":"https:\/\/www.la-roque-bandol.com\/en\/wp-json\/wp\/v2\/product"}],"about":[{"href":"https:\/\/www.la-roque-bandol.com\/en\/wp-json\/wp\/v2\/types\/product"}],"replies":[{"embeddable":true,"href":"https:\/\/www.la-roque-bandol.com\/en\/wp-json\/wp\/v2\/comments?post=12338"}],"wp:featuredmedia":[{"embeddable":true,"href":"https:\/\/www.la-roque-bandol.com\/en\/wp-json\/wp\/v2\/media\/12348"}],"wp:attachment":[{"href":"https:\/\/www.la-roque-bandol.com\/en\/wp-json\/wp\/v2\/media?parent=12338"}],"wp:term":[{"taxonomy":"product_brand","embeddable":true,"href":"https:\/\/www.la-roque-bandol.com\/en\/wp-json\/wp\/v2\/product_brand?post=12338"},{"taxonomy":"product_cat","embeddable":true,"href":"https:\/\/www.la-roque-bandol.com\/en\/wp-json\/wp\/v2\/product_cat?post=12338"},{"taxonomy":"product_tag","embeddable":true,"href":"https:\/\/www.la-roque-bandol.com\/en\/wp-json\/wp\/v2\/product_tag?post=12338"}],"curies":[{"name":"wp","href":"https:\/\/api.w.org\/{rel}","templated":true}]}}