{"id":1025,"date":"2021-10-18T16:20:07","date_gmt":"2021-10-18T14:20:07","guid":{"rendered":"https:\/\/www.la-roque-bandol.com\/igp-mediterrannee\/"},"modified":"2021-11-12T14:14:51","modified_gmt":"2021-11-12T13:14:51","slug":"igp-mediterrannee","status":"publish","type":"page","link":"https:\/\/www.la-roque-bandol.com\/en\/igp-mediterrannee\/","title":{"rendered":"IGP M\u00e9diterrann\u00e9e"},"content":{"rendered":"\t\t<div data-elementor-type=\"wp-page\" data-elementor-id=\"1025\" class=\"elementor elementor-1025 elementor-682\">\n\t\t\t\t\t\t<section class=\"elementor-section elementor-top-section elementor-element elementor-element-668f21db elementor-section-full_width elementor-section-stretched elementor-section-height-default elementor-section-height-default\" data-id=\"668f21db\" data-element_type=\"section\" data-e-type=\"section\" data-settings=\"{&quot;stretch_section&quot;:&quot;section-stretched&quot;}\">\n\t\t\t\t\t\t<div class=\"elementor-container elementor-column-gap-default\">\n\t\t\t\t\t<div class=\"elementor-column elementor-col-100 elementor-top-column elementor-element elementor-element-623d54a3\" data-id=\"623d54a3\" data-element_type=\"column\" data-e-type=\"column\">\n\t\t\t<div class=\"elementor-widget-wrap elementor-element-populated\">\n\t\t\t\t\t\t<div class=\"elementor-element elementor-element-63f7a147 elementor-widget elementor-widget-image\" data-id=\"63f7a147\" data-element_type=\"widget\" data-e-type=\"widget\" data-widget_type=\"image.default\">\n\t\t\t\t<div class=\"elementor-widget-container\">\n\t\t\t\t\t\t\t\t\t\t\t\t\t\t\t<img decoding=\"async\" src=\"https:\/\/www.la-roque-bandol.com\/wp-content\/uploads\/2021\/11\/Header-vignoble-igp-mediterrannee.png\" title=\"Header-vignoble-igp-mediterrannee\" alt=\"Arbres\" loading=\"lazy\" \/>\t\t\t\t\t\t\t\t\t\t\t\t\t\t\t<\/div>\n\t\t\t\t<\/div>\n\t\t\t\t\t<\/div>\n\t\t<\/div>\n\t\t\t\t\t<\/div>\n\t\t<\/section>\n\t\t\t\t<section class=\"elementor-section elementor-top-section elementor-element elementor-element-473e4a45 elementor-section-boxed elementor-section-height-default elementor-section-height-default\" data-id=\"473e4a45\" data-element_type=\"section\" data-e-type=\"section\" data-settings=\"{&quot;background_background&quot;:&quot;classic&quot;}\">\n\t\t\t\t\t\t<div class=\"elementor-container elementor-column-gap-default\">\n\t\t\t\t\t<div class=\"elementor-column elementor-col-100 elementor-top-column elementor-element elementor-element-786fcd88\" data-id=\"786fcd88\" data-element_type=\"column\" data-e-type=\"column\">\n\t\t\t<div class=\"elementor-widget-wrap elementor-element-populated\">\n\t\t\t\t\t\t<div class=\"elementor-element elementor-element-6a3aefbc elementor-widget elementor-widget-heading\" data-id=\"6a3aefbc\" data-element_type=\"widget\" data-e-type=\"widget\" data-widget_type=\"heading.default\">\n\t\t\t\t<div class=\"elementor-widget-container\">\n\t\t\t\t\t<h1 class=\"elementor-heading-title elementor-size-default\">IGP M\u00e9diterran\u00e9e<\/h1>\t\t\t\t<\/div>\n\t\t\t\t<\/div>\n\t\t\t\t\t<\/div>\n\t\t<\/div>\n\t\t\t\t\t<\/div>\n\t\t<\/section>\n\t\t\t\t<section class=\"elementor-section elementor-top-section elementor-element elementor-element-28c0a180 elementor-section-content-middle custom-text-size elementor-section-boxed elementor-section-height-default elementor-section-height-default\" data-id=\"28c0a180\" data-element_type=\"section\" data-e-type=\"section\">\n\t\t\t\t\t\t<div class=\"elementor-container elementor-column-gap-custom\">\n\t\t\t\t\t<div class=\"elementor-column elementor-col-50 elementor-top-column elementor-element elementor-element-71a342b8\" data-id=\"71a342b8\" data-element_type=\"column\" data-e-type=\"column\">\n\t\t\t<div class=\"elementor-widget-wrap elementor-element-populated\">\n\t\t\t\t\t\t<div class=\"elementor-element elementor-element-19edb1f2 elementor-widget elementor-widget-text-editor\" data-id=\"19edb1f2\" data-element_type=\"widget\" data-e-type=\"widget\" data-widget_type=\"text-editor.default\">\n\t\t\t\t<div class=\"elementor-widget-container\">\n\t\t\t\t\t\t\t\t\t<h2>IGP M\u00e9diterran\u00e9e &#8211; Never far from the sea<\/h2><p>Our IGP M\u00e9diterran\u00e9e wines are made from grapes grown on plots around our winery. The soils here are mostly clay and limestone and the vines are drenched in sunshine for much of the year.<\/p><p>The Mediterranean is never more than a few miles from our plots and its constant influence gives the wines of this protected geographical indication their personality.<\/p><p>The combining of typical Proven\u00e7al varieties like Mourv\u00e8dre, Grenache, Cinsault and Carignan with other grapes such as Merlot, produces deliciously easy-to-drink wines that are enjoyable immediately and ideal for sharing on all occasions.<\/p>\t\t\t\t\t\t\t\t<\/div>\n\t\t\t\t<\/div>\n\t\t\t\t<div class=\"elementor-element elementor-element-5a149bf9 elementor-widget elementor-widget-image\" data-id=\"5a149bf9\" data-element_type=\"widget\" data-e-type=\"widget\" data-widget_type=\"image.default\">\n\t\t\t\t<div class=\"elementor-widget-container\">\n\t\t\t\t\t\t\t\t\t\t\t\t\t\t\t<img fetchpriority=\"high\" decoding=\"async\" width=\"500\" height=\"500\" src=\"https:\/\/www.la-roque-bandol.com\/wp-content\/uploads\/2021\/11\/Notre-vignoble-igp-mediterrannee-nota-bene-rouge-rose.png\" class=\"attachment-full size-full wp-image-2619\" alt=\"Table Vins Bandol\" srcset=\"https:\/\/www.la-roque-bandol.com\/wp-content\/uploads\/2021\/11\/Notre-vignoble-igp-mediterrannee-nota-bene-rouge-rose.png 500w, https:\/\/www.la-roque-bandol.com\/wp-content\/uploads\/2021\/11\/Notre-vignoble-igp-mediterrannee-nota-bene-rouge-rose-300x300.png 300w, https:\/\/www.la-roque-bandol.com\/wp-content\/uploads\/2021\/11\/Notre-vignoble-igp-mediterrannee-nota-bene-rouge-rose-150x150.png 150w, https:\/\/www.la-roque-bandol.com\/wp-content\/uploads\/2021\/11\/Notre-vignoble-igp-mediterrannee-nota-bene-rouge-rose-20x20.png 20w, https:\/\/www.la-roque-bandol.com\/wp-content\/uploads\/2021\/11\/Notre-vignoble-igp-mediterrannee-nota-bene-rouge-rose-100x100.png 100w\" sizes=\"(max-width: 500px) 100vw, 500px\" \/>\t\t\t\t\t\t\t\t\t\t\t\t\t\t\t<\/div>\n\t\t\t\t<\/div>\n\t\t\t\t\t<\/div>\n\t\t<\/div>\n\t\t\t\t<div class=\"elementor-column elementor-col-50 elementor-top-column elementor-element elementor-element-4dd59d7b\" data-id=\"4dd59d7b\" data-element_type=\"column\" data-e-type=\"column\">\n\t\t\t<div class=\"elementor-widget-wrap elementor-element-populated\">\n\t\t\t\t\t\t<div class=\"elementor-element elementor-element-28c53649 elementor-widget elementor-widget-image\" data-id=\"28c53649\" data-element_type=\"widget\" data-e-type=\"widget\" data-widget_type=\"image.default\">\n\t\t\t\t<div class=\"elementor-widget-container\">\n\t\t\t\t\t\t\t\t\t\t\t\t\t\t\t<img decoding=\"async\" width=\"500\" height=\"500\" src=\"https:\/\/www.la-roque-bandol.com\/wp-content\/uploads\/2021\/11\/Notre-vignoble-igp-mediterrannee-vignes.png\" class=\"attachment-full size-full wp-image-2621\" alt=\"Arbres\" srcset=\"https:\/\/www.la-roque-bandol.com\/wp-content\/uploads\/2021\/11\/Notre-vignoble-igp-mediterrannee-vignes.png 500w, https:\/\/www.la-roque-bandol.com\/wp-content\/uploads\/2021\/11\/Notre-vignoble-igp-mediterrannee-vignes-300x300.png 300w, https:\/\/www.la-roque-bandol.com\/wp-content\/uploads\/2021\/11\/Notre-vignoble-igp-mediterrannee-vignes-150x150.png 150w, https:\/\/www.la-roque-bandol.com\/wp-content\/uploads\/2021\/11\/Notre-vignoble-igp-mediterrannee-vignes-20x20.png 20w, https:\/\/www.la-roque-bandol.com\/wp-content\/uploads\/2021\/11\/Notre-vignoble-igp-mediterrannee-vignes-100x100.png 100w\" sizes=\"(max-width: 500px) 100vw, 500px\" \/>\t\t\t\t\t\t\t\t\t\t\t\t\t\t\t<\/div>\n\t\t\t\t<\/div>\n\t\t\t\t\t<\/div>\n\t\t<\/div>\n\t\t\t\t\t<\/div>\n\t\t<\/section>\n\t\t\t\t<\/div>\n\t\t","protected":false},"excerpt":{"rendered":"<p>IGP M\u00e9diterran\u00e9e IGP M\u00e9diterran\u00e9e &#8211; Never far from the sea Our IGP M\u00e9diterran\u00e9e wines are made from grapes grown on plots around our winery. The soils here are mostly clay and limestone and the vines are drenched in sunshine for much of the year. The Mediterranean is never more than a few miles from our&hellip;<\/p>\n","protected":false},"author":1,"featured_media":0,"parent":0,"menu_order":0,"comment_status":"closed","ping_status":"closed","template":"","meta":{"_acf_changed":false,"footnotes":""},"class_list":["post-1025","page","type-page","status-publish","hentry"],"acf":[],"yoast_head":"<!-- This site is optimized with the Yoast SEO plugin v27.3 - https:\/\/yoast.com\/product\/yoast-seo-wordpress\/ -->\n<title>IGP M\u00e9diterrann\u00e9e - Moulin de la Roque<\/title>\n<meta name=\"description\" content=\"La mer M\u00e9diterran\u00e9e et son empreinte conf\u00e8re \u00e0 cette indication g\u00e9ographique toute sa personnalit\u00e9. Nos cuv\u00e9es se d\u00e9clinent en rouge et ros\u00e9.\" \/>\n<meta name=\"robots\" content=\"index, follow, max-snippet:-1, max-image-preview:large, max-video-preview:-1\" \/>\n<link rel=\"canonical\" href=\"https:\/\/www.la-roque-bandol.com\/en\/igp-mediterrannee\/\" \/>\n<meta property=\"og:locale\" content=\"en_US\" \/>\n<meta property=\"og:type\" content=\"article\" \/>\n<meta property=\"og:title\" content=\"IGP M\u00e9diterrann\u00e9e - Moulin de la Roque\" \/>\n<meta property=\"og:description\" content=\"La mer M\u00e9diterran\u00e9e et son empreinte conf\u00e8re \u00e0 cette indication g\u00e9ographique toute sa personnalit\u00e9. Nos cuv\u00e9es se d\u00e9clinent en rouge et ros\u00e9.\" \/>\n<meta property=\"og:url\" content=\"https:\/\/www.la-roque-bandol.com\/en\/igp-mediterrannee\/\" \/>\n<meta property=\"og:site_name\" content=\"Moulin de la Roque\" \/>\n<meta property=\"article:modified_time\" content=\"2021-11-12T13:14:51+00:00\" \/>\n<meta property=\"og:image\" content=\"https:\/\/www.la-roque-bandol.com\/wp-content\/uploads\/elementor\/thumbs\/Header-vignoble-igp-mediterrannee-pft929jesn2l68ozih31gblb3kmzwtq6v8o2oj26f4.png\" \/>\n<meta name=\"twitter:card\" content=\"summary_large_image\" \/>\n<meta name=\"twitter:label1\" content=\"Est. reading time\" \/>\n\t<meta name=\"twitter:data1\" content=\"2 minutes\" \/>\n<script type=\"application\/ld+json\" class=\"yoast-schema-graph\">{\"@context\":\"https:\\\/\\\/schema.org\",\"@graph\":[{\"@type\":\"WebPage\",\"@id\":\"https:\\\/\\\/www.la-roque-bandol.com\\\/en\\\/igp-mediterrannee\\\/\",\"url\":\"https:\\\/\\\/www.la-roque-bandol.com\\\/en\\\/igp-mediterrannee\\\/\",\"name\":\"IGP M\u00e9diterrann\u00e9e - Moulin de la Roque\",\"isPartOf\":{\"@id\":\"https:\\\/\\\/www.la-roque-bandol.com\\\/en\\\/#website\"},\"primaryImageOfPage\":{\"@id\":\"https:\\\/\\\/www.la-roque-bandol.com\\\/en\\\/igp-mediterrannee\\\/#primaryimage\"},\"image\":{\"@id\":\"https:\\\/\\\/www.la-roque-bandol.com\\\/en\\\/igp-mediterrannee\\\/#primaryimage\"},\"thumbnailUrl\":\"https:\\\/\\\/www.la-roque-bandol.com\\\/wp-content\\\/uploads\\\/elementor\\\/thumbs\\\/Header-vignoble-igp-mediterrannee-pft929jesn2l68ozih31gblb3kmzwtq6v8o2oj26f4.png\",\"datePublished\":\"2021-10-18T14:20:07+00:00\",\"dateModified\":\"2021-11-12T13:14:51+00:00\",\"description\":\"La mer M\u00e9diterran\u00e9e et son empreinte conf\u00e8re \u00e0 cette indication g\u00e9ographique toute sa personnalit\u00e9. Nos cuv\u00e9es se d\u00e9clinent en rouge et ros\u00e9.\",\"breadcrumb\":{\"@id\":\"https:\\\/\\\/www.la-roque-bandol.com\\\/en\\\/igp-mediterrannee\\\/#breadcrumb\"},\"inLanguage\":\"en-US\",\"potentialAction\":[{\"@type\":\"ReadAction\",\"target\":[\"https:\\\/\\\/www.la-roque-bandol.com\\\/en\\\/igp-mediterrannee\\\/\"]}]},{\"@type\":\"ImageObject\",\"inLanguage\":\"en-US\",\"@id\":\"https:\\\/\\\/www.la-roque-bandol.com\\\/en\\\/igp-mediterrannee\\\/#primaryimage\",\"url\":\"https:\\\/\\\/www.la-roque-bandol.com\\\/wp-content\\\/uploads\\\/elementor\\\/thumbs\\\/Header-vignoble-igp-mediterrannee-pft929jesn2l68ozih31gblb3kmzwtq6v8o2oj26f4.png\",\"contentUrl\":\"https:\\\/\\\/www.la-roque-bandol.com\\\/wp-content\\\/uploads\\\/elementor\\\/thumbs\\\/Header-vignoble-igp-mediterrannee-pft929jesn2l68ozih31gblb3kmzwtq6v8o2oj26f4.png\"},{\"@type\":\"BreadcrumbList\",\"@id\":\"https:\\\/\\\/www.la-roque-bandol.com\\\/en\\\/igp-mediterrannee\\\/#breadcrumb\",\"itemListElement\":[{\"@type\":\"ListItem\",\"position\":1,\"name\":\"Accueil\",\"item\":\"https:\\\/\\\/www.la-roque-bandol.com\\\/en\\\/\"},{\"@type\":\"ListItem\",\"position\":2,\"name\":\"IGP M\u00e9diterrann\u00e9e\"}]},{\"@type\":\"WebSite\",\"@id\":\"https:\\\/\\\/www.la-roque-bandol.com\\\/en\\\/#website\",\"url\":\"https:\\\/\\\/www.la-roque-bandol.com\\\/en\\\/\",\"name\":\"Moulin de la Roque\",\"description\":\"\",\"potentialAction\":[{\"@type\":\"SearchAction\",\"target\":{\"@type\":\"EntryPoint\",\"urlTemplate\":\"https:\\\/\\\/www.la-roque-bandol.com\\\/en\\\/?s={search_term_string}\"},\"query-input\":{\"@type\":\"PropertyValueSpecification\",\"valueRequired\":true,\"valueName\":\"search_term_string\"}}],\"inLanguage\":\"en-US\"}]}<\/script>\n<!-- \/ Yoast SEO plugin. -->","yoast_head_json":{"title":"IGP M\u00e9diterrann\u00e9e - Moulin de la Roque","description":"La mer M\u00e9diterran\u00e9e et son empreinte conf\u00e8re \u00e0 cette indication g\u00e9ographique toute sa personnalit\u00e9. Nos cuv\u00e9es se d\u00e9clinent en rouge et ros\u00e9.","robots":{"index":"index","follow":"follow","max-snippet":"max-snippet:-1","max-image-preview":"max-image-preview:large","max-video-preview":"max-video-preview:-1"},"canonical":"https:\/\/www.la-roque-bandol.com\/en\/igp-mediterrannee\/","og_locale":"en_US","og_type":"article","og_title":"IGP M\u00e9diterrann\u00e9e - Moulin de la Roque","og_description":"La mer M\u00e9diterran\u00e9e et son empreinte conf\u00e8re \u00e0 cette indication g\u00e9ographique toute sa personnalit\u00e9. Nos cuv\u00e9es se d\u00e9clinent en rouge et ros\u00e9.","og_url":"https:\/\/www.la-roque-bandol.com\/en\/igp-mediterrannee\/","og_site_name":"Moulin de la Roque","article_modified_time":"2021-11-12T13:14:51+00:00","og_image":[{"url":"https:\/\/www.la-roque-bandol.com\/wp-content\/uploads\/elementor\/thumbs\/Header-vignoble-igp-mediterrannee-pft929jesn2l68ozih31gblb3kmzwtq6v8o2oj26f4.png","type":"","width":"","height":""}],"twitter_card":"summary_large_image","twitter_misc":{"Est. reading time":"2 minutes"},"schema":{"@context":"https:\/\/schema.org","@graph":[{"@type":"WebPage","@id":"https:\/\/www.la-roque-bandol.com\/en\/igp-mediterrannee\/","url":"https:\/\/www.la-roque-bandol.com\/en\/igp-mediterrannee\/","name":"IGP M\u00e9diterrann\u00e9e - Moulin de la Roque","isPartOf":{"@id":"https:\/\/www.la-roque-bandol.com\/en\/#website"},"primaryImageOfPage":{"@id":"https:\/\/www.la-roque-bandol.com\/en\/igp-mediterrannee\/#primaryimage"},"image":{"@id":"https:\/\/www.la-roque-bandol.com\/en\/igp-mediterrannee\/#primaryimage"},"thumbnailUrl":"https:\/\/www.la-roque-bandol.com\/wp-content\/uploads\/elementor\/thumbs\/Header-vignoble-igp-mediterrannee-pft929jesn2l68ozih31gblb3kmzwtq6v8o2oj26f4.png","datePublished":"2021-10-18T14:20:07+00:00","dateModified":"2021-11-12T13:14:51+00:00","description":"La mer M\u00e9diterran\u00e9e et son empreinte conf\u00e8re \u00e0 cette indication g\u00e9ographique toute sa personnalit\u00e9. Nos cuv\u00e9es se d\u00e9clinent en rouge et ros\u00e9.","breadcrumb":{"@id":"https:\/\/www.la-roque-bandol.com\/en\/igp-mediterrannee\/#breadcrumb"},"inLanguage":"en-US","potentialAction":[{"@type":"ReadAction","target":["https:\/\/www.la-roque-bandol.com\/en\/igp-mediterrannee\/"]}]},{"@type":"ImageObject","inLanguage":"en-US","@id":"https:\/\/www.la-roque-bandol.com\/en\/igp-mediterrannee\/#primaryimage","url":"https:\/\/www.la-roque-bandol.com\/wp-content\/uploads\/elementor\/thumbs\/Header-vignoble-igp-mediterrannee-pft929jesn2l68ozih31gblb3kmzwtq6v8o2oj26f4.png","contentUrl":"https:\/\/www.la-roque-bandol.com\/wp-content\/uploads\/elementor\/thumbs\/Header-vignoble-igp-mediterrannee-pft929jesn2l68ozih31gblb3kmzwtq6v8o2oj26f4.png"},{"@type":"BreadcrumbList","@id":"https:\/\/www.la-roque-bandol.com\/en\/igp-mediterrannee\/#breadcrumb","itemListElement":[{"@type":"ListItem","position":1,"name":"Accueil","item":"https:\/\/www.la-roque-bandol.com\/en\/"},{"@type":"ListItem","position":2,"name":"IGP M\u00e9diterrann\u00e9e"}]},{"@type":"WebSite","@id":"https:\/\/www.la-roque-bandol.com\/en\/#website","url":"https:\/\/www.la-roque-bandol.com\/en\/","name":"Moulin de la Roque","description":"","potentialAction":[{"@type":"SearchAction","target":{"@type":"EntryPoint","urlTemplate":"https:\/\/www.la-roque-bandol.com\/en\/?s={search_term_string}"},"query-input":{"@type":"PropertyValueSpecification","valueRequired":true,"valueName":"search_term_string"}}],"inLanguage":"en-US"}]}},"_links":{"self":[{"href":"https:\/\/www.la-roque-bandol.com\/en\/wp-json\/wp\/v2\/pages\/1025","targetHints":{"allow":["GET"]}}],"collection":[{"href":"https:\/\/www.la-roque-bandol.com\/en\/wp-json\/wp\/v2\/pages"}],"about":[{"href":"https:\/\/www.la-roque-bandol.com\/en\/wp-json\/wp\/v2\/types\/page"}],"author":[{"embeddable":true,"href":"https:\/\/www.la-roque-bandol.com\/en\/wp-json\/wp\/v2\/users\/1"}],"replies":[{"embeddable":true,"href":"https:\/\/www.la-roque-bandol.com\/en\/wp-json\/wp\/v2\/comments?post=1025"}],"version-history":[{"count":5,"href":"https:\/\/www.la-roque-bandol.com\/en\/wp-json\/wp\/v2\/pages\/1025\/revisions"}],"predecessor-version":[{"id":3056,"href":"https:\/\/www.la-roque-bandol.com\/en\/wp-json\/wp\/v2\/pages\/1025\/revisions\/3056"}],"wp:attachment":[{"href":"https:\/\/www.la-roque-bandol.com\/en\/wp-json\/wp\/v2\/media?parent=1025"}],"curies":[{"name":"wp","href":"https:\/\/api.w.org\/{rel}","templated":true}]}}